{"id":537896,"date":"2026-04-10T19:42:45","date_gmt":"2026-04-11T02:42:45","guid":{"rendered":"https:\/\/redim.ca\/chinh-sach-bien-tap\/"},"modified":"2026-04-14T16:32:11","modified_gmt":"2026-04-14T23:32:11","slug":"chinh-sach-bien-tap","status":"publish","type":"page","link":"https:\/\/redim.ca\/vi\/chinh-sach-bien-tap\/","title":{"rendered":"Ch\u00ednh s\u00e1ch Bi\u00ean t\u1eadp v\u00e0 Ti\u00eau chu\u1ea9n B\u00e1o ch\u00ed"},"content":{"rendered":"\t\t<div data-elementor-type=\"wp-page\" data-elementor-id=\"537896\" class=\"elementor elementor-537896 elementor-537655\" data-elementor-post-type=\"page\">\n\t\t\t\t\t\t<section class=\"pix-elementor-divider elementor-section elementor-top-section elementor-element elementor-element-bf64db4 elementor-section-stretched elementor-section-full_width elementor-section-height-min-height animated-fast redh1 elementor-section-height-default elementor-section-items-middle elementor-invisible\" data-pix-dividers=\"&lt;div class=&quot;pix-divider  position-relative pix-bottom-divider&quot; data-style=&quot;style-dynamic&quot; &gt;&lt;div class=&quot;pix-dividers-box w-100 position-relative d-inline-block&quot; &gt;\n                    &lt;svg class=&quot;pix-shape-dividers&quot;  viewBox=&quot;0 0 100 100&quot; preserveAspectRatio=&quot;none&quot;&gt;\n                        &lt;defs&gt;&lt;linearGradient id=&quot;divider-pix-accordion-896878-bottom-overlay-color-0&quot; x1=&quot;0%&quot; y1=&quot;0%&quot; x2=&quot;100%&quot; y2=&quot;0%&quot;&gt;&lt;stop offset=&quot;0%&quot;   stop-color=&quot;#FFFFFF80&quot;\/&gt;&lt;stop offset=&quot;100%&quot;   stop-color=&quot;#FFFFFF03&quot;\/&gt;&lt;\/linearGradient&gt;&lt;linearGradient id=&quot;divider-pix-accordion-896878-bottom-overlay-color-1&quot; x1=&quot;0%&quot; y1=&quot;0%&quot; x2=&quot;100%&quot; y2=&quot;0%&quot;&gt;&lt;stop offset=&quot;0%&quot;   stop-color=&quot;#FFFFFF03&quot;\/&gt;&lt;stop offset=&quot;100%&quot;   stop-color=&quot;#FFFFFF73&quot;\/&gt;&lt;\/linearGradient&gt;&lt;\/defs&gt;&lt;path d=&quot;&quot; class=&quot;&quot; fill=&quot;url(#divider-pix-accordion-896878-bottom-overlay-color-0)&quot;&gt;&lt;\/path&gt;&lt;path d=&quot;&quot; class=&quot;&quot; fill=&quot;url(#divider-pix-accordion-896878-bottom-overlay-color-1)&quot;&gt;&lt;\/path&gt;&lt;path d=&quot;&quot; class=&quot;&quot; fill=&quot;#FFFFFF&quot;&gt;&lt;\/path&gt;\n                    &lt;\/svg&gt;\n                &lt;\/div&gt;&lt;\/div&gt;\" data-id=\"bf64db4\" data-element_type=\"section\" data-e-type=\"section\" data-settings=\"{&quot;stretch_section&quot;:&quot;section-stretched&quot;,&quot;background_background&quot;:&quot;classic&quot;,&quot;animation&quot;:&quot;fadeIn&quot;}\">\n\t\t\t\t\t\t\t<div class=\"elementor-background-overlay\"><\/div>\n\t\t\t\t\t\t\t<div class=\"elementor-container elementor-column-gap-default\">\n\t\t\t\t\t<div class=\"elementor-column elementor-col-100 elementor-top-column elementor-element elementor-element-6628333\" data-id=\"6628333\" data-element_type=\"column\" data-e-type=\"column\">\n\t\t\t<div class=\"elementor-widget-wrap elementor-element-populated\">\n\t\t\t\t\t\t<div class=\"elementor-element elementor-element-f8688ba elementor-widget elementor-widget-spacer\" data-id=\"f8688ba\" data-element_type=\"widget\" data-e-type=\"widget\" data-widget_type=\"spacer.default\">\n\t\t\t\t<div class=\"elementor-widget-container\">\n\t\t\t\t\t\t\t<div class=\"elementor-spacer\">\n\t\t\t<div class=\"elementor-spacer-inner\"><\/div>\n\t\t<\/div>\n\t\t\t\t\t\t<\/div>\n\t\t\t\t<\/div>\n\t\t\t\t<div class=\"elementor-element elementor-element-4870407 elementor-invisible elementor-widget elementor-widget-heading\" data-id=\"4870407\" data-element_type=\"widget\" data-e-type=\"widget\" data-settings=\"{&quot;_animation&quot;:&quot;fadeInUp&quot;,&quot;_animation_delay&quot;:400}\" data-widget_type=\"heading.default\">\n\t\t\t\t<div class=\"elementor-widget-container\">\n\t\t\t\t\t<h1 class=\"elementor-heading-title elementor-size-default\">Ch\u00ednh s\u00e1ch Bi\u00ean t\u1eadp v\u00e0 Ti\u00eau chu\u1ea9n B\u00e1o ch\u00ed<\/h1>\t\t\t\t<\/div>\n\t\t\t\t<\/div>\n\t\t\t\t\t<\/div>\n\t\t<\/div>\n\t\t\t\t\t<\/div>\n\t\t<\/section>\n\t\t\t\t<section class=\"elementor-section elementor-top-section elementor-element elementor-element-9cfaacf elementor-section-boxed elementor-section-height-default elementor-section-height-default\" data-id=\"9cfaacf\" data-element_type=\"section\" data-e-type=\"section\">\n\t\t\t\t\t\t<div class=\"elementor-container elementor-column-gap-default\">\n\t\t\t\t\t<div class=\"elementor-column elementor-col-100 elementor-top-column elementor-element elementor-element-7a6aa51\" data-id=\"7a6aa51\" data-element_type=\"column\" data-e-type=\"column\">\n\t\t\t<div class=\"elementor-widget-wrap elementor-element-populated\">\n\t\t\t\t\t\t<div class=\"elementor-element elementor-element-6b66f6d elementor-widget elementor-widget-spacer\" data-id=\"6b66f6d\" data-element_type=\"widget\" data-e-type=\"widget\" data-widget_type=\"spacer.default\">\n\t\t\t\t<div class=\"elementor-widget-container\">\n\t\t\t\t\t\t\t<div class=\"elementor-spacer\">\n\t\t\t<div class=\"elementor-spacer-inner\"><\/div>\n\t\t<\/div>\n\t\t\t\t\t\t<\/div>\n\t\t\t\t<\/div>\n\t\t\t\t<div class=\"elementor-element elementor-element-1fef618 elementor-invisible elementor-widget elementor-widget-pix-text\" data-id=\"1fef618\" data-element_type=\"widget\" data-e-type=\"widget\" data-widget_type=\"pix-text.default\">\n\t\t\t\t<div class=\"elementor-widget-container\">\n\t\t\t\t\t<div class=\"pix-el-text w-100 text-left \" ><p class=\" resp-option text-body-default text-left \" ><span class=\"text-body-default animate-in d-inline-block\" data-anim-delay=\"800\" data-anim-type=\"fade-in-up\">RED Immigration News ho\u1ea1t \u0111\u1ed9ng nh\u01b0 m\u1ed9t b\u1ed9 ph\u1eadn xu\u1ea5t b\u1ea3n \u0111\u1ed9c l\u1eadp c\u1ee7a RED Immigration Consulting. Ch\u00fang t\u00f4i nh\u1eadn th\u1ea5y r\u1eb1ng ch\u00ednh s\u00e1ch \u0111\u1ecbnh c\u01b0 l\u00e2u d\u00e0i c\u1ee7a Canada c\u00f3 t\u00e1c \u0111\u1ed9ng s\u00e2u s\u1eafc \u0111\u1ebfn h\u1ea1nh ph\u00fac t\u01b0\u01a1ng lai, s\u1ef1 \u1ed5n \u0111\u1ecbnh t\u00e0i ch\u00ednh v\u00e0 v\u1ecb th\u1ebf ph\u00e1p l\u00fd c\u1ee7a \u0111\u1ed9c gi\u1ea3 ch\u00fang t\u00f4i. L\u00e0 m\u1ed9t t\u1ed5 ch\u1ee9c ph\u00e1p l\u00fd chuy\u00ean nghi\u1ec7p, ch\u00fang t\u00f4i lu\u00f4n tu\u00e2n th\u1ee7 c\u00e1c ti\u00eau chu\u1ea9n b\u00e1o ch\u00ed cao nh\u1ea5t v\u1ec1 t\u00ednh ch\u00ednh x\u00e1c, minh b\u1ea1ch v\u00e0 \u0111\u1ea1o \u0111\u1ee9c b\u00e1o ch\u00ed. S\u1ee9 m\u1ec7nh c\u1ee7a ch\u00fang t\u00f4i l\u00e0 d\u00e2n ch\u1ee7 h\u00f3a kh\u1ea3 n\u0103ng ti\u1ebfp c\u1eadn lu\u1eadt \u0111\u1ecbnh c\u01b0 l\u00e2u d\u00e0i c\u1ee7a Canada b\u1eb1ng c\u00e1ch cung c\u1ea5p c\u00e1c b\u00e1o c\u00e1o nghi\u00eam ng\u1eb7t, theo th\u1eddi gian th\u1ef1c v\u1ec1 nh\u1eefng thay \u0111\u1ed5i ch\u00ednh s\u00e1ch, \u0111\u1ed9ng th\u00e1i x\u1eed l\u00fd h\u1ed3 s\u01a1 c\u1ee7a B\u1ed9 \u0110\u1ecbnh c\u01b0 l\u00e2u d\u00e0i, T\u1ecb n\u1ea1n v\u00e0 Qu\u1ed1c t\u1ecbch Canada (Immigration, Refugees and Citizenship Canada - IRCC), c\u0169ng nh\u01b0 c\u00e1c xu h\u01b0\u1edbng \u0111\u1ecbnh c\u01b0 l\u00e2u d\u00e0i c\u1ee7a t\u1ec9nh bang.<\/span><\/p><\/div>\t\t\t\t<\/div>\n\t\t\t\t<\/div>\n\t\t\t\t<div class=\"elementor-element elementor-element-47d41e6 elementor-invisible elementor-widget elementor-widget-pix-heading\" data-id=\"47d41e6\" data-element_type=\"widget\" data-e-type=\"widget\" data-widget_type=\"pix-heading.default\">\n\t\t\t\t<div class=\"elementor-widget-container\">\n\t\t\t\t\t<div  class=\"pix-heading-el text-center \"><h5 class=\"text-primary font-weight-bold h5 animate-in heading-text el-title_custom_color mb-12\" style=\"\" data-anim-type=\"fade-in-up\" data-anim-delay=\"800\">\u0110\u1ed9c l\u1eadp Bi\u00ean t\u1eadp v\u00e0 Minh b\u1ea1ch Th\u01b0\u01a1ng m\u1ea1i<\/h5><\/div>\t\t\t\t<\/div>\n\t\t\t\t<\/div>\n\t\t\t\t<div class=\"elementor-element elementor-element-4ea6263 elementor-invisible elementor-widget elementor-widget-pix-text\" data-id=\"4ea6263\" data-element_type=\"widget\" data-e-type=\"widget\" data-widget_type=\"pix-text.default\">\n\t\t\t\t<div class=\"elementor-widget-container\">\n\t\t\t\t\t<div class=\"pix-el-text w-100 text-left \" ><p class=\" resp-option text-body-default text-left \" ><span class=\"text-body-default animate-in d-inline-block\" data-anim-delay=\"800\" data-anim-type=\"fade-in-up\">Ng\u01b0\u1eddi truy c\u1eadp ph\u1ea3i bi\u1ebft r\u00f5 ai vi\u1ebft v\u00e0 xu\u1ea5t b\u1ea3n n\u1ed9i dung. RED Immigration News thu\u1ed9c s\u1edf h\u1eefu c\u1ee7a RED Immigration Consulting. \u0110\u1ec3 \u0111\u1ea3m b\u1ea3o kh\u00e1ch quan, b\u1ed9 ph\u1eadn bi\u00ean t\u1eadp v\u00e0 th\u01b0\u01a1ng m\u1ea1i \u0111\u01b0\u1ee3c t\u00e1ch bi\u1ec7t.\n<br><br>\nN\u1ed9i dung do \u0111\u1ed9i ng\u0169 \u0111\u1ed9c l\u1eadp qu\u1ea3n l\u00fd. N\u1ed9i dung t\u00e0i tr\u1ee3 \u0111\u01b0\u1ee3c ghi r\u00f5. T\u00e1c gi\u1ea3 kh\u00f4ng \u0111\u01b0\u1ee3c nh\u1eadn l\u1ee3i \u00edch \u1ea3nh h\u01b0\u1edfng t\u00ednh minh b\u1ea1ch.<\/span><\/p><\/div>\t\t\t\t<\/div>\n\t\t\t\t<\/div>\n\t\t\t\t<div class=\"elementor-element elementor-element-bdfafb6 elementor-invisible elementor-widget elementor-widget-pix-heading\" data-id=\"bdfafb6\" data-element_type=\"widget\" data-e-type=\"widget\" data-widget_type=\"pix-heading.default\">\n\t\t\t\t<div class=\"elementor-widget-container\">\n\t\t\t\t\t<div  class=\"pix-heading-el text-center \"><h5 class=\"text-primary font-weight-bold h5 animate-in heading-text el-title_custom_color mb-12\" style=\"\" data-anim-type=\"fade-in-up\" data-anim-delay=\"400\">Quy\u1ec1n t\u00e1c gi\u1ea3, Chuy\u00ean m\u00f4n v\u00e0 Kinh nghi\u1ec7m (E-E-A-T)<\/h5><\/div>\t\t\t\t<\/div>\n\t\t\t\t<\/div>\n\t\t\t\t<div class=\"elementor-element elementor-element-40f82b6 elementor-invisible elementor-widget elementor-widget-pix-text\" data-id=\"40f82b6\" data-element_type=\"widget\" data-e-type=\"widget\" data-widget_type=\"pix-text.default\">\n\t\t\t\t<div class=\"elementor-widget-container\">\n\t\t\t\t\t<div class=\"pix-el-text w-100 text-left \" ><p class=\" resp-option text-body-default text-left \" ><span class=\"text-body-default animate-in d-inline-block\" data-anim-delay=\"400\" data-anim-type=\"fade-in-up\">V\u00ec th\u00f4ng tin v\u1ec1 \u0111\u1ecbnh c\u01b0 l\u00e2u d\u00e0i l\u00e0 t\u01b0 v\u1ea5n ph\u00e1p l\u00fd v\u00e0 t\u00e0i ch\u00ednh quan tr\u1ecdng, ch\u00fang t\u00f4i \u0111\u1ea3m b\u1ea3o n\u1ed9i dung d\u1ef1a tr\u00ean chuy\u00ean m\u00f4n c\u00f3 th\u1ec3 x\u00e1c minh v\u00e0 kinh nghi\u1ec7m th\u1ef1c t\u1ebf. C\u00e1c b\u00e0i vi\u1ebft \u0111\u01b0\u1ee3c th\u1ef1c hi\u1ec7n ho\u1eb7c ki\u1ec3m duy\u1ec7t b\u1edfi RCIC ho\u1eb7c chuy\u00ean gia ph\u00e1p l\u00fd Canada.\n<br><br>\nM\u1ed7i b\u00e0i c\u00f3 t\u00e1c gi\u1ea3, ng\u00e0y \u0111\u0103ng v\u00e0 h\u1ed3 s\u01a1 chi ti\u1ebft. Tr\u1ea3i nghi\u1ec7m th\u1ef1c t\u1ebf c\u0169ng \u0111\u01b0\u1ee3c chia s\u1ebb khi ph\u00f9 h\u1ee3p.<\/span><\/p><\/div>\t\t\t\t<\/div>\n\t\t\t\t<\/div>\n\t\t\t\t<div class=\"elementor-element elementor-element-325f3da elementor-invisible elementor-widget elementor-widget-pix-heading\" data-id=\"325f3da\" data-element_type=\"widget\" data-e-type=\"widget\" data-widget_type=\"pix-heading.default\">\n\t\t\t\t<div class=\"elementor-widget-container\">\n\t\t\t\t\t<div  class=\"pix-heading-el text-center \"><h5 class=\"text-primary font-weight-bold h5 animate-in heading-text el-title_custom_color mb-12\" style=\"\" data-anim-type=\"fade-in-up\" data-anim-delay=\"400\">Ngu\u1ed3n g\u1ed1c v\u00e0 Ki\u1ec3m ch\u1ee9ng s\u1ef1 th\u1eadt<\/h5><\/div>\t\t\t\t<\/div>\n\t\t\t\t<\/div>\n\t\t\t\t<div class=\"elementor-element elementor-element-0f442e3 elementor-invisible elementor-widget elementor-widget-pix-text\" data-id=\"0f442e3\" data-element_type=\"widget\" data-e-type=\"widget\" data-widget_type=\"pix-text.default\">\n\t\t\t\t<div class=\"elementor-widget-container\">\n\t\t\t\t\t<div class=\"pix-el-text w-100 text-left \" ><p class=\" resp-option text-body-default text-left \" ><span class=\"text-body-default animate-in d-inline-block\" data-anim-delay=\"400\" data-anim-type=\"fade-in-up\">B\u00e1o c\u00e1o c\u1ee7a ch\u00fang t\u00f4i d\u1ef1a tr\u00ean nghi\u00ean c\u1ee9u k\u1ef9 l\u01b0\u1ee1ng v\u00e0 ngu\u1ed3n ch\u00ednh th\u1ee9c nh\u01b0 IRCC v\u00e0 PNP. C\u00e1c th\u00f4ng tin \u0111\u01b0\u1ee3c x\u00e1c minh b\u1eb1ng li\u00ean k\u1ebft ch\u00ednh th\u1ee9c. Ngu\u1ed3n \u1ea9n danh b\u1ecb c\u1ea5m tr\u1eeb khi v\u00ec l\u1ee3i \u00edch c\u00f4ng ch\u00fang.<\/span><\/p><\/div>\t\t\t\t<\/div>\n\t\t\t\t<\/div>\n\t\t\t\t<div class=\"elementor-element elementor-element-1f43e17 elementor-invisible elementor-widget elementor-widget-pix-heading\" data-id=\"1f43e17\" data-element_type=\"widget\" data-e-type=\"widget\" data-widget_type=\"pix-heading.default\">\n\t\t\t\t<div class=\"elementor-widget-container\">\n\t\t\t\t\t<div  class=\"pix-heading-el text-center \"><h5 class=\"text-primary font-weight-bold h5 animate-in heading-text el-title_custom_color mb-12\" style=\"\" data-anim-type=\"fade-in-up\" data-anim-delay=\"400\">Ch\u1ec9nh s\u1eeda v\u00e0 C\u1eadp nh\u1eadt<\/h5><\/div>\t\t\t\t<\/div>\n\t\t\t\t<\/div>\n\t\t\t\t<div class=\"elementor-element elementor-element-03d7299 elementor-invisible elementor-widget elementor-widget-pix-text\" data-id=\"03d7299\" data-element_type=\"widget\" data-e-type=\"widget\" data-widget_type=\"pix-text.default\">\n\t\t\t\t<div class=\"elementor-widget-container\">\n\t\t\t\t\t<div class=\"pix-el-text w-100 text-left \" ><p class=\" resp-option text-body-default text-left \" ><span class=\"text-body-default animate-in d-inline-block\" data-anim-delay=\"400\" data-anim-type=\"fade-in-up\">Ch\u00fang t\u00f4i cam k\u1ebft cung c\u1ea5p th\u00f4ng tin ch\u00ednh x\u00e1c v\u00e0 duy tr\u00ec \u0111\u1ea1o \u0111\u1ee9c b\u00e1o ch\u00ed. N\u1ebfu ph\u00e1t hi\u1ec7n l\u1ed7i nghi\u00eam tr\u1ecdng, ch\u00fang t\u00f4i s\u1eeda ngay v\u00e0 th\u00eam \"Editor's Note\". Khi c\u00f3 c\u1eadp nh\u1eadt IRCC ho\u1eb7c thay \u0111\u1ed5i lu\u1eadt, b\u00e0i vi\u1ebft \u0111\u01b0\u1ee3c c\u1eadp nh\u1eadt v\u1edbi \"C\u1eadp nh\u1eadt l\u1ea7n cu\u1ed1i:\". Ch\u00fang t\u00f4i tu\u00e2n th\u1ee7 quy \u0111\u1ecbnh t\u00ecm ki\u1ebfm v\u00e0 kh\u00f4ng c\u1eadp nh\u1eadt ng\u00e0y kh\u00f4ng ch\u00ednh x\u00e1c.<\/span><\/p><\/div>\t\t\t\t<\/div>\n\t\t\t\t<\/div>\n\t\t\t\t<div class=\"elementor-element elementor-element-c787c03 elementor-invisible elementor-widget elementor-widget-pix-heading\" data-id=\"c787c03\" data-element_type=\"widget\" data-e-type=\"widget\" data-widget_type=\"pix-heading.default\">\n\t\t\t\t<div class=\"elementor-widget-container\">\n\t\t\t\t\t<div  class=\"pix-heading-el text-center \"><h5 class=\"text-primary font-weight-bold h5 animate-in heading-text el-title_custom_color mb-12\" style=\"\" data-anim-type=\"fade-in-up\" data-anim-delay=\"400\">Tr\u00ed tu\u1ec7 Nh\u00e2n t\u1ea1o (AI) v\u00e0 T\u1ef1 \u0111\u1ed9ng h\u00f3a<\/h5><\/div>\t\t\t\t<\/div>\n\t\t\t\t<\/div>\n\t\t\t\t<div class=\"elementor-element elementor-element-4d587ed elementor-invisible elementor-widget elementor-widget-pix-text\" data-id=\"4d587ed\" data-element_type=\"widget\" data-e-type=\"widget\" data-widget_type=\"pix-text.default\">\n\t\t\t\t<div class=\"elementor-widget-container\">\n\t\t\t\t\t<div class=\"pix-el-text w-100 text-left \" ><p class=\" resp-option text-body-default text-left \" ><span class=\"text-body-default animate-in d-inline-block\" data-anim-delay=\"400\" data-anim-type=\"fade-in-up\">Ch\u00fang t\u00f4i tin r\u1eb1ng c\u00e1c chuy\u00ean gia con ng\u01b0\u1eddi \u0111\u1ee7 n\u0103ng l\u1ef1c ph\u1ea3i to\u00e0n quy\u1ec1n ki\u1ec3m so\u00e1t quy\u1ebft \u0111\u1ecbnh bi\u00ean t\u1eadp v\u00e0 n\u1ed9i dung. C\u1ea5m d\u00f9ng AI t\u1ea1o sinh \u0111\u1ec3 di\u1ec5n gi\u1ea3i lu\u1eadt di tr\u00fa, t\u01b0 v\u1ea5n ph\u00e1p l\u00fd ho\u1eb7c vi\u1ebft ph\u00e2n t\u00edch do r\u1ee7i ro \"\u1ea3o gi\u00e1c\". C\u00f3 th\u1ec3 d\u00f9ng AI n\u1ed9i b\u1ed9 cho t\u00e1c v\u1ee5 k\u1ef9 thu\u1eadt v\u00e0 s\u1ebd c\u00f4ng khai n\u1ebfu s\u1eed d\u1ee5ng. Ch\u00fang t\u00f4i tin r\u1eb1ng c\u00e1c chuy\u00ean gia con ng\u01b0\u1eddi \u0111\u1ee7 n\u0103ng l\u1ef1c ph\u1ea3i to\u00e0n quy\u1ec1n ki\u1ec3m so\u00e1t quy\u1ebft \u0111\u1ecbnh bi\u00ean t\u1eadp v\u00e0 n\u1ed9i dung. Kh\u00f4ng d\u00f9ng AI t\u1ea1o sinh \u0111\u1ec3 di\u1ec5n gi\u1ea3i lu\u1eadt di tr\u00fa, t\u01b0 v\u1ea5n ph\u00e1p l\u00fd ho\u1eb7c vi\u1ebft ph\u00e2n t\u00edch do r\u1ee7i ro \"\u1ea3o gi\u00e1c\". C\u00f3 th\u1ec3 d\u00f9ng AI n\u1ed9i b\u1ed9 cho t\u00e1c v\u1ee5 k\u1ef9 thu\u1eadt v\u00e0 s\u1ebd ghi ch\u00fa n\u1ebfu s\u1eed d\u1ee5ng.<\/span><\/p><\/div>\t\t\t\t<\/div>\n\t\t\t\t<\/div>\n\t\t\t\t<div class=\"elementor-element elementor-element-5b00478 elementor-invisible elementor-widget elementor-widget-pix-heading\" data-id=\"5b00478\" data-element_type=\"widget\" data-e-type=\"widget\" data-widget_type=\"pix-heading.default\">\n\t\t\t\t<div class=\"elementor-widget-container\">\n\t\t\t\t\t<div  class=\"pix-heading-el text-center \"><h5 class=\"text-primary font-weight-bold h5 animate-in heading-text el-title_custom_color mb-12\" style=\"\" data-anim-type=\"fade-in-up\" data-anim-delay=\"400\">Quy\u1ec1n ri\u00eang t\u01b0 v\u00e0 Ph\u00e2n l\u1eadp d\u1eef li\u1ec7u<\/h5><\/div>\t\t\t\t<\/div>\n\t\t\t\t<\/div>\n\t\t\t\t<div class=\"elementor-element elementor-element-f483a7a elementor-invisible elementor-widget elementor-widget-pix-text\" data-id=\"f483a7a\" data-element_type=\"widget\" data-e-type=\"widget\" data-widget_type=\"pix-text.default\">\n\t\t\t\t<div class=\"elementor-widget-container\">\n\t\t\t\t\t<div class=\"pix-el-text w-100 text-left \" ><p class=\" resp-option text-body-default text-left \" ><span class=\"text-body-default animate-in d-inline-block\" data-anim-delay=\"400\" data-anim-type=\"fade-in-up\">Ch\u00fang t\u00f4i \u01b0u ti\u00ean b\u1ea3o v\u1ec7 tuy\u1ec7t \u0111\u1ed1i \u0111\u1ed9c gi\u1ea3 v\u00e0 c\u00e1c ngu\u1ed3n tin b\u00e1o ch\u00ed c\u1ee7a m\u00ecnh. Th\u00f4ng tin c\u00e1 nh\u00e2n \u0111\u01b0\u1ee3c g\u1eedi cho m\u1ee5c \u0111\u00edch nghi\u00ean c\u1ee9u b\u00e1o ch\u00ed, ph\u1ecfng v\u1ea5n ho\u1eb7c m\u1eb9o tin t\u1ee9c \u0111\u01b0\u1ee3c x\u1eed l\u00fd theo c\u00e1ch ho\u00e0n to\u00e0n t\u00e1ch bi\u1ec7t v\u1edbi d\u1eef li\u1ec7u c\u00e1 nh\u00e2n \u0111\u01b0\u1ee3c thu th\u1eadp cho m\u1ee5c \u0111\u00edch ti\u1ebfp th\u1ecb th\u01b0\u01a1ng m\u1ea1i ho\u1eb7c t\u1ea1o kh\u00e1ch h\u00e0ng ti\u1ec1m n\u0103ng ph\u00e1p l\u00fd. Ch\u00fang t\u00f4i kh\u00f4ng s\u1eed d\u1ee5ng d\u1eef li\u1ec7u bi\u00ean t\u1eadp cho ti\u1ebfp th\u1ecb tr\u1ef1c ti\u1ebfp tr\u1eeb khi ng\u01b0\u1eddi d\u00f9ng \u0111\u1ed3ng \u00fd r\u00f5 r\u00e0ng. H\u01a1n n\u1eefa, \u0111\u1ec3 duy tr\u00ec danh ti\u1ebfng c\u00f3 th\u1ea9m quy\u1ec1n c\u1ee7a trang web v\u00e0 b\u1ea3o v\u1ec7 ng\u01b0\u1eddi d\u00f9ng kh\u1ecfi c\u00e1c h\u00e0nh vi l\u1eeba \u0111\u1ea3o, ch\u00fang t\u00f4i nghi\u00eam c\u1ea5m vi\u1ec7c l\u01b0u tr\u1eef n\u1ed9i dung \"nh\u00e3n tr\u1eafng (white-label)\" c\u1ee7a b\u00ean th\u1ee9 ba ho\u1eb7c c\u00e1c trang qu\u1ea3ng c\u00e1o mang t\u00ednh thao t\u00fang \u0111\u01b0\u1ee3c thi\u1ebft k\u1ebf \u0111\u1ec3 khai th\u00e1c c\u01a1 quan qu\u1ea3n l\u00fd t\u00ean mi\u1ec1n c\u1ee7a ch\u00fang t\u00f4i.<\/span><\/p><\/div>\t\t\t\t<\/div>\n\t\t\t\t<\/div>\n\t\t\t\t<div class=\"elementor-element elementor-element-d9957a7 elementor-invisible elementor-widget elementor-widget-pix-heading\" data-id=\"d9957a7\" data-element_type=\"widget\" data-e-type=\"widget\" data-widget_type=\"pix-heading.default\">\n\t\t\t\t<div class=\"elementor-widget-container\">\n\t\t\t\t\t<div  class=\"pix-heading-el text-center \"><h5 class=\"text-primary font-weight-bold h5 animate-in heading-text el-title_custom_color mb-12\" style=\"\" data-anim-type=\"fade-in-up\" data-anim-delay=\"400\">Li\u00ean h\u1ec7 v\u1edbi ch\u00fang t\u00f4i<\/h5><\/div>\t\t\t\t<\/div>\n\t\t\t\t<\/div>\n\t\t\t\t<div class=\"elementor-element elementor-element-5fe12f0 elementor-invisible elementor-widget elementor-widget-pix-text\" data-id=\"5fe12f0\" data-element_type=\"widget\" data-e-type=\"widget\" data-widget_type=\"pix-text.default\">\n\t\t\t\t<div class=\"elementor-widget-container\">\n\t\t\t\t\t<div class=\"pix-el-text w-100 text-left \" ><p class=\" resp-option text-body-default text-left \" ><span class=\"text-body-default animate-in d-inline-block\" data-anim-delay=\"400\" data-anim-type=\"fade-in-up\">Ch\u00fang t\u00f4i hoan ngh\u00eanh s\u1ef1 gi\u00e1m s\u00e1t c\u1ee7a c\u00f4ng ch\u00fang v\u00e0 ph\u1ea3n h\u1ed3i c\u1ee7a \u0111\u1ed9c gi\u1ea3 \u0111\u1ec3 \u0111\u1ea3m b\u1ea3o c\u00e1c ti\u00eau chu\u1ea9n c\u1ee7a ch\u00fang t\u00f4i lu\u00f4n ho\u00e0n h\u1ea3o. \u0110\u1ec3 ch\u1ec9nh s\u1eeda, l\u00e0m r\u00f5 ngu\u1ed3n ho\u1eb7c c\u00e1c c\u00e2u h\u1ecfi v\u1ec1 bi\u00ean t\u1eadp, vui l\u00f2ng li\u00ean h\u1ec7 tr\u1ef1c ti\u1ebfp v\u1edbi ph\u00f2ng tin t\u1ee9c c\u1ee7a ch\u00fang t\u00f4i qua email t\u1ea1i \\<a href=\"mailto:media@redim.ca\" target=\"\\_blank\"\\>media@redim.ca\\<\/a\\>.<\/span><\/p><\/div>\t\t\t\t<\/div>\n\t\t\t\t<\/div>\n\t\t\t\t<div class=\"elementor-element elementor-element-ac84e87 elementor-invisible elementor-widget elementor-widget-pix-text\" data-id=\"ac84e87\" data-element_type=\"widget\" data-e-type=\"widget\" data-widget_type=\"pix-text.default\">\n\t\t\t\t<div class=\"elementor-widget-container\">\n\t\t\t\t\t<div class=\"pix-el-text w-100 text-left \" ><p class=\" resp-option text-body-default text-left \" ><span class=\"text-body-default animate-in d-inline-block\" data-anim-delay=\"800\" data-anim-type=\"fade-in-up\">\\<strong\\>C\u1eadp nh\u1eadt l\u1ea7n cu\u1ed1i:\\<\/strong\\> Th\u00e1ng 4 n\u0103m 2026<\/span><\/p><\/div>\t\t\t\t<\/div>\n\t\t\t\t<\/div>\n\t\t\t\t<div class=\"elementor-element elementor-element-ab9314d elementor-widget__width-initial elementor-invisible elementor-widget elementor-widget-pix-text\" data-id=\"ab9314d\" data-element_type=\"widget\" data-e-type=\"widget\" data-widget_type=\"pix-text.default\">\n\t\t\t\t<div class=\"elementor-widget-container\">\n\t\t\t\t\t<div class=\"pix-el-text w-100 text-left \" ><div class=\"d-inline-block\" style=\"max-width:350px;\"><p class=\" resp-option text-heading-default text-left font-weight-bold\" ><span class=\"text-heading-default animate-in d-inline-block\" data-anim-delay=\"500\" data-anim-type=\"fade-in\">RED Immigration Consulting Inc.<\/span><\/p><\/div><\/div>\t\t\t\t<\/div>\n\t\t\t\t<\/div>\n\t\t\t\t<div class=\"elementor-element elementor-element-db7c652 elementor-widget elementor-widget-spacer\" data-id=\"db7c652\" data-element_type=\"widget\" data-e-type=\"widget\" data-widget_type=\"spacer.default\">\n\t\t\t\t<div class=\"elementor-widget-container\">\n\t\t\t\t\t\t\t<div class=\"elementor-spacer\">\n\t\t\t<div class=\"elementor-spacer-inner\"><\/div>\n\t\t<\/div>\n\t\t\t\t\t\t<\/div>\n\t\t\t\t<\/div>\n\t\t\t\t\t<\/div>\n\t\t<\/div>\n\t\t\t\t\t<\/div>\n\t\t<\/section>\n\t\t\t\t<\/div>\n\t\t","protected":false},"excerpt":{"rendered":"<p>Ch\u00ednh s\u00e1ch Bi\u00ean t\u1eadp v\u00e0 Ti\u00eau chu\u1ea9n B\u00e1o ch\u00ed RED Immigration News ho\u1ea1t \u0111\u1ed9ng nh\u01b0 m\u1ed9t b\u1ed9 ph\u1eadn xu\u1ea5t b\u1ea3n \u0111\u1ed9c l\u1eadp c\u1ee7a RED Immigration Consulting. Ch\u00fang t\u00f4i nh\u1eadn th\u1ea5y r\u1eb1ng ch\u00ednh s\u00e1ch \u0111\u1ecbnh c\u01b0 l\u00e2u d\u00e0i c\u1ee7a Canada c\u00f3&#8230;<\/p>\n","protected":false},"author":4,"featured_media":523228,"parent":0,"menu_order":0,"comment_status":"closed","ping_status":"closed","template":"","meta":{"footnotes":""},"class_list":["post-537896","page","type-page","status-publish","has-post-thumbnail","hentry"],"_links":{"self":[{"href":"https:\/\/redim.ca\/vi\/wp-json\/wp\/v2\/pages\/537896","targetHints":{"allow":["GET"]}}],"collection":[{"href":"https:\/\/redim.ca\/vi\/wp-json\/wp\/v2\/pages"}],"about":[{"href":"https:\/\/redim.ca\/vi\/wp-json\/wp\/v2\/types\/page"}],"author":[{"embeddable":true,"href":"https:\/\/redim.ca\/vi\/wp-json\/wp\/v2\/users\/4"}],"replies":[{"embeddable":true,"href":"https:\/\/redim.ca\/vi\/wp-json\/wp\/v2\/comments?post=537896"}],"version-history":[{"count":0,"href":"https:\/\/redim.ca\/vi\/wp-json\/wp\/v2\/pages\/537896\/revisions"}],"wp:featuredmedia":[{"embeddable":true,"href":"https:\/\/redim.ca\/vi\/wp-json\/"}],"wp:attachment":[{"href":"https:\/\/redim.ca\/vi\/wp-json\/wp\/v2\/media?parent=537896"}],"curies":[{"name":"wp","href":"https:\/\/api.w.org\/{rel}","templated":true}]}}