{"id":57100,"date":"2024-06-11T16:41:00","date_gmt":"2024-06-11T23:41:00","guid":{"rendered":"https:\/\/redim.ca\/immaraclar\/dil\/"},"modified":"2025-10-16T15:28:06","modified_gmt":"2025-10-16T22:28:06","slug":"dil","status":"publish","type":"page","link":"https:\/\/redim.ca\/tr\/immaraclar\/dil\/","title":{"rendered":"Dil Testi E\u015fde\u011ferli\u011fi"},"content":{"rendered":"\t\t<div data-elementor-type=\"wp-page\" data-elementor-id=\"57100\" class=\"elementor elementor-57100 elementor-43420\" data-elementor-post-type=\"page\">\n\t\t\t\t\t\t<section class=\"pix-elementor-divider elementor-section elementor-top-section elementor-element elementor-element-a357e79 elementor-section-stretched elementor-section-full_width elementor-section-height-min-height animated-fast redh2 elementor-section-height-default elementor-section-items-middle elementor-invisible\" data-pix-dividers=\"&lt;div class=&quot;pix-divider  position-relative pix-bottom-divider&quot; data-style=&quot;style-dynamic&quot; &gt;&lt;div class=&quot;pix-dividers-box w-100 position-relative d-inline-block&quot; &gt;\n                    &lt;svg class=&quot;pix-shape-dividers&quot;  viewBox=&quot;0 0 100 100&quot; preserveAspectRatio=&quot;none&quot;&gt;\n                        &lt;defs&gt;&lt;linearGradient id=&quot;divider-pix-accordion-791145-bottom-overlay-color-0&quot; x1=&quot;0%&quot; y1=&quot;0%&quot; x2=&quot;100%&quot; y2=&quot;0%&quot;&gt;&lt;stop offset=&quot;0%&quot;   stop-color=&quot;#FFFFFF80&quot;\/&gt;&lt;stop offset=&quot;100%&quot;   stop-color=&quot;#FFFFFF03&quot;\/&gt;&lt;\/linearGradient&gt;&lt;linearGradient id=&quot;divider-pix-accordion-791145-bottom-overlay-color-1&quot; x1=&quot;0%&quot; y1=&quot;0%&quot; x2=&quot;100%&quot; y2=&quot;0%&quot;&gt;&lt;stop offset=&quot;0%&quot;   stop-color=&quot;#FFFFFF03&quot;\/&gt;&lt;stop offset=&quot;100%&quot;   stop-color=&quot;#FFFFFF73&quot;\/&gt;&lt;\/linearGradient&gt;&lt;\/defs&gt;&lt;path d=&quot;&quot; class=&quot;&quot; fill=&quot;url(#divider-pix-accordion-791145-bottom-overlay-color-0)&quot;&gt;&lt;\/path&gt;&lt;path d=&quot;&quot; class=&quot;&quot; fill=&quot;url(#divider-pix-accordion-791145-bottom-overlay-color-1)&quot;&gt;&lt;\/path&gt;&lt;path d=&quot;&quot; class=&quot;&quot; fill=&quot;#FFFFFF&quot;&gt;&lt;\/path&gt;\n                    &lt;\/svg&gt;\n                &lt;\/div&gt;&lt;\/div&gt;\" data-id=\"a357e79\" data-element_type=\"section\" data-e-type=\"section\" data-settings=\"{&quot;stretch_section&quot;:&quot;section-stretched&quot;,&quot;background_background&quot;:&quot;classic&quot;,&quot;animation&quot;:&quot;fadeIn&quot;}\">\n\t\t\t\t\t\t\t<div class=\"elementor-background-overlay\"><\/div>\n\t\t\t\t\t\t\t<div class=\"elementor-container elementor-column-gap-default\">\n\t\t\t\t\t<div class=\"elementor-column elementor-col-100 elementor-top-column elementor-element elementor-element-b2dd87a\" data-id=\"b2dd87a\" data-element_type=\"column\" data-e-type=\"column\">\n\t\t\t<div class=\"elementor-widget-wrap elementor-element-populated\">\n\t\t\t\t\t\t<div class=\"elementor-element elementor-element-21b05a6 elementor-widget elementor-widget-spacer\" data-id=\"21b05a6\" data-element_type=\"widget\" data-e-type=\"widget\" data-widget_type=\"spacer.default\">\n\t\t\t\t<div class=\"elementor-widget-container\">\n\t\t\t\t\t\t\t<div class=\"elementor-spacer\">\n\t\t\t<div class=\"elementor-spacer-inner\"><\/div>\n\t\t<\/div>\n\t\t\t\t\t\t<\/div>\n\t\t\t\t<\/div>\n\t\t\t\t<div class=\"elementor-element elementor-element-39cbcf5 elementor-invisible elementor-widget elementor-widget-heading\" data-id=\"39cbcf5\" data-element_type=\"widget\" data-e-type=\"widget\" data-settings=\"{&quot;_animation&quot;:&quot;fadeInUp&quot;,&quot;_animation_delay&quot;:400}\" data-widget_type=\"heading.default\">\n\t\t\t\t<div class=\"elementor-widget-container\">\n\t\t\t\t\t<h1 class=\"elementor-heading-title elementor-size-default\">Dil<\/h1>\t\t\t\t<\/div>\n\t\t\t\t<\/div>\n\t\t\t\t<div class=\"elementor-element elementor-element-7482c8d elementor-invisible elementor-widget elementor-widget-pix-text\" data-id=\"7482c8d\" data-element_type=\"widget\" data-e-type=\"widget\" data-settings=\"{&quot;_animation&quot;:&quot;fadeInDown&quot;,&quot;_animation_delay&quot;:400}\" data-widget_type=\"pix-text.default\">\n\t\t\t\t<div class=\"elementor-widget-container\">\n\t\t\t\t\t<div class=\"pix-el-text w-100 text-center \" ><p class=\"text-18 resp-option text-heading-default text-center font-weight-bold\" ><span class=\"text-heading-default animate-in d-inline-block\" data-anim-delay=\"400\" data-anim-type=\"fade-in-up\">g\u00f6\u00e7menlik i\u00e7in dil testi e\u015fde\u011ferlik tablosu<\/span><\/p><\/div>\t\t\t\t<\/div>\n\t\t\t\t<\/div>\n\t\t\t\t\t<\/div>\n\t\t<\/div>\n\t\t\t\t\t<\/div>\n\t\t<\/section>\n\t\t\t\t<section class=\"elementor-section elementor-top-section elementor-element elementor-element-f4f2a1c elementor-section-full_width elementor-section-stretched cl-topb elementor-section-height-default elementor-section-height-default\" data-id=\"f4f2a1c\" data-element_type=\"section\" data-e-type=\"section\" data-settings=\"{&quot;stretch_section&quot;:&quot;section-stretched&quot;}\">\n\t\t\t\t\t\t<div class=\"elementor-container elementor-column-gap-default\">\n\t\t\t\t\t<div class=\"elementor-column elementor-col-100 elementor-top-column elementor-element elementor-element-3b8a9f0\" data-id=\"3b8a9f0\" data-element_type=\"column\" data-e-type=\"column\">\n\t\t\t<div class=\"elementor-widget-wrap elementor-element-populated\">\n\t\t\t\t\t\t<div class=\"elementor-element elementor-element-334525f elementor-widget elementor-widget-spacer\" data-id=\"334525f\" data-element_type=\"widget\" data-e-type=\"widget\" data-widget_type=\"spacer.default\">\n\t\t\t\t<div class=\"elementor-widget-container\">\n\t\t\t\t\t\t\t<div class=\"elementor-spacer\">\n\t\t\t<div class=\"elementor-spacer-inner\"><\/div>\n\t\t<\/div>\n\t\t\t\t\t\t<\/div>\n\t\t\t\t<\/div>\n\t\t\t\t<div class=\"elementor-element elementor-element-4c0ff49 elementor-invisible elementor-widget elementor-widget-shortcode\" data-id=\"4c0ff49\" data-element_type=\"widget\" data-e-type=\"widget\" data-settings=\"{&quot;_animation&quot;:&quot;fadeIn&quot;}\" data-widget_type=\"shortcode.default\">\n\t\t\t\t<div class=\"elementor-widget-container\">\n\t\t\t\t\t\t\t<div class=\"elementor-shortcode\"><div id=\"redex-lang-req-scroll-wrapper\" class=\"redex-scroll-wrapper\">\n\n<table id=\"redex-lang-req\" class=\"redex redex-id-lang-req redex-responsive tbody-has-connected-cells\">\n<thead>\n<tr class=\"row-1\">\n\t<th colspan=\"2\" class=\"column-1\">CLB<\/th><th class=\"column-3\">10<\/th><th class=\"column-4\">9<\/th><th class=\"column-5\">8<\/th><th class=\"column-6\">7<\/th><th class=\"column-7\">6<\/th><th class=\"column-8\">5<\/th><th class=\"column-9\">4<\/th>\n<\/tr>\n<\/thead>\n<tbody class=\"row-striping row-hover\">\n<tr class=\"row-2\">\n\t<td rowspan=\"4\" class=\"column-1\">IELTS General<\/td><td class=\"column-2\">Speaking<\/td><td class=\"column-3\">7.5-9.0<\/td><td class=\"column-4\">7<\/td><td class=\"column-5\">6.5<\/td><td class=\"column-6\">6<\/td><td class=\"column-7\">5.5<\/td><td class=\"column-8\">5<\/td><td class=\"column-9\">4<\/td>\n<\/tr>\n<tr class=\"row-3\">\n\t<td class=\"column-2\">Listening<\/td><td class=\"column-3\">8.5-9.0<\/td><td class=\"column-4\">8<\/td><td class=\"column-5\">7.5<\/td><td class=\"column-6\">6.0-7.0<\/td><td class=\"column-7\">5.5<\/td><td class=\"column-8\">5<\/td><td class=\"column-9\">4.5<\/td>\n<\/tr>\n<tr class=\"row-4\">\n\t<td class=\"column-2\">Reading<\/td><td class=\"column-3\">8.0-9.0<\/td><td class=\"column-4\">7<\/td><td class=\"column-5\">6.5<\/td><td class=\"column-6\">6<\/td><td class=\"column-7\">5.0-5.5<\/td><td class=\"column-8\">4<\/td><td class=\"column-9\">3.5<\/td>\n<\/tr>\n<tr class=\"row-5\">\n\t<td class=\"column-2\">Writing<\/td><td class=\"column-3\">7.5-9.0<\/td><td class=\"column-4\">7<\/td><td class=\"column-5\">6.5<\/td><td class=\"column-6\">6<\/td><td class=\"column-7\">5.5<\/td><td class=\"column-8\">5<\/td><td class=\"column-9\">4<\/td>\n<\/tr>\n<tr class=\"row-6\">\n\t<td rowspan=\"4\" class=\"column-1\">PTE Core<\/td><td class=\"column-2\">Speaking<\/td><td class=\"column-3\">89-90<\/td><td class=\"column-4\">84-88<\/td><td class=\"column-5\">76-83<\/td><td class=\"column-6\">68-75<\/td><td class=\"column-7\">59-67<\/td><td class=\"column-8\">51-58<\/td><td class=\"column-9\">42-50<\/td>\n<\/tr>\n<tr class=\"row-7\">\n\t<td class=\"column-2\">Listening<\/td><td class=\"column-3\">89-90<\/td><td class=\"column-4\">82-88<\/td><td class=\"column-5\">71-81<\/td><td class=\"column-6\">60-70<\/td><td class=\"column-7\">50-59<\/td><td class=\"column-8\">39-49<\/td><td class=\"column-9\">28-38<\/td>\n<\/tr>\n<tr class=\"row-8\">\n\t<td class=\"column-2\">Reading<\/td><td class=\"column-3\">88-90<\/td><td class=\"column-4\">78-87<\/td><td class=\"column-5\">69-77<\/td><td class=\"column-6\">60-68<\/td><td class=\"column-7\">51-59<\/td><td class=\"column-8\">42-50<\/td><td class=\"column-9\">33-41<\/td>\n<\/tr>\n<tr class=\"row-9\">\n\t<td class=\"column-2\">Writing<\/td><td class=\"column-3\">90<\/td><td class=\"column-4\">88-89<\/td><td class=\"column-5\">79-87<\/td><td class=\"column-6\">69-78<\/td><td class=\"column-7\">60-68<\/td><td class=\"column-8\">51-59<\/td><td class=\"column-9\">41-50<\/td>\n<\/tr>\n<tr class=\"row-10\">\n\t<td rowspan=\"4\" class=\"column-1\">TEF<\/td><td class=\"column-2\">Speaking<\/td><td class=\"column-3\">556-699<\/td><td class=\"column-4\">518-555<\/td><td class=\"column-5\">494-517<\/td><td class=\"column-6\">456-493<\/td><td class=\"column-7\">422-455<\/td><td class=\"column-8\">387-421<\/td><td class=\"column-9\">328-386<\/td>\n<\/tr>\n<tr class=\"row-11\">\n\t<td class=\"column-2\">Listening<\/td><td class=\"column-3\">546-699<\/td><td class=\"column-4\">503-545<\/td><td class=\"column-5\">462-502<\/td><td class=\"column-6\">434-461<\/td><td class=\"column-7\">393-433<\/td><td class=\"column-8\">352-392<\/td><td class=\"column-9\">306-351<\/td>\n<\/tr>\n<tr class=\"row-12\">\n\t<td class=\"column-2\">Reading<\/td><td class=\"column-3\">546-699<\/td><td class=\"column-4\">503-545<\/td><td class=\"column-5\">462-502<\/td><td class=\"column-6\">434-461<\/td><td class=\"column-7\">393-433<\/td><td class=\"column-8\">352-392<\/td><td class=\"column-9\">306-351<\/td>\n<\/tr>\n<tr class=\"row-13\">\n\t<td class=\"column-2\">Writing<\/td><td class=\"column-3\">558-699<\/td><td class=\"column-4\">512-557<\/td><td class=\"column-5\">472-511<\/td><td class=\"column-6\">428-471<\/td><td class=\"column-7\">379-427<\/td><td class=\"column-8\">330-378<\/td><td class=\"column-9\">268-329<\/td>\n<\/tr>\n<tr class=\"row-14\">\n\t<td rowspan=\"4\" class=\"column-1\">TCF<\/td><td class=\"column-2\">Speaking<\/td><td class=\"column-3\">16-20<\/td><td class=\"column-4\">14-15<\/td><td class=\"column-5\">12-13<\/td><td class=\"column-6\">10-11<\/td><td class=\"column-7\">7-9<\/td><td class=\"column-8\">6<\/td><td class=\"column-9\">4-5<\/td>\n<\/tr>\n<tr class=\"row-15\">\n\t<td class=\"column-2\">Listening<\/td><td class=\"column-3\">549-699<\/td><td class=\"column-4\">523-548<\/td><td class=\"column-5\">503-522<\/td><td class=\"column-6\">458-502<\/td><td class=\"column-7\">398-457<\/td><td class=\"column-8\">369-397<\/td><td class=\"column-9\">331-368<\/td>\n<\/tr>\n<tr class=\"row-16\">\n\t<td class=\"column-2\">Reading<\/td><td class=\"column-3\">549-699<\/td><td class=\"column-4\">524-548<\/td><td class=\"column-5\">499-523<\/td><td class=\"column-6\">453-498<\/td><td class=\"column-7\">406-452<\/td><td class=\"column-8\">375-405<\/td><td class=\"column-9\">342-374<\/td>\n<\/tr>\n<tr class=\"row-17\">\n\t<td class=\"column-2\">Writing<\/td><td class=\"column-3\">16-20<\/td><td class=\"column-4\">14-15<\/td><td class=\"column-5\">12-13<\/td><td class=\"column-6\">10-11<\/td><td class=\"column-7\">7-9<\/td><td class=\"column-8\">6<\/td><td class=\"column-9\">4-5<\/td>\n<\/tr>\n<tr class=\"row-18\">\n\t<td colspan=\"2\" class=\"column-1\">CRS Single<\/td><td class=\"column-3\">34<\/td><td class=\"column-4\">31<\/td><td class=\"column-5\">23<\/td><td class=\"column-6\">17<\/td><td class=\"column-7\">9<\/td><td class=\"column-8\">6<\/td><td class=\"column-9\"><\/td>\n<\/tr>\n<tr class=\"row-19\">\n\t<td colspan=\"2\" class=\"column-1\">CRS Couples<\/td><td class=\"column-3\">32<\/td><td class=\"column-4\">29<\/td><td class=\"column-5\">22<\/td><td class=\"column-6\">16<\/td><td class=\"column-7\">8<\/td><td class=\"column-8\">6<\/td><td class=\"column-9\"><\/td>\n<\/tr>\n<tr class=\"row-20\">\n\t<td colspan=\"2\" class=\"column-1\">CRS Second language<\/td><td class=\"column-3\"><\/td><td class=\"column-4\">6<\/td><td class=\"column-5\">3<\/td><td class=\"column-6\">6<\/td><td class=\"column-7\">1<\/td><td class=\"column-8\">1<\/td><td class=\"column-9\"><\/td>\n<\/tr>\n<tr class=\"row-21\">\n\t<td colspan=\"2\" class=\"column-1\">FSW Points<\/td><td class=\"column-3\">6<\/td><td class=\"column-4\">6<\/td><td class=\"column-5\">5<\/td><td class=\"column-6\">4<\/td><td class=\"column-7\"><\/td><td class=\"column-8\"><\/td><td class=\"column-9\"><\/td>\n<\/tr>\n<tr class=\"row-22\">\n\t<td colspan=\"2\" class=\"column-1\">NOC TEER<\/td><td class=\"column-3\">0\/1<\/td><td class=\"column-4\">0\/1<\/td><td class=\"column-5\">0\/1<\/td><td class=\"column-6\">0\/1<\/td><td class=\"column-7\">2\/3<\/td><td class=\"column-8\">2\/3<\/td><td class=\"column-9\">2\/3<\/td>\n<\/tr>\n<\/tbody>\n<\/table>\n\n<\/div><\/div>\n\t\t\t\t\t\t<\/div>\n\t\t\t\t<\/div>\n\t\t\t\t\t<\/div>\n\t\t<\/div>\n\t\t\t\t\t<\/div>\n\t\t<\/section>\n\t\t\t\t<\/div>\n\t\t","protected":false},"excerpt":{"rendered":"<p>Dil g\u00f6\u00e7menlik i\u00e7in dil testi e\u015fde\u011ferlik tablosu<\/p>\n","protected":false},"author":4,"featured_media":523228,"parent":56602,"menu_order":0,"comment_status":"closed","ping_status":"closed","template":"","meta":{"footnotes":""},"class_list":["post-57100","page","type-page","status-publish","has-post-thumbnail","hentry"],"_links":{"self":[{"href":"https:\/\/redim.ca\/tr\/wp-json\/wp\/v2\/pages\/57100","targetHints":{"allow":["GET"]}}],"collection":[{"href":"https:\/\/redim.ca\/tr\/wp-json\/wp\/v2\/pages"}],"about":[{"href":"https:\/\/redim.ca\/tr\/wp-json\/wp\/v2\/types\/page"}],"author":[{"embeddable":true,"href":"https:\/\/redim.ca\/tr\/wp-json\/wp\/v2\/users\/4"}],"replies":[{"embeddable":true,"href":"https:\/\/redim.ca\/tr\/wp-json\/wp\/v2\/comments?post=57100"}],"version-history":[{"count":0,"href":"https:\/\/redim.ca\/tr\/wp-json\/wp\/v2\/pages\/57100\/revisions"}],"up":[{"embeddable":true,"href":"https:\/\/redim.ca\/tr\/wp-json\/wp\/v2\/pages\/56602"}],"wp:featuredmedia":[{"embeddable":true,"href":"https:\/\/redim.ca\/tr\/wp-json\/"}],"wp:attachment":[{"href":"https:\/\/redim.ca\/tr\/wp-json\/wp\/v2\/media?parent=57100"}],"curies":[{"name":"wp","href":"https:\/\/api.w.org\/{rel}","templated":true}]}}