{"id":54935,"date":"2023-05-01T16:11:29","date_gmt":"2023-05-01T23:11:29","guid":{"rendered":"https:\/\/redim.ca\/isleme-suresi\/"},"modified":"2026-04-16T10:15:27","modified_gmt":"2026-04-16T17:15:27","slug":"isleme-suresi","status":"publish","type":"page","link":"https:\/\/redim.ca\/tr\/isleme-suresi\/","title":{"rendered":"\u0130\u015flem s\u00fcresi"},"content":{"rendered":"\t\t<div data-elementor-type=\"wp-page\" data-elementor-id=\"54935\" class=\"elementor elementor-54935 elementor-32090\" data-elementor-post-type=\"page\">\n\t\t\t\t\t\t<section class=\"pix-elementor-divider elementor-section elementor-top-section elementor-element elementor-element-0fff6e6 elementor-section-stretched elementor-section-full_width elementor-section-height-min-height animated-fast redh2 elementor-section-height-default elementor-section-items-middle elementor-invisible\" data-pix-dividers=\"&lt;div class=&quot;pix-divider  position-relative pix-bottom-divider&quot; data-style=&quot;style-dynamic&quot; &gt;&lt;div class=&quot;pix-dividers-box w-100 position-relative d-inline-block&quot; &gt;\n                    &lt;svg class=&quot;pix-shape-dividers&quot;  viewBox=&quot;0 0 100 100&quot; preserveAspectRatio=&quot;none&quot;&gt;\n                        &lt;defs&gt;&lt;linearGradient id=&quot;divider-pix-accordion-817455-bottom-overlay-color-0&quot; x1=&quot;0%&quot; y1=&quot;0%&quot; x2=&quot;100%&quot; y2=&quot;0%&quot;&gt;&lt;stop offset=&quot;0%&quot;   stop-color=&quot;#FFFFFF80&quot;\/&gt;&lt;stop offset=&quot;100%&quot;   stop-color=&quot;#FFFFFF03&quot;\/&gt;&lt;\/linearGradient&gt;&lt;linearGradient id=&quot;divider-pix-accordion-817455-bottom-overlay-color-1&quot; x1=&quot;0%&quot; y1=&quot;0%&quot; x2=&quot;100%&quot; y2=&quot;0%&quot;&gt;&lt;stop offset=&quot;0%&quot;   stop-color=&quot;#FFFFFF03&quot;\/&gt;&lt;stop offset=&quot;100%&quot;   stop-color=&quot;#FFFFFF73&quot;\/&gt;&lt;\/linearGradient&gt;&lt;\/defs&gt;&lt;path d=&quot;&quot; class=&quot;&quot; fill=&quot;url(#divider-pix-accordion-817455-bottom-overlay-color-0)&quot;&gt;&lt;\/path&gt;&lt;path d=&quot;&quot; class=&quot;&quot; fill=&quot;url(#divider-pix-accordion-817455-bottom-overlay-color-1)&quot;&gt;&lt;\/path&gt;&lt;path d=&quot;&quot; class=&quot;&quot; fill=&quot;#FFFFFF&quot;&gt;&lt;\/path&gt;\n                    &lt;\/svg&gt;\n                &lt;\/div&gt;&lt;\/div&gt;\" data-id=\"0fff6e6\" data-element_type=\"section\" data-e-type=\"section\" data-settings=\"{&quot;stretch_section&quot;:&quot;section-stretched&quot;,&quot;background_background&quot;:&quot;classic&quot;,&quot;animation&quot;:&quot;fadeIn&quot;}\">\n\t\t\t\t\t\t\t<div class=\"elementor-background-overlay\"><\/div>\n\t\t\t\t\t\t\t<div class=\"elementor-container elementor-column-gap-default\">\n\t\t\t\t\t<div class=\"elementor-column elementor-col-100 elementor-top-column elementor-element elementor-element-8b8acd5\" data-id=\"8b8acd5\" data-element_type=\"column\" data-e-type=\"column\">\n\t\t\t<div class=\"elementor-widget-wrap elementor-element-populated\">\n\t\t\t\t\t\t<div class=\"elementor-element elementor-element-29bcff5 elementor-widget elementor-widget-spacer\" data-id=\"29bcff5\" data-element_type=\"widget\" data-e-type=\"widget\" data-widget_type=\"spacer.default\">\n\t\t\t\t<div class=\"elementor-widget-container\">\n\t\t\t\t\t\t\t<div class=\"elementor-spacer\">\n\t\t\t<div class=\"elementor-spacer-inner\"><\/div>\n\t\t<\/div>\n\t\t\t\t\t\t<\/div>\n\t\t\t\t<\/div>\n\t\t\t\t<div class=\"elementor-element elementor-element-436bc3c elementor-invisible elementor-widget elementor-widget-heading\" data-id=\"436bc3c\" data-element_type=\"widget\" data-e-type=\"widget\" data-settings=\"{&quot;_animation&quot;:&quot;fadeInUp&quot;,&quot;_animation_delay&quot;:400}\" data-widget_type=\"heading.default\">\n\t\t\t\t<div class=\"elementor-widget-container\">\n\t\t\t\t\t<h1 class=\"elementor-heading-title elementor-size-default\">Tahmini i\u015flem s\u00fcresi<\/h1>\t\t\t\t<\/div>\n\t\t\t\t<\/div>\n\t\t\t\t<div class=\"elementor-element elementor-element-be52f7a elementor-invisible elementor-widget elementor-widget-pix-text\" data-id=\"be52f7a\" data-element_type=\"widget\" data-e-type=\"widget\" data-settings=\"{&quot;_animation&quot;:&quot;fadeInDown&quot;,&quot;_animation_delay&quot;:400}\" data-widget_type=\"pix-text.default\">\n\t\t\t\t<div class=\"elementor-widget-container\">\n\t\t\t\t\t<div class=\"pix-el-text w-100 text-center \" ><p class=\"text-18 resp-option text-heading-default text-center font-weight-bold\" ><span class=\"text-heading-default animate-in d-inline-block\" data-anim-delay=\"400\" data-anim-type=\"fade-in-up\">Ba\u015fvuru al\u0131m\u0131ndan karara kadar olan s\u00fcrecin %80\u2019inin tahmini i\u015flem s\u00fcresine dayan\u0131r \u2013 Kanada G\u00f6\u00e7menlik, M\u00fclteciler ve Vatanda\u015fl\u0131k Kurumu (IRCC) taraf\u0131ndan haftal\u0131k olarak canl\u0131 g\u00fcncellenir.<\/span><\/p><\/div>\t\t\t\t<\/div>\n\t\t\t\t<\/div>\n\t\t\t\t\t<\/div>\n\t\t<\/div>\n\t\t\t\t\t<\/div>\n\t\t<\/section>\n\t\t\t\t<section class=\"elementor-section elementor-top-section elementor-element elementor-element-9ee64d2 elementor-section-full_width elementor-section-stretched cl-topb elementor-section-height-default elementor-section-height-default\" data-id=\"9ee64d2\" data-element_type=\"section\" data-e-type=\"section\" data-settings=\"{&quot;stretch_section&quot;:&quot;section-stretched&quot;}\">\n\t\t\t\t\t\t<div class=\"elementor-container elementor-column-gap-default\">\n\t\t\t\t\t<div class=\"elementor-column elementor-col-100 elementor-top-column elementor-element elementor-element-6fe5d88\" data-id=\"6fe5d88\" data-element_type=\"column\" data-e-type=\"column\">\n\t\t\t<div class=\"elementor-widget-wrap elementor-element-populated\">\n\t\t\t\t\t\t<div class=\"elementor-element elementor-element-730a270 elementor-widget elementor-widget-spacer\" data-id=\"730a270\" data-element_type=\"widget\" data-e-type=\"widget\" data-widget_type=\"spacer.default\">\n\t\t\t\t<div class=\"elementor-widget-container\">\n\t\t\t\t\t\t\t<div class=\"elementor-spacer\">\n\t\t\t<div class=\"elementor-spacer-inner\"><\/div>\n\t\t<\/div>\n\t\t\t\t\t\t<\/div>\n\t\t\t\t<\/div>\n\t\t\t\t<div class=\"elementor-element elementor-element-1799ba1 red-tab elementor-widget elementor-widget-pix-horizontal-tabs\" data-id=\"1799ba1\" data-element_type=\"widget\" data-e-type=\"widget\" data-widget_type=\"pix-horizontal-tabs.default\">\n\t\t\t\t<div class=\"elementor-widget-container\">\n\t\t\t\t\t<div class=\" \"  ><div class=\"pix_tabs_container pix-waiting\" data-icons-pos=\"\"><div class=\"nav  nav-pills pix_tabs_btns justify-content-center  pix-pills-line mb-4\" role=\"tablist\" id=\"v-pills-tab\"  aria-orientation=\"horizontal\"><div class=\"nav-item\"><a class=\"nav-link pix-tabs-btn text-24 pix-px-25 py-2 my-2 d-flex align-items-center justify-content-center font-weight-bold active   \" data-id=\"1799ba1-259cd58\" role=\"tab\" id=\"pix-tab-btn-1799ba1-259cd58\" data-toggle=\"pill\" href=\"#pix-tab-1799ba1-259cd58\"  aria-controls=\"pix-tab-1799ba1-259cd58\">G\u00f6\u00e7menlik<\/a><\/div><div class=\"nav-item\"><a class=\"nav-link pix-tabs-btn text-24 pix-px-25 py-2 my-2 d-flex align-items-center justify-content-center font-weight-bold    \" data-id=\"1799ba1-d1c3282\" role=\"tab\" id=\"pix-tab-btn-1799ba1-d1c3282\" data-toggle=\"pill\" href=\"#pix-tab-1799ba1-d1c3282\"  aria-controls=\"pix-tab-1799ba1-d1c3282\">\u0130\u015fg\u00fcc\u00fc Piyasas\u0131 Etki De\u011ferlendirmesi<\/a><\/div><\/div><div class=\"pix_tabs_content\"><div class=\"tab-content \"><div class=\"tab-pane active  show \" role=\"tabpanel\" id=\"pix-tab-1799ba1-259cd58\" data-bold=\"\" data-italic=\"\" data-secondary=\"\" data-id=\"1799ba1-259cd58\" data-icon=\"\" data-title=\"G\u00f6\u00e7menlik\" aria-labelledby=\"pix-tab-1799ba1-259cd58\"><p style=\"text-align: center;\">G\u00fcncellendi: 2026-05-13 12:59:53 PST<\/p><p>\n<table id=\"redex-Time\" class=\"redex redex-id-Time redex-responsive redex-responsive-stack-phone\">\n<thead>\n<tr class=\"row-1\">\n\t<th class=\"column-1\">Program<\/th><th class=\"column-2\">Kaynak<\/th><th class=\"column-3\">\u0130\u015flem s\u00fcresi<\/th>\n<\/tr>\n<\/thead>\n<tbody class=\"row-striping row-hover\">\n<tr class=\"row-2\">\n\t<td class=\"column-1\">Visitor visa<\/td><td class=\"column-2\">India<\/td><td class=\"column-3\">27 days<\/td>\n<\/tr>\n<tr class=\"row-3\">\n\t<td class=\"column-1\">Visitor visa<\/td><td class=\"column-2\">Iran<\/td><td class=\"column-3\">147 days<\/td>\n<\/tr>\n<tr class=\"row-4\">\n\t<td class=\"column-1\">Visitor visa<\/td><td class=\"column-2\">USA<\/td><td class=\"column-3\">24 days<\/td>\n<\/tr>\n<tr class=\"row-5\">\n\t<td class=\"column-1\">Super visa - Parents \/ Grandparents<\/td><td class=\"column-2\">T\u00fcm \u00fclkeler<\/td><td class=\"column-3\">N\/A<\/td>\n<\/tr>\n<tr class=\"row-6\">\n\t<td class=\"column-1\">Visitor visa inside Canada<\/td><td class=\"column-2\">T\u00fcm \u00fclkeler<\/td><td class=\"column-3\">13 days<\/td>\n<\/tr>\n<tr class=\"row-7\">\n\t<td class=\"column-1\">Visitor extension (Visitor record)<\/td><td class=\"column-2\">T\u00fcm \u00fclkeler<\/td><td class=\"column-3\">310 days<\/td>\n<\/tr>\n<tr class=\"row-8\">\n\t<td class=\"column-1\">Super visa (parents and grandparents)<\/td><td class=\"column-2\">China<\/td><td class=\"column-3\">66 days<\/td>\n<\/tr>\n<tr class=\"row-9\">\n\t<td class=\"column-1\">Super visa (parents and grandparents)<\/td><td class=\"column-2\">India<\/td><td class=\"column-3\">138 days<\/td>\n<\/tr>\n<tr class=\"row-10\">\n\t<td class=\"column-1\">Super visa (parents and grandparents)<\/td><td class=\"column-2\">Iran<\/td><td class=\"column-3\">179 days<\/td>\n<\/tr>\n<tr class=\"row-11\">\n\t<td class=\"column-1\">Super visa (parents and grandparents)<\/td><td class=\"column-2\">USA<\/td><td class=\"column-3\">104 days<\/td>\n<\/tr>\n<tr class=\"row-12\">\n\t<td class=\"column-1\">Study permit inside Canada<\/td><td class=\"column-2\">T\u00fcm \u00fclkeler<\/td><td class=\"column-3\">6 weeks<\/td>\n<\/tr>\n<tr class=\"row-13\">\n\t<td class=\"column-1\">Study permit outside Canada<\/td><td class=\"column-2\">China<\/td><td class=\"column-3\">4 weeks<\/td>\n<\/tr>\n<tr class=\"row-14\">\n\t<td class=\"column-1\">Study permit outside Canada<\/td><td class=\"column-2\">India<\/td><td class=\"column-3\">4 weeks<\/td>\n<\/tr>\n<tr class=\"row-15\">\n\t<td class=\"column-1\">Study permit outside Canada<\/td><td class=\"column-2\">Iran<\/td><td class=\"column-3\">49 weeks<\/td>\n<\/tr>\n<tr class=\"row-16\">\n\t<td class=\"column-1\">Study permit outside Canada<\/td><td class=\"column-2\">USA<\/td><td class=\"column-3\">5 weeks<\/td>\n<\/tr>\n<tr class=\"row-17\">\n\t<td class=\"column-1\">Study permit extension<\/td><td class=\"column-2\">T\u00fcm \u00fclkeler<\/td><td class=\"column-3\">76 days<\/td>\n<\/tr>\n<tr class=\"row-18\">\n\t<td class=\"column-1\">Work permit inside Canada<\/td><td class=\"column-2\">T\u00fcm \u00fclkeler<\/td><td class=\"column-3\">8 weeks<\/td>\n<\/tr>\n<tr class=\"row-19\">\n\t<td class=\"column-1\">Work permit<\/td><td class=\"column-2\">India<\/td><td class=\"column-3\">9 weeks<\/td>\n<\/tr>\n<tr class=\"row-20\">\n\t<td class=\"column-1\">Work permit<\/td><td class=\"column-2\">Iran<\/td><td class=\"column-3\">73 weeks<\/td>\n<\/tr>\n<tr class=\"row-21\">\n\t<td class=\"column-1\">Work permit<\/td><td class=\"column-2\">USA<\/td><td class=\"column-3\">5 weeks<\/td>\n<\/tr>\n<tr class=\"row-22\">\n\t<td class=\"column-1\">Work permit<\/td><td class=\"column-2\">China<\/td><td class=\"column-3\">8 weeks<\/td>\n<\/tr>\n<tr class=\"row-23\">\n\t<td class=\"column-1\">Work permit inside Canada (initial and extension)<\/td><td class=\"column-2\">T\u00fcm \u00fclkeler<\/td><td class=\"column-3\">209 days<\/td>\n<\/tr>\n<tr class=\"row-24\">\n\t<td class=\"column-1\">Express Entry - Provincial nominees<\/td><td class=\"column-2\">T\u00fcm \u00fclkeler<\/td><td class=\"column-3\">7 months<\/td>\n<\/tr>\n<tr class=\"row-25\">\n\t<td class=\"column-1\">International Experience Canada - Last season<\/td><td class=\"column-2\">T\u00fcm \u00fclkeler<\/td><td class=\"column-3\">N\/A<\/td>\n<\/tr>\n<tr class=\"row-26\">\n\t<td class=\"column-1\">International Experience Canada<\/td><td class=\"column-2\">T\u00fcm \u00fclkeler<\/td><td class=\"column-3\">5 weeks<\/td>\n<\/tr>\n<tr class=\"row-27\">\n\t<td class=\"column-1\">Electronic Travel Authorization (eTA)<\/td><td class=\"column-2\">T\u00fcm \u00fclkeler<\/td><td class=\"column-3\">5 minutes<\/td>\n<\/tr>\n<tr class=\"row-28\">\n\t<td class=\"column-1\">Skilled workers - Quebec<\/td><td class=\"column-2\">T\u00fcm \u00fclkeler<\/td><td class=\"column-3\">9 months<\/td>\n<\/tr>\n<tr class=\"row-29\">\n\t<td class=\"column-1\">Citizenship grant<\/td><td class=\"column-2\">T\u00fcm \u00fclkeler<\/td><td class=\"column-3\">13 months<\/td>\n<\/tr>\n<tr class=\"row-30\">\n\t<td class=\"column-1\">Spouse or common-law partner living inside Canada - Quebec<\/td><td class=\"column-2\">T\u00fcm \u00fclkeler<\/td><td class=\"column-3\">37 months<\/td>\n<\/tr>\n<tr class=\"row-31\">\n\t<td class=\"column-1\">Express Entry - Federal Skilled Trades<\/td><td class=\"column-2\">T\u00fcm \u00fclkeler<\/td><td class=\"column-3\">N\/A<\/td>\n<\/tr>\n<tr class=\"row-32\">\n\t<td class=\"column-1\">Citizenship certificate (proof of citizenship)<\/td><td class=\"column-2\">T\u00fcm \u00fclkeler<\/td><td class=\"column-3\">7 months<\/td>\n<\/tr>\n<tr class=\"row-33\">\n\t<td class=\"column-1\">Express Entry - Federal Skilled Workers<\/td><td class=\"column-2\">T\u00fcm \u00fclkeler<\/td><td class=\"column-3\">5 months<\/td>\n<\/tr>\n<tr class=\"row-34\">\n\t<td class=\"column-1\">Spouse or common-law partner living in Canada<\/td><td class=\"column-2\">T\u00fcm \u00fclkeler<\/td><td class=\"column-3\">24 months<\/td>\n<\/tr>\n<tr class=\"row-35\">\n\t<td class=\"column-1\">Seasonal Agricultural Worker Program (SAWP)<\/td><td class=\"column-2\">T\u00fcm \u00fclkeler<\/td><td class=\"column-3\">7 days<\/td>\n<\/tr>\n<tr class=\"row-36\">\n\t<td class=\"column-1\">Dependents of protected persons<\/td><td class=\"column-2\">T\u00fcm \u00fclkeler<\/td><td class=\"column-3\">52 months<\/td>\n<\/tr>\n<tr class=\"row-37\">\n\t<td class=\"column-1\">Atlantic Immigration Program<\/td><td class=\"column-2\">T\u00fcm \u00fclkeler<\/td><td class=\"column-3\">18 months<\/td>\n<\/tr>\n<tr class=\"row-38\">\n\t<td class=\"column-1\">Express Entry - Canadian Experience Class<\/td><td class=\"column-2\">T\u00fcm \u00fclkeler<\/td><td class=\"column-3\">6 months<\/td>\n<\/tr>\n<tr class=\"row-39\">\n\t<td class=\"column-1\">Self-employed persons (federal)<\/td><td class=\"column-2\">T\u00fcm \u00fclkeler<\/td><td class=\"column-3\">57 months<\/td>\n<\/tr>\n<tr class=\"row-40\">\n\t<td class=\"column-1\">Quebec business class<\/td><td class=\"column-2\">T\u00fcm \u00fclkeler<\/td><td class=\"column-3\">103 weeks<\/td>\n<\/tr>\n<tr class=\"row-41\">\n\t<td class=\"column-1\">Start-up visa<\/td><td class=\"column-2\">T\u00fcm \u00fclkeler<\/td><td class=\"column-3\">60 months<\/td>\n<\/tr>\n<tr class=\"row-42\">\n\t<td class=\"column-1\">Visitor visa<\/td><td class=\"column-2\">China<\/td><td class=\"column-3\">26 days<\/td>\n<\/tr>\n<tr class=\"row-43\">\n\t<td class=\"column-1\">Parents or grandparents<\/td><td class=\"column-2\">T\u00fcm \u00fclkeler<\/td><td class=\"column-3\">26 months<\/td>\n<\/tr>\n<tr class=\"row-44\">\n\t<td class=\"column-1\">Parents or grandparents - Quebec<\/td><td class=\"column-2\">T\u00fcm \u00fclkeler<\/td><td class=\"column-3\">44 months<\/td>\n<\/tr>\n<tr class=\"row-45\">\n\t<td class=\"column-1\">Dependent child sponsorship<\/td><td class=\"column-2\">China<\/td><td class=\"column-3\">10 months<\/td>\n<\/tr>\n<tr class=\"row-46\">\n\t<td class=\"column-1\">Dependent child sponsorship<\/td><td class=\"column-2\">India<\/td><td class=\"column-3\">7 months<\/td>\n<\/tr>\n<tr class=\"row-47\">\n\t<td class=\"column-1\">Dependent child sponsorship<\/td><td class=\"column-2\">Iran<\/td><td class=\"column-3\">N\/A<\/td>\n<\/tr>\n<tr class=\"row-48\">\n\t<td class=\"column-1\">Dependent child sponsorship<\/td><td class=\"column-2\">USA<\/td><td class=\"column-3\">N\/A<\/td>\n<\/tr>\n<tr class=\"row-49\">\n\t<td class=\"column-1\">Dependent child sponsorship inside Canada<\/td><td class=\"column-2\">T\u00fcm \u00fclkeler<\/td><td class=\"column-3\">21 months<\/td>\n<\/tr>\n<tr class=\"row-50\">\n\t<td class=\"column-1\">Adopted child or other relative sponsorship inside Canada<\/td><td class=\"column-2\">T\u00fcm \u00fclkeler<\/td><td class=\"column-3\">19 months<\/td>\n<\/tr>\n<tr class=\"row-51\">\n\t<td class=\"column-1\">Adopted child or other relative sponsorship<\/td><td class=\"column-2\">China<\/td><td class=\"column-3\">N\/A<\/td>\n<\/tr>\n<tr class=\"row-52\">\n\t<td class=\"column-1\">Adopted child or other relative sponsorship<\/td><td class=\"column-2\">India<\/td><td class=\"column-3\">N\/A<\/td>\n<\/tr>\n<tr class=\"row-53\">\n\t<td class=\"column-1\">Adopted child or other relative sponsorship<\/td><td class=\"column-2\">Iran<\/td><td class=\"column-3\">N\/A<\/td>\n<\/tr>\n<tr class=\"row-54\">\n\t<td class=\"column-1\">Adopted child or other relative sponsorship<\/td><td class=\"column-2\">USA<\/td><td class=\"column-3\">N\/A<\/td>\n<\/tr>\n<tr class=\"row-55\">\n\t<td class=\"column-1\">Government-assisted refugees inside Canada<\/td><td class=\"column-2\">T\u00fcm \u00fclkeler<\/td><td class=\"column-3\">N\/A<\/td>\n<\/tr>\n<tr class=\"row-56\">\n\t<td class=\"column-1\">Government-assisted refugees<\/td><td class=\"column-2\">China<\/td><td class=\"column-3\">N\/A<\/td>\n<\/tr>\n<tr class=\"row-57\">\n\t<td class=\"column-1\">Government-assisted refugees<\/td><td class=\"column-2\">India<\/td><td class=\"column-3\">N\/A<\/td>\n<\/tr>\n<tr class=\"row-58\">\n\t<td class=\"column-1\">Government-assisted refugees<\/td><td class=\"column-2\">Iran<\/td><td class=\"column-3\">N\/A<\/td>\n<\/tr>\n<tr class=\"row-59\">\n\t<td class=\"column-1\">Government-assisted refugees<\/td><td class=\"column-2\">USA<\/td><td class=\"column-3\">N\/A<\/td>\n<\/tr>\n<tr class=\"row-60\">\n\t<td class=\"column-1\">Privately sponsored refugees inside Canada<\/td><td class=\"column-2\">T\u00fcm \u00fclkeler<\/td><td class=\"column-3\">N\/A<\/td>\n<\/tr>\n<tr class=\"row-61\">\n\t<td class=\"column-1\">Privately sponsored refugees<\/td><td class=\"column-2\">China<\/td><td class=\"column-3\">N\/A<\/td>\n<\/tr>\n<tr class=\"row-62\">\n\t<td class=\"column-1\">Privately sponsored refugees<\/td><td class=\"column-2\">India<\/td><td class=\"column-3\">28 months &amp; 19 months<\/td>\n<\/tr>\n<tr class=\"row-63\">\n\t<td class=\"column-1\">Privately sponsored refugees<\/td><td class=\"column-2\">Iran<\/td><td class=\"column-3\">N\/A<\/td>\n<\/tr>\n<tr class=\"row-64\">\n\t<td class=\"column-1\">Protected persons and convention refugees in Canada<\/td><td class=\"column-2\">T\u00fcm \u00fclkeler<\/td><td class=\"column-3\">32 months<\/td>\n<\/tr>\n<tr class=\"row-65\">\n\t<td class=\"column-1\">Protected persons and convention refugees in Canada - Quebec<\/td><td class=\"column-2\">T\u00fcm \u00fclkeler<\/td><td class=\"column-3\">47 months<\/td>\n<\/tr>\n<tr class=\"row-66\">\n\t<td class=\"column-1\">Provincial nominees<\/td><td class=\"column-2\">T\u00fcm \u00fclkeler<\/td><td class=\"column-3\">19 months<\/td>\n<\/tr>\n<tr class=\"row-67\">\n\t<td class=\"column-1\">Humanitarian and compassionate<\/td><td class=\"column-2\">T\u00fcm \u00fclkeler<\/td><td class=\"column-3\">32 months<\/td>\n<\/tr>\n<tr class=\"row-68\">\n\t<td class=\"column-1\">Humanitarian and compassionate - Quebec<\/td><td class=\"column-2\">T\u00fcm \u00fclkeler<\/td><td class=\"column-3\">57 months<\/td>\n<\/tr>\n<tr class=\"row-69\">\n\t<td class=\"column-1\">Spouse, common-law or conjugal partner living outside Canada - Quebec<\/td><td class=\"column-2\">T\u00fcm \u00fclkeler<\/td><td class=\"column-3\">41 months<\/td>\n<\/tr>\n<tr class=\"row-70\">\n\t<td class=\"column-1\">Spouse, common-law or conjugal partner living outside Canada<\/td><td class=\"column-2\">T\u00fcm \u00fclkeler<\/td><td class=\"column-3\">15 months<\/td>\n<\/tr>\n<tr class=\"row-71\">\n\t<td class=\"column-1\">Citizenship - Search of citizenship records<\/td><td class=\"column-2\">T\u00fcm \u00fclkeler<\/td><td class=\"column-3\">17 months<\/td>\n<\/tr>\n<tr class=\"row-72\">\n\t<td class=\"column-1\">Citizenship - Citizenship for adopted persons<\/td><td class=\"column-2\">T\u00fcm \u00fclkeler<\/td><td class=\"column-3\">5 months<\/td>\n<\/tr>\n<tr class=\"row-73\">\n\t<td class=\"column-1\">Citizenship - Resumption of citizenship<\/td><td class=\"column-2\">T\u00fcm \u00fclkeler<\/td><td class=\"column-3\">N\/A<\/td>\n<\/tr>\n<tr class=\"row-74\">\n\t<td class=\"column-1\">Citizenship - Renunciation of citizenship<\/td><td class=\"column-2\">T\u00fcm \u00fclkeler<\/td><td class=\"column-3\">7 months<\/td>\n<\/tr>\n<tr class=\"row-75\">\n\t<td class=\"column-1\">New permanent resident card<\/td><td class=\"column-2\">T\u00fcm \u00fclkeler<\/td><td class=\"column-3\">40 days<\/td>\n<\/tr>\n<tr class=\"row-76\">\n\t<td class=\"column-1\">Renewing or replacing a permanent resident card<\/td><td class=\"column-2\">T\u00fcm \u00fclkeler<\/td><td class=\"column-3\">27 days<\/td>\n<\/tr>\n<tr class=\"row-77\">\n\t<td class=\"column-1\">Verification of status<\/td><td class=\"column-2\">T\u00fcm \u00fclkeler<\/td><td class=\"column-3\">16 weeks<\/td>\n<\/tr>\n<tr class=\"row-78\">\n\t<td class=\"column-1\">Replacement of valid temporary resident documents<\/td><td class=\"column-2\">T\u00fcm \u00fclkeler<\/td><td class=\"column-3\">4 weeks<\/td>\n<\/tr>\n<tr class=\"row-79\">\n\t<td class=\"column-1\">Amendments of immigration documents<\/td><td class=\"column-2\">T\u00fcm \u00fclkeler<\/td><td class=\"column-3\">10 weeks<\/td>\n<\/tr>\n<tr class=\"row-80\">\n\t<td class=\"column-1\">Amendment of valid temporary resident document<\/td><td class=\"column-2\">T\u00fcm \u00fclkeler<\/td><td class=\"column-3\">4 weeks<\/td>\n<\/tr>\n<tr class=\"row-81\">\n\t<td class=\"column-1\">Privately sponsored refugees<\/td><td class=\"column-2\">USA<\/td><td class=\"column-3\">N\/A<\/td>\n<\/tr>\n<tr class=\"row-82\">\n\t<td class=\"column-1\">Regular Passport inside Canada<\/td><td class=\"column-2\">D\u00fczenleyen makam<\/td><td class=\"column-3\">10 business days<\/td>\n<\/tr>\n<tr class=\"row-83\">\n\t<td class=\"column-1\">Regular Passport inside Canada<\/td><td class=\"column-2\">Normal makam<\/td><td class=\"column-3\">20 business days<\/td>\n<\/tr>\n<tr class=\"row-84\">\n\t<td class=\"column-1\">Urgent Passport inside Canada<\/td><td class=\"column-2\">Acil<\/td><td class=\"column-3\">Next business day<\/td>\n<\/tr>\n<tr class=\"row-85\">\n\t<td class=\"column-1\">Urgent Passport inside Canada<\/td><td class=\"column-2\">H\u0131zl\u0131<\/td><td class=\"column-3\">2 - 9 business days<\/td>\n<\/tr>\n<tr class=\"row-86\">\n\t<td class=\"column-1\">Passport from US<\/td><td class=\"column-2\">T\u00fcm \u00fclkeler<\/td><td class=\"column-3\">20 business days<\/td>\n<\/tr>\n<tr class=\"row-87\">\n\t<td class=\"column-1\">Passport from abroad<\/td><td class=\"column-2\">T\u00fcm \u00fclkeler<\/td><td class=\"column-3\">20 business days<\/td>\n<\/tr>\n<tr class=\"row-88\">\n\t<td class=\"column-1\">Refugee travel document<\/td><td class=\"column-2\">T\u00fcm \u00fclkeler<\/td><td class=\"column-3\">20 business days<\/td>\n<\/tr>\n<tr class=\"row-89\">\n\t<td class=\"column-1\">Passport certification<\/td><td class=\"column-2\">T\u00fcm \u00fclkeler<\/td><td class=\"column-3\">10 business days<\/td>\n<\/tr>\n<\/tbody>\n<\/table>\n<\/p><\/div><div class=\"tab-pane   show \" role=\"tabpanel\" id=\"pix-tab-1799ba1-d1c3282\" data-bold=\"\" data-italic=\"\" data-secondary=\"\" data-id=\"1799ba1-d1c3282\" data-icon=\"\" data-title=\"\u0130\u015fg\u00fcc\u00fc Piyasas\u0131 Etki De\u011ferlendirmesi\" aria-labelledby=\"pix-tab-1799ba1-d1c3282\"><p style=\"text-align: center;\">G\u00fcncellendi: 2026-04-09 13:17:10 PST<\/p><p>\n<table id=\"redex-lmia-time\" class=\"redex redex-id-lmia-time redex-responsive\">\n<thead>\n<tr class=\"row-1\">\n\t<th class=\"column-1\">Program<\/th><th class=\"column-2\">\u0130nceleme s\u00fcresi (g\u00fcn)<\/th>\n<\/tr>\n<\/thead>\n<tbody class=\"row-striping row-hover\">\n<tr class=\"row-2\">\n\t<td class=\"column-1\">K\u00fcresel Yetenek<\/td><td class=\"column-2\">7<\/td>\n<\/tr>\n<tr class=\"row-3\">\n\t<td class=\"column-1\">Tar\u0131m i\u015f\u00e7ileri<\/td><td class=\"column-2\">16<\/td>\n<\/tr>\n<tr class=\"row-4\">\n\t<td class=\"column-1\">Mevsimlik Tar\u0131m \u0130\u015f\u00e7ileri<\/td><td class=\"column-2\">10<\/td>\n<\/tr>\n<tr class=\"row-5\">\n\t<td class=\"column-1\">Y\u00fcksek maa\u015f<\/td><td class=\"column-2\">59<\/td>\n<\/tr>\n<tr class=\"row-6\">\n\t<td class=\"column-1\">D\u00fc\u015f\u00fck maa\u015f<\/td><td class=\"column-2\">50<\/td>\n<\/tr>\n<tr class=\"row-7\">\n\t<td class=\"column-1\">Kal\u0131c\u0131 ikamet ge\u00e7i\u015fi<\/td><td class=\"column-2\">192<\/td>\n<\/tr>\n<\/tbody>\n<\/table>\n<\/p><\/div><\/div><\/div><\/div><\/div>\t\t\t\t<\/div>\n\t\t\t\t<\/div>\n\t\t\t\t\t<\/div>\n\t\t<\/div>\n\t\t\t\t\t<\/div>\n\t\t<\/section>\n\t\t\t\t<\/div>\n\t\t","protected":false},"excerpt":{"rendered":"<p>Tahmini i\u015flem s\u00fcresi Ba\u015fvuru al\u0131m\u0131ndan karara kadar olan s\u00fcrecin %80\u2019inin tahmini i\u015flem s\u00fcresine dayan\u0131r \u2013 Kanada G\u00f6\u00e7menlik, M\u00fclteciler ve Vatanda\u015fl\u0131k Kurumu (IRCC) taraf\u0131ndan haftal\u0131k olarak canl\u0131 g\u00fcncellenir. G\u00f6\u00e7menlik\u0130\u015fg\u00fcc\u00fc Piyasas\u0131 Etki De\u011ferlendirmesi G\u00fcncellendi: 2026-04-15 09:04:48 PST Application Source Processing time Visitor&#8230;<\/p>\n","protected":false},"author":4,"featured_media":523228,"parent":0,"menu_order":0,"comment_status":"closed","ping_status":"closed","template":"","meta":{"footnotes":""},"class_list":["post-54935","page","type-page","status-publish","has-post-thumbnail","hentry"],"_links":{"self":[{"href":"https:\/\/redim.ca\/tr\/wp-json\/wp\/v2\/pages\/54935","targetHints":{"allow":["GET"]}}],"collection":[{"href":"https:\/\/redim.ca\/tr\/wp-json\/wp\/v2\/pages"}],"about":[{"href":"https:\/\/redim.ca\/tr\/wp-json\/wp\/v2\/types\/page"}],"author":[{"embeddable":true,"href":"https:\/\/redim.ca\/tr\/wp-json\/wp\/v2\/users\/4"}],"replies":[{"embeddable":true,"href":"https:\/\/redim.ca\/tr\/wp-json\/wp\/v2\/comments?post=54935"}],"version-history":[{"count":0,"href":"https:\/\/redim.ca\/tr\/wp-json\/wp\/v2\/pages\/54935\/revisions"}],"wp:featuredmedia":[{"embeddable":true,"href":"https:\/\/redim.ca\/tr\/wp-json\/"}],"wp:attachment":[{"href":"https:\/\/redim.ca\/tr\/wp-json\/wp\/v2\/media?parent=54935"}],"curies":[{"name":"wp","href":"https:\/\/api.w.org\/{rel}","templated":true}]}}