{"id":54547,"date":"2022-06-16T15:25:00","date_gmt":"2022-06-16T22:25:00","guid":{"rendered":"https:\/\/redim.ca\/terms-of-use\/"},"modified":"2025-11-16T19:29:37","modified_gmt":"2025-11-17T03:29:37","slug":"kullanim-sartlari","status":"publish","type":"page","link":"https:\/\/redim.ca\/tr\/kullanim-sartlari\/","title":{"rendered":"Kullan\u0131m Ko\u015fullar\u0131"},"content":{"rendered":"\t\t<div data-elementor-type=\"wp-page\" data-elementor-id=\"54547\" class=\"elementor elementor-54547 elementor-25266\" data-elementor-post-type=\"page\">\n\t\t\t\t\t\t<section class=\"pix-elementor-divider elementor-section elementor-top-section elementor-element elementor-element-4b196cd elementor-section-stretched elementor-section-full_width elementor-section-height-min-height animated-fast redh1 elementor-section-height-default elementor-section-items-middle elementor-invisible\" data-pix-dividers=\"&lt;div class=&quot;pix-divider  position-relative pix-bottom-divider&quot; data-style=&quot;style-dynamic&quot; &gt;&lt;div class=&quot;pix-dividers-box w-100 position-relative d-inline-block&quot; &gt;\n                    &lt;svg class=&quot;pix-shape-dividers&quot;  viewBox=&quot;0 0 100 100&quot; preserveAspectRatio=&quot;none&quot;&gt;\n                        &lt;defs&gt;&lt;linearGradient id=&quot;divider-pix-accordion-774214-bottom-overlay-color-0&quot; x1=&quot;0%&quot; y1=&quot;0%&quot; x2=&quot;100%&quot; y2=&quot;0%&quot;&gt;&lt;stop offset=&quot;0%&quot;   stop-color=&quot;#FFFFFF80&quot;\/&gt;&lt;stop offset=&quot;100%&quot;   stop-color=&quot;#FFFFFF03&quot;\/&gt;&lt;\/linearGradient&gt;&lt;linearGradient id=&quot;divider-pix-accordion-774214-bottom-overlay-color-1&quot; x1=&quot;0%&quot; y1=&quot;0%&quot; x2=&quot;100%&quot; y2=&quot;0%&quot;&gt;&lt;stop offset=&quot;0%&quot;   stop-color=&quot;#FFFFFF03&quot;\/&gt;&lt;stop offset=&quot;100%&quot;   stop-color=&quot;#FFFFFF73&quot;\/&gt;&lt;\/linearGradient&gt;&lt;\/defs&gt;&lt;path d=&quot;&quot; class=&quot;&quot; fill=&quot;url(#divider-pix-accordion-774214-bottom-overlay-color-0)&quot;&gt;&lt;\/path&gt;&lt;path d=&quot;&quot; class=&quot;&quot; fill=&quot;url(#divider-pix-accordion-774214-bottom-overlay-color-1)&quot;&gt;&lt;\/path&gt;&lt;path d=&quot;&quot; class=&quot;&quot; fill=&quot;#FFFFFF&quot;&gt;&lt;\/path&gt;\n                    &lt;\/svg&gt;\n                &lt;\/div&gt;&lt;\/div&gt;\" data-id=\"4b196cd\" data-element_type=\"section\" data-e-type=\"section\" data-settings=\"{&quot;stretch_section&quot;:&quot;section-stretched&quot;,&quot;background_background&quot;:&quot;classic&quot;,&quot;animation&quot;:&quot;fadeIn&quot;}\">\n\t\t\t\t\t\t\t<div class=\"elementor-background-overlay\"><\/div>\n\t\t\t\t\t\t\t<div class=\"elementor-container elementor-column-gap-default\">\n\t\t\t\t\t<div class=\"elementor-column elementor-col-100 elementor-top-column elementor-element elementor-element-ef5142a\" data-id=\"ef5142a\" data-element_type=\"column\" data-e-type=\"column\">\n\t\t\t<div class=\"elementor-widget-wrap elementor-element-populated\">\n\t\t\t\t\t\t<div class=\"elementor-element elementor-element-cd24f0d elementor-widget elementor-widget-spacer\" data-id=\"cd24f0d\" data-element_type=\"widget\" data-e-type=\"widget\" data-widget_type=\"spacer.default\">\n\t\t\t\t<div class=\"elementor-widget-container\">\n\t\t\t\t\t\t\t<div class=\"elementor-spacer\">\n\t\t\t<div class=\"elementor-spacer-inner\"><\/div>\n\t\t<\/div>\n\t\t\t\t\t\t<\/div>\n\t\t\t\t<\/div>\n\t\t\t\t<div class=\"elementor-element elementor-element-2984ce1 elementor-invisible elementor-widget elementor-widget-heading\" data-id=\"2984ce1\" data-element_type=\"widget\" data-e-type=\"widget\" data-settings=\"{&quot;_animation&quot;:&quot;fadeInUp&quot;,&quot;_animation_delay&quot;:400}\" data-widget_type=\"heading.default\">\n\t\t\t\t<div class=\"elementor-widget-container\">\n\t\t\t\t\t<h1 class=\"elementor-heading-title elementor-size-default\">Kullan\u0131m \u015fartlar\u0131<\/h1>\t\t\t\t<\/div>\n\t\t\t\t<\/div>\n\t\t\t\t\t<\/div>\n\t\t<\/div>\n\t\t\t\t\t<\/div>\n\t\t<\/section>\n\t\t\t\t<section class=\"elementor-section elementor-top-section elementor-element elementor-element-608743bc elementor-section-boxed elementor-section-height-default elementor-section-height-default\" data-id=\"608743bc\" data-element_type=\"section\" data-e-type=\"section\">\n\t\t\t\t\t\t<div class=\"elementor-container elementor-column-gap-default\">\n\t\t\t\t\t<div class=\"elementor-column elementor-col-100 elementor-top-column elementor-element elementor-element-1055598b\" data-id=\"1055598b\" data-element_type=\"column\" data-e-type=\"column\">\n\t\t\t<div class=\"elementor-widget-wrap elementor-element-populated\">\n\t\t\t\t\t\t<div class=\"elementor-element elementor-element-e3b5fdf elementor-widget elementor-widget-spacer\" data-id=\"e3b5fdf\" data-element_type=\"widget\" data-e-type=\"widget\" data-widget_type=\"spacer.default\">\n\t\t\t\t<div class=\"elementor-widget-container\">\n\t\t\t\t\t\t\t<div class=\"elementor-spacer\">\n\t\t\t<div class=\"elementor-spacer-inner\"><\/div>\n\t\t<\/div>\n\t\t\t\t\t\t<\/div>\n\t\t\t\t<\/div>\n\t\t\t\t<div class=\"elementor-element elementor-element-54953f5 elementor-invisible elementor-widget elementor-widget-pix-heading\" data-id=\"54953f5\" data-element_type=\"widget\" data-e-type=\"widget\" data-widget_type=\"pix-heading.default\">\n\t\t\t\t<div class=\"elementor-widget-container\">\n\t\t\t\t\t<div  class=\"pix-heading-el text-center \"><h5 class=\"text-primary font-weight-bold h5 animate-in heading-text el-title_custom_color mb-12\" style=\"\" data-anim-type=\"fade-in-up\" data-anim-delay=\"800\">Hizmet \u015fartlar\u0131n\u0131 onaylay\u0131n ve kabul edin<\/h5><\/div>\t\t\t\t<\/div>\n\t\t\t\t<\/div>\n\t\t\t\t<div class=\"elementor-element elementor-element-df3d7b4 elementor-invisible elementor-widget elementor-widget-pix-text\" data-id=\"df3d7b4\" data-element_type=\"widget\" data-e-type=\"widget\" data-widget_type=\"pix-text.default\">\n\t\t\t\t<div class=\"elementor-widget-container\">\n\t\t\t\t\t<div class=\"pix-el-text w-100 text-left \" ><p class=\" resp-option text-body-default text-left \" ><span class=\"text-body-default animate-in d-inline-block\" data-anim-delay=\"800\" data-anim-type=\"fade-in-up\">Bu web sitesi (\"web sitesi\"), bu Kullan\u0131m Ko\u015fullar\u0131 ve web sitesinin kullan\u0131m\u0131yla ilgili olarak daha sonra \u00e7\u0131kar\u0131labilecek herhangi bir Y\u00f6netmelik, Politika ve Prosed\u00fcrler kapsam\u0131nda sa\u011flanmaktad\u0131r. Kullan\u0131c\u0131lar, bundan sonra topluca \"Kullan\u0131c\u0131lar\" olarak an\u0131lacak olan web sitesinden bilgiye eri\u015fmektedir. Bu web sitesini kullanarak, bu Hizmet Ko\u015fullar\u0131n\u0131 kabul edersiniz ve imzalanm\u0131\u015f Anla\u015fma ile ayn\u0131 etkiye sahipsiniz.<\/span><\/p><\/div>\t\t\t\t<\/div>\n\t\t\t\t<\/div>\n\t\t\t\t<div class=\"elementor-element elementor-element-6c4b1ad elementor-invisible elementor-widget elementor-widget-pix-heading\" data-id=\"6c4b1ad\" data-element_type=\"widget\" data-e-type=\"widget\" data-widget_type=\"pix-heading.default\">\n\t\t\t\t<div class=\"elementor-widget-container\">\n\t\t\t\t\t<div  class=\"pix-heading-el text-center \"><h5 class=\"text-primary font-weight-bold h5 animate-in heading-text el-title_custom_color mb-12\" style=\"\" data-anim-type=\"fade-in-up\" data-anim-delay=\"800\">M\u00fc\u015fteri - G\u00f6\u00e7 Dan\u0131\u015fman\u0131 ili\u015fkisi yok<\/h5><\/div>\t\t\t\t<\/div>\n\t\t\t\t<\/div>\n\t\t\t\t<div class=\"elementor-element elementor-element-26f9054 elementor-invisible elementor-widget elementor-widget-pix-text\" data-id=\"26f9054\" data-element_type=\"widget\" data-e-type=\"widget\" data-widget_type=\"pix-text.default\">\n\t\t\t\t<div class=\"elementor-widget-container\">\n\t\t\t\t\t<div class=\"pix-el-text w-100 text-left \" ><p class=\" resp-option text-body-default text-left \" ><span class=\"text-body-default animate-in d-inline-block\" data-anim-delay=\"800\" data-anim-type=\"fade-in-up\">Web sitemizdeki t\u00fcm i\u00e7erik yaln\u0131zca genel bilgi i\u00e7indir. Bu bilgi g\u00f6\u00e7menlik tavsiyesi de\u011fildir ve g\u00f6\u00e7menlik temsilcili\u011fi teklifi olarak de\u011ferlendirilmemelidir. Yay\u0131nlanan bilgilerin do\u011fru oldu\u011funa inan\u0131lmakla birlikte, yay\u0131nlanan herhangi bir bilgiye dayanarak profesyonel g\u00f6\u00e7menlik tavsiyesi olarak hareket etmemeli veya g\u00fcvenmemelisiniz. Yay\u0131nlanan bilgiler, ili\u015fki kurmay\u0131 ama\u00e7lamaz ve bu bilgilerin al\u0131nmas\u0131 m\u00fc\u015fteri-g\u00f6\u00e7 dan\u0131\u015fman\u0131 ili\u015fkisi olu\u015fturmaz. M\u00fc\u015fteri-g\u00f6\u00e7 dan\u0131\u015fman\u0131 ili\u015fkisi yaln\u0131zca m\u00fc\u015fteri ve g\u00f6\u00e7 dan\u0131\u015fman\u0131 aras\u0131nda y\u00fcz y\u00fcze ve resmi bir toplant\u0131 yoluyla yap\u0131lan yaz\u0131l\u0131 bir anla\u015fmaya dayanarak kurulur.<\/span><\/p><\/div>\t\t\t\t<\/div>\n\t\t\t\t<\/div>\n\t\t\t\t<div class=\"elementor-element elementor-element-282f263 elementor-invisible elementor-widget elementor-widget-pix-heading\" data-id=\"282f263\" data-element_type=\"widget\" data-e-type=\"widget\" data-widget_type=\"pix-heading.default\">\n\t\t\t\t<div class=\"elementor-widget-container\">\n\t\t\t\t\t<div  class=\"pix-heading-el text-center \"><h5 class=\"text-primary font-weight-bold h5 animate-in heading-text el-title_custom_color mb-12\" style=\"\" data-anim-type=\"fade-in-up\" data-anim-delay=\"400\">Lisans<\/h5><\/div>\t\t\t\t<\/div>\n\t\t\t\t<\/div>\n\t\t\t\t<div class=\"elementor-element elementor-element-10bf77d elementor-invisible elementor-widget elementor-widget-pix-text\" data-id=\"10bf77d\" data-element_type=\"widget\" data-e-type=\"widget\" data-widget_type=\"pix-text.default\">\n\t\t\t\t<div class=\"elementor-widget-container\">\n\t\t\t\t\t<div class=\"pix-el-text w-100 text-left \" ><p class=\" resp-option text-body-default text-left \" ><span class=\"text-body-default animate-in d-inline-block\" data-anim-delay=\"400\" data-anim-type=\"fade-in-up\">Kullan\u0131c\u0131, bu web sitesinde yay\u0131nlanan metin, yaz\u0131l\u0131m, ses, g\u00f6r\u00fcnt\u00fc, video, grafik veya di\u011fer materyaller de dahil ancak bunlarla s\u0131n\u0131rl\u0131 olmamak \u00fczere i\u00e7eri\u011fin (\"\u0130\u00e7erik\"), Telif Hakk\u0131, Ticari Marka, Bulu\u015f veya di\u011fer yasal belgeler veya Fikri M\u00fclkiyet Anla\u015fmas\u0131 kapsam\u0131nda korundu\u011funu kabul eder ve Kullan\u0131c\u0131, yaln\u0131zca RED Immigration'\u0131n a\u00e7\u0131k onay\u0131 ile i\u00e7eri\u011fi kullanma, al\u0131nt\u0131lama veya kopyalama yetkisine sahiptir. \n<br><br>\n Kullan\u0131c\u0131lar, RED Immigration'\u0131n a\u00e7\u0131k izni olmadan bu web sitesinin i\u00e7eri\u011fini kopyalayamaz, \u00e7o\u011faltamaz, d\u00fczenleyemez, de\u011fi\u015ftiremez, da\u011f\u0131tamaz veya i\u00e7erikten t\u00fcrev \u00e7al\u0131\u015fmalar yaratamaz. Ancak, kullan\u0131c\u0131lar web sitesinden belirli bilgi sayfalar\u0131n\u0131 yazd\u0131rabilir ve telif hakk\u0131 bildirimi \"@Copyright by RED Immigration Consulting Inc\" olarak belirtilmek kayd\u0131yla, ki\u015fisel veya ticari olmayan bilgi ama\u00e7lar\u0131 i\u00e7in belirli bir miktarda kopyalayabilirler. Kullan\u0131c\u0131lar, bu web sitesinde veya i\u00e7inde g\u00f6r\u00fcnen telif hakk\u0131, ticari marka, lisans veya di\u011fer fikri m\u00fclkiyet haklar\u0131na ili\u015fkin bildirimlerin i\u00e7eri\u011fini kald\u0131rmak, de\u011fi\u015ftirmek veya \u00e7arp\u0131tmak i\u00e7in izinli de\u011fildir. \n<br><br>\n Kullan\u0131c\u0131, RED Immigration'\u0131n a\u00e7\u0131k izni olmadan bu web sitesinin i\u00e7eri\u011fini ticari ama\u00e7larla kopyalamas\u0131, \u00e7o\u011faltmas\u0131, d\u00fczeltmesi, iyile\u015ftirmesi, derlemesi, da\u011f\u0131tmas\u0131 veya t\u00fcrev \u00e7al\u0131\u015fmalar yaratmas\u0131 sonucunda RED Immigration'a verilen fiziksel, zihinsel ve yasal kay\u0131plardan sorumlu olacakt\u0131r. Yay\u0131nlanan i\u00e7eri\u011fin telif hakk\u0131n\u0131 saklamak ve kan\u0131tlamak i\u00e7in i\u00e7erik ve makale d\u00fczeni de\u011fi\u015ftirme alg\u0131lama sistemlerini i\u015fletmeye devam ediyoruz ve web sitemizde m\u00fcnhas\u0131ran yay\u0131nlanan i\u00e7eri\u011fi yasa d\u0131\u015f\u0131 kullanan herhangi bir ki\u015fi ve kurulu\u015flara kar\u015f\u0131 uygun yasal i\u015flemler ba\u015flataca\u011f\u0131z.<\/span><\/p><\/div>\t\t\t\t<\/div>\n\t\t\t\t<\/div>\n\t\t\t\t<div class=\"elementor-element elementor-element-9f58a05 elementor-invisible elementor-widget elementor-widget-pix-heading\" data-id=\"9f58a05\" data-element_type=\"widget\" data-e-type=\"widget\" data-widget_type=\"pix-heading.default\">\n\t\t\t\t<div class=\"elementor-widget-container\">\n\t\t\t\t\t<div  class=\"pix-heading-el text-center \"><h5 class=\"text-primary font-weight-bold h5 animate-in heading-text el-title_custom_color mb-12\" style=\"\" data-anim-type=\"fade-in-up\" data-anim-delay=\"400\">Ba\u011flant\u0131<\/h5><\/div>\t\t\t\t<\/div>\n\t\t\t\t<\/div>\n\t\t\t\t<div class=\"elementor-element elementor-element-c9cce9c elementor-invisible elementor-widget elementor-widget-pix-text\" data-id=\"c9cce9c\" data-element_type=\"widget\" data-e-type=\"widget\" data-widget_type=\"pix-text.default\">\n\t\t\t\t<div class=\"elementor-widget-container\">\n\t\t\t\t\t<div class=\"pix-el-text w-100 text-left \" ><p class=\" resp-option text-body-default text-left \" ><span class=\"text-body-default animate-in d-inline-block\" data-anim-delay=\"400\" data-anim-type=\"fade-in-up\">Web Sitesi, \u00fc\u00e7\u00fcnc\u00fc taraf web sitelerine veya a\u011f kaynaklar\u0131na ba\u011flant\u0131lar sa\u011flayabilir. Kullan\u0131c\u0131, RED Immigration'\u0131n bu ba\u011flant\u0131lar\u0131n ba\u015far\u0131s\u0131ndan sorumlu olmad\u0131\u011f\u0131n\u0131 ve bu web sitelerinin\/kaynaklar\u0131n sa\u011flad\u0131\u011f\u0131 herhangi bir bilgi, tan\u0131t\u0131m i\u00e7eri\u011fi, \u00fcr\u00fcn veya di\u011fer materyaller i\u00e7in garanti vermedi\u011fini, onaylamad\u0131\u011f\u0131n\u0131, incelemedi\u011fini veya bilgi toplamad\u0131\u011f\u0131n\u0131 kabul eder ve kabul eder. \n<br><br>\n Web sitemiz arac\u0131l\u0131\u011f\u0131yla sans\u00fcrlenmeyen di\u011fer web sitelerine ba\u011flanabilirsiniz. Bu web sitelerinde yay\u0131nlanan politikalar\u0131, i\u00e7erikleri veya herhangi bir \u015feyi kontrol etmiyoruz. Bu nedenle, web sitesi d\u0131\u015f\u0131ndaki taraflarca sa\u011flanan herhangi bir bilginin kullan\u0131m\u0131 veya g\u00fcvenilirli\u011fi ile ba\u011flant\u0131l\u0131 olarak ortaya \u00e7\u0131kan veya ortaya \u00e7\u0131kt\u0131\u011f\u0131 iddia edilen herhangi bir zarar veya kay\u0131ptan do\u011frudan veya dolayl\u0131 olarak sorumlu de\u011filiz. <\/br><\/br> Web sitemizdeki sosyal giri\u015f ve randevu planlama i\u015flevleri, Google API'lerinden al\u0131nan bilgilerin kullan\u0131m\u0131n\u0131n ve aktar\u0131m\u0131n\u0131n Google API Hizmetleri Kullan\u0131c\u0131 Verileri Politikas\u0131, <a href=\"https:\/\/developers.google.com\/terms\/api-services-user-data-policy\" target=\"_blank\" rel=\"noopener\">Google API Services User Data Policy<\/a>, dahil olmak \u00fczere S\u0131n\u0131rl\u0131 Kullan\u0131m gereksinimlerine uygun olmas\u0131n\u0131 sa\u011flamaya kararl\u0131d\u0131r.<\/span><\/p><\/div>\t\t\t\t<\/div>\n\t\t\t\t<\/div>\n\t\t\t\t<div class=\"elementor-element elementor-element-00a282b elementor-invisible elementor-widget elementor-widget-pix-heading\" data-id=\"00a282b\" data-element_type=\"widget\" data-e-type=\"widget\" data-widget_type=\"pix-heading.default\">\n\t\t\t\t<div class=\"elementor-widget-container\">\n\t\t\t\t\t<div  class=\"pix-heading-el text-center \"><h5 class=\"text-primary font-weight-bold h5 animate-in heading-text el-title_custom_color mb-12\" style=\"\" data-anim-type=\"fade-in-up\" data-anim-delay=\"400\">G\u00fcvenlik bilgisi<\/h5><\/div>\t\t\t\t<\/div>\n\t\t\t\t<\/div>\n\t\t\t\t<div class=\"elementor-element elementor-element-ab0d433 elementor-invisible elementor-widget elementor-widget-pix-text\" data-id=\"ab0d433\" data-element_type=\"widget\" data-e-type=\"widget\" data-widget_type=\"pix-text.default\">\n\t\t\t\t<div class=\"elementor-widget-container\">\n\t\t\t\t\t<div class=\"pix-el-text w-100 text-left \" ><p class=\" resp-option text-body-default text-left \" ><span class=\"text-body-default animate-in d-inline-block\" data-anim-delay=\"400\" data-anim-type=\"fade-in-up\">Kullan\u0131c\u0131lar taraf\u0131ndan bu web sitesi \u00fczerinden g\u00f6nderilen, bilgi talepleri dahil t\u00fcm iletimler, genel internet \u00fczerinden g\u00f6nderildi\u011finde g\u00fcvensiz olarak kabul edilir. Di\u011fer baz\u0131 iletimler \u015fifreleme teknolojisi ile korunabilir ve bu t\u00fcr iletimler bir istem g\u00f6r\u00fcnt\u00fcler. Aksi takdirde, di\u011fer t\u00fcm iletimler g\u00fcvensizdir.<\/span><\/p><\/div>\t\t\t\t<\/div>\n\t\t\t\t<\/div>\n\t\t\t\t<div class=\"elementor-element elementor-element-6381deb elementor-invisible elementor-widget elementor-widget-pix-heading\" data-id=\"6381deb\" data-element_type=\"widget\" data-e-type=\"widget\" data-widget_type=\"pix-heading.default\">\n\t\t\t\t<div class=\"elementor-widget-container\">\n\t\t\t\t\t<div  class=\"pix-heading-el text-center \"><h5 class=\"text-primary font-weight-bold h5 animate-in heading-text el-title_custom_color mb-12\" style=\"\" data-anim-type=\"fade-in-up\" data-anim-delay=\"400\">Kurallar\u0131n de\u011fi\u015ftirilmesi<\/h5><\/div>\t\t\t\t<\/div>\n\t\t\t\t<\/div>\n\t\t\t\t<div class=\"elementor-element elementor-element-79b870c elementor-invisible elementor-widget elementor-widget-pix-text\" data-id=\"79b870c\" data-element_type=\"widget\" data-e-type=\"widget\" data-widget_type=\"pix-text.default\">\n\t\t\t\t<div class=\"elementor-widget-container\">\n\t\t\t\t\t<div class=\"pix-el-text w-100 text-left \" ><p class=\" resp-option text-body-default text-left \" ><span class=\"text-body-default animate-in d-inline-block\" data-anim-delay=\"400\" data-anim-type=\"fade-in-up\">Kullan\u0131m Ko\u015fullar\u0131 \u00f6nceden haber verilmeksizin zaman zaman de\u011fi\u015ftirilebilir. Bir de\u011fi\u015fiklik oldu\u011funda, g\u00fcncellenmi\u015f i\u00e7erik web sitesinde yay\u0131nlanacakt\u0131r. G\u00f6zden ge\u00e7irilmi\u015f Kullan\u0131m Ko\u015fullar\u0131, bu i\u00e7erik web sitesinde g\u00fcncellendi\u011finde hemen ge\u00e7erli olacakt\u0131r.<\/span><\/p><\/div>\t\t\t\t<\/div>\n\t\t\t\t<\/div>\n\t\t\t\t<div class=\"elementor-element elementor-element-a24dd42 elementor-invisible elementor-widget elementor-widget-pix-heading\" data-id=\"a24dd42\" data-element_type=\"widget\" data-e-type=\"widget\" data-widget_type=\"pix-heading.default\">\n\t\t\t\t<div class=\"elementor-widget-container\">\n\t\t\t\t\t<div  class=\"pix-heading-el text-center \"><h5 class=\"text-primary font-weight-bold h5 animate-in heading-text el-title_custom_color mb-12\" style=\"\" data-anim-type=\"fade-in-up\" data-anim-delay=\"400\">Genel \u015eartlar<\/h5><\/div>\t\t\t\t<\/div>\n\t\t\t\t<\/div>\n\t\t\t\t<div class=\"elementor-element elementor-element-b04cd3b elementor-invisible elementor-widget elementor-widget-pix-text\" data-id=\"b04cd3b\" data-element_type=\"widget\" data-e-type=\"widget\" data-widget_type=\"pix-text.default\">\n\t\t\t\t<div class=\"elementor-widget-container\">\n\t\t\t\t\t<div class=\"pix-el-text w-100 text-left \" ><p class=\" resp-option text-body-default text-left \" ><span class=\"text-body-default animate-in d-inline-block\" data-anim-delay=\"400\" data-anim-type=\"fade-in-up\">Herhangi bir h\u00fck\u00fcm, tamamen veya k\u0131smen, herhangi bir nedenle ge\u00e7ersiz veya uygulanamaz olarak belirlenirse, yaln\u0131zca o h\u00fck\u00fcm etkilenecek ve kalan h\u00fck\u00fcmlere dokunulmayacakt\u0131r. RED Immigration ve kullan\u0131c\u0131, ge\u00e7ersiz, uygulanamaz veya ge\u00e7ersiz h\u00fckm\u00fcn m\u00fcmk\u00fcn olan en yak\u0131n uygulanabilir h\u00fck\u00fcmle de\u011fi\u015ftirilmesi i\u00e7in bir mahkeme veya hakemi yetkilendirmeyi kabul eder.<\/span><\/p><\/div>\t\t\t\t<\/div>\n\t\t\t\t<\/div>\n\t\t\t\t<div class=\"elementor-element elementor-element-86f8777 elementor-widget__width-initial elementor-invisible elementor-widget elementor-widget-pix-text\" data-id=\"86f8777\" data-element_type=\"widget\" data-e-type=\"widget\" data-widget_type=\"pix-text.default\">\n\t\t\t\t<div class=\"elementor-widget-container\">\n\t\t\t\t\t<div class=\"pix-el-text w-100 text-left \" ><div class=\"d-inline-block\" style=\"max-width:350px;\"><p class=\" resp-option text-black text-left font-weight-bold\" ><span class=\"text-black animate-in d-inline-block\" data-anim-delay=\"500\" data-anim-type=\"fade-in\">RED G\u00f6\u00e7menlik Dan\u0131\u015fmanl\u0131\u011f\u0131 A.\u015e.<\/span><\/p><\/div><\/div>\t\t\t\t<\/div>\n\t\t\t\t<\/div>\n\t\t\t\t<div class=\"elementor-element elementor-element-1b33492 elementor-widget elementor-widget-spacer\" data-id=\"1b33492\" data-element_type=\"widget\" data-e-type=\"widget\" data-widget_type=\"spacer.default\">\n\t\t\t\t<div class=\"elementor-widget-container\">\n\t\t\t\t\t\t\t<div class=\"elementor-spacer\">\n\t\t\t<div class=\"elementor-spacer-inner\"><\/div>\n\t\t<\/div>\n\t\t\t\t\t\t<\/div>\n\t\t\t\t<\/div>\n\t\t\t\t\t<\/div>\n\t\t<\/div>\n\t\t\t\t\t<\/div>\n\t\t<\/section>\n\t\t\t\t<\/div>\n\t\t","protected":false},"excerpt":{"rendered":"<p>Kullan\u0131m \u015fartlar\u0131 Hizmet \u015fartlar\u0131n\u0131 onaylay\u0131n ve kabul edin Bu web sitesi (&#8220;web sitesi&#8221;), bu Kullan\u0131m Ko\u015fullar\u0131 ve web sitesinin kullan\u0131m\u0131yla ilgili olarak daha sonra \u00e7\u0131kar\u0131labilecek herhangi bir Y\u00f6netmelik, Politika ve Prosed\u00fcrler kapsam\u0131nda sa\u011flanmaktad\u0131r. Kullan\u0131c\u0131lar, bundan sonra topluca &#8220;Kullan\u0131c\u0131lar&#8221; olarak an\u0131lacak&#8230;<\/p>\n","protected":false},"author":4,"featured_media":523228,"parent":0,"menu_order":0,"comment_status":"closed","ping_status":"closed","template":"","meta":{"footnotes":""},"class_list":["post-54547","page","type-page","status-publish","has-post-thumbnail","hentry"],"_links":{"self":[{"href":"https:\/\/redim.ca\/tr\/wp-json\/wp\/v2\/pages\/54547","targetHints":{"allow":["GET"]}}],"collection":[{"href":"https:\/\/redim.ca\/tr\/wp-json\/wp\/v2\/pages"}],"about":[{"href":"https:\/\/redim.ca\/tr\/wp-json\/wp\/v2\/types\/page"}],"author":[{"embeddable":true,"href":"https:\/\/redim.ca\/tr\/wp-json\/wp\/v2\/users\/4"}],"replies":[{"embeddable":true,"href":"https:\/\/redim.ca\/tr\/wp-json\/wp\/v2\/comments?post=54547"}],"version-history":[{"count":0,"href":"https:\/\/redim.ca\/tr\/wp-json\/wp\/v2\/pages\/54547\/revisions"}],"wp:featuredmedia":[{"embeddable":true,"href":"https:\/\/redim.ca\/tr\/wp-json\/"}],"wp:attachment":[{"href":"https:\/\/redim.ca\/tr\/wp-json\/wp\/v2\/media?parent=54547"}],"curies":[{"name":"wp","href":"https:\/\/api.w.org\/{rel}","templated":true}]}}