{"id":54313,"date":"2024-01-29T18:41:58","date_gmt":"2024-01-30T02:41:58","guid":{"rendered":"https:\/\/redim.ca\/online-payment\/"},"modified":"2025-01-11T14:16:02","modified_gmt":"2025-01-11T22:16:02","slug":"online-payment","status":"publish","type":"page","link":"https:\/\/redim.ca\/tr\/online-payment\/","title":{"rendered":"\u00c7evrimi\u00e7i \u00d6deme"},"content":{"rendered":"\t\t<div data-elementor-type=\"wp-page\" data-elementor-id=\"54313\" class=\"elementor elementor-54313 elementor-68920\" data-elementor-post-type=\"page\">\n\t\t\t\t\t\t<section class=\"elementor-section elementor-top-section elementor-element elementor-element-21b4e72 elementor-section-stretched elementor-section-full_width elementor-section-height-min-height animated-fast elementor-section-height-default elementor-section-items-middle elementor-invisible\" data-id=\"21b4e72\" data-element_type=\"section\" data-e-type=\"section\" data-settings=\"{&quot;stretch_section&quot;:&quot;section-stretched&quot;,&quot;background_background&quot;:&quot;classic&quot;,&quot;animation&quot;:&quot;fadeIn&quot;}\">\n\t\t\t\t\t\t\t<div class=\"elementor-background-overlay\"><\/div>\n\t\t\t\t\t\t\t<div class=\"elementor-container elementor-column-gap-default\">\n\t\t\t\t\t<div class=\"elementor-column elementor-col-100 elementor-top-column elementor-element elementor-element-6062c26\" data-id=\"6062c26\" data-element_type=\"column\" data-e-type=\"column\">\n\t\t\t<div class=\"elementor-widget-wrap elementor-element-populated\">\n\t\t\t\t\t\t<div class=\"elementor-element elementor-element-3eb756f elementor-widget elementor-widget-spacer\" data-id=\"3eb756f\" data-element_type=\"widget\" data-e-type=\"widget\" data-widget_type=\"spacer.default\">\n\t\t\t\t<div class=\"elementor-widget-container\">\n\t\t\t\t\t\t\t<div class=\"elementor-spacer\">\n\t\t\t<div class=\"elementor-spacer-inner\"><\/div>\n\t\t<\/div>\n\t\t\t\t\t\t<\/div>\n\t\t\t\t<\/div>\n\t\t\t\t<div class=\"elementor-element elementor-element-de85610 animated-slow elementor-invisible elementor-widget elementor-widget-heading\" data-id=\"de85610\" data-element_type=\"widget\" data-e-type=\"widget\" data-settings=\"{&quot;_animation&quot;:&quot;fadeInUp&quot;}\" data-widget_type=\"heading.default\">\n\t\t\t\t<div class=\"elementor-widget-container\">\n\t\t\t\t\t<h1 class=\"elementor-heading-title elementor-size-default\">\u00c7evrimi\u00e7i \u00d6deme<\/h1>\t\t\t\t<\/div>\n\t\t\t\t<\/div>\n\t\t\t\t<div class=\"elementor-element elementor-element-b66f656 elementor-invisible elementor-widget elementor-widget-heading\" data-id=\"b66f656\" data-element_type=\"widget\" data-e-type=\"widget\" data-settings=\"{&quot;_animation&quot;:&quot;fadeInDown&quot;}\" data-widget_type=\"heading.default\">\n\t\t\t\t<div class=\"elementor-widget-container\">\n\t\t\t\t\t<h6 class=\"elementor-heading-title elementor-size-default\">g\u00fcvenli \u00e7evrimi\u00e7i \u00f6deme sistemi<\/h6>\t\t\t\t<\/div>\n\t\t\t\t<\/div>\n\t\t\t\t\t<\/div>\n\t\t<\/div>\n\t\t\t\t\t<\/div>\n\t\t<\/section>\n\t\t\t\t<section class=\"elementor-section elementor-top-section elementor-element elementor-element-30f54ca payment elementor-section-boxed elementor-section-height-default elementor-section-height-default\" data-id=\"30f54ca\" data-element_type=\"section\" data-e-type=\"section\" data-settings=\"{&quot;background_background&quot;:&quot;classic&quot;}\">\n\t\t\t\t\t\t<div class=\"elementor-container elementor-column-gap-default\">\n\t\t\t\t\t<div class=\"elementor-column elementor-col-100 elementor-top-column elementor-element elementor-element-83f9780\" data-id=\"83f9780\" data-element_type=\"column\" data-e-type=\"column\">\n\t\t\t<div class=\"elementor-widget-wrap elementor-element-populated\">\n\t\t\t\t\t\t<div class=\"elementor-element elementor-element-c153087 elementor-widget elementor-widget-spacer\" data-id=\"c153087\" data-element_type=\"widget\" data-e-type=\"widget\" data-widget_type=\"spacer.default\">\n\t\t\t\t<div class=\"elementor-widget-container\">\n\t\t\t\t\t\t\t<div class=\"elementor-spacer\">\n\t\t\t<div class=\"elementor-spacer-inner\"><\/div>\n\t\t<\/div>\n\t\t\t\t\t\t<\/div>\n\t\t\t\t<\/div>\n\t\t\t\t<div class=\"elementor-element elementor-element-38dac3c elementor-invisible elementor-widget elementor-widget-pix-vertical-tabs\" data-id=\"38dac3c\" data-element_type=\"widget\" data-e-type=\"widget\" data-widget_type=\"pix-vertical-tabs.default\">\n\t\t\t\t<div class=\"elementor-widget-container\">\n\t\t\t\t\t<div class=\" animate-in\" data-anim-type=\"fade-in-Img\" data-anim-delay=\"0\"><div class=\"row pix-waiting pix_tabs_container\"><div class=\"col-12 col-md-4 d-inline-block\"><div class=\"sticky-top\" style=\"top:110px;\"><div  class=\"pix-heading-el text-left \"><h5 class=\"text-primary h5 animate-in heading-text el-title_custom_color mb-12\" style=\"padding-top:10px;\" data-anim-type=\"fade-in-Img\" data-anim-delay=\"0\">\u00d6demek i\u00e7in hizmetleri se\u00e7in<\/h5><div class=\"w-100\"><div class=\"mb-0 text-body-default text-sm animate-in\" data-anim-type=\"fade-in-Img\" data-anim-delay=\"0\" style=\"padding-top:10px;\">\u00d6deme bilgileriniz, \u00e7evrimi\u00e7i \u00f6demeler i\u00e7in en g\u00fcvenilir sa\u011flay\u0131c\u0131 olan Stripe\u00a9 taraf\u0131ndan g\u00fcvenli bir \u015fekilde i\u015flenecektir. Web sitemizde hi\u00e7bir \u00f6deme bilgisi saklam\u0131yoruz.<\/div><\/div><\/div><div class=\"nav pix_tabs_btns text-left flex-column nav-pills pix-pills-solid\" role=\"tablist\" id=\"v-pills-tab\"  aria-orientation=\"vertical\" style=\"padding-top:15px;\"><div class=\"nav-item\"><a class=\"nav-link pix-tabs-btn text-24 pix-px-25 d-flex align-items-center py-2 my-2 active   \" data-id=\"38dac3c-2cabdc1\" role=\"tab\" id=\"pix-tab-btn-38dac3c-2cabdc1\" data-toggle=\"pill\" href=\"#pix-tab-38dac3c-2cabdc1\"  aria-controls=\"pix-tab-38dac3c-2cabdc1\"><svg class=\"pixfort-icon mr-2\" width=\"24\" height=\"24\"  data-name=\"Line\/pixfort-icon-bookmark-7\" viewBox=\"2 2 20 20\"><path fill=\"none\" stroke=\"var(--pf-icon-color)\" stroke-linecap=\"round\" stroke-linejoin=\"round\" stroke-width=\"var(--pf-icon-stroke-width)\" d=\"M12.9396835,5.29837775 L18.5661391,4.04805429 C19.6444055,3.80843952 20.7127594,4.48830104 20.9523741,5.56656749 C20.9840296,5.70901729 21,5.85450372 21,6.00042841 L21,15.9028531 C21,16.8402504 20.348936,17.6518772 19.4338609,17.8552272 L13.4603166,19.1826815 C12.8133567,19.3264504 12.1723444,18.9185334 12.0285755,18.2715735 C12.0095822,18.1861037 12,18.0988118 12,18.011257 L12,6.46980227 C12,5.90736387 12.3906384,5.42038777 12.9396835,5.29837775 Z M11.0603165,5.29837775 L5.43386092,4.04805429 C4.35559446,3.80843952 3.28724065,4.48830104 3.04762588,5.56656749 C3.01597037,5.70901729 3,5.85450372 3,6.00042841 L3,15.9028531 C3,16.8402504 3.65106397,17.6518772 4.56613908,17.8552272 L10.5396834,19.1826815 C11.1866433,19.3264504 11.8276556,18.9185334 11.9714245,18.2715735 C11.9904178,18.1861037 12,18.0988118 12,18.011257 L12,6.46980227 C12,5.90736387 11.6093616,5.42038777 11.0603165,5.29837775 Z M17,4.41679037 L17,8 L16,8.20294478 L16,4.63256957\"\/><\/svg>G\u00f6\u00e7menlik Dan\u0131\u015fmanl\u0131\u011f\u0131<\/a><\/div><div class=\"nav-item\"><a class=\"nav-link pix-tabs-btn text-24 pix-px-25 d-flex align-items-center py-2 my-2    \" data-id=\"38dac3c-e25e163\" role=\"tab\" id=\"pix-tab-btn-38dac3c-e25e163\" data-toggle=\"pill\" href=\"#pix-tab-38dac3c-e25e163\"  aria-controls=\"pix-tab-38dac3c-e25e163\"><svg class=\"pixfort-icon mr-2\" width=\"24\" height=\"24\"  data-name=\"Line\/pixfort-icon-money-4\" viewBox=\"2 2 20 20\"><path fill=\"none\" stroke=\"var(--pf-icon-color)\" stroke-linecap=\"round\" stroke-linejoin=\"round\" stroke-width=\"var(--pf-icon-stroke-width)\" d=\"M5,6 L19,6 C20.1045695,6 21,6.8954305 21,8 L21,16 C21,17.1045695 20.1045695,18 19,18 L5,18 C3.8954305,18 3,17.1045695 3,16 L3,8 C3,6.8954305 3.8954305,6 5,6 Z M12,14 C13.1045695,14 14,13.1045695 14,12 C14,10.8954305 13.1045695,10 12,10 C10.8954305,10 10,10.8954305 10,12 C10,13.1045695 10.8954305,14 12,14 Z M17,12 L18,12 M7,12 L6,12 M13.5599964,18.0275389 L8.93782217,20.6961524 C7.98123693,21.2484372 6.75805612,20.9206869 6.20577137,19.9641016 L5.09718202,18.0439685 L5.09718202,18.0439685 M10.4210859,5.98338326 L15.0621778,3.30384758 C16.0187631,2.75156283 17.2419439,3.07931314 17.7942286,4.03589838 L18.9129617,5.97360092 L18.9129617,5.97360092\"\/><\/svg>Fatura \u00f6demesi<\/a><\/div><\/div><\/div><\/div><div class=\"col-12 col-md-8 d-inline-block\"><div class=\"pix_tabs_content\"><div class=\"tab-content \"><div class=\"tab-pane active  show \" role=\"tabpanel\" id=\"pix-tab-38dac3c-2cabdc1\" data-bold=\"\" data-italic=\"\" data-secondary=\"\" data-id=\"38dac3c-2cabdc1\" data-icon=\"pixicon-bookmark-open-4\" data-title=\"G\u00f6\u00e7menlik Dan\u0131\u015fmanl\u0131\u011f\u0131\" aria-labelledby=\"pix-tab-38dac3c-2cabdc1\">\t\t<div data-elementor-type=\"single-page\" data-elementor-id=\"39840\" class=\"elementor elementor-39840\" data-elementor-post-type=\"elementor_library\">\n\t\t\t\t\t<section class=\"elementor-section elementor-top-section elementor-element elementor-element-6faccb6 elementor-section-height-min-height elementor-section-content-middle elementor-section-boxed elementor-section-height-default elementor-section-items-middle\" data-id=\"6faccb6\" data-element_type=\"section\" data-e-type=\"section\" data-settings=\"{&quot;background_background&quot;:&quot;classic&quot;}\">\n\t\t\t\t\t\t<div class=\"elementor-container elementor-column-gap-default\">\n\t\t\t\t\t<div class=\"pix-base-transition animate-in elementor-column elementor-col-100 elementor-top-column elementor-element elementor-element-94704b4\" data-anim-type=\"pix-3d-in\" data-anim-delay=\"0\" data-id=\"94704b4\" data-element_type=\"column\" data-e-type=\"column\">\n\t\t\t<div class=\"elementor-widget-wrap elementor-element-populated\">\n\t\t\t\t\t\t<div class=\"elementor-element elementor-element-a62361c elementor-widget elementor-widget-shortcode\" data-id=\"a62361c\" data-element_type=\"widget\" data-e-type=\"widget\" data-widget_type=\"shortcode.default\">\n\t\t\t\t<div class=\"elementor-widget-container\">\n\t\t\t\t\t\t\t<div class=\"elementor-shortcode\">[fullstripe_form name=\"EN-Consultation\" type=\"inline_payment\"]<\/div>\n\t\t\t\t\t\t<\/div>\n\t\t\t\t<\/div>\n\t\t\t\t\t<\/div>\n\t\t<\/div>\n\t\t\t\t\t<\/div>\n\t\t<\/section>\n\t\t\t\t<\/div>\n\t\t<\/div><div class=\"tab-pane   show \" role=\"tabpanel\" id=\"pix-tab-38dac3c-e25e163\" data-bold=\"\" data-italic=\"\" data-secondary=\"\" data-id=\"38dac3c-e25e163\" data-icon=\"pixicon-money2\" data-title=\"Fatura \u00f6demesi\" aria-labelledby=\"pix-tab-38dac3c-e25e163\">\t\t<div data-elementor-type=\"single-page\" data-elementor-id=\"39930\" class=\"elementor elementor-39930\" data-elementor-post-type=\"elementor_library\">\n\t\t\t\t\t<section class=\"elementor-section elementor-top-section elementor-element elementor-element-6faccb6 elementor-section-height-min-height elementor-section-content-middle elementor-section-boxed elementor-section-height-default elementor-section-items-middle\" data-id=\"6faccb6\" data-element_type=\"section\" data-e-type=\"section\" data-settings=\"{&quot;background_background&quot;:&quot;classic&quot;}\">\n\t\t\t\t\t\t<div class=\"elementor-container elementor-column-gap-default\">\n\t\t\t\t\t<div class=\"pix-base-transition animate-in elementor-column elementor-col-100 elementor-top-column elementor-element elementor-element-94704b4\" data-anim-type=\"pix-3d-in\" data-anim-delay=\"0\" data-id=\"94704b4\" data-element_type=\"column\" data-e-type=\"column\">\n\t\t\t<div class=\"elementor-widget-wrap elementor-element-populated\">\n\t\t\t\t\t\t<div class=\"elementor-element elementor-element-a62361c elementor-widget elementor-widget-shortcode\" data-id=\"a62361c\" data-element_type=\"widget\" data-e-type=\"widget\" data-widget_type=\"shortcode.default\">\n\t\t\t\t<div class=\"elementor-widget-container\">\n\t\t\t\t\t\t\t<div class=\"elementor-shortcode\">[fullstripe_form name=\"EN-Custom\" type=\"inline_payment\"]<\/div>\n\t\t\t\t\t\t<\/div>\n\t\t\t\t<\/div>\n\t\t\t\t\t<\/div>\n\t\t<\/div>\n\t\t\t\t\t<\/div>\n\t\t<\/section>\n\t\t\t\t<\/div>\n\t\t<\/div><\/div><\/div><\/div><\/div><\/div>\t\t\t\t<\/div>\n\t\t\t\t<\/div>\n\t\t\t\t<div class=\"elementor-element elementor-element-b0ebdb4 elementor-widget elementor-widget-spacer\" data-id=\"b0ebdb4\" data-element_type=\"widget\" data-e-type=\"widget\" data-widget_type=\"spacer.default\">\n\t\t\t\t<div class=\"elementor-widget-container\">\n\t\t\t\t\t\t\t<div class=\"elementor-spacer\">\n\t\t\t<div class=\"elementor-spacer-inner\"><\/div>\n\t\t<\/div>\n\t\t\t\t\t\t<\/div>\n\t\t\t\t<\/div>\n\t\t\t\t\t<\/div>\n\t\t<\/div>\n\t\t\t\t\t<\/div>\n\t\t<\/section>\n\t\t\t\t<\/div>\n\t\t","protected":false},"excerpt":{"rendered":"<p>\u00c7evrimi\u00e7i \u00d6deme g\u00fcvenli \u00e7evrimi\u00e7i \u00f6deme sistemi G\u00f6\u00e7menlik Dan\u0131\u015fmanl\u0131\u011f\u0131 Fatura \u00f6demesi Product Permanent Resident Consultation (45 min) &#8211; $160Temporary Resident Consultation (45 min) &#8211; $120Other Amount $ Coupon Apply a coupon or promotional code for a discount to your subscription or&#8230;<\/p>\n","protected":false},"author":4,"featured_media":523228,"parent":0,"menu_order":0,"comment_status":"closed","ping_status":"closed","template":"","meta":{"footnotes":""},"class_list":["post-54313","page","type-page","status-publish","has-post-thumbnail","hentry"],"_links":{"self":[{"href":"https:\/\/redim.ca\/tr\/wp-json\/wp\/v2\/pages\/54313","targetHints":{"allow":["GET"]}}],"collection":[{"href":"https:\/\/redim.ca\/tr\/wp-json\/wp\/v2\/pages"}],"about":[{"href":"https:\/\/redim.ca\/tr\/wp-json\/wp\/v2\/types\/page"}],"author":[{"embeddable":true,"href":"https:\/\/redim.ca\/tr\/wp-json\/wp\/v2\/users\/4"}],"replies":[{"embeddable":true,"href":"https:\/\/redim.ca\/tr\/wp-json\/wp\/v2\/comments?post=54313"}],"version-history":[{"count":0,"href":"https:\/\/redim.ca\/tr\/wp-json\/wp\/v2\/pages\/54313\/revisions"}],"wp:featuredmedia":[{"embeddable":true,"href":"https:\/\/redim.ca\/tr\/wp-json\/"}],"wp:attachment":[{"href":"https:\/\/redim.ca\/tr\/wp-json\/wp\/v2\/media?parent=54313"}],"curies":[{"name":"wp","href":"https:\/\/api.w.org\/{rel}","templated":true}]}}