{"id":54271,"date":"2024-05-30T15:42:03","date_gmt":"2024-05-30T22:42:03","guid":{"rendered":"https:\/\/redim.ca\/feragatname\/"},"modified":"2025-11-16T18:02:25","modified_gmt":"2025-11-17T02:02:25","slug":"feragatname","status":"publish","type":"page","link":"https:\/\/redim.ca\/tr\/feragatname\/","title":{"rendered":"Feragatname"},"content":{"rendered":"\t\t<div data-elementor-type=\"wp-page\" data-elementor-id=\"54271\" class=\"elementor elementor-54271 elementor-25235\" data-elementor-post-type=\"page\">\n\t\t\t\t\t\t<section class=\"pix-elementor-divider elementor-section elementor-top-section elementor-element elementor-element-4b196cd elementor-section-stretched elementor-section-full_width elementor-section-height-min-height animated-fast redh1 elementor-section-height-default elementor-section-items-middle elementor-invisible\" data-pix-dividers=\"&lt;div class=&quot;pix-divider  position-relative pix-bottom-divider&quot; data-style=&quot;style-dynamic&quot; &gt;&lt;div class=&quot;pix-dividers-box w-100 position-relative d-inline-block&quot; &gt;\n                    &lt;svg class=&quot;pix-shape-dividers&quot;  viewBox=&quot;0 0 100 100&quot; preserveAspectRatio=&quot;none&quot;&gt;\n                        &lt;defs&gt;&lt;linearGradient id=&quot;divider-pix-accordion-359789-bottom-overlay-color-0&quot; x1=&quot;0%&quot; y1=&quot;0%&quot; x2=&quot;100%&quot; y2=&quot;0%&quot;&gt;&lt;stop offset=&quot;0%&quot;   stop-color=&quot;#FFFFFF80&quot;\/&gt;&lt;stop offset=&quot;100%&quot;   stop-color=&quot;#FFFFFF03&quot;\/&gt;&lt;\/linearGradient&gt;&lt;linearGradient id=&quot;divider-pix-accordion-359789-bottom-overlay-color-1&quot; x1=&quot;0%&quot; y1=&quot;0%&quot; x2=&quot;100%&quot; y2=&quot;0%&quot;&gt;&lt;stop offset=&quot;0%&quot;   stop-color=&quot;#FFFFFF03&quot;\/&gt;&lt;stop offset=&quot;100%&quot;   stop-color=&quot;#f8f9fa&quot;\/&gt;&lt;\/linearGradient&gt;&lt;\/defs&gt;&lt;path d=&quot;&quot; class=&quot;&quot; fill=&quot;url(#divider-pix-accordion-359789-bottom-overlay-color-0)&quot;&gt;&lt;\/path&gt;&lt;path d=&quot;&quot; class=&quot;&quot; fill=&quot;url(#divider-pix-accordion-359789-bottom-overlay-color-1)&quot;&gt;&lt;\/path&gt;&lt;path d=&quot;&quot; class=&quot;&quot; fill=&quot;#FFFFFF&quot;&gt;&lt;\/path&gt;\n                    &lt;\/svg&gt;\n                &lt;\/div&gt;&lt;\/div&gt;\" data-id=\"4b196cd\" data-element_type=\"section\" data-e-type=\"section\" data-settings=\"{&quot;stretch_section&quot;:&quot;section-stretched&quot;,&quot;background_background&quot;:&quot;classic&quot;,&quot;animation&quot;:&quot;fadeIn&quot;}\">\n\t\t\t\t\t\t\t<div class=\"elementor-background-overlay\"><\/div>\n\t\t\t\t\t\t\t<div class=\"elementor-container elementor-column-gap-default\">\n\t\t\t\t\t<div class=\"elementor-column elementor-col-100 elementor-top-column elementor-element elementor-element-ef5142a\" data-id=\"ef5142a\" data-element_type=\"column\" data-e-type=\"column\">\n\t\t\t<div class=\"elementor-widget-wrap elementor-element-populated\">\n\t\t\t\t\t\t<div class=\"elementor-element elementor-element-cd24f0d elementor-widget elementor-widget-spacer\" data-id=\"cd24f0d\" data-element_type=\"widget\" data-e-type=\"widget\" data-widget_type=\"spacer.default\">\n\t\t\t\t<div class=\"elementor-widget-container\">\n\t\t\t\t\t\t\t<div class=\"elementor-spacer\">\n\t\t\t<div class=\"elementor-spacer-inner\"><\/div>\n\t\t<\/div>\n\t\t\t\t\t\t<\/div>\n\t\t\t\t<\/div>\n\t\t\t\t<div class=\"elementor-element elementor-element-2984ce1 elementor-invisible elementor-widget elementor-widget-heading\" data-id=\"2984ce1\" data-element_type=\"widget\" data-e-type=\"widget\" data-settings=\"{&quot;_animation&quot;:&quot;fadeInUp&quot;,&quot;_animation_delay&quot;:400}\" data-widget_type=\"heading.default\">\n\t\t\t\t<div class=\"elementor-widget-container\">\n\t\t\t\t\t<h1 class=\"elementor-heading-title elementor-size-default\">Feragatname<\/h1>\t\t\t\t<\/div>\n\t\t\t\t<\/div>\n\t\t\t\t\t<\/div>\n\t\t<\/div>\n\t\t\t\t\t<\/div>\n\t\t<\/section>\n\t\t\t\t<section class=\"elementor-section elementor-top-section elementor-element elementor-element-4493b90 elementor-section-boxed elementor-section-height-default elementor-section-height-default\" data-id=\"4493b90\" data-element_type=\"section\" data-e-type=\"section\">\n\t\t\t\t\t\t<div class=\"elementor-container elementor-column-gap-default\">\n\t\t\t\t\t<div class=\"elementor-column elementor-col-100 elementor-top-column elementor-element elementor-element-6bc6360\" data-id=\"6bc6360\" data-element_type=\"column\" data-e-type=\"column\">\n\t\t\t<div class=\"elementor-widget-wrap elementor-element-populated\">\n\t\t\t\t\t\t<div class=\"elementor-element elementor-element-445266d elementor-widget elementor-widget-spacer\" data-id=\"445266d\" data-element_type=\"widget\" data-e-type=\"widget\" data-widget_type=\"spacer.default\">\n\t\t\t\t<div class=\"elementor-widget-container\">\n\t\t\t\t\t\t\t<div class=\"elementor-spacer\">\n\t\t\t<div class=\"elementor-spacer-inner\"><\/div>\n\t\t<\/div>\n\t\t\t\t\t\t<\/div>\n\t\t\t\t<\/div>\n\t\t\t\t<div class=\"elementor-element elementor-element-7fb208a elementor-invisible elementor-widget elementor-widget-pix-heading\" data-id=\"7fb208a\" data-element_type=\"widget\" data-e-type=\"widget\" data-widget_type=\"pix-heading.default\">\n\t\t\t\t<div class=\"elementor-widget-container\">\n\t\t\t\t\t<div  class=\"pix-heading-el text-center \"><h5 class=\"text-primary font-weight-bold h5 animate-in heading-text el-title_custom_color mb-12\" style=\"\" data-anim-type=\"fade-in-up\" data-anim-delay=\"800\">Sadece referans ama\u00e7l\u0131<\/h5><\/div>\t\t\t\t<\/div>\n\t\t\t\t<\/div>\n\t\t\t\t<div class=\"elementor-element elementor-element-aad2a52 elementor-invisible elementor-widget elementor-widget-pix-text\" data-id=\"aad2a52\" data-element_type=\"widget\" data-e-type=\"widget\" data-widget_type=\"pix-text.default\">\n\t\t\t\t<div class=\"elementor-widget-container\">\n\t\t\t\t\t<div class=\"pix-el-text w-100 text-left \" ><p class=\" resp-option text-body-default text-left \" ><span class=\"text-body-default animate-in d-inline-block\" data-anim-delay=\"800\" data-anim-type=\"fade-in-up\">Web sitemizde yay\u0131nlanan t\u00fcm i\u00e7erikler, yaz\u0131l\u0131 i\u00e7erikler, g\u00f6r\u00fcnt\u00fcler, filmler, grafikler ve grafikler dahil olmak \u00fczere, yay\u0131nlayabilece\u011fimiz di\u011fer kaynaklar, ba\u011flant\u0131lar ve dosyalar dahil olmak \u00fczere, hukuki dan\u0131\u015fmanl\u0131k olarak kabul edilmez. G\u00f6nderilere g\u00fcvenerek kendi g\u00f6\u00e7menlikle ilgili karar\u0131n\u0131z\u0131 vermemelisiniz. \n<br><br>\n Web sitemizi herhangi bir ki\u015fi veya kurulu\u015fa referans, tavsiye veya rehberlik amac\u0131yla kullanmayaca\u011f\u0131n\u0131z\u0131 kabul ediyorsunuz. Web sitesinde yay\u0131nlanan bilgilere ve di\u011fer yay\u0131nlardan veya web sitelerinden elde edilen di\u011fer i\u00e7eriklere g\u00fcvenilmesinden kaynaklanan herhangi bir kay\u0131p i\u00e7in tek sorumluluk size aittir. \n<br><br>\n Profesyonel g\u00f6\u00e7menlik dan\u0131\u015fmanl\u0131\u011f\u0131yla ilgileniyorsan\u0131z veya ihtiya\u00e7 duyuyorsan\u0131z, kendi karar\u0131n\u0131z\u0131 vermeden \u00f6nce uzman g\u00f6\u00e7menlik dan\u0131\u015fmanl\u0131\u011f\u0131 almak i\u00e7in bizimle bir randevu al\u0131n. \u0130\u00e7eri\u011fimizi temel alarak bireysel g\u00f6\u00e7menlik kararlar\u0131 almak veya g\u00f6\u00e7menlik ba\u015fvurular\u0131 yapmak i\u00e7in yapt\u0131\u011f\u0131n\u0131z herhangi bir eylemden hi\u00e7bir \u015fekilde sorumluluk kabul etmiyoruz.<\/span><\/p><\/div>\t\t\t\t<\/div>\n\t\t\t\t<\/div>\n\t\t\t\t<div class=\"elementor-element elementor-element-98b10c9 elementor-invisible elementor-widget elementor-widget-pix-heading\" data-id=\"98b10c9\" data-element_type=\"widget\" data-e-type=\"widget\" data-widget_type=\"pix-heading.default\">\n\t\t\t\t<div class=\"elementor-widget-container\">\n\t\t\t\t\t<div  class=\"pix-heading-el text-center \"><h5 class=\"text-primary font-weight-bold h5 animate-in heading-text el-title_custom_color mb-12\" style=\"\" data-anim-type=\"fade-in-up\" data-anim-delay=\"400\">Yasal sorumluluktan feragat<\/h5><\/div>\t\t\t\t<\/div>\n\t\t\t\t<\/div>\n\t\t\t\t<div class=\"elementor-element elementor-element-56dc731 elementor-invisible elementor-widget elementor-widget-pix-text\" data-id=\"56dc731\" data-element_type=\"widget\" data-e-type=\"widget\" data-widget_type=\"pix-text.default\">\n\t\t\t\t<div class=\"elementor-widget-container\">\n\t\t\t\t\t<div class=\"pix-el-text w-100 text-left \" ><p class=\" resp-option text-body-default text-left \" ><span class=\"text-body-default animate-in d-inline-block\" data-anim-delay=\"400\" data-anim-type=\"fade-in-up\">Her durumda, web sitesinden al\u0131nan bilgilerin kullan\u0131m\u0131ndan kaynaklanan k\u0131sa vadeli veya uzun vadeli sonu\u00e7lardan ve\/veya zararlardan sorumlu de\u011filiz. \n<br><br>\n Web sitemiz arac\u0131l\u0131\u011f\u0131yla, sans\u00fcr\u00fcm\u00fcze tabi olmayan di\u011fer web sitelerine ba\u011flant\u0131 verilebilir. Bu web sitelerinde yay\u0131nlanan politikalar\u0131, i\u00e7eri\u011fi veya herhangi bir \u015feyi kontrol etmiyoruz. Bu nedenle, do\u011frudan veya dolayl\u0131 olarak, web sitemiz d\u0131\u015f\u0131ndaki taraflarca sa\u011flanan herhangi bir bilginin kullan\u0131m\u0131 veya g\u00fcvenilirli\u011fi ile ba\u011flant\u0131l\u0131 veya bunlardan kaynaklanan zararlar veya kay\u0131plar i\u00e7in sorumluluk kabul etmiyoruz. \n<br><br>\n Her zaman istikrarl\u0131 bir web sitesi geli\u015ftirmeye ve desteklemeye \u00e7al\u0131\u015f\u0131yoruz. Ancak, teknik hatalar\u0131n\u0131z nedeniyle web sitesinin ge\u00e7ici olarak eri\u015filemez olmas\u0131 veya herhangi bir ar\u0131za, hata, performans ba\u015far\u0131s\u0131zl\u0131\u011f\u0131, kesinti, silme, kusur, i\u015fletim veya iletimde kesinti, bilgisayar vir\u00fcs\u00fc, iletim hatas\u0131, h\u0131rs\u0131zl\u0131k veya vandalizm, yetkisiz eri\u015fim, yetkisiz de\u011fi\u015fiklik veya kay\u0131tlar\u0131n yetkisiz kullan\u0131m\u0131 nedeniyle olu\u015fan zararlar veya kay\u0131plar i\u00e7in sorumluluk kabul etmiyoruz.<\/span><\/p><\/div>\t\t\t\t<\/div>\n\t\t\t\t<\/div>\n\t\t\t\t<div class=\"elementor-element elementor-element-90cbcbf elementor-invisible elementor-widget elementor-widget-pix-heading\" data-id=\"90cbcbf\" data-element_type=\"widget\" data-e-type=\"widget\" data-widget_type=\"pix-heading.default\">\n\t\t\t\t<div class=\"elementor-widget-container\">\n\t\t\t\t\t<div  class=\"pix-heading-el text-center \"><h5 class=\"text-primary font-weight-bold h5 animate-in heading-text el-title_custom_color mb-12\" style=\"\" data-anim-type=\"fade-in-up\" data-anim-delay=\"400\">\u0130\u00e7erik feragatnamesi<\/h5><\/div>\t\t\t\t<\/div>\n\t\t\t\t<\/div>\n\t\t\t\t<div class=\"elementor-element elementor-element-f6d2678 elementor-invisible elementor-widget elementor-widget-pix-text\" data-id=\"f6d2678\" data-element_type=\"widget\" data-e-type=\"widget\" data-widget_type=\"pix-text.default\">\n\t\t\t\t<div class=\"elementor-widget-container\">\n\t\t\t\t\t<div class=\"pix-el-text w-100 text-left \" ><p class=\" resp-option text-body-default text-left \" ><span class=\"text-body-default animate-in d-inline-block\" data-anim-delay=\"400\" data-anim-type=\"fade-in-up\">Web sitemizdeki bilgilerin kullan\u0131m\u0131 tamamen sizin sorumlulu\u011funuzdad\u0131r. Kullan\u0131m Ko\u015fullar\u0131, Feragatname ve Gizlilik dahil olmak \u00fczere web sitesinin bilgileri ve yap\u0131s\u0131, kullan\u0131c\u0131ya \u00f6nceden bildirimde bulunmaks\u0131z\u0131n herhangi bir zamanda de\u011fi\u015ftirilebilir, ayarlanabilir, g\u00fcncellenebilir veya iyile\u015ftirilebilir. \n<br><br>\n Bizden ba\u015fka hi\u00e7 kimse bu web sitesinin i\u00e7eri\u011fini de\u011fi\u015ftirme yetkisine sahip de\u011fildir. \u00dc\u00e7\u00fcnc\u00fc \u015fah\u0131slar\u0131n web sitemizdeki bilgilere do\u011frudan veya dolayl\u0131 referanslar\u0131n\u0131 kullanman\u0131zdan sorumlu de\u011filiz.<\/span><\/p><\/div>\t\t\t\t<\/div>\n\t\t\t\t<\/div>\n\t\t\t\t<div class=\"elementor-element elementor-element-73c167d elementor-widget elementor-widget-spacer\" data-id=\"73c167d\" data-element_type=\"widget\" data-e-type=\"widget\" data-widget_type=\"spacer.default\">\n\t\t\t\t<div class=\"elementor-widget-container\">\n\t\t\t\t\t\t\t<div class=\"elementor-spacer\">\n\t\t\t<div class=\"elementor-spacer-inner\"><\/div>\n\t\t<\/div>\n\t\t\t\t\t\t<\/div>\n\t\t\t\t<\/div>\n\t\t\t\t\t<\/div>\n\t\t<\/div>\n\t\t\t\t\t<\/div>\n\t\t<\/section>\n\t\t\t\t<\/div>\n\t\t","protected":false},"excerpt":{"rendered":"<p>Feragatname Sadece referans ama\u00e7l\u0131 Web sitemizde yay\u0131nlanan t\u00fcm i\u00e7erikler, yaz\u0131l\u0131 i\u00e7erikler, g\u00f6r\u00fcnt\u00fcler, filmler, grafikler ve grafikler dahil olmak \u00fczere, yay\u0131nlayabilece\u011fimiz di\u011fer kaynaklar, ba\u011flant\u0131lar ve dosyalar dahil olmak \u00fczere, hukuki dan\u0131\u015fmanl\u0131k olarak kabul edilmez. G\u00f6nderilere g\u00fcvenerek kendi g\u00f6\u00e7menlikle ilgili karar\u0131n\u0131z\u0131 vermemelisiniz&#8230;.<\/p>\n","protected":false},"author":4,"featured_media":523228,"parent":0,"menu_order":0,"comment_status":"closed","ping_status":"closed","template":"","meta":{"footnotes":""},"class_list":["post-54271","page","type-page","status-publish","has-post-thumbnail","hentry"],"_links":{"self":[{"href":"https:\/\/redim.ca\/tr\/wp-json\/wp\/v2\/pages\/54271","targetHints":{"allow":["GET"]}}],"collection":[{"href":"https:\/\/redim.ca\/tr\/wp-json\/wp\/v2\/pages"}],"about":[{"href":"https:\/\/redim.ca\/tr\/wp-json\/wp\/v2\/types\/page"}],"author":[{"embeddable":true,"href":"https:\/\/redim.ca\/tr\/wp-json\/wp\/v2\/users\/4"}],"replies":[{"embeddable":true,"href":"https:\/\/redim.ca\/tr\/wp-json\/wp\/v2\/comments?post=54271"}],"version-history":[{"count":0,"href":"https:\/\/redim.ca\/tr\/wp-json\/wp\/v2\/pages\/54271\/revisions"}],"wp:featuredmedia":[{"embeddable":true,"href":"https:\/\/redim.ca\/tr\/wp-json\/"}],"wp:attachment":[{"href":"https:\/\/redim.ca\/tr\/wp-json\/wp\/v2\/media?parent=54271"}],"curies":[{"name":"wp","href":"https:\/\/api.w.org\/{rel}","templated":true}]}}