{"id":537954,"date":"2026-04-10T19:42:45","date_gmt":"2026-04-11T02:42:45","guid":{"rendered":"https:\/\/redim.ca\/yayin-politikasi\/"},"modified":"2026-04-14T16:32:14","modified_gmt":"2026-04-14T23:32:14","slug":"yayin-politikasi","status":"publish","type":"page","link":"https:\/\/redim.ca\/tr\/yayin-politikasi\/","title":{"rendered":"Yay\u0131n Politikas\u0131 ve Gazetecilik Standartlar\u0131"},"content":{"rendered":"\t\t<div data-elementor-type=\"wp-page\" data-elementor-id=\"537954\" class=\"elementor elementor-537954 elementor-537655\" data-elementor-post-type=\"page\">\n\t\t\t\t\t\t<section class=\"pix-elementor-divider elementor-section elementor-top-section elementor-element elementor-element-bf64db4 elementor-section-stretched elementor-section-full_width elementor-section-height-min-height animated-fast redh1 elementor-section-height-default elementor-section-items-middle elementor-invisible\" data-pix-dividers=\"&lt;div class=&quot;pix-divider  position-relative pix-bottom-divider&quot; data-style=&quot;style-dynamic&quot; &gt;&lt;div class=&quot;pix-dividers-box w-100 position-relative d-inline-block&quot; &gt;\n                    &lt;svg class=&quot;pix-shape-dividers&quot;  viewBox=&quot;0 0 100 100&quot; preserveAspectRatio=&quot;none&quot;&gt;\n                        &lt;defs&gt;&lt;linearGradient id=&quot;divider-pix-accordion-392445-bottom-overlay-color-0&quot; x1=&quot;0%&quot; y1=&quot;0%&quot; x2=&quot;100%&quot; y2=&quot;0%&quot;&gt;&lt;stop offset=&quot;0%&quot;   stop-color=&quot;#FFFFFF80&quot;\/&gt;&lt;stop offset=&quot;100%&quot;   stop-color=&quot;#FFFFFF03&quot;\/&gt;&lt;\/linearGradient&gt;&lt;linearGradient id=&quot;divider-pix-accordion-392445-bottom-overlay-color-1&quot; x1=&quot;0%&quot; y1=&quot;0%&quot; x2=&quot;100%&quot; y2=&quot;0%&quot;&gt;&lt;stop offset=&quot;0%&quot;   stop-color=&quot;#FFFFFF03&quot;\/&gt;&lt;stop offset=&quot;100%&quot;   stop-color=&quot;#FFFFFF73&quot;\/&gt;&lt;\/linearGradient&gt;&lt;\/defs&gt;&lt;path d=&quot;&quot; class=&quot;&quot; fill=&quot;url(#divider-pix-accordion-392445-bottom-overlay-color-0)&quot;&gt;&lt;\/path&gt;&lt;path d=&quot;&quot; class=&quot;&quot; fill=&quot;url(#divider-pix-accordion-392445-bottom-overlay-color-1)&quot;&gt;&lt;\/path&gt;&lt;path d=&quot;&quot; class=&quot;&quot; fill=&quot;#FFFFFF&quot;&gt;&lt;\/path&gt;\n                    &lt;\/svg&gt;\n                &lt;\/div&gt;&lt;\/div&gt;\" data-id=\"bf64db4\" data-element_type=\"section\" data-e-type=\"section\" data-settings=\"{&quot;stretch_section&quot;:&quot;section-stretched&quot;,&quot;background_background&quot;:&quot;classic&quot;,&quot;animation&quot;:&quot;fadeIn&quot;}\">\n\t\t\t\t\t\t\t<div class=\"elementor-background-overlay\"><\/div>\n\t\t\t\t\t\t\t<div class=\"elementor-container elementor-column-gap-default\">\n\t\t\t\t\t<div class=\"elementor-column elementor-col-100 elementor-top-column elementor-element elementor-element-6628333\" data-id=\"6628333\" data-element_type=\"column\" data-e-type=\"column\">\n\t\t\t<div class=\"elementor-widget-wrap elementor-element-populated\">\n\t\t\t\t\t\t<div class=\"elementor-element elementor-element-f8688ba elementor-widget elementor-widget-spacer\" data-id=\"f8688ba\" data-element_type=\"widget\" data-e-type=\"widget\" data-widget_type=\"spacer.default\">\n\t\t\t\t<div class=\"elementor-widget-container\">\n\t\t\t\t\t\t\t<div class=\"elementor-spacer\">\n\t\t\t<div class=\"elementor-spacer-inner\"><\/div>\n\t\t<\/div>\n\t\t\t\t\t\t<\/div>\n\t\t\t\t<\/div>\n\t\t\t\t<div class=\"elementor-element elementor-element-4870407 elementor-invisible elementor-widget elementor-widget-heading\" data-id=\"4870407\" data-element_type=\"widget\" data-e-type=\"widget\" data-settings=\"{&quot;_animation&quot;:&quot;fadeInUp&quot;,&quot;_animation_delay&quot;:400}\" data-widget_type=\"heading.default\">\n\t\t\t\t<div class=\"elementor-widget-container\">\n\t\t\t\t\t<h1 class=\"elementor-heading-title elementor-size-default\">Yay\u0131n Politikas\u0131 ve Gazetecilik Standartlar\u0131<\/h1>\t\t\t\t<\/div>\n\t\t\t\t<\/div>\n\t\t\t\t\t<\/div>\n\t\t<\/div>\n\t\t\t\t\t<\/div>\n\t\t<\/section>\n\t\t\t\t<section class=\"elementor-section elementor-top-section elementor-element elementor-element-9cfaacf elementor-section-boxed elementor-section-height-default elementor-section-height-default\" data-id=\"9cfaacf\" data-element_type=\"section\" data-e-type=\"section\">\n\t\t\t\t\t\t<div class=\"elementor-container elementor-column-gap-default\">\n\t\t\t\t\t<div class=\"elementor-column elementor-col-100 elementor-top-column elementor-element elementor-element-7a6aa51\" data-id=\"7a6aa51\" data-element_type=\"column\" data-e-type=\"column\">\n\t\t\t<div class=\"elementor-widget-wrap elementor-element-populated\">\n\t\t\t\t\t\t<div class=\"elementor-element elementor-element-6b66f6d elementor-widget elementor-widget-spacer\" data-id=\"6b66f6d\" data-element_type=\"widget\" data-e-type=\"widget\" data-widget_type=\"spacer.default\">\n\t\t\t\t<div class=\"elementor-widget-container\">\n\t\t\t\t\t\t\t<div class=\"elementor-spacer\">\n\t\t\t<div class=\"elementor-spacer-inner\"><\/div>\n\t\t<\/div>\n\t\t\t\t\t\t<\/div>\n\t\t\t\t<\/div>\n\t\t\t\t<div class=\"elementor-element elementor-element-1fef618 elementor-invisible elementor-widget elementor-widget-pix-text\" data-id=\"1fef618\" data-element_type=\"widget\" data-e-type=\"widget\" data-widget_type=\"pix-text.default\">\n\t\t\t\t<div class=\"elementor-widget-container\">\n\t\t\t\t\t<div class=\"pix-el-text w-100 text-left \" ><p class=\" resp-option text-body-default text-left \" ><span class=\"text-body-default animate-in d-inline-block\" data-anim-delay=\"800\" data-anim-type=\"fade-in-up\">RED Immigration News, RED Immigration Consulting \u015firketinin ba\u011f\u0131ms\u0131z yay\u0131n kolu olarak faaliyet g\u00f6stermektedir. Kanada kal\u0131c\u0131 yerle\u015fim politikas\u0131n\u0131n, okuyucular\u0131m\u0131z\u0131n gelecekteki mutlulu\u011funu, finansal istikrar\u0131n\u0131 ve yasal durumunu derinden etkiledi\u011finin fark\u0131nday\u0131z. Profesyonel bir yasal kurum olarak, do\u011fruluk, \u015feffafl\u0131k ve etik habercilik a\u00e7\u0131s\u0131ndan en y\u00fcksek gazetecilik standartlar\u0131na ba\u011fl\u0131y\u0131z. Misyonumuz, politika de\u011fi\u015fiklikleri, Kanada Kal\u0131c\u0131 Yerle\u015fim, M\u00fclteciler ve Vatanda\u015fl\u0131k (Immigration, Refugees and Citizenship Canada - IRCC) i\u015flem dinamikleri ve eyalet kal\u0131c\u0131 yerle\u015fim trendleri hakk\u0131nda titiz, ger\u00e7ek zamanl\u0131 raporlar sunarak Kanada kal\u0131c\u0131 yerle\u015fim hukukuna eri\u015fimi demokratikle\u015ftirmektir.<\/span><\/p><\/div>\t\t\t\t<\/div>\n\t\t\t\t<\/div>\n\t\t\t\t<div class=\"elementor-element elementor-element-47d41e6 elementor-invisible elementor-widget elementor-widget-pix-heading\" data-id=\"47d41e6\" data-element_type=\"widget\" data-e-type=\"widget\" data-widget_type=\"pix-heading.default\">\n\t\t\t\t<div class=\"elementor-widget-container\">\n\t\t\t\t\t<div  class=\"pix-heading-el text-center \"><h5 class=\"text-primary font-weight-bold h5 animate-in heading-text el-title_custom_color mb-12\" style=\"\" data-anim-type=\"fade-in-up\" data-anim-delay=\"800\">Editoryal Ba\u011f\u0131ms\u0131zl\u0131k ve Ticari \u015eeffafl\u0131k<\/h5><\/div>\t\t\t\t<\/div>\n\t\t\t\t<\/div>\n\t\t\t\t<div class=\"elementor-element elementor-element-4ea6263 elementor-invisible elementor-widget elementor-widget-pix-text\" data-id=\"4ea6263\" data-element_type=\"widget\" data-e-type=\"widget\" data-widget_type=\"pix-text.default\">\n\t\t\t\t<div class=\"elementor-widget-container\">\n\t\t\t\t\t<div class=\"pix-el-text w-100 text-left \" ><p class=\" resp-option text-body-default text-left \" ><span class=\"text-body-default animate-in d-inline-block\" data-anim-delay=\"800\" data-anim-type=\"fade-in-up\">Ziyaret\u00e7iler, i\u00e7eri\u011fi kimin yazd\u0131\u011f\u0131n\u0131 ve yay\u0131mlad\u0131\u011f\u0131n\u0131 bilmelidir. RED Immigration News, RED Immigration Consulting'e aittir. Tarafs\u0131zl\u0131k i\u00e7in editoryal ve ticari i\u015fler ayr\u0131d\u0131r.\n<br><br>\n\u0130\u00e7erik ba\u011f\u0131ms\u0131z ekip taraf\u0131ndan y\u00f6netilir. Reklam i\u00e7erikleri a\u00e7\u0131k\u00e7a belirtilir. Yazarlar \u00e7\u0131kar \u00e7at\u0131\u015fmas\u0131 yaratacak \u00f6demeleri kabul edemez.<\/span><\/p><\/div>\t\t\t\t<\/div>\n\t\t\t\t<\/div>\n\t\t\t\t<div class=\"elementor-element elementor-element-bdfafb6 elementor-invisible elementor-widget elementor-widget-pix-heading\" data-id=\"bdfafb6\" data-element_type=\"widget\" data-e-type=\"widget\" data-widget_type=\"pix-heading.default\">\n\t\t\t\t<div class=\"elementor-widget-container\">\n\t\t\t\t\t<div  class=\"pix-heading-el text-center \"><h5 class=\"text-primary font-weight-bold h5 animate-in heading-text el-title_custom_color mb-12\" style=\"\" data-anim-type=\"fade-in-up\" data-anim-delay=\"400\">Yazarl\u0131k, Uzmanl\u0131k ve Deneyim (E-E-A-T)<\/h5><\/div>\t\t\t\t<\/div>\n\t\t\t\t<\/div>\n\t\t\t\t<div class=\"elementor-element elementor-element-40f82b6 elementor-invisible elementor-widget elementor-widget-pix-text\" data-id=\"40f82b6\" data-element_type=\"widget\" data-e-type=\"widget\" data-widget_type=\"pix-text.default\">\n\t\t\t\t<div class=\"elementor-widget-container\">\n\t\t\t\t\t<div class=\"pix-el-text w-100 text-left \" ><p class=\" resp-option text-body-default text-left \" ><span class=\"text-body-default animate-in d-inline-block\" data-anim-delay=\"400\" data-anim-type=\"fade-in-up\">G\u00f6\u00e7menlik bilgileri y\u00fcksek riskli hukuki ve finansal tavsiye i\u00e7erdi\u011finden, t\u00fcm i\u00e7erik do\u011frulanabilir uzmanl\u0131\u011fa dayan\u0131r. Analiz ve rehberler Regulated Canadian Immigration Consultant (RCIC) veya lisansl\u0131 hukuk uzman\u0131 taraf\u0131ndan haz\u0131rlan\u0131r veya incelenir.\n<br><br>\nHer makalede yazar ve tarih bulunur, ayr\u0131ca detayl\u0131 biyografi yer al\u0131r. Ger\u00e7ek deneyimler de payla\u015f\u0131l\u0131r.<\/span><\/p><\/div>\t\t\t\t<\/div>\n\t\t\t\t<\/div>\n\t\t\t\t<div class=\"elementor-element elementor-element-325f3da elementor-invisible elementor-widget elementor-widget-pix-heading\" data-id=\"325f3da\" data-element_type=\"widget\" data-e-type=\"widget\" data-widget_type=\"pix-heading.default\">\n\t\t\t\t<div class=\"elementor-widget-container\">\n\t\t\t\t\t<div  class=\"pix-heading-el text-center \"><h5 class=\"text-primary font-weight-bold h5 animate-in heading-text el-title_custom_color mb-12\" style=\"\" data-anim-type=\"fade-in-up\" data-anim-delay=\"400\">Kaynak G\u00f6sterme ve Do\u011fruluk Kontrol\u00fc<\/h5><\/div>\t\t\t\t<\/div>\n\t\t\t\t<\/div>\n\t\t\t\t<div class=\"elementor-element elementor-element-0f442e3 elementor-invisible elementor-widget elementor-widget-pix-text\" data-id=\"0f442e3\" data-element_type=\"widget\" data-e-type=\"widget\" data-widget_type=\"pix-text.default\">\n\t\t\t\t<div class=\"elementor-widget-container\">\n\t\t\t\t\t<div class=\"pix-el-text w-100 text-left \" ><p class=\" resp-option text-body-default text-left \" ><span class=\"text-body-default animate-in d-inline-block\" data-anim-delay=\"400\" data-anim-type=\"fade-in-up\">Haberlerimiz titiz ara\u015ft\u0131rmaya ve g\u00fcvenilir kaynaklara dayan\u0131r. IRCC, PNP ve resmi belgeler \u00f6nceliklidir. \u0130ddialar resmi ba\u011flant\u0131larla desteklenir. Anonim kaynaklar yaln\u0131zca kamu yarar\u0131 durumunda kullan\u0131l\u0131r.<\/span><\/p><\/div>\t\t\t\t<\/div>\n\t\t\t\t<\/div>\n\t\t\t\t<div class=\"elementor-element elementor-element-1f43e17 elementor-invisible elementor-widget elementor-widget-pix-heading\" data-id=\"1f43e17\" data-element_type=\"widget\" data-e-type=\"widget\" data-widget_type=\"pix-heading.default\">\n\t\t\t\t<div class=\"elementor-widget-container\">\n\t\t\t\t\t<div  class=\"pix-heading-el text-center \"><h5 class=\"text-primary font-weight-bold h5 animate-in heading-text el-title_custom_color mb-12\" style=\"\" data-anim-type=\"fade-in-up\" data-anim-delay=\"400\">D\u00fczeltmeler ve G\u00fcncellemeler<\/h5><\/div>\t\t\t\t<\/div>\n\t\t\t\t<\/div>\n\t\t\t\t<div class=\"elementor-element elementor-element-03d7299 elementor-invisible elementor-widget elementor-widget-pix-text\" data-id=\"03d7299\" data-element_type=\"widget\" data-e-type=\"widget\" data-widget_type=\"pix-text.default\">\n\t\t\t\t<div class=\"elementor-widget-container\">\n\t\t\t\t\t<div class=\"pix-el-text w-100 text-left \" ><p class=\" resp-option text-body-default text-left \" ><span class=\"text-body-default animate-in d-inline-block\" data-anim-delay=\"400\" data-anim-type=\"fade-in-up\">Ger\u00e7ekleri do\u011fru \u015fekilde sunmaya ve haber s\u00fcrecini etik olarak s\u00fcrd\u00fcrmeye kararl\u0131y\u0131z. \u00d6nemli bir hata bulunursa hemen d\u00fczeltilir. De\u011fi\u015fiklikleri a\u00e7\u0131klayan \"Editor's Note\" kal\u0131c\u0131 olarak eklenir. IRCC g\u00fcncellemeleri veya yasa de\u011fi\u015fikliklerinde i\u00e7erik g\u00fcncellenir ve \"Son g\u00fcncelleme:\" g\u00f6sterilir. Arama motoru kurallar\u0131na uyar ve tarihlerin yapay g\u00fcncellenmesini yasaklar\u0131z.<\/span><\/p><\/div>\t\t\t\t<\/div>\n\t\t\t\t<\/div>\n\t\t\t\t<div class=\"elementor-element elementor-element-c787c03 elementor-invisible elementor-widget elementor-widget-pix-heading\" data-id=\"c787c03\" data-element_type=\"widget\" data-e-type=\"widget\" data-widget_type=\"pix-heading.default\">\n\t\t\t\t<div class=\"elementor-widget-container\">\n\t\t\t\t\t<div  class=\"pix-heading-el text-center \"><h5 class=\"text-primary font-weight-bold h5 animate-in heading-text el-title_custom_color mb-12\" style=\"\" data-anim-type=\"fade-in-up\" data-anim-delay=\"400\">Yapay Zeka (AI) ve Otomasyon<\/h5><\/div>\t\t\t\t<\/div>\n\t\t\t\t<\/div>\n\t\t\t\t<div class=\"elementor-element elementor-element-4d587ed elementor-invisible elementor-widget elementor-widget-pix-text\" data-id=\"4d587ed\" data-element_type=\"widget\" data-e-type=\"widget\" data-widget_type=\"pix-text.default\">\n\t\t\t\t<div class=\"elementor-widget-container\">\n\t\t\t\t\t<div class=\"pix-el-text w-100 text-left \" ><p class=\" resp-option text-body-default text-left \" ><span class=\"text-body-default animate-in d-inline-block\" data-anim-delay=\"400\" data-anim-type=\"fade-in-up\">Nitelikli insan uzmanlar\u0131n editoryal kararlar ve i\u00e7erik \u00fcretimi \u00fczerinde tam kontrol sahibi olmas\u0131 gerekti\u011fine inan\u0131yoruz. \u00dcretken yapay zek\u00e2 ara\u00e7lar\u0131n\u0131n g\u00f6\u00e7menlik yasalar\u0131n\u0131 yorumlamas\u0131, hukuki tavsiye vermesi veya analiz yazmas\u0131 yasakt\u0131r; \"hal\u00fcsinasyon\" riskini azaltmak i\u00e7in. Dahili ara\u00e7lar teknik i\u015fler i\u00e7in kullan\u0131labilir. Kullan\u0131l\u0131rsa a\u00e7\u0131k\u00e7a belirtilir. Nitelikli insan uzmanlar\u0131n editoryal kararlar ve i\u00e7erik \u00fcretimini y\u00f6nlendirmesi gerekti\u011fine inan\u0131yoruz. \u00dcretken yapay zek\u00e2, g\u00f6\u00e7menlik yasalar\u0131n\u0131 yorumlamak, hukuki tavsiye vermek veya analiz yazmak i\u00e7in kullan\u0131lmaz; \"hal\u00fcsinasyon\" riskinden ka\u00e7\u0131nmak i\u00e7in. Ancak teknik g\u00f6revler i\u00e7in dahili ara\u00e7lar kullan\u0131labilir ve kullan\u0131ld\u0131\u011f\u0131nda belirtilecektir.<\/span><\/p><\/div>\t\t\t\t<\/div>\n\t\t\t\t<\/div>\n\t\t\t\t<div class=\"elementor-element elementor-element-5b00478 elementor-invisible elementor-widget elementor-widget-pix-heading\" data-id=\"5b00478\" data-element_type=\"widget\" data-e-type=\"widget\" data-widget_type=\"pix-heading.default\">\n\t\t\t\t<div class=\"elementor-widget-container\">\n\t\t\t\t\t<div  class=\"pix-heading-el text-center \"><h5 class=\"text-primary font-weight-bold h5 animate-in heading-text el-title_custom_color mb-12\" style=\"\" data-anim-type=\"fade-in-up\" data-anim-delay=\"400\">Gizlilik ve Veri Yal\u0131t\u0131m\u0131<\/h5><\/div>\t\t\t\t<\/div>\n\t\t\t\t<\/div>\n\t\t\t\t<div class=\"elementor-element elementor-element-f483a7a elementor-invisible elementor-widget elementor-widget-pix-text\" data-id=\"f483a7a\" data-element_type=\"widget\" data-e-type=\"widget\" data-widget_type=\"pix-text.default\">\n\t\t\t\t<div class=\"elementor-widget-container\">\n\t\t\t\t\t<div class=\"pix-el-text w-100 text-left \" ><p class=\" resp-option text-body-default text-left \" ><span class=\"text-body-default animate-in d-inline-block\" data-anim-delay=\"400\" data-anim-type=\"fade-in-up\">Okuyucular\u0131m\u0131z\u0131n ve gazetecilik kaynaklar\u0131m\u0131z\u0131n mutlak korumas\u0131na \u00f6ncelik veriyoruz. Gazetecilik ara\u015ft\u0131rmalar\u0131, r\u00f6portajlar veya haber ipu\u00e7lar\u0131 i\u00e7in sunulan ki\u015fisel bilgiler, ticari pazarlama veya yasal potansiyel m\u00fc\u015fteri yaratma amac\u0131yla toplanan ki\u015fisel verilerden tamamen izole bir \u015fekilde i\u015flenir. Kullan\u0131c\u0131 a\u00e7\u0131k\u00e7a izin vermedik\u00e7e editoryal verileri do\u011frudan pazarlama i\u00e7in kullanmay\u0131z. Ayr\u0131ca, sitemizin otoriter itibar\u0131n\u0131 korumak ve kullan\u0131c\u0131lar\u0131 aldat\u0131c\u0131 uygulamalardan korumak i\u00e7in, alan ad\u0131 otoritemizi istismar etmek amac\u0131yla tasarlanm\u0131\u015f \u00fc\u00e7\u00fcnc\u00fc taraf \"beyaz etiketli (white-label)\" i\u00e7erikleri veya manip\u00fclatif tan\u0131t\u0131m sayfalar\u0131n\u0131 bar\u0131nd\u0131rmay\u0131 kesinlikle yasakl\u0131yoruz.<\/span><\/p><\/div>\t\t\t\t<\/div>\n\t\t\t\t<\/div>\n\t\t\t\t<div class=\"elementor-element elementor-element-d9957a7 elementor-invisible elementor-widget elementor-widget-pix-heading\" data-id=\"d9957a7\" data-element_type=\"widget\" data-e-type=\"widget\" data-widget_type=\"pix-heading.default\">\n\t\t\t\t<div class=\"elementor-widget-container\">\n\t\t\t\t\t<div  class=\"pix-heading-el text-center \"><h5 class=\"text-primary font-weight-bold h5 animate-in heading-text el-title_custom_color mb-12\" style=\"\" data-anim-type=\"fade-in-up\" data-anim-delay=\"400\">Bize Ula\u015f\u0131n<\/h5><\/div>\t\t\t\t<\/div>\n\t\t\t\t<\/div>\n\t\t\t\t<div class=\"elementor-element elementor-element-5fe12f0 elementor-invisible elementor-widget elementor-widget-pix-text\" data-id=\"5fe12f0\" data-element_type=\"widget\" data-e-type=\"widget\" data-widget_type=\"pix-text.default\">\n\t\t\t\t<div class=\"elementor-widget-container\">\n\t\t\t\t\t<div class=\"pix-el-text w-100 text-left \" ><p class=\" resp-option text-body-default text-left \" ><span class=\"text-body-default animate-in d-inline-block\" data-anim-delay=\"400\" data-anim-type=\"fade-in-up\">Standartlar\u0131m\u0131z\u0131n kusursuz kalmas\u0131n\u0131 sa\u011flamak i\u00e7in kamu denetimini ve okuyucu geri bildirimlerini memnuniyetle kar\u015f\u0131l\u0131yoruz. D\u00fczeltmeler, kaynak a\u00e7\u0131klamalar\u0131 veya editoryal sorular\u0131n\u0131z i\u00e7in l\u00fctfen do\u011frudan \\<a href=\"mailto:media@redim.ca\" target=\"\\_blank\"\\>media@redim.ca\\<\/a\\> adresinden e-posta yoluyla haber merkezimizle ileti\u015fime ge\u00e7in.<\/span><\/p><\/div>\t\t\t\t<\/div>\n\t\t\t\t<\/div>\n\t\t\t\t<div class=\"elementor-element elementor-element-ac84e87 elementor-invisible elementor-widget elementor-widget-pix-text\" data-id=\"ac84e87\" data-element_type=\"widget\" data-e-type=\"widget\" data-widget_type=\"pix-text.default\">\n\t\t\t\t<div class=\"elementor-widget-container\">\n\t\t\t\t\t<div class=\"pix-el-text w-100 text-left \" ><p class=\" resp-option text-body-default text-left \" ><span class=\"text-body-default animate-in d-inline-block\" data-anim-delay=\"800\" data-anim-type=\"fade-in-up\">\\<strong\\>Son G\u00fcncelleme:\\<\/strong\\> Nisan 2026<\/span><\/p><\/div>\t\t\t\t<\/div>\n\t\t\t\t<\/div>\n\t\t\t\t<div class=\"elementor-element elementor-element-ab9314d elementor-widget__width-initial elementor-invisible elementor-widget elementor-widget-pix-text\" data-id=\"ab9314d\" data-element_type=\"widget\" data-e-type=\"widget\" data-widget_type=\"pix-text.default\">\n\t\t\t\t<div class=\"elementor-widget-container\">\n\t\t\t\t\t<div class=\"pix-el-text w-100 text-left \" ><div class=\"d-inline-block\" style=\"max-width:350px;\"><p class=\" resp-option text-heading-default text-left font-weight-bold\" ><span class=\"text-heading-default animate-in d-inline-block\" data-anim-delay=\"500\" data-anim-type=\"fade-in\">RED Immigration Consulting Inc.<\/span><\/p><\/div><\/div>\t\t\t\t<\/div>\n\t\t\t\t<\/div>\n\t\t\t\t<div class=\"elementor-element elementor-element-db7c652 elementor-widget elementor-widget-spacer\" data-id=\"db7c652\" data-element_type=\"widget\" data-e-type=\"widget\" data-widget_type=\"spacer.default\">\n\t\t\t\t<div class=\"elementor-widget-container\">\n\t\t\t\t\t\t\t<div class=\"elementor-spacer\">\n\t\t\t<div class=\"elementor-spacer-inner\"><\/div>\n\t\t<\/div>\n\t\t\t\t\t\t<\/div>\n\t\t\t\t<\/div>\n\t\t\t\t\t<\/div>\n\t\t<\/div>\n\t\t\t\t\t<\/div>\n\t\t<\/section>\n\t\t\t\t<\/div>\n\t\t","protected":false},"excerpt":{"rendered":"<p>Yay\u0131n Politikas\u0131 ve Gazetecilik Standartlar\u0131 RED Immigration News, RED Immigration Consulting \u015firketinin ba\u011f\u0131ms\u0131z yay\u0131n kolu olarak faaliyet g\u00f6stermektedir. Kanada kal\u0131c\u0131 yerle\u015fim politikas\u0131n\u0131n, okuyucular\u0131m\u0131z\u0131n gelecekteki mutlulu\u011funu, finansal istikrar\u0131n\u0131 ve yasal durumunu derinden etkiledi\u011finin fark\u0131nday\u0131z. Profesyonel bir yasal kurum olarak, do\u011fruluk, \u015feffafl\u0131k&#8230;<\/p>\n","protected":false},"author":4,"featured_media":523228,"parent":0,"menu_order":0,"comment_status":"closed","ping_status":"closed","template":"","meta":{"footnotes":""},"class_list":["post-537954","page","type-page","status-publish","has-post-thumbnail","hentry"],"_links":{"self":[{"href":"https:\/\/redim.ca\/tr\/wp-json\/wp\/v2\/pages\/537954","targetHints":{"allow":["GET"]}}],"collection":[{"href":"https:\/\/redim.ca\/tr\/wp-json\/wp\/v2\/pages"}],"about":[{"href":"https:\/\/redim.ca\/tr\/wp-json\/wp\/v2\/types\/page"}],"author":[{"embeddable":true,"href":"https:\/\/redim.ca\/tr\/wp-json\/wp\/v2\/users\/4"}],"replies":[{"embeddable":true,"href":"https:\/\/redim.ca\/tr\/wp-json\/wp\/v2\/comments?post=537954"}],"version-history":[{"count":0,"href":"https:\/\/redim.ca\/tr\/wp-json\/wp\/v2\/pages\/537954\/revisions"}],"wp:featuredmedia":[{"embeddable":true,"href":"https:\/\/redim.ca\/tr\/wp-json\/"}],"wp:attachment":[{"href":"https:\/\/redim.ca\/tr\/wp-json\/wp\/v2\/media?parent=537954"}],"curies":[{"name":"wp","href":"https:\/\/api.w.org\/{rel}","templated":true}]}}