{"id":56847,"date":"2021-10-24T22:44:35","date_gmt":"2021-10-25T05:44:35","guid":{"rendered":"https:\/\/redim.ca\/politica-de-privacidade\/"},"modified":"2025-11-16T18:59:48","modified_gmt":"2025-11-17T02:59:48","slug":"politicadeprivacidade","status":"publish","type":"page","link":"https:\/\/redim.ca\/pt-br\/politicadeprivacidade\/","title":{"rendered":"Pol\u00edtica de Privacidade"},"content":{"rendered":"\t\t<div data-elementor-type=\"wp-page\" data-elementor-id=\"56847\" class=\"elementor elementor-56847 elementor-25247\" data-elementor-post-type=\"page\">\n\t\t\t\t\t\t<section class=\"pix-elementor-divider elementor-section elementor-top-section elementor-element elementor-element-4b196cd elementor-section-stretched elementor-section-full_width elementor-section-height-min-height animated-fast redh1 elementor-section-height-default elementor-section-items-middle elementor-invisible\" data-pix-dividers=\"&lt;div class=&quot;pix-divider  position-relative pix-bottom-divider&quot; data-style=&quot;style-dynamic&quot; &gt;&lt;div class=&quot;pix-dividers-box w-100 position-relative d-inline-block&quot; &gt;\n                    &lt;svg class=&quot;pix-shape-dividers&quot;  viewBox=&quot;0 0 100 100&quot; preserveAspectRatio=&quot;none&quot;&gt;\n                        &lt;defs&gt;&lt;linearGradient id=&quot;divider-pix-accordion-151510-bottom-overlay-color-0&quot; x1=&quot;0%&quot; y1=&quot;0%&quot; x2=&quot;100%&quot; y2=&quot;0%&quot;&gt;&lt;stop offset=&quot;0%&quot;   stop-color=&quot;#FFFFFF80&quot;\/&gt;&lt;stop offset=&quot;100%&quot;   stop-color=&quot;#FFFFFF03&quot;\/&gt;&lt;\/linearGradient&gt;&lt;linearGradient id=&quot;divider-pix-accordion-151510-bottom-overlay-color-1&quot; x1=&quot;0%&quot; y1=&quot;0%&quot; x2=&quot;100%&quot; y2=&quot;0%&quot;&gt;&lt;stop offset=&quot;0%&quot;   stop-color=&quot;#FFFFFF03&quot;\/&gt;&lt;stop offset=&quot;100%&quot;   stop-color=&quot;#FFFFFF73&quot;\/&gt;&lt;\/linearGradient&gt;&lt;\/defs&gt;&lt;path d=&quot;&quot; class=&quot;&quot; fill=&quot;url(#divider-pix-accordion-151510-bottom-overlay-color-0)&quot;&gt;&lt;\/path&gt;&lt;path d=&quot;&quot; class=&quot;&quot; fill=&quot;url(#divider-pix-accordion-151510-bottom-overlay-color-1)&quot;&gt;&lt;\/path&gt;&lt;path d=&quot;&quot; class=&quot;&quot; fill=&quot;#FFFFFF&quot;&gt;&lt;\/path&gt;\n                    &lt;\/svg&gt;\n                &lt;\/div&gt;&lt;\/div&gt;\" data-id=\"4b196cd\" data-element_type=\"section\" data-e-type=\"section\" data-settings=\"{&quot;stretch_section&quot;:&quot;section-stretched&quot;,&quot;background_background&quot;:&quot;classic&quot;,&quot;animation&quot;:&quot;fadeIn&quot;}\">\n\t\t\t\t\t\t\t<div class=\"elementor-background-overlay\"><\/div>\n\t\t\t\t\t\t\t<div class=\"elementor-container elementor-column-gap-default\">\n\t\t\t\t\t<div class=\"elementor-column elementor-col-100 elementor-top-column elementor-element elementor-element-ef5142a\" data-id=\"ef5142a\" data-element_type=\"column\" data-e-type=\"column\">\n\t\t\t<div class=\"elementor-widget-wrap elementor-element-populated\">\n\t\t\t\t\t\t<div class=\"elementor-element elementor-element-cd24f0d elementor-widget elementor-widget-spacer\" data-id=\"cd24f0d\" data-element_type=\"widget\" data-e-type=\"widget\" data-widget_type=\"spacer.default\">\n\t\t\t\t<div class=\"elementor-widget-container\">\n\t\t\t\t\t\t\t<div class=\"elementor-spacer\">\n\t\t\t<div class=\"elementor-spacer-inner\"><\/div>\n\t\t<\/div>\n\t\t\t\t\t\t<\/div>\n\t\t\t\t<\/div>\n\t\t\t\t<div class=\"elementor-element elementor-element-2984ce1 elementor-invisible elementor-widget elementor-widget-heading\" data-id=\"2984ce1\" data-element_type=\"widget\" data-e-type=\"widget\" data-settings=\"{&quot;_animation&quot;:&quot;fadeInUp&quot;,&quot;_animation_delay&quot;:400}\" data-widget_type=\"heading.default\">\n\t\t\t\t<div class=\"elementor-widget-container\">\n\t\t\t\t\t<h1 class=\"elementor-heading-title elementor-size-default\">Pol\u00edtica de Privacidade<\/h1>\t\t\t\t<\/div>\n\t\t\t\t<\/div>\n\t\t\t\t\t<\/div>\n\t\t<\/div>\n\t\t\t\t\t<\/div>\n\t\t<\/section>\n\t\t\t\t<section class=\"elementor-section elementor-top-section elementor-element elementor-element-f1415e7 elementor-section-boxed elementor-section-height-default elementor-section-height-default\" data-id=\"f1415e7\" data-element_type=\"section\" data-e-type=\"section\">\n\t\t\t\t\t\t<div class=\"elementor-container elementor-column-gap-default\">\n\t\t\t\t\t<div class=\"elementor-column elementor-col-100 elementor-top-column elementor-element elementor-element-a4d9a8e\" data-id=\"a4d9a8e\" data-element_type=\"column\" data-e-type=\"column\">\n\t\t\t<div class=\"elementor-widget-wrap elementor-element-populated\">\n\t\t\t\t\t\t<div class=\"elementor-element elementor-element-ba4eebd elementor-widget elementor-widget-spacer\" data-id=\"ba4eebd\" data-element_type=\"widget\" data-e-type=\"widget\" data-widget_type=\"spacer.default\">\n\t\t\t\t<div class=\"elementor-widget-container\">\n\t\t\t\t\t\t\t<div class=\"elementor-spacer\">\n\t\t\t<div class=\"elementor-spacer-inner\"><\/div>\n\t\t<\/div>\n\t\t\t\t\t\t<\/div>\n\t\t\t\t<\/div>\n\t\t\t\t<div class=\"elementor-element elementor-element-59df55c elementor-invisible elementor-widget elementor-widget-pix-text\" data-id=\"59df55c\" data-element_type=\"widget\" data-e-type=\"widget\" data-widget_type=\"pix-text.default\">\n\t\t\t\t<div class=\"elementor-widget-container\">\n\t\t\t\t\t<div class=\"pix-el-text w-100 text-left \" ><p class=\" resp-option text-body-default text-left \" ><span class=\"text-body-default animate-in d-inline-block\" data-anim-delay=\"800\" data-anim-type=\"fade-in-up\">Estamos comprometidos a proteger la privacidad y la seguridad de los visitantes de nuestro site. A Pol\u00edtica de Privacidade informa aos usu\u00e1rios quais informa\u00e7\u00f5es coletamos, como s\u00e3o usadas e as prefer\u00eancias ao interagir com nosso site. Ao usar este site, o usu\u00e1rio concorda com esta pol\u00edtica. Por favor, leia o seguinte cuidadosamente antes de usar o site.<\/span><\/p><\/div>\t\t\t\t<\/div>\n\t\t\t\t<\/div>\n\t\t\t\t<div class=\"elementor-element elementor-element-b89d301 elementor-invisible elementor-widget elementor-widget-pix-heading\" data-id=\"b89d301\" data-element_type=\"widget\" data-e-type=\"widget\" data-widget_type=\"pix-heading.default\">\n\t\t\t\t<div class=\"elementor-widget-container\">\n\t\t\t\t\t<div  class=\"pix-heading-el text-center \"><h5 class=\"text-primary font-weight-bold h5 animate-in heading-text el-title_custom_color mb-12\" style=\"\" data-anim-type=\"fade-in-up\" data-anim-delay=\"800\">Pol\u00edtica de Cookies<\/h5><\/div>\t\t\t\t<\/div>\n\t\t\t\t<\/div>\n\t\t\t\t<div class=\"elementor-element elementor-element-48b5cab elementor-invisible elementor-widget elementor-widget-pix-text\" data-id=\"48b5cab\" data-element_type=\"widget\" data-e-type=\"widget\" data-widget_type=\"pix-text.default\">\n\t\t\t\t<div class=\"elementor-widget-container\">\n\t\t\t\t\t<div class=\"pix-el-text w-100 text-left \" ><p class=\" resp-option text-body-default text-left \" ><span class=\"text-body-default animate-in d-inline-block\" data-anim-delay=\"800\" data-anim-type=\"fade-in-up\">\u30af\u30c3\u30ad\u30fc\u306f,\u30aa\u30f3\u30e9\u30a4\u30f3\u30b5\u30fc\u30d3\u30b9\u304c\u30e6\u30fc\u30b6\u30fc\u306eWeb\u30d6\u30e9\u30a6\u30b6\u3092\u4ecb\u3057\u3066\u30e6\u30fc\u30b6\u30fc\u306e\u30b3\u30f3\u30d4\u30e5\u30fc\u30bf\u307e\u305f\u306f\u30e2\u30d0\u30a4\u30eb\u30c7\u30d0\u30a4\u30b9\u304b\u3089\u4fdd\u5b58\u304a\u3088\u3073\u53d6\u5f97\u3067\u304d\u308b\u5c0f\u3055\u306a\u30c7\u30fc\u30bf\u30d5\u30a1\u30a4\u30eb\u3067\u3059\u3002\u60c5\u5831\u306f,Web\u30b5\u30a4\u30c8\u306e\u8a2a\u554f\u4e2d\uff08\u4eee\u30af\u30c3\u30ad\u30fc\u3068\u547c\u3070\u308c\u308b\uff09\u307e\u305f\u306f\u30af\u30c3\u30ad\u30fc\u3092\u8a2d\u5b9a\u3059\u308bWeb\u30b5\u30a4\u30c8\u306b\u3088\u3063\u3066\u8a2d\u5b9a\u3055\u308c\u305f\u5f8c\u306e\u6642\u70b9\u307e\u3067\uff08\u6c38\u7d9a\u30af\u30c3\u30ad\u30fc\u3068\u547c\u3070\u308c\u308b\uff09\u4fdd\u5b58\u304a\u3088\u3073\u53d6\u5f97\u3055\u308c\u307e\u3059\u3002\n<br><br>\n<\/span><\/p><\/div>\t\t\t\t<\/div>\n\t\t\t\t<\/div>\n\t\t\t\t<div class=\"elementor-element elementor-element-ce61812 elementor-invisible elementor-widget elementor-widget-pix-heading\" data-id=\"ce61812\" data-element_type=\"widget\" data-e-type=\"widget\" data-widget_type=\"pix-heading.default\">\n\t\t\t\t<div class=\"elementor-widget-container\">\n\t\t\t\t\t<div  class=\"pix-heading-el text-center \"><h5 class=\"text-primary font-weight-bold h5 animate-in heading-text el-title_custom_color mb-12\" style=\"\" data-anim-type=\"fade-in-up\" data-anim-delay=\"400\">Seguran\u00e7a de dados<\/h5><\/div>\t\t\t\t<\/div>\n\t\t\t\t<\/div>\n\t\t\t\t<div class=\"elementor-element elementor-element-064ff52 elementor-invisible elementor-widget elementor-widget-pix-text\" data-id=\"064ff52\" data-element_type=\"widget\" data-e-type=\"widget\" data-widget_type=\"pix-text.default\">\n\t\t\t\t<div class=\"elementor-widget-container\">\n\t\t\t\t\t<div class=\"pix-el-text w-100 text-left \" ><p class=\" resp-option text-body-default text-left \" ><span class=\"text-body-default animate-in d-inline-block\" data-anim-delay=\"400\" data-anim-type=\"fade-in-up\">Estamos comprometidos a proteger a informa\u00e7\u00e3o pessoal que os usu\u00e1rios fornecem para n\u00f3s atrav\u00e9s deste site e trabalhamos para prevenir o acesso n\u00e3o autorizado. Usamos firewalls e sistemas de seguran\u00e7a para proteger a integridade e a privacidade da informa\u00e7\u00e3o pessoal enviada para n\u00f3s atrav\u00e9s deste site. Como uma medida de seguran\u00e7a adicional, as informa\u00e7\u00f5es pessoais dos usu\u00e1rios tamb\u00e9m s\u00e3o criptografadas em tr\u00e2nsito, usando tecnologia adequada, incluindo a seguran\u00e7a da camada de transporte, de acordo com os padr\u00f5es de TI espec\u00edficos do setor.<\/span><\/p><\/div>\t\t\t\t<\/div>\n\t\t\t\t<\/div>\n\t\t\t\t<div class=\"elementor-element elementor-element-48daa5a elementor-invisible elementor-widget elementor-widget-pix-text\" data-id=\"48daa5a\" data-element_type=\"widget\" data-e-type=\"widget\" data-widget_type=\"pix-text.default\">\n\t\t\t\t<div class=\"elementor-widget-container\">\n\t\t\t\t\t<div class=\"pix-el-text w-100 text-left \" ><p class=\" resp-option text-body-default text-left \" ><span class=\"text-body-default animate-in d-inline-block\" data-anim-delay=\"400\" data-anim-type=\"fade-in-up\">Embora nos esforcemos para proteger as informa\u00e7\u00f5es pessoais dos usu\u00e1rios, n\u00e3o podemos garantir a seguran\u00e7a de qualquer informa\u00e7\u00e3o transmitida para n\u00f3s atrav\u00e9s de aplicativos online e os usu\u00e1rios assumir\u00e3o automaticamente esses riscos. Dependendo do pedido, as informa\u00e7\u00f5es de contato do usu\u00e1rio podem ser descartadas ou arquivadas. Se houver d\u00favidas sobre informa\u00e7\u00f5es pessoais, os usu\u00e1rios podem nos contatar pelo n\u00famero de telefone fornecido no site.<\/span><\/p><\/div>\t\t\t\t<\/div>\n\t\t\t\t<\/div>\n\t\t\t\t<div class=\"elementor-element elementor-element-d2606c3 elementor-invisible elementor-widget elementor-widget-pix-heading\" data-id=\"d2606c3\" data-element_type=\"widget\" data-e-type=\"widget\" data-widget_type=\"pix-heading.default\">\n\t\t\t\t<div class=\"elementor-widget-container\">\n\t\t\t\t\t<div  class=\"pix-heading-el text-center \"><h5 class=\"text-primary font-weight-bold h5 animate-in heading-text el-title_custom_color mb-12\" style=\"\" data-anim-type=\"fade-in-up\" data-anim-delay=\"400\">Assinar Boletim\/Notifica\u00e7\u00e3o<\/h5><\/div>\t\t\t\t<\/div>\n\t\t\t\t<\/div>\n\t\t\t\t<div class=\"elementor-element elementor-element-0d3de5b elementor-invisible elementor-widget elementor-widget-pix-text\" data-id=\"0d3de5b\" data-element_type=\"widget\" data-e-type=\"widget\" data-widget_type=\"pix-text.default\">\n\t\t\t\t<div class=\"elementor-widget-container\">\n\t\t\t\t\t<div class=\"pix-el-text w-100 text-left \" ><p class=\" resp-option text-body-default text-left \" ><span class=\"text-body-default animate-in d-inline-block\" data-anim-delay=\"400\" data-anim-type=\"fade-in-up\">Os leitores podem usar nosso site sem fornecer qualquer informa\u00e7\u00e3o pessoal. Se um usu\u00e1rio desejar se inscrever em nosso boletim informativo ou outras publica\u00e7\u00f5es, coletaremos e armazenaremos seu nome, endere\u00e7o de e-mail e informa\u00e7\u00f5es sobre por que o usu\u00e1rio est\u00e1 interessado em nosso conte\u00fado. Podemos tamb\u00e9m solicitar que os usu\u00e1rios forne\u00e7am informa\u00e7\u00f5es adicionais para que o conte\u00fado apropriado possa ser emitido. Se um usu\u00e1rio desejar cancelar a assinatura de nosso boletim informativo, use o link de cancelamento na parte inferior de cada e-mail.<\/span><\/p><\/div>\t\t\t\t<\/div>\n\t\t\t\t<\/div>\n\t\t\t\t<div class=\"elementor-element elementor-element-8e86839 elementor-invisible elementor-widget elementor-widget-pix-heading\" data-id=\"8e86839\" data-element_type=\"widget\" data-e-type=\"widget\" data-widget_type=\"pix-heading.default\">\n\t\t\t\t<div class=\"elementor-widget-container\">\n\t\t\t\t\t<div  class=\"pix-heading-el text-center \"><h5 class=\"text-primary font-weight-bold h5 animate-in heading-text el-title_custom_color mb-12\" style=\"\" data-anim-type=\"fade-in-up\" data-anim-delay=\"400\">Pesquisa online<\/h5><\/div>\t\t\t\t<\/div>\n\t\t\t\t<\/div>\n\t\t\t\t<div class=\"elementor-element elementor-element-f41b6d9 elementor-invisible elementor-widget elementor-widget-pix-text\" data-id=\"f41b6d9\" data-element_type=\"widget\" data-e-type=\"widget\" data-widget_type=\"pix-text.default\">\n\t\t\t\t<div class=\"elementor-widget-container\">\n\t\t\t\t\t<div class=\"pix-el-text w-100 text-left \" ><p class=\" resp-option text-body-default text-left \" ><span class=\"text-body-default animate-in d-inline-block\" data-anim-delay=\"400\" data-anim-type=\"fade-in-up\">Podemos pedir aos usu\u00e1rios que respondam algumas pesquisas no site para ouvir as opini\u00f5es dos usu\u00e1rios e melhorar o conte\u00fado e a apar\u00eancia do site. Essas pesquisas n\u00e3o far\u00e3o perguntas que possam identificar pessoalmente o usu\u00e1rio. Podemos solicitar informa\u00e7\u00f5es de contato para entrar em contato novamente, se necess\u00e1rio, no entanto, o usu\u00e1rio pode se recusar a fornecer tais informa\u00e7\u00f5es. As informa\u00e7\u00f5es fornecidas pelos usu\u00e1rios nas pesquisas podem ser compartilhadas com funcion\u00e1rios ou terceiros para agrega\u00e7\u00e3o de dados.<\/span><\/p><\/div>\t\t\t\t<\/div>\n\t\t\t\t<\/div>\n\t\t\t\t<div class=\"elementor-element elementor-element-118b3cc elementor-invisible elementor-widget elementor-widget-pix-heading\" data-id=\"118b3cc\" data-element_type=\"widget\" data-e-type=\"widget\" data-widget_type=\"pix-heading.default\">\n\t\t\t\t<div class=\"elementor-widget-container\">\n\t\t\t\t\t<div  class=\"pix-heading-el text-center \"><h5 class=\"text-primary font-weight-bold h5 animate-in heading-text el-title_custom_color mb-12\" style=\"\" data-anim-type=\"fade-in-up\" data-anim-delay=\"400\">Provedor de servi\u00e7os<\/h5><\/div>\t\t\t\t<\/div>\n\t\t\t\t<\/div>\n\t\t\t\t<div class=\"elementor-element elementor-element-ca808c7 elementor-invisible elementor-widget elementor-widget-pix-text\" data-id=\"ca808c7\" data-element_type=\"widget\" data-e-type=\"widget\" data-widget_type=\"pix-text.default\">\n\t\t\t\t<div class=\"elementor-widget-container\">\n\t\t\t\t\t<div class=\"pix-el-text w-100 text-left \" ><p class=\" resp-option text-body-default text-left \" ><span class=\"text-body-default animate-in d-inline-block\" data-anim-delay=\"400\" data-anim-type=\"fade-in-up\">Se a propriedade do nosso neg\u00f3cio mudar ou precisarmos transferir a propriedade relacionada a este site para um terceiro, podemos transferir as informa\u00e7\u00f5es pessoais que os usu\u00e1rios nos forneceram para o novo propriet\u00e1rio. As informa\u00e7\u00f5es dos usu\u00e1rios permanecem sujeitas \u00e0 pol\u00edtica de privacidade aplic\u00e1vel do site, a menos que especificado de outra forma.<\/span><\/p><\/div>\t\t\t\t<\/div>\n\t\t\t\t<\/div>\n\t\t\t\t<div class=\"elementor-element elementor-element-b6e91c4 elementor-invisible elementor-widget elementor-widget-pix-heading\" data-id=\"b6e91c4\" data-element_type=\"widget\" data-e-type=\"widget\" data-widget_type=\"pix-heading.default\">\n\t\t\t\t<div class=\"elementor-widget-container\">\n\t\t\t\t\t<div  class=\"pix-heading-el text-center \"><h5 class=\"text-primary font-weight-bold h5 animate-in heading-text el-title_custom_color mb-12\" style=\"\" data-anim-type=\"fade-in-up\" data-anim-delay=\"400\">Compartilhar informa\u00e7\u00f5es<\/h5><\/div>\t\t\t\t<\/div>\n\t\t\t\t<\/div>\n\t\t\t\t<div class=\"elementor-element elementor-element-fd4c0a9 elementor-invisible elementor-widget elementor-widget-pix-text\" data-id=\"fd4c0a9\" data-element_type=\"widget\" data-e-type=\"widget\" data-widget_type=\"pix-text.default\">\n\t\t\t\t<div class=\"elementor-widget-container\">\n\t\t\t\t\t<div class=\"pix-el-text w-100 text-left \" ><p class=\" resp-option text-body-default text-left \" ><span class=\"text-body-default animate-in d-inline-block\" data-anim-delay=\"400\" data-anim-type=\"fade-in-up\">N\u00e3o compartilharemos suas informa\u00e7\u00f5es pessoais com terceiros, exceto com o seu pr\u00f3prio consentimento ou quando formos obrigados a cumprir regulamentos legais ou mediante solicita\u00e7\u00e3o de uma autoridade.<\/span><\/p><\/div>\t\t\t\t<\/div>\n\t\t\t\t<\/div>\n\t\t\t\t<div class=\"elementor-element elementor-element-d453c1f elementor-invisible elementor-widget elementor-widget-pix-heading\" data-id=\"d453c1f\" data-element_type=\"widget\" data-e-type=\"widget\" data-widget_type=\"pix-heading.default\">\n\t\t\t\t<div class=\"elementor-widget-container\">\n\t\t\t\t\t<div  class=\"pix-heading-el text-center \"><h5 class=\"text-primary font-weight-bold h5 animate-in heading-text el-title_custom_color mb-12\" style=\"\" data-anim-type=\"fade-in-up\" data-anim-delay=\"400\">Altera\u00e7\u00f5es de pol\u00edtica<\/h5><\/div>\t\t\t\t<\/div>\n\t\t\t\t<\/div>\n\t\t\t\t<div class=\"elementor-element elementor-element-a47dbed elementor-invisible elementor-widget elementor-widget-pix-text\" data-id=\"a47dbed\" data-element_type=\"widget\" data-e-type=\"widget\" data-widget_type=\"pix-text.default\">\n\t\t\t\t<div class=\"elementor-widget-container\">\n\t\t\t\t\t<div class=\"pix-el-text w-100 text-left \" ><p class=\" resp-option text-body-default text-left \" ><span class=\"text-body-default animate-in d-inline-block\" data-anim-delay=\"400\" data-anim-type=\"fade-in-up\">Esta Pol\u00edtica de Privacidade \u00e9 atualizada periodicamente. Se a altera\u00e7\u00e3o for material, publicaremos um aviso no site ou aplicativos e nos acordos de licen\u00e7a relacionados. Incentivamos os usu\u00e1rios a consultar regularmente a Pol\u00edtica de Privacidade para obter as informa\u00e7\u00f5es mais atualizadas sobre como protegemos as informa\u00e7\u00f5es pessoais que coletamos. O uso cont\u00ednuo do site pelo usu\u00e1rio constitui aceita\u00e7\u00e3o da Declara\u00e7\u00e3o de Privacidade e das atualiza\u00e7\u00f5es desta Pol\u00edtica. As altera\u00e7\u00f5es na pol\u00edtica n\u00e3o se aplicam aos dados coletados anteriormente.<\/span><\/p><\/div>\t\t\t\t<\/div>\n\t\t\t\t<\/div>\n\t\t\t\t<div class=\"elementor-element elementor-element-e671f80 elementor-widget__width-initial elementor-invisible elementor-widget elementor-widget-pix-text\" data-id=\"e671f80\" data-element_type=\"widget\" data-e-type=\"widget\" data-widget_type=\"pix-text.default\">\n\t\t\t\t<div class=\"elementor-widget-container\">\n\t\t\t\t\t<div class=\"pix-el-text w-100 text-left \" ><div class=\"d-inline-block\" style=\"max-width:350px;\"><p class=\" resp-option text-heading-default text-left font-weight-bold\" ><span class=\"text-heading-default animate-in d-inline-block\" data-anim-delay=\"500\" data-anim-type=\"fade-in\">RED Consultoria de Imigra\u00e7\u00e3o Inc.<\/span><\/p><\/div><\/div>\t\t\t\t<\/div>\n\t\t\t\t<\/div>\n\t\t\t\t<div class=\"elementor-element elementor-element-21770eb elementor-widget elementor-widget-spacer\" data-id=\"21770eb\" data-element_type=\"widget\" data-e-type=\"widget\" data-widget_type=\"spacer.default\">\n\t\t\t\t<div class=\"elementor-widget-container\">\n\t\t\t\t\t\t\t<div class=\"elementor-spacer\">\n\t\t\t<div class=\"elementor-spacer-inner\"><\/div>\n\t\t<\/div>\n\t\t\t\t\t\t<\/div>\n\t\t\t\t<\/div>\n\t\t\t\t\t<\/div>\n\t\t<\/div>\n\t\t\t\t\t<\/div>\n\t\t<\/section>\n\t\t\t\t<\/div>\n\t\t","protected":false},"excerpt":{"rendered":"<p>Pol\u00edtica de Privacidade Estamos comprometidos a proteger la privacidad y la seguridad de los visitantes de nuestro site. A Pol\u00edtica de Privacidade informa aos usu\u00e1rios quais informa\u00e7\u00f5es coletamos, como s\u00e3o usadas e as prefer\u00eancias ao interagir com nosso site. Ao&#8230;<\/p>\n","protected":false},"author":4,"featured_media":523228,"parent":0,"menu_order":0,"comment_status":"closed","ping_status":"closed","template":"","meta":{"footnotes":""},"class_list":["post-56847","page","type-page","status-publish","has-post-thumbnail","hentry"],"_links":{"self":[{"href":"https:\/\/redim.ca\/pt-br\/wp-json\/wp\/v2\/pages\/56847","targetHints":{"allow":["GET"]}}],"collection":[{"href":"https:\/\/redim.ca\/pt-br\/wp-json\/wp\/v2\/pages"}],"about":[{"href":"https:\/\/redim.ca\/pt-br\/wp-json\/wp\/v2\/types\/page"}],"author":[{"embeddable":true,"href":"https:\/\/redim.ca\/pt-br\/wp-json\/wp\/v2\/users\/4"}],"replies":[{"embeddable":true,"href":"https:\/\/redim.ca\/pt-br\/wp-json\/wp\/v2\/comments?post=56847"}],"version-history":[{"count":0,"href":"https:\/\/redim.ca\/pt-br\/wp-json\/wp\/v2\/pages\/56847\/revisions"}],"wp:featuredmedia":[{"embeddable":true,"href":"https:\/\/redim.ca\/pt-br\/wp-json\/"}],"wp:attachment":[{"href":"https:\/\/redim.ca\/pt-br\/wp-json\/wp\/v2\/media?parent=56847"}],"curies":[{"name":"wp","href":"https:\/\/api.w.org\/{rel}","templated":true}]}}