{"id":54265,"date":"2024-05-30T15:41:59","date_gmt":"2024-05-30T22:41:59","guid":{"rendered":"https:\/\/redim.ca\/isencao-de-responsabilidade\/"},"modified":"2025-11-16T18:02:25","modified_gmt":"2025-11-17T02:02:25","slug":"isencaodereponsabilidade","status":"publish","type":"page","link":"https:\/\/redim.ca\/pt-br\/isencaodereponsabilidade\/","title":{"rendered":"Isen\u00e7\u00e3o de responsabilidade"},"content":{"rendered":"\t\t<div data-elementor-type=\"wp-page\" data-elementor-id=\"54265\" class=\"elementor elementor-54265 elementor-25235\" data-elementor-post-type=\"page\">\n\t\t\t\t\t\t<section class=\"pix-elementor-divider elementor-section elementor-top-section elementor-element elementor-element-4b196cd elementor-section-stretched elementor-section-full_width elementor-section-height-min-height animated-fast redh1 elementor-section-height-default elementor-section-items-middle elementor-invisible\" data-pix-dividers=\"&lt;div class=&quot;pix-divider  position-relative pix-bottom-divider&quot; data-style=&quot;style-dynamic&quot; &gt;&lt;div class=&quot;pix-dividers-box w-100 position-relative d-inline-block&quot; &gt;\n                    &lt;svg class=&quot;pix-shape-dividers&quot;  viewBox=&quot;0 0 100 100&quot; preserveAspectRatio=&quot;none&quot;&gt;\n                        &lt;defs&gt;&lt;linearGradient id=&quot;divider-pix-accordion-670941-bottom-overlay-color-0&quot; x1=&quot;0%&quot; y1=&quot;0%&quot; x2=&quot;100%&quot; y2=&quot;0%&quot;&gt;&lt;stop offset=&quot;0%&quot;   stop-color=&quot;#FFFFFF80&quot;\/&gt;&lt;stop offset=&quot;100%&quot;   stop-color=&quot;#FFFFFF03&quot;\/&gt;&lt;\/linearGradient&gt;&lt;linearGradient id=&quot;divider-pix-accordion-670941-bottom-overlay-color-1&quot; x1=&quot;0%&quot; y1=&quot;0%&quot; x2=&quot;100%&quot; y2=&quot;0%&quot;&gt;&lt;stop offset=&quot;0%&quot;   stop-color=&quot;#FFFFFF03&quot;\/&gt;&lt;stop offset=&quot;100%&quot;   stop-color=&quot;#f8f9fa&quot;\/&gt;&lt;\/linearGradient&gt;&lt;\/defs&gt;&lt;path d=&quot;&quot; class=&quot;&quot; fill=&quot;url(#divider-pix-accordion-670941-bottom-overlay-color-0)&quot;&gt;&lt;\/path&gt;&lt;path d=&quot;&quot; class=&quot;&quot; fill=&quot;url(#divider-pix-accordion-670941-bottom-overlay-color-1)&quot;&gt;&lt;\/path&gt;&lt;path d=&quot;&quot; class=&quot;&quot; fill=&quot;#FFFFFF&quot;&gt;&lt;\/path&gt;\n                    &lt;\/svg&gt;\n                &lt;\/div&gt;&lt;\/div&gt;\" data-id=\"4b196cd\" data-element_type=\"section\" data-e-type=\"section\" data-settings=\"{&quot;stretch_section&quot;:&quot;section-stretched&quot;,&quot;background_background&quot;:&quot;classic&quot;,&quot;animation&quot;:&quot;fadeIn&quot;}\">\n\t\t\t\t\t\t\t<div class=\"elementor-background-overlay\"><\/div>\n\t\t\t\t\t\t\t<div class=\"elementor-container elementor-column-gap-default\">\n\t\t\t\t\t<div class=\"elementor-column elementor-col-100 elementor-top-column elementor-element elementor-element-ef5142a\" data-id=\"ef5142a\" data-element_type=\"column\" data-e-type=\"column\">\n\t\t\t<div class=\"elementor-widget-wrap elementor-element-populated\">\n\t\t\t\t\t\t<div class=\"elementor-element elementor-element-cd24f0d elementor-widget elementor-widget-spacer\" data-id=\"cd24f0d\" data-element_type=\"widget\" data-e-type=\"widget\" data-widget_type=\"spacer.default\">\n\t\t\t\t<div class=\"elementor-widget-container\">\n\t\t\t\t\t\t\t<div class=\"elementor-spacer\">\n\t\t\t<div class=\"elementor-spacer-inner\"><\/div>\n\t\t<\/div>\n\t\t\t\t\t\t<\/div>\n\t\t\t\t<\/div>\n\t\t\t\t<div class=\"elementor-element elementor-element-2984ce1 elementor-invisible elementor-widget elementor-widget-heading\" data-id=\"2984ce1\" data-element_type=\"widget\" data-e-type=\"widget\" data-settings=\"{&quot;_animation&quot;:&quot;fadeInUp&quot;,&quot;_animation_delay&quot;:400}\" data-widget_type=\"heading.default\">\n\t\t\t\t<div class=\"elementor-widget-container\">\n\t\t\t\t\t<h1 class=\"elementor-heading-title elementor-size-default\">Isen\u00e7\u00e3o de responsabilidade<\/h1>\t\t\t\t<\/div>\n\t\t\t\t<\/div>\n\t\t\t\t\t<\/div>\n\t\t<\/div>\n\t\t\t\t\t<\/div>\n\t\t<\/section>\n\t\t\t\t<section class=\"elementor-section elementor-top-section elementor-element elementor-element-4493b90 elementor-section-boxed elementor-section-height-default elementor-section-height-default\" data-id=\"4493b90\" data-element_type=\"section\" data-e-type=\"section\">\n\t\t\t\t\t\t<div class=\"elementor-container elementor-column-gap-default\">\n\t\t\t\t\t<div class=\"elementor-column elementor-col-100 elementor-top-column elementor-element elementor-element-6bc6360\" data-id=\"6bc6360\" data-element_type=\"column\" data-e-type=\"column\">\n\t\t\t<div class=\"elementor-widget-wrap elementor-element-populated\">\n\t\t\t\t\t\t<div class=\"elementor-element elementor-element-445266d elementor-widget elementor-widget-spacer\" data-id=\"445266d\" data-element_type=\"widget\" data-e-type=\"widget\" data-widget_type=\"spacer.default\">\n\t\t\t\t<div class=\"elementor-widget-container\">\n\t\t\t\t\t\t\t<div class=\"elementor-spacer\">\n\t\t\t<div class=\"elementor-spacer-inner\"><\/div>\n\t\t<\/div>\n\t\t\t\t\t\t<\/div>\n\t\t\t\t<\/div>\n\t\t\t\t<div class=\"elementor-element elementor-element-7fb208a elementor-invisible elementor-widget elementor-widget-pix-heading\" data-id=\"7fb208a\" data-element_type=\"widget\" data-e-type=\"widget\" data-widget_type=\"pix-heading.default\">\n\t\t\t\t<div class=\"elementor-widget-container\">\n\t\t\t\t\t<div  class=\"pix-heading-el text-center \"><h5 class=\"text-primary font-weight-bold h5 animate-in heading-text el-title_custom_color mb-12\" style=\"\" data-anim-type=\"fade-in-up\" data-anim-delay=\"800\">Apenas para refer\u00eancia<\/h5><\/div>\t\t\t\t<\/div>\n\t\t\t\t<\/div>\n\t\t\t\t<div class=\"elementor-element elementor-element-aad2a52 elementor-invisible elementor-widget elementor-widget-pix-text\" data-id=\"aad2a52\" data-element_type=\"widget\" data-e-type=\"widget\" data-widget_type=\"pix-text.default\">\n\t\t\t\t<div class=\"elementor-widget-container\">\n\t\t\t\t\t<div class=\"pix-el-text w-100 text-left \" ><p class=\" resp-option text-body-default text-left \" ><span class=\"text-body-default animate-in d-inline-block\" data-anim-delay=\"800\" data-anim-type=\"fade-in-up\">Todo o conte\u00fado publicado em nosso site, incluindo conte\u00fado escrito, imagens, filmes, gr\u00e1ficos e gr\u00e1ficos, bem como outros recursos que podemos publicar, incluindo links e arquivos, n\u00e3o s\u00e3o considerados aconselhamento jur\u00eddico. Voc\u00ea n\u00e3o deve confiar nessas postagens para tomar sua pr\u00f3pria decis\u00e3o relacionada \u00e0 imigra\u00e7\u00e3o. \n<br><br>\n Voc\u00ea concorda que n\u00e3o usar\u00e1 nosso site para refer\u00eancia, recomenda\u00e7\u00e3o ou orienta\u00e7\u00e3o para qualquer pessoa ou organiza\u00e7\u00e3o. Voc\u00ea assume toda a responsabilidade e toda a responsabilidade por qualquer perda incorrida devido \u00e0 depend\u00eancia das informa\u00e7\u00f5es publicadas no site e qualquer outro conte\u00fado obtido de outras publica\u00e7\u00f5es ou sites. \n<br><br>\n Se voc\u00ea estiver interessado ou precisar de aconselhamento profissional sobre imigra\u00e7\u00e3o, marque uma consulta para uma consulta conosco para receber aconselhamento especializado em imigra\u00e7\u00e3o antes de tomar sua pr\u00f3pria decis\u00e3o. N\u00e3o assumimos nenhuma responsabilidade por quaisquer a\u00e7\u00f5es que voc\u00ea tome com base em nosso conte\u00fado para tomar decis\u00f5es individuais de imigra\u00e7\u00e3o ou para apresentar pedidos de imigra\u00e7\u00e3o.<\/span><\/p><\/div>\t\t\t\t<\/div>\n\t\t\t\t<\/div>\n\t\t\t\t<div class=\"elementor-element elementor-element-98b10c9 elementor-invisible elementor-widget elementor-widget-pix-heading\" data-id=\"98b10c9\" data-element_type=\"widget\" data-e-type=\"widget\" data-widget_type=\"pix-heading.default\">\n\t\t\t\t<div class=\"elementor-widget-container\">\n\t\t\t\t\t<div  class=\"pix-heading-el text-center \"><h5 class=\"text-primary font-weight-bold h5 animate-in heading-text el-title_custom_color mb-12\" style=\"\" data-anim-type=\"fade-in-up\" data-anim-delay=\"400\">Isen\u00e7\u00e3o de responsabilidade legal<\/h5><\/div>\t\t\t\t<\/div>\n\t\t\t\t<\/div>\n\t\t\t\t<div class=\"elementor-element elementor-element-56dc731 elementor-invisible elementor-widget elementor-widget-pix-text\" data-id=\"56dc731\" data-element_type=\"widget\" data-e-type=\"widget\" data-widget_type=\"pix-text.default\">\n\t\t\t\t<div class=\"elementor-widget-container\">\n\t\t\t\t\t<div class=\"pix-el-text w-100 text-left \" ><p class=\" resp-option text-body-default text-left \" ><span class=\"text-body-default animate-in d-inline-block\" data-anim-delay=\"400\" data-anim-type=\"fade-in-up\">Em qualquer caso, n\u00e3o somos respons\u00e1veis pelas consequ\u00eancias de curto ou longo prazo e\/ou danos que ocorram durante o uso das informa\u00e7\u00f5es do site. \n<br><br>\n Atrav\u00e9s do nosso site, voc\u00ea pode ser vinculado a outros sites que n\u00e3o est\u00e3o sujeitos \u00e0 nossa censura. N\u00e3o controlamos as pol\u00edticas, conte\u00fado ou qualquer coisa publicada nesses sites. Portanto, n\u00e3o somos respons\u00e1veis, direta ou indiretamente, por danos ou perdas causadas por ou alegadamente causadas por ou em conex\u00e3o com o uso ou confiabilidade de qualquer informa\u00e7\u00e3o fornecida por terceiros fora do nosso site. \n<br><br>\n Sempre nos esfor\u00e7amos para desenvolver e apoiar um site est\u00e1vel. No entanto, n\u00e3o somos respons\u00e1veis e n\u00e3o assumimos nenhuma responsabilidade se o site estiver temporariamente inacess\u00edvel devido a erros t\u00e9cnicos de sua parte ou danos ou perdas causadas por qualquer falha, erro, n\u00e3o desempenho, interrup\u00e7\u00e3o, exclus\u00e3o, defeito, interrup\u00e7\u00e3o na opera\u00e7\u00e3o ou transmiss\u00e3o, v\u00edrus de computador, falha de transmiss\u00e3o, roubo ou vandalismo, acesso n\u00e3o autorizado, modifica\u00e7\u00e3o n\u00e3o autorizada ou uso n\u00e3o autorizado dos registros, seja por quebra de contrato ou delito, neglig\u00eancia ou qualquer outra causa.<\/span><\/p><\/div>\t\t\t\t<\/div>\n\t\t\t\t<\/div>\n\t\t\t\t<div class=\"elementor-element elementor-element-90cbcbf elementor-invisible elementor-widget elementor-widget-pix-heading\" data-id=\"90cbcbf\" data-element_type=\"widget\" data-e-type=\"widget\" data-widget_type=\"pix-heading.default\">\n\t\t\t\t<div class=\"elementor-widget-container\">\n\t\t\t\t\t<div  class=\"pix-heading-el text-center \"><h5 class=\"text-primary font-weight-bold h5 animate-in heading-text el-title_custom_color mb-12\" style=\"\" data-anim-type=\"fade-in-up\" data-anim-delay=\"400\">Isen\u00e7\u00e3o de responsabilidade de conte\u00fado<\/h5><\/div>\t\t\t\t<\/div>\n\t\t\t\t<\/div>\n\t\t\t\t<div class=\"elementor-element elementor-element-f6d2678 elementor-invisible elementor-widget elementor-widget-pix-text\" data-id=\"f6d2678\" data-element_type=\"widget\" data-e-type=\"widget\" data-widget_type=\"pix-text.default\">\n\t\t\t\t<div class=\"elementor-widget-container\">\n\t\t\t\t\t<div class=\"pix-el-text w-100 text-left \" ><p class=\" resp-option text-body-default text-left \" ><span class=\"text-body-default animate-in d-inline-block\" data-anim-delay=\"400\" data-anim-type=\"fade-in-up\">O uso das informa\u00e7\u00f5es no nosso site \u00e9 inteiramente por sua conta e risco. As informa\u00e7\u00f5es e a estrutura do site, incluindo os Termos de Uso, Aviso Legal e Privacidade, podem ser alterados, ajustados, atualizados ou melhorados a qualquer momento, sem aviso pr\u00e9vio ao usu\u00e1rio. \n<br><br>\n Ningu\u00e9m al\u00e9m de n\u00f3s est\u00e1 autorizado a alterar o conte\u00fado deste site. N\u00e3o nos responsabilizamos pelo uso de refer\u00eancias diretas ou indiretas a informa\u00e7\u00f5es em nosso site por terceiros.<\/span><\/p><\/div>\t\t\t\t<\/div>\n\t\t\t\t<\/div>\n\t\t\t\t<div class=\"elementor-element elementor-element-73c167d elementor-widget elementor-widget-spacer\" data-id=\"73c167d\" data-element_type=\"widget\" data-e-type=\"widget\" data-widget_type=\"spacer.default\">\n\t\t\t\t<div class=\"elementor-widget-container\">\n\t\t\t\t\t\t\t<div class=\"elementor-spacer\">\n\t\t\t<div class=\"elementor-spacer-inner\"><\/div>\n\t\t<\/div>\n\t\t\t\t\t\t<\/div>\n\t\t\t\t<\/div>\n\t\t\t\t\t<\/div>\n\t\t<\/div>\n\t\t\t\t\t<\/div>\n\t\t<\/section>\n\t\t\t\t<\/div>\n\t\t","protected":false},"excerpt":{"rendered":"<p>Isen\u00e7\u00e3o de responsabilidade Apenas para refer\u00eancia Todo o conte\u00fado publicado em nosso site, incluindo conte\u00fado escrito, imagens, filmes, gr\u00e1ficos e gr\u00e1ficos, bem como outros recursos que podemos publicar, incluindo links e arquivos, n\u00e3o s\u00e3o considerados aconselhamento jur\u00eddico. Voc\u00ea n\u00e3o deve&#8230;<\/p>\n","protected":false},"author":4,"featured_media":523228,"parent":0,"menu_order":0,"comment_status":"closed","ping_status":"closed","template":"","meta":{"footnotes":""},"class_list":["post-54265","page","type-page","status-publish","has-post-thumbnail","hentry"],"_links":{"self":[{"href":"https:\/\/redim.ca\/pt-br\/wp-json\/wp\/v2\/pages\/54265","targetHints":{"allow":["GET"]}}],"collection":[{"href":"https:\/\/redim.ca\/pt-br\/wp-json\/wp\/v2\/pages"}],"about":[{"href":"https:\/\/redim.ca\/pt-br\/wp-json\/wp\/v2\/types\/page"}],"author":[{"embeddable":true,"href":"https:\/\/redim.ca\/pt-br\/wp-json\/wp\/v2\/users\/4"}],"replies":[{"embeddable":true,"href":"https:\/\/redim.ca\/pt-br\/wp-json\/wp\/v2\/comments?post=54265"}],"version-history":[{"count":0,"href":"https:\/\/redim.ca\/pt-br\/wp-json\/wp\/v2\/pages\/54265\/revisions"}],"wp:featuredmedia":[{"embeddable":true,"href":"https:\/\/redim.ca\/pt-br\/wp-json\/"}],"wp:attachment":[{"href":"https:\/\/redim.ca\/pt-br\/wp-json\/wp\/v2\/media?parent=54265"}],"curies":[{"name":"wp","href":"https:\/\/api.w.org\/{rel}","templated":true}]}}