{"id":537924,"date":"2026-04-10T19:42:45","date_gmt":"2026-04-11T02:42:45","guid":{"rendered":"https:\/\/redim.ca\/politica-editorial\/"},"modified":"2026-04-14T16:32:13","modified_gmt":"2026-04-14T23:32:13","slug":"politica-editorial","status":"publish","type":"page","link":"https:\/\/redim.ca\/pt-br\/politica-editorial\/","title":{"rendered":"Pol\u00edtica Editorial e Padr\u00f5es Jornal\u00edsticos"},"content":{"rendered":"\t\t<div data-elementor-type=\"wp-page\" data-elementor-id=\"537924\" class=\"elementor elementor-537924 elementor-537655\" data-elementor-post-type=\"page\">\n\t\t\t\t\t\t<section class=\"pix-elementor-divider elementor-section elementor-top-section elementor-element elementor-element-bf64db4 elementor-section-stretched elementor-section-full_width elementor-section-height-min-height animated-fast redh1 elementor-section-height-default elementor-section-items-middle elementor-invisible\" data-pix-dividers=\"&lt;div class=&quot;pix-divider  position-relative pix-bottom-divider&quot; data-style=&quot;style-dynamic&quot; &gt;&lt;div class=&quot;pix-dividers-box w-100 position-relative d-inline-block&quot; &gt;\n                    &lt;svg class=&quot;pix-shape-dividers&quot;  viewBox=&quot;0 0 100 100&quot; preserveAspectRatio=&quot;none&quot;&gt;\n                        &lt;defs&gt;&lt;linearGradient id=&quot;divider-pix-accordion-61846-bottom-overlay-color-0&quot; x1=&quot;0%&quot; y1=&quot;0%&quot; x2=&quot;100%&quot; y2=&quot;0%&quot;&gt;&lt;stop offset=&quot;0%&quot;   stop-color=&quot;#FFFFFF80&quot;\/&gt;&lt;stop offset=&quot;100%&quot;   stop-color=&quot;#FFFFFF03&quot;\/&gt;&lt;\/linearGradient&gt;&lt;linearGradient id=&quot;divider-pix-accordion-61846-bottom-overlay-color-1&quot; x1=&quot;0%&quot; y1=&quot;0%&quot; x2=&quot;100%&quot; y2=&quot;0%&quot;&gt;&lt;stop offset=&quot;0%&quot;   stop-color=&quot;#FFFFFF03&quot;\/&gt;&lt;stop offset=&quot;100%&quot;   stop-color=&quot;#FFFFFF73&quot;\/&gt;&lt;\/linearGradient&gt;&lt;\/defs&gt;&lt;path d=&quot;&quot; class=&quot;&quot; fill=&quot;url(#divider-pix-accordion-61846-bottom-overlay-color-0)&quot;&gt;&lt;\/path&gt;&lt;path d=&quot;&quot; class=&quot;&quot; fill=&quot;url(#divider-pix-accordion-61846-bottom-overlay-color-1)&quot;&gt;&lt;\/path&gt;&lt;path d=&quot;&quot; class=&quot;&quot; fill=&quot;#FFFFFF&quot;&gt;&lt;\/path&gt;\n                    &lt;\/svg&gt;\n                &lt;\/div&gt;&lt;\/div&gt;\" data-id=\"bf64db4\" data-element_type=\"section\" data-e-type=\"section\" data-settings=\"{&quot;stretch_section&quot;:&quot;section-stretched&quot;,&quot;background_background&quot;:&quot;classic&quot;,&quot;animation&quot;:&quot;fadeIn&quot;}\">\n\t\t\t\t\t\t\t<div class=\"elementor-background-overlay\"><\/div>\n\t\t\t\t\t\t\t<div class=\"elementor-container elementor-column-gap-default\">\n\t\t\t\t\t<div class=\"elementor-column elementor-col-100 elementor-top-column elementor-element elementor-element-6628333\" data-id=\"6628333\" data-element_type=\"column\" data-e-type=\"column\">\n\t\t\t<div class=\"elementor-widget-wrap elementor-element-populated\">\n\t\t\t\t\t\t<div class=\"elementor-element elementor-element-f8688ba elementor-widget elementor-widget-spacer\" data-id=\"f8688ba\" data-element_type=\"widget\" data-e-type=\"widget\" data-widget_type=\"spacer.default\">\n\t\t\t\t<div class=\"elementor-widget-container\">\n\t\t\t\t\t\t\t<div class=\"elementor-spacer\">\n\t\t\t<div class=\"elementor-spacer-inner\"><\/div>\n\t\t<\/div>\n\t\t\t\t\t\t<\/div>\n\t\t\t\t<\/div>\n\t\t\t\t<div class=\"elementor-element elementor-element-4870407 elementor-invisible elementor-widget elementor-widget-heading\" data-id=\"4870407\" data-element_type=\"widget\" data-e-type=\"widget\" data-settings=\"{&quot;_animation&quot;:&quot;fadeInUp&quot;,&quot;_animation_delay&quot;:400}\" data-widget_type=\"heading.default\">\n\t\t\t\t<div class=\"elementor-widget-container\">\n\t\t\t\t\t<h1 class=\"elementor-heading-title elementor-size-default\">Pol\u00edtica Editorial e Padr\u00f5es Jornal\u00edsticos<\/h1>\t\t\t\t<\/div>\n\t\t\t\t<\/div>\n\t\t\t\t\t<\/div>\n\t\t<\/div>\n\t\t\t\t\t<\/div>\n\t\t<\/section>\n\t\t\t\t<section class=\"elementor-section elementor-top-section elementor-element elementor-element-9cfaacf elementor-section-boxed elementor-section-height-default elementor-section-height-default\" data-id=\"9cfaacf\" data-element_type=\"section\" data-e-type=\"section\">\n\t\t\t\t\t\t<div class=\"elementor-container elementor-column-gap-default\">\n\t\t\t\t\t<div class=\"elementor-column elementor-col-100 elementor-top-column elementor-element elementor-element-7a6aa51\" data-id=\"7a6aa51\" data-element_type=\"column\" data-e-type=\"column\">\n\t\t\t<div class=\"elementor-widget-wrap elementor-element-populated\">\n\t\t\t\t\t\t<div class=\"elementor-element elementor-element-6b66f6d elementor-widget elementor-widget-spacer\" data-id=\"6b66f6d\" data-element_type=\"widget\" data-e-type=\"widget\" data-widget_type=\"spacer.default\">\n\t\t\t\t<div class=\"elementor-widget-container\">\n\t\t\t\t\t\t\t<div class=\"elementor-spacer\">\n\t\t\t<div class=\"elementor-spacer-inner\"><\/div>\n\t\t<\/div>\n\t\t\t\t\t\t<\/div>\n\t\t\t\t<\/div>\n\t\t\t\t<div class=\"elementor-element elementor-element-1fef618 elementor-invisible elementor-widget elementor-widget-pix-text\" data-id=\"1fef618\" data-element_type=\"widget\" data-e-type=\"widget\" data-widget_type=\"pix-text.default\">\n\t\t\t\t<div class=\"elementor-widget-container\">\n\t\t\t\t\t<div class=\"pix-el-text w-100 text-left \" ><p class=\" resp-option text-body-default text-left \" ><span class=\"text-body-default animate-in d-inline-block\" data-anim-delay=\"800\" data-anim-type=\"fade-in-up\">A RED Immigration News opera como o bra\u00e7o editorial independente da RED Immigration Consulting. Reconhecemos que a pol\u00edtica de assentamento permanente do Canad\u00e1 afeta profundamente a felicidade futura, a estabilidade financeira e a situa\u00e7\u00e3o legal de nossos leitores. Como uma entidade jur\u00eddica profissional, mantemo-nos nos mais altos padr\u00f5es jornal\u00edsticos de precis\u00e3o, transpar\u00eancia e reportagem \u00e9tica. Nossa miss\u00e3o \u00e9 democratizar o acesso \u00e0 lei de assentamento permanente do Canad\u00e1, fornecendo reportagens rigorosas e em tempo real sobre mudan\u00e7as nas pol\u00edticas, din\u00e2mica de processamento do Assentamento Permanente, Refugiados e Cidadania do Canad\u00e1 (Immigration, Refugees and Citizenship Canada - IRCC) e tend\u00eancias de assentamento permanente nas prov\u00edncias.<\/span><\/p><\/div>\t\t\t\t<\/div>\n\t\t\t\t<\/div>\n\t\t\t\t<div class=\"elementor-element elementor-element-47d41e6 elementor-invisible elementor-widget elementor-widget-pix-heading\" data-id=\"47d41e6\" data-element_type=\"widget\" data-e-type=\"widget\" data-widget_type=\"pix-heading.default\">\n\t\t\t\t<div class=\"elementor-widget-container\">\n\t\t\t\t\t<div  class=\"pix-heading-el text-center \"><h5 class=\"text-primary font-weight-bold h5 animate-in heading-text el-title_custom_color mb-12\" style=\"\" data-anim-type=\"fade-in-up\" data-anim-delay=\"800\">Independ\u00eancia Editorial e Transpar\u00eancia Comercial<\/h5><\/div>\t\t\t\t<\/div>\n\t\t\t\t<\/div>\n\t\t\t\t<div class=\"elementor-element elementor-element-4ea6263 elementor-invisible elementor-widget elementor-widget-pix-text\" data-id=\"4ea6263\" data-element_type=\"widget\" data-e-type=\"widget\" data-widget_type=\"pix-text.default\">\n\t\t\t\t<div class=\"elementor-widget-container\">\n\t\t\t\t\t<div class=\"pix-el-text w-100 text-left \" ><p class=\" resp-option text-body-default text-left \" ><span class=\"text-body-default animate-in d-inline-block\" data-anim-delay=\"800\" data-anim-type=\"fade-in-up\">Os visitantes do nosso site devem confiar e saber quem produz o conte\u00fado. RED Immigration News pertence \u00e0 RED Immigration Consulting. Para manter objetividade, opera\u00e7\u00f5es editoriais e comerciais s\u00e3o separadas.\n<br><br>\nO conte\u00fado \u00e9 controlado por equipe independente. Conte\u00fado promocional deve ser identificado. Autores n\u00e3o podem aceitar pagamentos que afetem a integridade.<\/span><\/p><\/div>\t\t\t\t<\/div>\n\t\t\t\t<\/div>\n\t\t\t\t<div class=\"elementor-element elementor-element-bdfafb6 elementor-invisible elementor-widget elementor-widget-pix-heading\" data-id=\"bdfafb6\" data-element_type=\"widget\" data-e-type=\"widget\" data-widget_type=\"pix-heading.default\">\n\t\t\t\t<div class=\"elementor-widget-container\">\n\t\t\t\t\t<div  class=\"pix-heading-el text-center \"><h5 class=\"text-primary font-weight-bold h5 animate-in heading-text el-title_custom_color mb-12\" style=\"\" data-anim-type=\"fade-in-up\" data-anim-delay=\"400\">Autoria, Especialidade e Experi\u00eancia (E-E-A-T)<\/h5><\/div>\t\t\t\t<\/div>\n\t\t\t\t<\/div>\n\t\t\t\t<div class=\"elementor-element elementor-element-40f82b6 elementor-invisible elementor-widget elementor-widget-pix-text\" data-id=\"40f82b6\" data-element_type=\"widget\" data-e-type=\"widget\" data-widget_type=\"pix-text.default\">\n\t\t\t\t<div class=\"elementor-widget-container\">\n\t\t\t\t\t<div class=\"pix-el-text w-100 text-left \" ><p class=\" resp-option text-body-default text-left \" ><span class=\"text-body-default animate-in d-inline-block\" data-anim-delay=\"400\" data-anim-type=\"fade-in-up\">Como as informa\u00e7\u00f5es de imigra\u00e7\u00e3o envolvem aconselhamento jur\u00eddico e financeiro de alto risco, garantimos que todo o conte\u00fado seja baseado em experi\u00eancia verific\u00e1vel. Artigos sobre leis ou estrat\u00e9gias s\u00e3o escritos ou revisados por um Regulated Canadian Immigration Consultant (RCIC) ou profissional legal licenciado.\n<br><br>\nCada artigo inclui autor e data, com biografias detalhadas. Tamb\u00e9m compartilhamos experi\u00eancias reais quando aplic\u00e1vel.<\/span><\/p><\/div>\t\t\t\t<\/div>\n\t\t\t\t<\/div>\n\t\t\t\t<div class=\"elementor-element elementor-element-325f3da elementor-invisible elementor-widget elementor-widget-pix-heading\" data-id=\"325f3da\" data-element_type=\"widget\" data-e-type=\"widget\" data-widget_type=\"pix-heading.default\">\n\t\t\t\t<div class=\"elementor-widget-container\">\n\t\t\t\t\t<div  class=\"pix-heading-el text-center \"><h5 class=\"text-primary font-weight-bold h5 animate-in heading-text el-title_custom_color mb-12\" style=\"\" data-anim-type=\"fade-in-up\" data-anim-delay=\"400\">Fontes e Verifica\u00e7\u00e3o de Fatos<\/h5><\/div>\t\t\t\t<\/div>\n\t\t\t\t<\/div>\n\t\t\t\t<div class=\"elementor-element elementor-element-0f442e3 elementor-invisible elementor-widget elementor-widget-pix-text\" data-id=\"0f442e3\" data-element_type=\"widget\" data-e-type=\"widget\" data-widget_type=\"pix-text.default\">\n\t\t\t\t<div class=\"elementor-widget-container\">\n\t\t\t\t\t<div class=\"pix-el-text w-100 text-left \" ><p class=\" resp-option text-body-default text-left \" ><span class=\"text-body-default animate-in d-inline-block\" data-anim-delay=\"400\" data-anim-type=\"fade-in-up\">Nossos relat\u00f3rios s\u00e3o baseados em pesquisa rigorosa e fontes prim\u00e1rias confi\u00e1veis. Priorizamos documentos oficiais como IRCC e PNP. Fornecemos links oficiais para comprova\u00e7\u00e3o. O uso de fontes an\u00f4nimas \u00e9 proibido, exceto em interesse p\u00fablico.<\/span><\/p><\/div>\t\t\t\t<\/div>\n\t\t\t\t<\/div>\n\t\t\t\t<div class=\"elementor-element elementor-element-1f43e17 elementor-invisible elementor-widget elementor-widget-pix-heading\" data-id=\"1f43e17\" data-element_type=\"widget\" data-e-type=\"widget\" data-widget_type=\"pix-heading.default\">\n\t\t\t\t<div class=\"elementor-widget-container\">\n\t\t\t\t\t<div  class=\"pix-heading-el text-center \"><h5 class=\"text-primary font-weight-bold h5 animate-in heading-text el-title_custom_color mb-12\" style=\"\" data-anim-type=\"fade-in-up\" data-anim-delay=\"400\">Corre\u00e7\u00f5es e Atualiza\u00e7\u00f5es<\/h5><\/div>\t\t\t\t<\/div>\n\t\t\t\t<\/div>\n\t\t\t\t<div class=\"elementor-element elementor-element-03d7299 elementor-invisible elementor-widget elementor-widget-pix-text\" data-id=\"03d7299\" data-element_type=\"widget\" data-e-type=\"widget\" data-widget_type=\"pix-text.default\">\n\t\t\t\t<div class=\"elementor-widget-container\">\n\t\t\t\t\t<div class=\"pix-el-text w-100 text-left \" ><p class=\" resp-option text-body-default text-left \" ><span class=\"text-body-default animate-in d-inline-block\" data-anim-delay=\"400\" data-anim-type=\"fade-in-up\">Estamos comprometidos em fornecer fatos com precis\u00e3o e manter o ciclo de desenvolvimento de not\u00edcias de forma \u00e9tica. Se um erro relevante for identificado, corrigimos imediatamente. Uma \"Editor's Note\" clara ser\u00e1 adicionada permanentemente explicando as mudan\u00e7as, data e motivo. Quando houver mudan\u00e7as devido a atualiza\u00e7\u00f5es do IRCC ou leis, atualizamos o artigo com \"\u00daltima atualiza\u00e7\u00e3o:\". Seguimos diretrizes de busca e proibimos atualiza\u00e7\u00f5es artificiais de datas.<\/span><\/p><\/div>\t\t\t\t<\/div>\n\t\t\t\t<\/div>\n\t\t\t\t<div class=\"elementor-element elementor-element-c787c03 elementor-invisible elementor-widget elementor-widget-pix-heading\" data-id=\"c787c03\" data-element_type=\"widget\" data-e-type=\"widget\" data-widget_type=\"pix-heading.default\">\n\t\t\t\t<div class=\"elementor-widget-container\">\n\t\t\t\t\t<div  class=\"pix-heading-el text-center \"><h5 class=\"text-primary font-weight-bold h5 animate-in heading-text el-title_custom_color mb-12\" style=\"\" data-anim-type=\"fade-in-up\" data-anim-delay=\"400\">Intelig\u00eancia Artificial (AI) e Automa\u00e7\u00e3o<\/h5><\/div>\t\t\t\t<\/div>\n\t\t\t\t<\/div>\n\t\t\t\t<div class=\"elementor-element elementor-element-4d587ed elementor-invisible elementor-widget elementor-widget-pix-text\" data-id=\"4d587ed\" data-element_type=\"widget\" data-e-type=\"widget\" data-widget_type=\"pix-text.default\">\n\t\t\t\t<div class=\"elementor-widget-container\">\n\t\t\t\t\t<div class=\"pix-el-text w-100 text-left \" ><p class=\" resp-option text-body-default text-left \" ><span class=\"text-body-default animate-in d-inline-block\" data-anim-delay=\"400\" data-anim-type=\"fade-in-up\">Acreditamos que profissionais humanos qualificados devem manter controle total sobre decis\u00f5es editoriais e cria\u00e7\u00e3o de conte\u00fado. Ferramentas de IA generativa s\u00e3o proibidas para interpretar leis de imigra\u00e7\u00e3o, fornecer aconselhamento jur\u00eddico ou escrever an\u00e1lises automaticamente, reduzindo riscos de \"alucina\u00e7\u00f5es\". Podemos usar IA interna para tarefas t\u00e9cnicas. Caso seja utilizada, haver\u00e1 divulga\u00e7\u00e3o clara. Acreditamos que profissionais humanos qualificados devem liderar as decis\u00f5es editoriais e a cria\u00e7\u00e3o de conte\u00fado. N\u00e3o utilizamos IA generativa para interpretar leis de imigra\u00e7\u00e3o, fornecer aconselhamento jur\u00eddico ou escrever an\u00e1lises, evitando riscos de \"alucina\u00e7\u00f5es\". No entanto, podemos usar IA interna para tarefas t\u00e9cnicas e informaremos quando isso ocorrer.<\/span><\/p><\/div>\t\t\t\t<\/div>\n\t\t\t\t<\/div>\n\t\t\t\t<div class=\"elementor-element elementor-element-5b00478 elementor-invisible elementor-widget elementor-widget-pix-heading\" data-id=\"5b00478\" data-element_type=\"widget\" data-e-type=\"widget\" data-widget_type=\"pix-heading.default\">\n\t\t\t\t<div class=\"elementor-widget-container\">\n\t\t\t\t\t<div  class=\"pix-heading-el text-center \"><h5 class=\"text-primary font-weight-bold h5 animate-in heading-text el-title_custom_color mb-12\" style=\"\" data-anim-type=\"fade-in-up\" data-anim-delay=\"400\">Privacidade e Isolamento de Dados<\/h5><\/div>\t\t\t\t<\/div>\n\t\t\t\t<\/div>\n\t\t\t\t<div class=\"elementor-element elementor-element-f483a7a elementor-invisible elementor-widget elementor-widget-pix-text\" data-id=\"f483a7a\" data-element_type=\"widget\" data-e-type=\"widget\" data-widget_type=\"pix-text.default\">\n\t\t\t\t<div class=\"elementor-widget-container\">\n\t\t\t\t\t<div class=\"pix-el-text w-100 text-left \" ><p class=\" resp-option text-body-default text-left \" ><span class=\"text-body-default animate-in d-inline-block\" data-anim-delay=\"400\" data-anim-type=\"fade-in-up\">Priorizamos a prote\u00e7\u00e3o absoluta de nossos leitores e fontes jornal\u00edsticas. As informa\u00e7\u00f5es pessoais enviadas para pesquisa jornal\u00edstica, entrevistas ou dicas de not\u00edcias s\u00e3o tratadas de maneira completamente segregada dos dados pessoais coletados para marketing comercial ou fins de gera\u00e7\u00e3o de leads jur\u00eddicos. N\u00e3o usamos dados editoriais para marketing direto, a menos que o usu\u00e1rio opte explicitamente por isso. Al\u00e9m disso, para manter a reputa\u00e7\u00e3o autorit\u00e1ria do nosso site e proteger os usu\u00e1rios de pr\u00e1ticas enganosas, proibimos estritamente a hospedagem de conte\u00fado \"white-label\" de terceiros ou p\u00e1ginas promocionais manipulativas projetadas para explorar a autoridade do nosso dom\u00ednio.<\/span><\/p><\/div>\t\t\t\t<\/div>\n\t\t\t\t<\/div>\n\t\t\t\t<div class=\"elementor-element elementor-element-d9957a7 elementor-invisible elementor-widget elementor-widget-pix-heading\" data-id=\"d9957a7\" data-element_type=\"widget\" data-e-type=\"widget\" data-widget_type=\"pix-heading.default\">\n\t\t\t\t<div class=\"elementor-widget-container\">\n\t\t\t\t\t<div  class=\"pix-heading-el text-center \"><h5 class=\"text-primary font-weight-bold h5 animate-in heading-text el-title_custom_color mb-12\" style=\"\" data-anim-type=\"fade-in-up\" data-anim-delay=\"400\">Fale Conosco<\/h5><\/div>\t\t\t\t<\/div>\n\t\t\t\t<\/div>\n\t\t\t\t<div class=\"elementor-element elementor-element-5fe12f0 elementor-invisible elementor-widget elementor-widget-pix-text\" data-id=\"5fe12f0\" data-element_type=\"widget\" data-e-type=\"widget\" data-widget_type=\"pix-text.default\">\n\t\t\t\t<div class=\"elementor-widget-container\">\n\t\t\t\t\t<div class=\"pix-el-text w-100 text-left \" ><p class=\" resp-option text-body-default text-left \" ><span class=\"text-body-default animate-in d-inline-block\" data-anim-delay=\"400\" data-anim-type=\"fade-in-up\">Acolhemos o escrut\u00ednio p\u00fablico e o feedback dos leitores para garantir que nossos padr\u00f5es permane\u00e7am impec\u00e1veis. Para corre\u00e7\u00f5es, esclarecimento de fontes ou perguntas editoriais, entre em contato diretamente com nossa reda\u00e7\u00e3o por e-mail em \\<a href=\"mailto:media@redim.ca\" target=\"\\_blank\"\\>media@redim.ca\\<\/a\\>.<\/span><\/p><\/div>\t\t\t\t<\/div>\n\t\t\t\t<\/div>\n\t\t\t\t<div class=\"elementor-element elementor-element-ac84e87 elementor-invisible elementor-widget elementor-widget-pix-text\" data-id=\"ac84e87\" data-element_type=\"widget\" data-e-type=\"widget\" data-widget_type=\"pix-text.default\">\n\t\t\t\t<div class=\"elementor-widget-container\">\n\t\t\t\t\t<div class=\"pix-el-text w-100 text-left \" ><p class=\" resp-option text-body-default text-left \" ><span class=\"text-body-default animate-in d-inline-block\" data-anim-delay=\"800\" data-anim-type=\"fade-in-up\">\\<strong\\>\u00daltima Atualiza\u00e7\u00e3o:\\<\/strong\\> Abril de 2026<\/span><\/p><\/div>\t\t\t\t<\/div>\n\t\t\t\t<\/div>\n\t\t\t\t<div class=\"elementor-element elementor-element-ab9314d elementor-widget__width-initial elementor-invisible elementor-widget elementor-widget-pix-text\" data-id=\"ab9314d\" data-element_type=\"widget\" data-e-type=\"widget\" data-widget_type=\"pix-text.default\">\n\t\t\t\t<div class=\"elementor-widget-container\">\n\t\t\t\t\t<div class=\"pix-el-text w-100 text-left \" ><div class=\"d-inline-block\" style=\"max-width:350px;\"><p class=\" resp-option text-heading-default text-left font-weight-bold\" ><span class=\"text-heading-default animate-in d-inline-block\" data-anim-delay=\"500\" data-anim-type=\"fade-in\">RED Immigration Consulting Inc.<\/span><\/p><\/div><\/div>\t\t\t\t<\/div>\n\t\t\t\t<\/div>\n\t\t\t\t<div class=\"elementor-element elementor-element-db7c652 elementor-widget elementor-widget-spacer\" data-id=\"db7c652\" data-element_type=\"widget\" data-e-type=\"widget\" data-widget_type=\"spacer.default\">\n\t\t\t\t<div class=\"elementor-widget-container\">\n\t\t\t\t\t\t\t<div class=\"elementor-spacer\">\n\t\t\t<div class=\"elementor-spacer-inner\"><\/div>\n\t\t<\/div>\n\t\t\t\t\t\t<\/div>\n\t\t\t\t<\/div>\n\t\t\t\t\t<\/div>\n\t\t<\/div>\n\t\t\t\t\t<\/div>\n\t\t<\/section>\n\t\t\t\t<\/div>\n\t\t","protected":false},"excerpt":{"rendered":"<p>Pol\u00edtica Editorial e Padr\u00f5es Jornal\u00edsticos A RED Immigration News opera como o bra\u00e7o editorial independente da RED Immigration Consulting. Reconhecemos que a pol\u00edtica de assentamento permanente do Canad\u00e1 afeta profundamente a felicidade futura, a estabilidade financeira e a situa\u00e7\u00e3o legal&#8230;<\/p>\n","protected":false},"author":4,"featured_media":523228,"parent":0,"menu_order":0,"comment_status":"closed","ping_status":"closed","template":"","meta":{"footnotes":""},"class_list":["post-537924","page","type-page","status-publish","has-post-thumbnail","hentry"],"_links":{"self":[{"href":"https:\/\/redim.ca\/pt-br\/wp-json\/wp\/v2\/pages\/537924","targetHints":{"allow":["GET"]}}],"collection":[{"href":"https:\/\/redim.ca\/pt-br\/wp-json\/wp\/v2\/pages"}],"about":[{"href":"https:\/\/redim.ca\/pt-br\/wp-json\/wp\/v2\/types\/page"}],"author":[{"embeddable":true,"href":"https:\/\/redim.ca\/pt-br\/wp-json\/wp\/v2\/users\/4"}],"replies":[{"embeddable":true,"href":"https:\/\/redim.ca\/pt-br\/wp-json\/wp\/v2\/comments?post=537924"}],"version-history":[{"count":2,"href":"https:\/\/redim.ca\/pt-br\/wp-json\/wp\/v2\/pages\/537924\/revisions"}],"predecessor-version":[{"id":537928,"href":"https:\/\/redim.ca\/pt-br\/wp-json\/wp\/v2\/pages\/537924\/revisions\/537928"}],"wp:featuredmedia":[{"embeddable":true,"href":"https:\/\/redim.ca\/pt-br\/wp-json\/"}],"wp:attachment":[{"href":"https:\/\/redim.ca\/pt-br\/wp-json\/wp\/v2\/media?parent=537924"}],"curies":[{"name":"wp","href":"https:\/\/api.w.org\/{rel}","templated":true}]}}