{"id":537908,"date":"2026-04-10T19:42:45","date_gmt":"2026-04-11T02:42:45","guid":{"rendered":"https:\/\/redim.ca\/politique-editoriale\/"},"modified":"2026-04-14T16:32:12","modified_gmt":"2026-04-14T23:32:12","slug":"politique-editoriale","status":"publish","type":"page","link":"https:\/\/redim.ca\/fr\/politique-editoriale\/","title":{"rendered":"Politique \u00e9ditoriale et normes journalistiques"},"content":{"rendered":"\t\t<div data-elementor-type=\"wp-page\" data-elementor-id=\"537908\" class=\"elementor elementor-537908 elementor-537655\" data-elementor-post-type=\"page\">\n\t\t\t\t\t\t<section class=\"pix-elementor-divider elementor-section elementor-top-section elementor-element elementor-element-bf64db4 elementor-section-stretched elementor-section-full_width elementor-section-height-min-height animated-fast redh1 elementor-section-height-default elementor-section-items-middle elementor-invisible\" data-pix-dividers=\"&lt;div class=&quot;pix-divider  position-relative pix-bottom-divider&quot; data-style=&quot;style-dynamic&quot; &gt;&lt;div class=&quot;pix-dividers-box w-100 position-relative d-inline-block&quot; &gt;\n                    &lt;svg class=&quot;pix-shape-dividers&quot;  viewBox=&quot;0 0 100 100&quot; preserveAspectRatio=&quot;none&quot;&gt;\n                        &lt;defs&gt;&lt;linearGradient id=&quot;divider-pix-accordion-317867-bottom-overlay-color-0&quot; x1=&quot;0%&quot; y1=&quot;0%&quot; x2=&quot;100%&quot; y2=&quot;0%&quot;&gt;&lt;stop offset=&quot;0%&quot;   stop-color=&quot;#FFFFFF80&quot;\/&gt;&lt;stop offset=&quot;100%&quot;   stop-color=&quot;#FFFFFF03&quot;\/&gt;&lt;\/linearGradient&gt;&lt;linearGradient id=&quot;divider-pix-accordion-317867-bottom-overlay-color-1&quot; x1=&quot;0%&quot; y1=&quot;0%&quot; x2=&quot;100%&quot; y2=&quot;0%&quot;&gt;&lt;stop offset=&quot;0%&quot;   stop-color=&quot;#FFFFFF03&quot;\/&gt;&lt;stop offset=&quot;100%&quot;   stop-color=&quot;#FFFFFF73&quot;\/&gt;&lt;\/linearGradient&gt;&lt;\/defs&gt;&lt;path d=&quot;&quot; class=&quot;&quot; fill=&quot;url(#divider-pix-accordion-317867-bottom-overlay-color-0)&quot;&gt;&lt;\/path&gt;&lt;path d=&quot;&quot; class=&quot;&quot; fill=&quot;url(#divider-pix-accordion-317867-bottom-overlay-color-1)&quot;&gt;&lt;\/path&gt;&lt;path d=&quot;&quot; class=&quot;&quot; fill=&quot;#FFFFFF&quot;&gt;&lt;\/path&gt;\n                    &lt;\/svg&gt;\n                &lt;\/div&gt;&lt;\/div&gt;\" data-id=\"bf64db4\" data-element_type=\"section\" data-e-type=\"section\" data-settings=\"{&quot;stretch_section&quot;:&quot;section-stretched&quot;,&quot;background_background&quot;:&quot;classic&quot;,&quot;animation&quot;:&quot;fadeIn&quot;}\">\n\t\t\t\t\t\t\t<div class=\"elementor-background-overlay\"><\/div>\n\t\t\t\t\t\t\t<div class=\"elementor-container elementor-column-gap-default\">\n\t\t\t\t\t<div class=\"elementor-column elementor-col-100 elementor-top-column elementor-element elementor-element-6628333\" data-id=\"6628333\" data-element_type=\"column\" data-e-type=\"column\">\n\t\t\t<div class=\"elementor-widget-wrap elementor-element-populated\">\n\t\t\t\t\t\t<div class=\"elementor-element elementor-element-f8688ba elementor-widget elementor-widget-spacer\" data-id=\"f8688ba\" data-element_type=\"widget\" data-e-type=\"widget\" data-widget_type=\"spacer.default\">\n\t\t\t\t<div class=\"elementor-widget-container\">\n\t\t\t\t\t\t\t<div class=\"elementor-spacer\">\n\t\t\t<div class=\"elementor-spacer-inner\"><\/div>\n\t\t<\/div>\n\t\t\t\t\t\t<\/div>\n\t\t\t\t<\/div>\n\t\t\t\t<div class=\"elementor-element elementor-element-4870407 elementor-invisible elementor-widget elementor-widget-heading\" data-id=\"4870407\" data-element_type=\"widget\" data-e-type=\"widget\" data-settings=\"{&quot;_animation&quot;:&quot;fadeInUp&quot;,&quot;_animation_delay&quot;:400}\" data-widget_type=\"heading.default\">\n\t\t\t\t<div class=\"elementor-widget-container\">\n\t\t\t\t\t<h1 class=\"elementor-heading-title elementor-size-default\">Politique \u00e9ditoriale et normes journalistiques<\/h1>\t\t\t\t<\/div>\n\t\t\t\t<\/div>\n\t\t\t\t\t<\/div>\n\t\t<\/div>\n\t\t\t\t\t<\/div>\n\t\t<\/section>\n\t\t\t\t<section class=\"elementor-section elementor-top-section elementor-element elementor-element-9cfaacf elementor-section-boxed elementor-section-height-default elementor-section-height-default\" data-id=\"9cfaacf\" data-element_type=\"section\" data-e-type=\"section\">\n\t\t\t\t\t\t<div class=\"elementor-container elementor-column-gap-default\">\n\t\t\t\t\t<div class=\"elementor-column elementor-col-100 elementor-top-column elementor-element elementor-element-7a6aa51\" data-id=\"7a6aa51\" data-element_type=\"column\" data-e-type=\"column\">\n\t\t\t<div class=\"elementor-widget-wrap elementor-element-populated\">\n\t\t\t\t\t\t<div class=\"elementor-element elementor-element-6b66f6d elementor-widget elementor-widget-spacer\" data-id=\"6b66f6d\" data-element_type=\"widget\" data-e-type=\"widget\" data-widget_type=\"spacer.default\">\n\t\t\t\t<div class=\"elementor-widget-container\">\n\t\t\t\t\t\t\t<div class=\"elementor-spacer\">\n\t\t\t<div class=\"elementor-spacer-inner\"><\/div>\n\t\t<\/div>\n\t\t\t\t\t\t<\/div>\n\t\t\t\t<\/div>\n\t\t\t\t<div class=\"elementor-element elementor-element-1fef618 elementor-invisible elementor-widget elementor-widget-pix-text\" data-id=\"1fef618\" data-element_type=\"widget\" data-e-type=\"widget\" data-widget_type=\"pix-text.default\">\n\t\t\t\t<div class=\"elementor-widget-container\">\n\t\t\t\t\t<div class=\"pix-el-text w-100 text-left \" ><p class=\" resp-option text-body-default text-left \" ><span class=\"text-body-default animate-in d-inline-block\" data-anim-delay=\"800\" data-anim-type=\"fade-in-up\">RED Immigration News fonctionne comme la branche d'\u00e9dition ind\u00e9pendante de RED Immigration Consulting. Nous reconnaissons que la politique d'\u00e9tablissement permanent du Canada a un impact profond sur le bonheur futur, la stabilit\u00e9 financi\u00e8re et la situation juridique de nos lecteurs. En tant qu'entit\u00e9 juridique professionnelle, nous nous tenons aux normes journalistiques les plus \u00e9lev\u00e9es de pr\u00e9cision, de transparence et de reportage \u00e9thique. Notre mission est de d\u00e9mocratiser l'acc\u00e8s au droit de l'\u00e9tablissement permanent canadien en fournissant des reportages rigoureux et en temps r\u00e9el sur les changements de politique, la dynamique de traitement d'\u00c9tablissement Permanent, R\u00e9fugi\u00e9s et Citoyennet\u00e9 Canada (Immigration, Refugees and Citizenship Canada - IRCC), et les tendances d'\u00e9tablissement permanent provinciales.<\/span><\/p><\/div>\t\t\t\t<\/div>\n\t\t\t\t<\/div>\n\t\t\t\t<div class=\"elementor-element elementor-element-47d41e6 elementor-invisible elementor-widget elementor-widget-pix-heading\" data-id=\"47d41e6\" data-element_type=\"widget\" data-e-type=\"widget\" data-widget_type=\"pix-heading.default\">\n\t\t\t\t<div class=\"elementor-widget-container\">\n\t\t\t\t\t<div  class=\"pix-heading-el text-center \"><h5 class=\"text-primary font-weight-bold h5 animate-in heading-text el-title_custom_color mb-12\" style=\"\" data-anim-type=\"fade-in-up\" data-anim-delay=\"800\">Ind\u00e9pendance \u00e9ditoriale et transparence commerciale<\/h5><\/div>\t\t\t\t<\/div>\n\t\t\t\t<\/div>\n\t\t\t\t<div class=\"elementor-element elementor-element-4ea6263 elementor-invisible elementor-widget elementor-widget-pix-text\" data-id=\"4ea6263\" data-element_type=\"widget\" data-e-type=\"widget\" data-widget_type=\"pix-text.default\">\n\t\t\t\t<div class=\"elementor-widget-container\">\n\t\t\t\t\t<div class=\"pix-el-text w-100 text-left \" ><p class=\" resp-option text-body-default text-left \" ><span class=\"text-body-default animate-in d-inline-block\" data-anim-delay=\"800\" data-anim-type=\"fade-in-up\">Les visiteurs doivent savoir qui \u00e9crit et publie le contenu. RED Immigration News appartient \u00e0 RED Immigration Consulting. Pour garantir l\u2019objectivit\u00e9, les activit\u00e9s \u00e9ditoriales et commerciales sont s\u00e9par\u00e9es.\n<br><br>\nLe contenu est g\u00e9r\u00e9 par une \u00e9quipe ind\u00e9pendante. Les contenus sponsoris\u00e9s sont identifi\u00e9s. Les auteurs ne peuvent accepter de compensations compromettantes.<\/span><\/p><\/div>\t\t\t\t<\/div>\n\t\t\t\t<\/div>\n\t\t\t\t<div class=\"elementor-element elementor-element-bdfafb6 elementor-invisible elementor-widget elementor-widget-pix-heading\" data-id=\"bdfafb6\" data-element_type=\"widget\" data-e-type=\"widget\" data-widget_type=\"pix-heading.default\">\n\t\t\t\t<div class=\"elementor-widget-container\">\n\t\t\t\t\t<div  class=\"pix-heading-el text-center \"><h5 class=\"text-primary font-weight-bold h5 animate-in heading-text el-title_custom_color mb-12\" style=\"\" data-anim-type=\"fade-in-up\" data-anim-delay=\"400\">Auctorialit\u00e9, Expertise et Exp\u00e9rience (E-E-A-T)<\/h5><\/div>\t\t\t\t<\/div>\n\t\t\t\t<\/div>\n\t\t\t\t<div class=\"elementor-element elementor-element-40f82b6 elementor-invisible elementor-widget elementor-widget-pix-text\" data-id=\"40f82b6\" data-element_type=\"widget\" data-e-type=\"widget\" data-widget_type=\"pix-text.default\">\n\t\t\t\t<div class=\"elementor-widget-container\">\n\t\t\t\t\t<div class=\"pix-el-text w-100 text-left \" ><p class=\" resp-option text-body-default text-left \" ><span class=\"text-body-default animate-in d-inline-block\" data-anim-delay=\"400\" data-anim-type=\"fade-in-up\">\u00c9tant donn\u00e9 que les informations sur l\u2019immigration constituent des conseils juridiques et financiers \u00e0 haut risque, nous garantissons un contenu fond\u00e9 sur une expertise v\u00e9rifiable. Les articles sont r\u00e9dig\u00e9s ou examin\u00e9s par un Regulated Canadian Immigration Consultant (RCIC) ou un professionnel juridique agr\u00e9\u00e9.\n<br><br>\nChaque article inclut un auteur, une date et une biographie d\u00e9taill\u00e9e. Nous mettons \u00e9galement en avant des exp\u00e9riences r\u00e9elles.<\/span><\/p><\/div>\t\t\t\t<\/div>\n\t\t\t\t<\/div>\n\t\t\t\t<div class=\"elementor-element elementor-element-325f3da elementor-invisible elementor-widget elementor-widget-pix-heading\" data-id=\"325f3da\" data-element_type=\"widget\" data-e-type=\"widget\" data-widget_type=\"pix-heading.default\">\n\t\t\t\t<div class=\"elementor-widget-container\">\n\t\t\t\t\t<div  class=\"pix-heading-el text-center \"><h5 class=\"text-primary font-weight-bold h5 animate-in heading-text el-title_custom_color mb-12\" style=\"\" data-anim-type=\"fade-in-up\" data-anim-delay=\"400\">Sources et v\u00e9rification des faits<\/h5><\/div>\t\t\t\t<\/div>\n\t\t\t\t<\/div>\n\t\t\t\t<div class=\"elementor-element elementor-element-0f442e3 elementor-invisible elementor-widget elementor-widget-pix-text\" data-id=\"0f442e3\" data-element_type=\"widget\" data-e-type=\"widget\" data-widget_type=\"pix-text.default\">\n\t\t\t\t<div class=\"elementor-widget-container\">\n\t\t\t\t\t<div class=\"pix-el-text w-100 text-left \" ><p class=\" resp-option text-body-default text-left \" ><span class=\"text-body-default animate-in d-inline-block\" data-anim-delay=\"400\" data-anim-type=\"fade-in-up\">Nos reportages reposent sur des recherches rigoureuses et des sources fiables. Nous privil\u00e9gions les documents IRCC et PNP. Les affirmations sont appuy\u00e9es par des liens officiels. Les sources anonymes sont interdites sauf int\u00e9r\u00eat public.<\/span><\/p><\/div>\t\t\t\t<\/div>\n\t\t\t\t<\/div>\n\t\t\t\t<div class=\"elementor-element elementor-element-1f43e17 elementor-invisible elementor-widget elementor-widget-pix-heading\" data-id=\"1f43e17\" data-element_type=\"widget\" data-e-type=\"widget\" data-widget_type=\"pix-heading.default\">\n\t\t\t\t<div class=\"elementor-widget-container\">\n\t\t\t\t\t<div  class=\"pix-heading-el text-center \"><h5 class=\"text-primary font-weight-bold h5 animate-in heading-text el-title_custom_color mb-12\" style=\"\" data-anim-type=\"fade-in-up\" data-anim-delay=\"400\">Corrections et mises \u00e0 jour<\/h5><\/div>\t\t\t\t<\/div>\n\t\t\t\t<\/div>\n\t\t\t\t<div class=\"elementor-element elementor-element-03d7299 elementor-invisible elementor-widget elementor-widget-pix-text\" data-id=\"03d7299\" data-element_type=\"widget\" data-e-type=\"widget\" data-widget_type=\"pix-text.default\">\n\t\t\t\t<div class=\"elementor-widget-container\">\n\t\t\t\t\t<div class=\"pix-el-text w-100 text-left \" ><p class=\" resp-option text-body-default text-left \" ><span class=\"text-body-default animate-in d-inline-block\" data-anim-delay=\"400\" data-anim-type=\"fade-in-up\">Nous nous engageons \u00e0 fournir des faits pr\u00e9cis et \u00e0 maintenir une \u00e9thique journalistique. Toute erreur importante est corrig\u00e9e imm\u00e9diatement. Une \"Editor's Note\" permanente explique les modifications, la date et la raison. En cas de changements li\u00e9s \u00e0 IRCC ou \u00e0 la loi, l\u2019article est mis \u00e0 jour avec \"Derni\u00e8re mise \u00e0 jour :\". Nous respectons les r\u00e8gles des moteurs de recherche.<\/span><\/p><\/div>\t\t\t\t<\/div>\n\t\t\t\t<\/div>\n\t\t\t\t<div class=\"elementor-element elementor-element-c787c03 elementor-invisible elementor-widget elementor-widget-pix-heading\" data-id=\"c787c03\" data-element_type=\"widget\" data-e-type=\"widget\" data-widget_type=\"pix-heading.default\">\n\t\t\t\t<div class=\"elementor-widget-container\">\n\t\t\t\t\t<div  class=\"pix-heading-el text-center \"><h5 class=\"text-primary font-weight-bold h5 animate-in heading-text el-title_custom_color mb-12\" style=\"\" data-anim-type=\"fade-in-up\" data-anim-delay=\"400\">Intelligence Artificielle (AI) et Automatisation<\/h5><\/div>\t\t\t\t<\/div>\n\t\t\t\t<\/div>\n\t\t\t\t<div class=\"elementor-element elementor-element-4d587ed elementor-invisible elementor-widget elementor-widget-pix-text\" data-id=\"4d587ed\" data-element_type=\"widget\" data-e-type=\"widget\" data-widget_type=\"pix-text.default\">\n\t\t\t\t<div class=\"elementor-widget-container\">\n\t\t\t\t\t<div class=\"pix-el-text w-100 text-left \" ><p class=\" resp-option text-body-default text-left \" ><span class=\"text-body-default animate-in d-inline-block\" data-anim-delay=\"400\" data-anim-type=\"fade-in-up\">Nous pensons que des professionnels humains qualifi\u00e9s doivent garder le contr\u00f4le total des d\u00e9cisions \u00e9ditoriales et de la cr\u00e9ation de contenu. Les outils d\u2019IA g\u00e9n\u00e9rative sont interdits pour interpr\u00e9ter les lois d\u2019immigration, fournir des conseils juridiques ou r\u00e9diger des analyses, afin d\u2019\u00e9viter les risques d\u2019\u00ab hallucinations \u00bb. Des outils internes peuvent \u00eatre utilis\u00e9s pour des t\u00e2ches techniques. Une divulgation claire sera fournie en cas d\u2019utilisation. Nous pensons que des professionnels humains qualifi\u00e9s doivent diriger les d\u00e9cisions \u00e9ditoriales et la cr\u00e9ation de contenu. Nous n\u2019utilisons pas l\u2019IA g\u00e9n\u00e9rative pour interpr\u00e9ter les lois d\u2019immigration, fournir des conseils juridiques ou r\u00e9diger des analyses, afin d\u2019\u00e9viter les risques d\u2019\u00ab hallucinations \u00bb. Des outils internes peuvent \u00eatre utilis\u00e9s pour des t\u00e2ches techniques et cela sera indiqu\u00e9.<\/span><\/p><\/div>\t\t\t\t<\/div>\n\t\t\t\t<\/div>\n\t\t\t\t<div class=\"elementor-element elementor-element-5b00478 elementor-invisible elementor-widget elementor-widget-pix-heading\" data-id=\"5b00478\" data-element_type=\"widget\" data-e-type=\"widget\" data-widget_type=\"pix-heading.default\">\n\t\t\t\t<div class=\"elementor-widget-container\">\n\t\t\t\t\t<div  class=\"pix-heading-el text-center \"><h5 class=\"text-primary font-weight-bold h5 animate-in heading-text el-title_custom_color mb-12\" style=\"\" data-anim-type=\"fade-in-up\" data-anim-delay=\"400\">Confidentialit\u00e9 et cloisonnement des donn\u00e9es<\/h5><\/div>\t\t\t\t<\/div>\n\t\t\t\t<\/div>\n\t\t\t\t<div class=\"elementor-element elementor-element-f483a7a elementor-invisible elementor-widget elementor-widget-pix-text\" data-id=\"f483a7a\" data-element_type=\"widget\" data-e-type=\"widget\" data-widget_type=\"pix-text.default\">\n\t\t\t\t<div class=\"elementor-widget-container\">\n\t\t\t\t\t<div class=\"pix-el-text w-100 text-left \" ><p class=\" resp-option text-body-default text-left \" ><span class=\"text-body-default animate-in d-inline-block\" data-anim-delay=\"400\" data-anim-type=\"fade-in-up\">Nous accordons la priorit\u00e9 \u00e0 la protection absolue de nos lecteurs et de nos sources journalistiques. Les informations personnelles soumises pour la recherche journalistique, les entrevues ou les tuyaux d'actualit\u00e9 sont trait\u00e9es de mani\u00e8re compl\u00e8tement distincte des donn\u00e9es personnelles collect\u00e9es \u00e0 des fins de marketing commercial ou de g\u00e9n\u00e9ration de prospects juridiques. Nous n'utilisons pas les donn\u00e9es \u00e9ditoriales pour le marketing direct, \u00e0 moins que l'utilisateur ne l'accepte explicitement. De plus, afin de maintenir la r\u00e9putation d'autorit\u00e9 de notre site et de prot\u00e9ger les utilisateurs des pratiques trompeuses, nous interdisons strictement l'h\u00e9bergement de contenu \"marque blanche (white-label)\" de tiers ou de pages promotionnelles manipulatrices con\u00e7ues pour exploiter l'autorit\u00e9 de notre domaine.<\/span><\/p><\/div>\t\t\t\t<\/div>\n\t\t\t\t<\/div>\n\t\t\t\t<div class=\"elementor-element elementor-element-d9957a7 elementor-invisible elementor-widget elementor-widget-pix-heading\" data-id=\"d9957a7\" data-element_type=\"widget\" data-e-type=\"widget\" data-widget_type=\"pix-heading.default\">\n\t\t\t\t<div class=\"elementor-widget-container\">\n\t\t\t\t\t<div  class=\"pix-heading-el text-center \"><h5 class=\"text-primary font-weight-bold h5 animate-in heading-text el-title_custom_color mb-12\" style=\"\" data-anim-type=\"fade-in-up\" data-anim-delay=\"400\">Nous contacter<\/h5><\/div>\t\t\t\t<\/div>\n\t\t\t\t<\/div>\n\t\t\t\t<div class=\"elementor-element elementor-element-5fe12f0 elementor-invisible elementor-widget elementor-widget-pix-text\" data-id=\"5fe12f0\" data-element_type=\"widget\" data-e-type=\"widget\" data-widget_type=\"pix-text.default\">\n\t\t\t\t<div class=\"elementor-widget-container\">\n\t\t\t\t\t<div class=\"pix-el-text w-100 text-left \" ><p class=\" resp-option text-body-default text-left \" ><span class=\"text-body-default animate-in d-inline-block\" data-anim-delay=\"400\" data-anim-type=\"fade-in-up\">Nous accueillons favorablement l'examen public et les commentaires des lecteurs pour garantir que nos normes restent irr\u00e9prochables. Pour des corrections, des clarifications de sources ou des questions \u00e9ditoriales, veuillez contacter notre salle de r\u00e9daction directement par courriel \u00e0 \\<a href=\"mailto:media@redim.ca\" target=\"\\_blank\"\\>media@redim.ca\\<\/a\\>.<\/span><\/p><\/div>\t\t\t\t<\/div>\n\t\t\t\t<\/div>\n\t\t\t\t<div class=\"elementor-element elementor-element-ac84e87 elementor-invisible elementor-widget elementor-widget-pix-text\" data-id=\"ac84e87\" data-element_type=\"widget\" data-e-type=\"widget\" data-widget_type=\"pix-text.default\">\n\t\t\t\t<div class=\"elementor-widget-container\">\n\t\t\t\t\t<div class=\"pix-el-text w-100 text-left \" ><p class=\" resp-option text-body-default text-left \" ><span class=\"text-body-default animate-in d-inline-block\" data-anim-delay=\"800\" data-anim-type=\"fade-in-up\">\\<strong\\>Derni\u00e8re mise \u00e0 jour :\\<\/strong\\> Avril 2026<\/span><\/p><\/div>\t\t\t\t<\/div>\n\t\t\t\t<\/div>\n\t\t\t\t<div class=\"elementor-element elementor-element-ab9314d elementor-widget__width-initial elementor-invisible elementor-widget elementor-widget-pix-text\" data-id=\"ab9314d\" data-element_type=\"widget\" data-e-type=\"widget\" data-widget_type=\"pix-text.default\">\n\t\t\t\t<div class=\"elementor-widget-container\">\n\t\t\t\t\t<div class=\"pix-el-text w-100 text-left \" ><div class=\"d-inline-block\" style=\"max-width:350px;\"><p class=\" resp-option text-heading-default text-left font-weight-bold\" ><span class=\"text-heading-default animate-in d-inline-block\" data-anim-delay=\"500\" data-anim-type=\"fade-in\">RED Immigration Consulting Inc.<\/span><\/p><\/div><\/div>\t\t\t\t<\/div>\n\t\t\t\t<\/div>\n\t\t\t\t<div class=\"elementor-element elementor-element-db7c652 elementor-widget elementor-widget-spacer\" data-id=\"db7c652\" data-element_type=\"widget\" data-e-type=\"widget\" data-widget_type=\"spacer.default\">\n\t\t\t\t<div class=\"elementor-widget-container\">\n\t\t\t\t\t\t\t<div class=\"elementor-spacer\">\n\t\t\t<div class=\"elementor-spacer-inner\"><\/div>\n\t\t<\/div>\n\t\t\t\t\t\t<\/div>\n\t\t\t\t<\/div>\n\t\t\t\t\t<\/div>\n\t\t<\/div>\n\t\t\t\t\t<\/div>\n\t\t<\/section>\n\t\t\t\t<\/div>\n\t\t","protected":false},"excerpt":{"rendered":"<p>Politique \u00e9ditoriale et normes journalistiques RED Immigration News fonctionne comme la branche d&rsquo;\u00e9dition ind\u00e9pendante de RED Immigration Consulting. Nous reconnaissons que la politique d&rsquo;\u00e9tablissement permanent du Canada a un impact profond sur le bonheur futur, la stabilit\u00e9 financi\u00e8re et la&#8230;<\/p>\n","protected":false},"author":4,"featured_media":523228,"parent":0,"menu_order":0,"comment_status":"closed","ping_status":"closed","template":"","meta":{"footnotes":""},"class_list":["post-537908","page","type-page","status-publish","has-post-thumbnail","hentry"],"_links":{"self":[{"href":"https:\/\/redim.ca\/fr\/wp-json\/wp\/v2\/pages\/537908","targetHints":{"allow":["GET"]}}],"collection":[{"href":"https:\/\/redim.ca\/fr\/wp-json\/wp\/v2\/pages"}],"about":[{"href":"https:\/\/redim.ca\/fr\/wp-json\/wp\/v2\/types\/page"}],"author":[{"embeddable":true,"href":"https:\/\/redim.ca\/fr\/wp-json\/wp\/v2\/users\/4"}],"replies":[{"embeddable":true,"href":"https:\/\/redim.ca\/fr\/wp-json\/wp\/v2\/comments?post=537908"}],"version-history":[{"count":0,"href":"https:\/\/redim.ca\/fr\/wp-json\/wp\/v2\/pages\/537908\/revisions"}],"wp:featuredmedia":[{"embeddable":true,"href":"https:\/\/redim.ca\/fr\/wp-json\/"}],"wp:attachment":[{"href":"https:\/\/redim.ca\/fr\/wp-json\/wp\/v2\/media?parent=537908"}],"curies":[{"name":"wp","href":"https:\/\/api.w.org\/{rel}","templated":true}]}}