{"id":131388,"date":"2025-05-02T20:10:39","date_gmt":"2025-05-03T03:10:39","guid":{"rendered":"https:\/\/redim.ca\/a-propos\/"},"modified":"2025-11-14T12:40:49","modified_gmt":"2025-11-14T20:40:49","slug":"a-propos","status":"publish","type":"page","link":"https:\/\/redim.ca\/fr\/a-propos\/","title":{"rendered":"\u00c0 propos"},"content":{"rendered":"\t\t<div data-elementor-type=\"wp-page\" data-elementor-id=\"131388\" class=\"elementor elementor-131388 elementor-25280\" data-elementor-post-type=\"page\">\n\t\t\t\t\t\t<section class=\"pix-elementor-divider elementor-section elementor-top-section elementor-element elementor-element-4b196cd elementor-section-stretched elementor-section-full_width elementor-section-height-min-height animated-fast redh1 elementor-section-height-default elementor-section-items-middle elementor-invisible\" data-pix-dividers=\"&lt;div class=&quot;pix-divider  position-relative pix-bottom-divider&quot; data-style=&quot;style-dynamic&quot; &gt;&lt;div class=&quot;pix-dividers-box w-100 position-relative d-inline-block&quot; &gt;\n                    &lt;svg class=&quot;pix-shape-dividers&quot;  viewBox=&quot;0 0 100 100&quot; preserveAspectRatio=&quot;none&quot;&gt;\n                        &lt;defs&gt;&lt;linearGradient id=&quot;divider-pix-accordion-942516-bottom-overlay-color-0&quot; x1=&quot;0%&quot; y1=&quot;0%&quot; x2=&quot;100%&quot; y2=&quot;0%&quot;&gt;&lt;stop offset=&quot;0%&quot;   stop-color=&quot;#FFFFFF80&quot;\/&gt;&lt;stop offset=&quot;100%&quot;   stop-color=&quot;#FFFFFF03&quot;\/&gt;&lt;\/linearGradient&gt;&lt;linearGradient id=&quot;divider-pix-accordion-942516-bottom-overlay-color-1&quot; x1=&quot;0%&quot; y1=&quot;0%&quot; x2=&quot;100%&quot; y2=&quot;0%&quot;&gt;&lt;stop offset=&quot;0%&quot;   stop-color=&quot;#FFFFFF03&quot;\/&gt;&lt;stop offset=&quot;100%&quot;   stop-color=&quot;#FFFFFF73&quot;\/&gt;&lt;\/linearGradient&gt;&lt;\/defs&gt;&lt;path d=&quot;&quot; class=&quot;&quot; fill=&quot;url(#divider-pix-accordion-942516-bottom-overlay-color-0)&quot;&gt;&lt;\/path&gt;&lt;path d=&quot;&quot; class=&quot;&quot; fill=&quot;url(#divider-pix-accordion-942516-bottom-overlay-color-1)&quot;&gt;&lt;\/path&gt;&lt;path d=&quot;&quot; class=&quot;&quot; fill=&quot;#FFFFFF&quot;&gt;&lt;\/path&gt;\n                    &lt;\/svg&gt;\n                &lt;\/div&gt;&lt;\/div&gt;\" data-id=\"4b196cd\" data-element_type=\"section\" data-e-type=\"section\" data-settings=\"{&quot;stretch_section&quot;:&quot;section-stretched&quot;,&quot;background_background&quot;:&quot;classic&quot;,&quot;animation&quot;:&quot;fadeIn&quot;}\">\n\t\t\t\t\t\t\t<div class=\"elementor-background-overlay\"><\/div>\n\t\t\t\t\t\t\t<div class=\"elementor-container elementor-column-gap-default\">\n\t\t\t\t\t<div class=\"elementor-column elementor-col-100 elementor-top-column elementor-element elementor-element-ef5142a\" data-id=\"ef5142a\" data-element_type=\"column\" data-e-type=\"column\">\n\t\t\t<div class=\"elementor-widget-wrap elementor-element-populated\">\n\t\t\t\t\t\t<div class=\"elementor-element elementor-element-cd24f0d elementor-widget elementor-widget-spacer\" data-id=\"cd24f0d\" data-element_type=\"widget\" data-e-type=\"widget\" data-widget_type=\"spacer.default\">\n\t\t\t\t<div class=\"elementor-widget-container\">\n\t\t\t\t\t\t\t<div class=\"elementor-spacer\">\n\t\t\t<div class=\"elementor-spacer-inner\"><\/div>\n\t\t<\/div>\n\t\t\t\t\t\t<\/div>\n\t\t\t\t<\/div>\n\t\t\t\t<div class=\"elementor-element elementor-element-2984ce1 elementor-invisible elementor-widget elementor-widget-heading\" data-id=\"2984ce1\" data-element_type=\"widget\" data-e-type=\"widget\" data-settings=\"{&quot;_animation&quot;:&quot;fadeInUp&quot;,&quot;_animation_delay&quot;:400}\" data-widget_type=\"heading.default\">\n\t\t\t\t<div class=\"elementor-widget-container\">\n\t\t\t\t\t<h1 class=\"elementor-heading-title elementor-size-default\">\u00c0 propos<\/h1>\t\t\t\t<\/div>\n\t\t\t\t<\/div>\n\t\t\t\t<div class=\"elementor-element elementor-element-d83ebe9 elementor-invisible elementor-widget elementor-widget-heading\" data-id=\"d83ebe9\" data-element_type=\"widget\" data-e-type=\"widget\" data-settings=\"{&quot;_animation&quot;:&quot;fadeInDown&quot;,&quot;_animation_delay&quot;:400}\" data-widget_type=\"heading.default\">\n\t\t\t\t<div class=\"elementor-widget-container\">\n\t\t\t\t\t<h4 class=\"elementor-heading-title elementor-size-default\">Pr\u00e9sentation de notre cabinet<\/h4>\t\t\t\t<\/div>\n\t\t\t\t<\/div>\n\t\t\t\t\t<\/div>\n\t\t<\/div>\n\t\t\t\t\t<\/div>\n\t\t<\/section>\n\t\t\t\t<section class=\"elementor-section elementor-top-section elementor-element elementor-element-f1415e7 elementor-section-boxed elementor-section-height-default elementor-section-height-default\" data-id=\"f1415e7\" data-element_type=\"section\" data-e-type=\"section\">\n\t\t\t\t\t\t<div class=\"elementor-container elementor-column-gap-default\">\n\t\t\t\t\t<div class=\"elementor-column elementor-col-100 elementor-top-column elementor-element elementor-element-a4d9a8e\" data-id=\"a4d9a8e\" data-element_type=\"column\" data-e-type=\"column\">\n\t\t\t<div class=\"elementor-widget-wrap elementor-element-populated\">\n\t\t\t\t\t\t<div class=\"elementor-element elementor-element-ba4eebd elementor-widget elementor-widget-spacer\" data-id=\"ba4eebd\" data-element_type=\"widget\" data-e-type=\"widget\" data-widget_type=\"spacer.default\">\n\t\t\t\t<div class=\"elementor-widget-container\">\n\t\t\t\t\t\t\t<div class=\"elementor-spacer\">\n\t\t\t<div class=\"elementor-spacer-inner\"><\/div>\n\t\t<\/div>\n\t\t\t\t\t\t<\/div>\n\t\t\t\t<\/div>\n\t\t\t\t<div class=\"elementor-element elementor-element-0758163 elementor-invisible elementor-widget elementor-widget-pix-heading\" data-id=\"0758163\" data-element_type=\"widget\" data-e-type=\"widget\" data-widget_type=\"pix-heading.default\">\n\t\t\t\t<div class=\"elementor-widget-container\">\n\t\t\t\t\t<div  class=\"pix-heading-el text-center \"><h5 class=\"text-primary font-weight-bold h5 animate-in heading-text el-title_custom_color mb-12\" style=\"\" data-anim-type=\"fade-in-up\" data-anim-delay=\"800\">L\u2019Agence - Pr\u00e9cision avec intention. Expertise avec c\u0153ur.<\/h5><\/div>\t\t\t\t<\/div>\n\t\t\t\t<\/div>\n\t\t\t\t<div class=\"elementor-element elementor-element-59df55c elementor-invisible elementor-widget elementor-widget-pix-text\" data-id=\"59df55c\" data-element_type=\"widget\" data-e-type=\"widget\" data-widget_type=\"pix-text.default\">\n\t\t\t\t<div class=\"elementor-widget-container\">\n\t\t\t\t\t<div class=\"pix-el-text w-100 text-left \" ><p class=\" resp-option text-body-default text-left \" ><span class=\"text-body-default animate-in d-inline-block\" data-anim-delay=\"800\" data-anim-type=\"fade-in-up\">RED Immigration Consulting est une entreprise professionnelle enregistr\u00e9e au niveau f\u00e9d\u00e9ral, \u00e9tablie conform\u00e9ment \u00e0 la Loi canadienne sur les soci\u00e9t\u00e9s par actions et \u00e0 la loi sur les soci\u00e9t\u00e9s de la Colombie-Britannique. Notre pratique repose sur une \u00e9quipe de consultants en immigration licenci\u00e9s et accr\u00e9dit\u00e9s par le Coll\u00e8ge des consultants en immigration et citoyennet\u00e9 (CICC), ainsi que des assistants d\u00e9vou\u00e9s partageant nos valeurs de confiance, de clart\u00e9 et de compassion.<\/span><\/p><\/div>\t\t\t\t<\/div>\n\t\t\t\t<\/div>\n\t\t\t\t<div class=\"elementor-element elementor-element-064ff52 elementor-invisible elementor-widget elementor-widget-pix-text\" data-id=\"064ff52\" data-element_type=\"widget\" data-e-type=\"widget\" data-widget_type=\"pix-text.default\">\n\t\t\t\t<div class=\"elementor-widget-container\">\n\t\t\t\t\t<div class=\"pix-el-text w-100 text-left \" ><p class=\" resp-option text-body-default text-left \" ><span class=\"text-body-default animate-in d-inline-block\" data-anim-delay=\"800\" data-anim-type=\"fade-in-up\">Ce qui distingue RED Immigration, c\u2019est notre capacit\u00e9 \u00e0 allier pr\u00e9cision juridique et compr\u00e9hension humaine. Nous connaissons le droit de l\u2019immigration, mais surtout, nous comprenons les immigrants. Nos consultants repr\u00e9sentent les clients aux niveaux f\u00e9d\u00e9ral et provincial, offrant des services dans toutes les principales cat\u00e9gories d\u2019immigration : r\u00e9sidence temporaire (permis d\u2019\u00e9tudes, de travail, visas visiteurs), r\u00e9sidence permanente (programmes \u00e9conomiques, parrainage familial, r\u00e9fugi\u00e9s) et immigration d\u2019affaires (EIMT, mobilit\u00e9 internationale, programmes d\u2019investisseurs).<\/span><\/p><\/div>\t\t\t\t<\/div>\n\t\t\t\t<\/div>\n\t\t\t\t<div class=\"elementor-element elementor-element-a2cc1cd elementor-invisible elementor-widget elementor-widget-pix-text\" data-id=\"a2cc1cd\" data-element_type=\"widget\" data-e-type=\"widget\" data-widget_type=\"pix-text.default\">\n\t\t\t\t<div class=\"elementor-widget-container\">\n\t\t\t\t\t<div class=\"pix-el-text w-100 text-left \" ><p class=\" resp-option text-body-default text-left \" ><span class=\"text-body-default animate-in d-inline-block\" data-anim-delay=\"400\" data-anim-type=\"fade-in-up\">Avec une compr\u00e9hension approfondie des syst\u00e8mes r\u00e9glementaires et des parcours personnels, RED Immigration adapte chaque strat\u00e9gie aux objectifs uniques de chaque client. Nous ne faisons pas que traiter les demandes : nous anticipons les d\u00e9fis, nous adaptons aux changements de politique, et nous proposons des solutions \u00e0 la fois compl\u00e8tes et humaines. Que vous soyez \u00e9tudiant international, travailleur qualifi\u00e9, entrepreneur ou parrain familial, RED Immigration vous accompagne dans chaque d\u00e9cision avec confiance et attention.<\/span><\/p><\/div>\t\t\t\t<\/div>\n\t\t\t\t<\/div>\n\t\t\t\t<div class=\"elementor-element elementor-element-7ced472 elementor-invisible elementor-widget elementor-widget-pix-text\" data-id=\"7ced472\" data-element_type=\"widget\" data-e-type=\"widget\" data-widget_type=\"pix-text.default\">\n\t\t\t\t<div class=\"elementor-widget-container\">\n\t\t\t\t\t<div class=\"pix-el-text w-100 text-left \" ><p class=\" resp-option text-body-default text-left \" ><span class=\"text-body-default animate-in d-inline-block\" data-anim-delay=\"400\" data-anim-type=\"fade-in-up\">En tant qu\u2019entreprise tourn\u00e9e vers l\u2019avenir du Canada, nous adoptons \u00e9galement la technologie. Notre syst\u00e8me int\u00e9gr\u00e9 acc\u00e9l\u00e8re la documentation, suit les changements en temps r\u00e9el et permet des soumissions rapides, s\u00e9curis\u00e9es et pr\u00e9cises, respectant ainsi votre temps et \u00e9vitant tout retard dans votre parcours. Gr\u00e2ce \u00e0 une planification flexible et des mod\u00e8les de paiement transparents, nous rendons le parcours de l'immigration r\u00e9alisable et accessible.<\/span><\/p><\/div>\t\t\t\t<\/div>\n\t\t\t\t<\/div>\n\t\t\t\t<div class=\"elementor-element elementor-element-e4ec7f7 elementor-invisible elementor-widget elementor-widget-pix-text\" data-id=\"e4ec7f7\" data-element_type=\"widget\" data-e-type=\"widget\" data-widget_type=\"pix-text.default\">\n\t\t\t\t<div class=\"elementor-widget-container\">\n\t\t\t\t\t<div class=\"pix-el-text w-100 text-left \" ><p class=\" resp-option text-body-default text-left \" ><span class=\"text-body-default animate-in d-inline-block\" data-anim-delay=\"400\" data-anim-type=\"fade-in-up\">Mais que tout, RED Immigration est une affaire d\u2019humains. Nous traitons chaque client comme un membre de la famille, et chaque dossier comme une vocation. Derri\u00e8re chaque dossier, nous honorons l\u2019histoire : un r\u00eave, un risque, un avenir.<br \/>Chez RED Immigration, votre parcours n\u2019est pas simplement guid\u00e9. Il est partag\u00e9.<\/span><\/p><\/div>\t\t\t\t<\/div>\n\t\t\t\t<\/div>\n\t\t\t\t<div class=\"elementor-element elementor-element-ce61812 elementor-invisible elementor-widget elementor-widget-pix-heading\" data-id=\"ce61812\" data-element_type=\"widget\" data-e-type=\"widget\" data-widget_type=\"pix-heading.default\">\n\t\t\t\t<div class=\"elementor-widget-container\">\n\t\t\t\t\t<div  class=\"pix-heading-el text-center \"><h5 class=\"text-primary font-weight-bold h5 animate-in heading-text el-title_custom_color mb-12\" style=\"\" data-anim-type=\"fade-in-up\" data-anim-delay=\"400\">Fondateur - Enracin\u00e9 dans l\u2019exp\u00e9rience, guid\u00e9 par le sens<\/h5><\/div>\t\t\t\t<\/div>\n\t\t\t\t<\/div>\n\t\t\t\t<div class=\"elementor-element elementor-element-f9c119b elementor-invisible elementor-widget elementor-widget-pix-text\" data-id=\"f9c119b\" data-element_type=\"widget\" data-e-type=\"widget\" data-widget_type=\"pix-text.default\">\n\t\t\t\t<div class=\"elementor-widget-container\">\n\t\t\t\t\t<div class=\"pix-el-text w-100 text-left \" ><p class=\" resp-option text-body-default text-left \" ><span class=\"text-body-default animate-in d-inline-block\" data-anim-delay=\"400\" data-anim-type=\"fade-in-up\">RED Immigration Consulting a \u00e9t\u00e9 fond\u00e9 par Avi Nguyen, consultant en immigration et membre agr\u00e9\u00e9 du Coll\u00e8ge des consultants en immigration et citoyennet\u00e9 (CICC). Avec une autorisation compl\u00e8te pour repr\u00e9senter les clients aux niveaux f\u00e9d\u00e9ral et provincial, sa pratique repose sur le respect des lois et une vision strat\u00e9gique.<\/span><\/p><\/div>\t\t\t\t<\/div>\n\t\t\t\t<\/div>\n\t\t\t\t<div class=\"elementor-element elementor-element-ba839a5 elementor-invisible elementor-widget elementor-widget-pix-text\" data-id=\"ba839a5\" data-element_type=\"widget\" data-e-type=\"widget\" data-widget_type=\"pix-text.default\">\n\t\t\t\t<div class=\"elementor-widget-container\">\n\t\t\t\t\t<div class=\"pix-el-text w-100 text-left \" ><p class=\" resp-option text-body-default text-left \" ><span class=\"text-body-default animate-in d-inline-block\" data-anim-delay=\"400\" data-anim-type=\"fade-in-up\">Le parcours d'Avi refl\u00e8te le chemin m\u00eame qu\u2019il aide aujourd\u2019hui les autres \u00e0 suivre. Arriv\u00e9 au Canada comme \u00e9tudiant international, il a obtenu son baccalaur\u00e9at en administration des affaires \u00e0 la Simon Fraser University de Vancouver. Gr\u00e2ce \u00e0 son emploi post-universitaire et \u00e0 son travail sur le terrain, il a acquis une compr\u00e9hension approfondie des syst\u00e8mes de r\u00e9sidence permanente canadiens, en travaillant directement sur le traitement des demandes, le recrutement de travailleurs \u00e9trangers, les programmes de parrainage et la r\u00e9sidence permanente pour investisseurs. Plus tard, en tant qu\u2019assistant juridique dans un cabinet d\u2019avocats r\u00e9put\u00e9 de Vancouver, il a \u00e9largi son champ d\u2019action en soutenant les \u00e9quipes juridiques dans les dossiers d\u2019asile, les demandes de LMIA, et les litiges civils, en droits humains et en r\u00e9sidence permanente.<\/span><\/p><\/div>\t\t\t\t<\/div>\n\t\t\t\t<\/div>\n\t\t\t\t<div class=\"elementor-element elementor-element-7b3454e elementor-invisible elementor-widget elementor-widget-pix-text\" data-id=\"7b3454e\" data-element_type=\"widget\" data-e-type=\"widget\" data-widget_type=\"pix-text.default\">\n\t\t\t\t<div class=\"elementor-widget-container\">\n\t\t\t\t\t<div class=\"pix-el-text w-100 text-left \" ><p class=\" resp-option text-body-default text-left \" ><span class=\"text-body-default animate-in d-inline-block\" data-anim-delay=\"400\" data-anim-type=\"fade-in-up\">Avec une d\u00e9cennie d\u2019exp\u00e9rience cumul\u00e9e dans les domaines de l\u2019immigration et du droit, Avi a fond\u00e9 RED Immigration avec une mission simple mais puissante : offrir \u00e0 ses clients une structure, de la clart\u00e9 et des conseils fiables dans leur parcours vers le Canada. Il croit en la construction de fondations solides pour r\u00e9ussir, o\u00f9 les d\u00e9cisions sont \u00e9clair\u00e9es, les d\u00e9lais clairs et les r\u00e9sultats durables. Chez RED Immigration, notre engagement est personnel. Chaque strat\u00e9gie que nous concevons est sur mesure, non seulement pour r\u00e9pondre aux crit\u00e8res l\u00e9gaux, mais pour s\u2019adapter au rythme de votre vie et de votre avenir.<\/span><\/p><\/div>\t\t\t\t<\/div>\n\t\t\t\t<\/div>\n\t\t\t\t<div class=\"elementor-element elementor-element-a8c5ee2 elementor-invisible elementor-widget elementor-widget-pix-heading\" data-id=\"a8c5ee2\" data-element_type=\"widget\" data-e-type=\"widget\" data-widget_type=\"pix-heading.default\">\n\t\t\t\t<div class=\"elementor-widget-container\">\n\t\t\t\t\t<div  class=\"pix-heading-el text-center \"><h5 class=\"text-primary font-weight-bold h5 animate-in heading-text el-title_custom_color mb-12\" style=\"\" data-anim-type=\"fade-in-up\" data-anim-delay=\"400\">\u00c9thique pro - Fond\u00e9e sur l\u2019int\u00e9grit\u00e9. D\u00e9di\u00e9e \u00e0 toi.<\/h5><\/div>\t\t\t\t<\/div>\n\t\t\t\t<\/div>\n\t\t\t\t<div class=\"elementor-element elementor-element-f73f034 elementor-invisible elementor-widget elementor-widget-pix-text\" data-id=\"f73f034\" data-element_type=\"widget\" data-e-type=\"widget\" data-widget_type=\"pix-text.default\">\n\t\t\t\t<div class=\"elementor-widget-container\">\n\t\t\t\t\t<div class=\"pix-el-text w-100 text-left \" ><p class=\" resp-option text-body-default text-left \" ><span class=\"text-body-default animate-in d-inline-block\" data-anim-delay=\"400\" data-anim-type=\"fade-in-up\">Chez RED Immigration, l\u2019\u00e9thique n\u2019est pas un \u00e9l\u00e9ment secondaire, c\u2019est la base de tout ce que nous faisons. Nous sommes pleinement engag\u00e9s \u00e0 respecter le Code de conduite professionnelle r\u00e9gi par le Coll\u00e8ge des consultants en immigration et citoyennet\u00e9 (CICC). Cela signifie mettre vos int\u00e9r\u00eats en priorit\u00e9, offrir une orientation transparente et refuser tout acte pouvant compromettre nos standards professionnels.<br \/>Nous abordons chaque dossier avec soin, honn\u00eatet\u00e9 et respect. Nous ne faisons pas de raccourcis. Nous ne sacrifions pas la clart\u00e9. Que ce soit pour pr\u00e9parer un document, soumettre une demande ou r\u00e9pondre aux autorit\u00e9s, nous agissons avec la m\u00eame rigueur et responsabilit\u00e9 comme si le parcours \u00e9tait le n\u00f4tre.<br \/>Parce que la r\u00e9sidence permanente est plus qu\u2019un processus, c\u2019est une question de confiance. Et lorsque vous placez votre confiance en RED Immigration, vous pouvez compter sur notre engagement total \u00e0 faire ce qui est juste.<\/span><\/p><\/div>\t\t\t\t<\/div>\n\t\t\t\t<\/div>\n\t\t\t\t<div class=\"elementor-element elementor-element-34a0290 elementor-invisible elementor-widget elementor-widget-pix-heading\" data-id=\"34a0290\" data-element_type=\"widget\" data-e-type=\"widget\" data-widget_type=\"pix-heading.default\">\n\t\t\t\t<div class=\"elementor-widget-container\">\n\t\t\t\t\t<div  class=\"pix-heading-el text-center \"><h5 class=\"text-primary font-weight-bold h5 animate-in heading-text el-title_custom_color mb-12\" style=\"\" data-anim-type=\"fade-in-up\" data-anim-delay=\"400\">Valeurs cl\u00e9s - Clart\u00e9. Confiance. Int\u00e9grit\u00e9.<\/h5><\/div>\t\t\t\t<\/div>\n\t\t\t\t<\/div>\n\t\t\t\t<div class=\"elementor-element elementor-element-48daa5a elementor-invisible elementor-widget elementor-widget-pix-text\" data-id=\"48daa5a\" data-element_type=\"widget\" data-e-type=\"widget\" data-widget_type=\"pix-text.default\">\n\t\t\t\t<div class=\"elementor-widget-container\">\n\t\t\t\t\t<div class=\"pix-el-text w-100 text-left \" ><p class=\" resp-option text-body-default text-left \" ><span class=\"text-body-default animate-in d-inline-block\" data-anim-delay=\"400\" data-anim-type=\"fade-in-up\">Chez RED Immigration, notre fondement repose sur l'int\u00e9grit\u00e9, la l\u00e9galit\u00e9 et une confiance durable. Nous respectons rigoureusement les lois et r\u00e8glements sur la r\u00e9sidence permanente au Canada, non seulement comme norme, mais comme strat\u00e9gie. En alignant chaque dossier sur les cadres juridiques d\u00e8s le d\u00e9part, nous minimisons les risques, r\u00e9duisons les v\u00e9rifications inutiles et pr\u00e9servons avec pr\u00e9cision les dossiers de nos clients. Chaque demande est soigneusement \u00e9valu\u00e9e et positionn\u00e9e pour progresser efficacement, prot\u00e9geant non seulement votre dossier actuel, mais garantissant aussi la continuit\u00e9 de votre parcours de r\u00e9sidence permanente \u00e0 long terme. Notre approche refl\u00e8te notre engagement fondamental : op\u00e9rations l\u00e9gales, d\u00e9fense loyale, processus all\u00e9g\u00e9s et impact durable.<\/span><\/p><\/div>\t\t\t\t<\/div>\n\t\t\t\t<\/div>\n\t\t\t\t<div class=\"elementor-element elementor-element-8b158c1 elementor-invisible elementor-widget elementor-widget-pix-heading\" data-id=\"8b158c1\" data-element_type=\"widget\" data-e-type=\"widget\" data-widget_type=\"pix-heading.default\">\n\t\t\t\t<div class=\"elementor-widget-container\">\n\t\t\t\t\t<div  class=\"pix-heading-el text-center \"><h5 class=\"text-primary font-weight-bold h5 animate-in heading-text el-title_custom_color mb-12\" style=\"\" data-anim-type=\"fade-in-up\" data-anim-delay=\"400\">Mission - Une strat\u00e9gie nourrie par la vision<\/h5><\/div>\t\t\t\t<\/div>\n\t\t\t\t<\/div>\n\t\t\t\t<div class=\"elementor-element elementor-element-0d3de5b elementor-invisible elementor-widget elementor-widget-pix-text\" data-id=\"0d3de5b\" data-element_type=\"widget\" data-e-type=\"widget\" data-widget_type=\"pix-text.default\">\n\t\t\t\t<div class=\"elementor-widget-container\">\n\t\t\t\t\t<div class=\"pix-el-text w-100 text-left \" ><p class=\" resp-option text-body-default text-left \" ><span class=\"text-body-default animate-in d-inline-block\" data-anim-delay=\"400\" data-anim-type=\"fade-in-up\">Notre mission est d\u2019apporter clart\u00e9, rapidit\u00e9 et intelligence \u00e0 l\u2019exp\u00e9rience de r\u00e9sidence permanente au Canada. Dans un syst\u00e8me en constante \u00e9volution et variable d\u2019une province \u00e0 l\u2019autre, nous utilisons une infrastructure num\u00e9rique robuste pour surveiller, analyser et informer nos clients des changements de politique en temps r\u00e9el. Cette approche fond\u00e9e sur les donn\u00e9es permet aux demandeurs d\u2019agir rapidement et strat\u00e9giquement, tandis que nos consultants agr\u00e9\u00e9s transforment la complexit\u00e9 en conseils personnalis\u00e9s. Au-del\u00e0 de la documentation, nous offrons de la pr\u00e9voyance, am\u00e9liorons continuellement notre syst\u00e8me d\u2019information, appliquons la technologie pour acc\u00e9l\u00e9rer les d\u00e9lais et renfor\u00e7ons la qualit\u00e9 de chaque demande. Nous sommes l\u00e0 pour que nos clients avancent avec confiance et se concentrent sur la construction de leur avenir.<\/span><\/p><\/div>\t\t\t\t<\/div>\n\t\t\t\t<\/div>\n\t\t\t\t<div class=\"elementor-element elementor-element-fee5760 elementor-invisible elementor-widget elementor-widget-pix-heading\" data-id=\"fee5760\" data-element_type=\"widget\" data-e-type=\"widget\" data-widget_type=\"pix-heading.default\">\n\t\t\t\t<div class=\"elementor-widget-container\">\n\t\t\t\t\t<div  class=\"pix-heading-el text-center \"><h5 class=\"text-primary font-weight-bold h5 animate-in heading-text el-title_custom_color mb-12\" style=\"\" data-anim-type=\"fade-in-up\" data-anim-delay=\"400\">Vision - Un voyage, plusieurs destinations<\/h5><\/div>\t\t\t\t<\/div>\n\t\t\t\t<\/div>\n\t\t\t\t<div class=\"elementor-element elementor-element-bc3d162 elementor-invisible elementor-widget elementor-widget-pix-text\" data-id=\"bc3d162\" data-element_type=\"widget\" data-e-type=\"widget\" data-widget_type=\"pix-text.default\">\n\t\t\t\t<div class=\"elementor-widget-container\">\n\t\t\t\t\t<div class=\"pix-el-text w-100 text-left \" ><p class=\" resp-option text-body-default text-left \" ><span class=\"text-body-default animate-in d-inline-block\" data-anim-delay=\"400\" data-anim-type=\"fade-in-up\">Nous imaginons un monde o\u00f9 l\u2019immigration n\u2019est plus un obstacle, mais un pont. Le Canada, reconnu pour son syst\u00e8me d\u2019immigration d\u00e9centralis\u00e9 mais dynamique, continue d\u2019attirer les talents, les investissements et les ambitions du monde entier. Chez RED Immigration, nous r\u00e9pondons \u00e0 cette r\u00e9alit\u00e9 en proposant du contenu multilingue, des outils d\u2019auto\u00e9valuation interactifs et des services adapt\u00e9s \u00e0 des march\u00e9s vari\u00e9s et \u00e0 des parcours individuels. Nous croyons que chaque client m\u00e9rite d\u2019avoir acc\u00e8s \u00e0 une information actualis\u00e9e, une orientation claire et un partenariat de confiance, peu importe d\u2019o\u00f9 il commence. Notre vision est de renforcer chaque \u00e9tape du parcours par l\u2019intelligence, l\u2019adaptabilit\u00e9 et un soutien constant.<\/span><\/p><\/div>\t\t\t\t<\/div>\n\t\t\t\t<\/div>\n\t\t\t\t<div class=\"elementor-element elementor-element-0fc125b elementor-widget__width-initial elementor-invisible elementor-widget elementor-widget-pix-text\" data-id=\"0fc125b\" data-element_type=\"widget\" data-e-type=\"widget\" data-widget_type=\"pix-text.default\">\n\t\t\t\t<div class=\"elementor-widget-container\">\n\t\t\t\t\t<div class=\"pix-el-text w-100 text-left \" ><div class=\"d-inline-block\" style=\"max-width:350px;\"><p class=\" resp-option text-heading-default text-left font-weight-bold\" ><span class=\"text-heading-default animate-in d-inline-block\" data-anim-delay=\"500\" data-anim-type=\"fade-in\">RED Immigration Consulting Inc.<\/span><\/p><\/div><\/div>\t\t\t\t<\/div>\n\t\t\t\t<\/div>\n\t\t\t\t<div class=\"elementor-element elementor-element-21770eb elementor-widget elementor-widget-spacer\" data-id=\"21770eb\" data-element_type=\"widget\" data-e-type=\"widget\" data-widget_type=\"spacer.default\">\n\t\t\t\t<div class=\"elementor-widget-container\">\n\t\t\t\t\t\t\t<div class=\"elementor-spacer\">\n\t\t\t<div class=\"elementor-spacer-inner\"><\/div>\n\t\t<\/div>\n\t\t\t\t\t\t<\/div>\n\t\t\t\t<\/div>\n\t\t\t\t\t<\/div>\n\t\t<\/div>\n\t\t\t\t\t<\/div>\n\t\t<\/section>\n\t\t\t\t<\/div>\n\t\t","protected":false},"excerpt":{"rendered":"<p>\u00c0 propos Pr\u00e9sentation de notre cabinet L\u2019Agence &#8211; Pr\u00e9cision avec intention. Expertise avec c\u0153ur. RED Immigration Consulting est une entreprise professionnelle enregistr\u00e9e au niveau f\u00e9d\u00e9ral, \u00e9tablie conform\u00e9ment \u00e0 la Loi canadienne sur les soci\u00e9t\u00e9s par actions et \u00e0 la loi&#8230;<\/p>\n","protected":false},"author":4,"featured_media":523228,"parent":0,"menu_order":0,"comment_status":"closed","ping_status":"closed","template":"","meta":{"footnotes":""},"class_list":["post-131388","page","type-page","status-publish","has-post-thumbnail","hentry"],"_links":{"self":[{"href":"https:\/\/redim.ca\/fr\/wp-json\/wp\/v2\/pages\/131388","targetHints":{"allow":["GET"]}}],"collection":[{"href":"https:\/\/redim.ca\/fr\/wp-json\/wp\/v2\/pages"}],"about":[{"href":"https:\/\/redim.ca\/fr\/wp-json\/wp\/v2\/types\/page"}],"author":[{"embeddable":true,"href":"https:\/\/redim.ca\/fr\/wp-json\/wp\/v2\/users\/4"}],"replies":[{"embeddable":true,"href":"https:\/\/redim.ca\/fr\/wp-json\/wp\/v2\/comments?post=131388"}],"version-history":[{"count":0,"href":"https:\/\/redim.ca\/fr\/wp-json\/wp\/v2\/pages\/131388\/revisions"}],"wp:featuredmedia":[{"embeddable":true,"href":"https:\/\/redim.ca\/fr\/wp-json\/"}],"wp:attachment":[{"href":"https:\/\/redim.ca\/fr\/wp-json\/wp\/v2\/media?parent=131388"}],"curies":[{"name":"wp","href":"https:\/\/api.w.org\/{rel}","templated":true}]}}