{"id":104516,"date":"2022-06-16T15:25:00","date_gmt":"2022-06-16T22:25:00","guid":{"rendered":"https:\/\/redim.ca\/conditions-dutilisation\/"},"modified":"2025-11-16T19:29:35","modified_gmt":"2025-11-17T03:29:35","slug":"conditions-dutilisation","status":"publish","type":"page","link":"https:\/\/redim.ca\/fr\/conditions-dutilisation\/","title":{"rendered":"Conditions d&rsquo;utilisation"},"content":{"rendered":"\t\t<div data-elementor-type=\"wp-page\" data-elementor-id=\"104516\" class=\"elementor elementor-104516 elementor-25266\" data-elementor-post-type=\"page\">\n\t\t\t\t\t\t<section class=\"pix-elementor-divider elementor-section elementor-top-section elementor-element elementor-element-4b196cd elementor-section-stretched elementor-section-full_width elementor-section-height-min-height animated-fast redh1 elementor-section-height-default elementor-section-items-middle elementor-invisible\" data-pix-dividers=\"&lt;div class=&quot;pix-divider  position-relative pix-bottom-divider&quot; data-style=&quot;style-dynamic&quot; &gt;&lt;div class=&quot;pix-dividers-box w-100 position-relative d-inline-block&quot; &gt;\n                    &lt;svg class=&quot;pix-shape-dividers&quot;  viewBox=&quot;0 0 100 100&quot; preserveAspectRatio=&quot;none&quot;&gt;\n                        &lt;defs&gt;&lt;linearGradient id=&quot;divider-pix-accordion-299379-bottom-overlay-color-0&quot; x1=&quot;0%&quot; y1=&quot;0%&quot; x2=&quot;100%&quot; y2=&quot;0%&quot;&gt;&lt;stop offset=&quot;0%&quot;   stop-color=&quot;#FFFFFF80&quot;\/&gt;&lt;stop offset=&quot;100%&quot;   stop-color=&quot;#FFFFFF03&quot;\/&gt;&lt;\/linearGradient&gt;&lt;linearGradient id=&quot;divider-pix-accordion-299379-bottom-overlay-color-1&quot; x1=&quot;0%&quot; y1=&quot;0%&quot; x2=&quot;100%&quot; y2=&quot;0%&quot;&gt;&lt;stop offset=&quot;0%&quot;   stop-color=&quot;#FFFFFF03&quot;\/&gt;&lt;stop offset=&quot;100%&quot;   stop-color=&quot;#FFFFFF73&quot;\/&gt;&lt;\/linearGradient&gt;&lt;\/defs&gt;&lt;path d=&quot;&quot; class=&quot;&quot; fill=&quot;url(#divider-pix-accordion-299379-bottom-overlay-color-0)&quot;&gt;&lt;\/path&gt;&lt;path d=&quot;&quot; class=&quot;&quot; fill=&quot;url(#divider-pix-accordion-299379-bottom-overlay-color-1)&quot;&gt;&lt;\/path&gt;&lt;path d=&quot;&quot; class=&quot;&quot; fill=&quot;#FFFFFF&quot;&gt;&lt;\/path&gt;\n                    &lt;\/svg&gt;\n                &lt;\/div&gt;&lt;\/div&gt;\" data-id=\"4b196cd\" data-element_type=\"section\" data-e-type=\"section\" data-settings=\"{&quot;stretch_section&quot;:&quot;section-stretched&quot;,&quot;background_background&quot;:&quot;classic&quot;,&quot;animation&quot;:&quot;fadeIn&quot;}\">\n\t\t\t\t\t\t\t<div class=\"elementor-background-overlay\"><\/div>\n\t\t\t\t\t\t\t<div class=\"elementor-container elementor-column-gap-default\">\n\t\t\t\t\t<div class=\"elementor-column elementor-col-100 elementor-top-column elementor-element elementor-element-ef5142a\" data-id=\"ef5142a\" data-element_type=\"column\" data-e-type=\"column\">\n\t\t\t<div class=\"elementor-widget-wrap elementor-element-populated\">\n\t\t\t\t\t\t<div class=\"elementor-element elementor-element-cd24f0d elementor-widget elementor-widget-spacer\" data-id=\"cd24f0d\" data-element_type=\"widget\" data-e-type=\"widget\" data-widget_type=\"spacer.default\">\n\t\t\t\t<div class=\"elementor-widget-container\">\n\t\t\t\t\t\t\t<div class=\"elementor-spacer\">\n\t\t\t<div class=\"elementor-spacer-inner\"><\/div>\n\t\t<\/div>\n\t\t\t\t\t\t<\/div>\n\t\t\t\t<\/div>\n\t\t\t\t<div class=\"elementor-element elementor-element-2984ce1 elementor-invisible elementor-widget elementor-widget-heading\" data-id=\"2984ce1\" data-element_type=\"widget\" data-e-type=\"widget\" data-settings=\"{&quot;_animation&quot;:&quot;fadeInUp&quot;,&quot;_animation_delay&quot;:400}\" data-widget_type=\"heading.default\">\n\t\t\t\t<div class=\"elementor-widget-container\">\n\t\t\t\t\t<h1 class=\"elementor-heading-title elementor-size-default\">Conditions d'utilisation<\/h1>\t\t\t\t<\/div>\n\t\t\t\t<\/div>\n\t\t\t\t\t<\/div>\n\t\t<\/div>\n\t\t\t\t\t<\/div>\n\t\t<\/section>\n\t\t\t\t<section class=\"elementor-section elementor-top-section elementor-element elementor-element-608743bc elementor-section-boxed elementor-section-height-default elementor-section-height-default\" data-id=\"608743bc\" data-element_type=\"section\" data-e-type=\"section\">\n\t\t\t\t\t\t<div class=\"elementor-container elementor-column-gap-default\">\n\t\t\t\t\t<div class=\"elementor-column elementor-col-100 elementor-top-column elementor-element elementor-element-1055598b\" data-id=\"1055598b\" data-element_type=\"column\" data-e-type=\"column\">\n\t\t\t<div class=\"elementor-widget-wrap elementor-element-populated\">\n\t\t\t\t\t\t<div class=\"elementor-element elementor-element-e3b5fdf elementor-widget elementor-widget-spacer\" data-id=\"e3b5fdf\" data-element_type=\"widget\" data-e-type=\"widget\" data-widget_type=\"spacer.default\">\n\t\t\t\t<div class=\"elementor-widget-container\">\n\t\t\t\t\t\t\t<div class=\"elementor-spacer\">\n\t\t\t<div class=\"elementor-spacer-inner\"><\/div>\n\t\t<\/div>\n\t\t\t\t\t\t<\/div>\n\t\t\t\t<\/div>\n\t\t\t\t<div class=\"elementor-element elementor-element-54953f5 elementor-invisible elementor-widget elementor-widget-pix-heading\" data-id=\"54953f5\" data-element_type=\"widget\" data-e-type=\"widget\" data-widget_type=\"pix-heading.default\">\n\t\t\t\t<div class=\"elementor-widget-container\">\n\t\t\t\t\t<div  class=\"pix-heading-el text-center \"><h5 class=\"text-primary font-weight-bold h5 animate-in heading-text el-title_custom_color mb-12\" style=\"\" data-anim-type=\"fade-in-up\" data-anim-delay=\"800\">Confirmer et accepter les conditions de service<\/h5><\/div>\t\t\t\t<\/div>\n\t\t\t\t<\/div>\n\t\t\t\t<div class=\"elementor-element elementor-element-df3d7b4 elementor-invisible elementor-widget elementor-widget-pix-text\" data-id=\"df3d7b4\" data-element_type=\"widget\" data-e-type=\"widget\" data-widget_type=\"pix-text.default\">\n\t\t\t\t<div class=\"elementor-widget-container\">\n\t\t\t\t\t<div class=\"pix-el-text w-100 text-left \" ><p class=\" resp-option text-body-default text-left \" ><span class=\"text-body-default animate-in d-inline-block\" data-anim-delay=\"800\" data-anim-type=\"fade-in-up\">Ce site Web (\u00e2\u20ac\u0153site Web\u00e2\u20ac\u009d) est fourni en vertu de ces Conditions d'utilisation et de tout R\u00e8glement, Politique et Proc\u00e9dure qui pourraient \u00eatre publi\u00e9s ult\u00e9rieurement concernant l'utilisation du site Web. Les utilisateurs acc\u00e8dent aux informations du site Web ci-apr\u00e8s collectivement d\u00e9sign\u00e9es comme \"Utilisateurs\". En utilisant ce site Web, vous acceptez ces Conditions de service et avez le m\u00eame effet qu'un Accord sign\u00e9.<\/span><\/p><\/div>\t\t\t\t<\/div>\n\t\t\t\t<\/div>\n\t\t\t\t<div class=\"elementor-element elementor-element-6c4b1ad elementor-invisible elementor-widget elementor-widget-pix-heading\" data-id=\"6c4b1ad\" data-element_type=\"widget\" data-e-type=\"widget\" data-widget_type=\"pix-heading.default\">\n\t\t\t\t<div class=\"elementor-widget-container\">\n\t\t\t\t\t<div  class=\"pix-heading-el text-center \"><h5 class=\"text-primary font-weight-bold h5 animate-in heading-text el-title_custom_color mb-12\" style=\"\" data-anim-type=\"fade-in-up\" data-anim-delay=\"800\">Aucune relation Client - Consultant en immigration<\/h5><\/div>\t\t\t\t<\/div>\n\t\t\t\t<\/div>\n\t\t\t\t<div class=\"elementor-element elementor-element-26f9054 elementor-invisible elementor-widget elementor-widget-pix-text\" data-id=\"26f9054\" data-element_type=\"widget\" data-e-type=\"widget\" data-widget_type=\"pix-text.default\">\n\t\t\t\t<div class=\"elementor-widget-container\">\n\t\t\t\t\t<div class=\"pix-el-text w-100 text-left \" ><p class=\" resp-option text-body-default text-left \" ><span class=\"text-body-default animate-in d-inline-block\" data-anim-delay=\"800\" data-anim-type=\"fade-in-up\">Tout le contenu de notre site Web est \u00e0 titre informatif g\u00e9n\u00e9ral uniquement. Ces informations ne constituent pas un conseil en immigration et ne sont pas consid\u00e9r\u00e9es comme une offre de repr\u00e9sentation en immigration. Bien que les informations publi\u00e9es soient consid\u00e9r\u00e9es comme exactes, vous ne devez pas agir sur ou vous fier \u00e0 des informations publi\u00e9es en tant que conseil professionnel en immigration. Les informations publi\u00e9es ne visent pas \u00e0 \u00e9tablir et la r\u00e9ception de ces informations ne constitue pas une relation client-consultant en immigration. La relation client-consultant en immigration est \u00e9tablie uniquement sur la base d'un accord \u00e9crit par le biais d'une r\u00e9union formelle et en face \u00e0 face entre le client et le consultant en immigration.<\/span><\/p><\/div>\t\t\t\t<\/div>\n\t\t\t\t<\/div>\n\t\t\t\t<div class=\"elementor-element elementor-element-282f263 elementor-invisible elementor-widget elementor-widget-pix-heading\" data-id=\"282f263\" data-element_type=\"widget\" data-e-type=\"widget\" data-widget_type=\"pix-heading.default\">\n\t\t\t\t<div class=\"elementor-widget-container\">\n\t\t\t\t\t<div  class=\"pix-heading-el text-center \"><h5 class=\"text-primary font-weight-bold h5 animate-in heading-text el-title_custom_color mb-12\" style=\"\" data-anim-type=\"fade-in-up\" data-anim-delay=\"400\">Licence<\/h5><\/div>\t\t\t\t<\/div>\n\t\t\t\t<\/div>\n\t\t\t\t<div class=\"elementor-element elementor-element-10bf77d elementor-invisible elementor-widget elementor-widget-pix-text\" data-id=\"10bf77d\" data-element_type=\"widget\" data-e-type=\"widget\" data-widget_type=\"pix-text.default\">\n\t\t\t\t<div class=\"elementor-widget-container\">\n\t\t\t\t\t<div class=\"pix-el-text w-100 text-left \" ><p class=\" resp-option text-body-default text-left \" ><span class=\"text-body-default animate-in d-inline-block\" data-anim-delay=\"400\" data-anim-type=\"fade-in-up\">L'Utilisateur reconna\u00eet que le Contenu, y compris mais sans s'y limiter, le texte, les logiciels, les audio, les images, les vid\u00e9os, les graphiques ou autres mat\u00e9riaux publi\u00e9s sur ce site Web (\u00e2\u20ac\u0153Contenu\u00e2\u20ac\u009d) a \u00e9t\u00e9 prot\u00e9g\u00e9 en vertu de la Loi sur le droit d'auteur, la marque, l'invention ou d'autres documents juridiques ou d'un Accord de Propri\u00e9t\u00e9 Intellectuelle et l'Utilisateur n'est autoris\u00e9 \u00e0 utiliser, citer ou copier le contenu qu'avec l'approbation expresse de RED Immigration.\n<br><br>\nLes utilisateurs ne peuvent pas copier, reproduire, \u00e9diter, modifier, distribuer ou cr\u00e9er des variations \u00e0 partir du contenu de ce site Web sans le consentement expr\u00e8s de RED Immigration. Cependant, les utilisateurs peuvent imprimer certaines pages d'informations du site Web, et les copier dans une certaine mesure \u00e0 des fins d'informations personnelles ou non commerciales, \u00e0 condition que l'avis de droit d'auteur soit cit\u00e9 \"@Copyright by RED Immigration Consulting Inc\". Les utilisateurs ne sont pas autoris\u00e9s \u00e0 supprimer, modifier ou d\u00e9former le contenu des avis relatifs au droit d'auteur, aux marques, aux licences ou aux autres droits de propri\u00e9t\u00e9 intellectuelle apparaissant sur ou dans ce site Web.\n<br><br>\nL'utilisateur est seul responsable des pertes physiques, mentales et juridiques, qu'elles soient accidentelles ou intentionnelles, caus\u00e9es \u00e0 RED Immigration lors de la copie, de la reproduction, de la correction, de l'am\u00e9lioration, de la compilation, de la distribution ou de la cr\u00e9ation de variations \u00e0 partir du contenu de ce site Web \u00e0 des fins commerciales sans le consentement expr\u00e8s de RED Immigration. Nous continuons \u00e0 utiliser des syst\u00e8mes de d\u00e9tection de paraphrase de contenu et de mise en page des articles pour stocker et prouver le droit d'auteur du contenu publi\u00e9 et engagerons les poursuites judiciaires appropri\u00e9es contre toute personne et organisation utilisant ill\u00e9galement le contenu publi\u00e9 exclusivement sur notre site Web.<\/span><\/p><\/div>\t\t\t\t<\/div>\n\t\t\t\t<\/div>\n\t\t\t\t<div class=\"elementor-element elementor-element-9f58a05 elementor-invisible elementor-widget elementor-widget-pix-heading\" data-id=\"9f58a05\" data-element_type=\"widget\" data-e-type=\"widget\" data-widget_type=\"pix-heading.default\">\n\t\t\t\t<div class=\"elementor-widget-container\">\n\t\t\t\t\t<div  class=\"pix-heading-el text-center \"><h5 class=\"text-primary font-weight-bold h5 animate-in heading-text el-title_custom_color mb-12\" style=\"\" data-anim-type=\"fade-in-up\" data-anim-delay=\"400\">Lien<\/h5><\/div>\t\t\t\t<\/div>\n\t\t\t\t<\/div>\n\t\t\t\t<div class=\"elementor-element elementor-element-c9cce9c elementor-invisible elementor-widget elementor-widget-pix-text\" data-id=\"c9cce9c\" data-element_type=\"widget\" data-e-type=\"widget\" data-widget_type=\"pix-text.default\">\n\t\t\t\t<div class=\"elementor-widget-container\">\n\t\t\t\t\t<div class=\"pix-el-text w-100 text-left \" ><p class=\" resp-option text-body-default text-left \" ><span class=\"text-body-default animate-in d-inline-block\" data-anim-delay=\"400\" data-anim-type=\"fade-in-up\">Le site Web peut fournir des liens vers des sites Web tiers ou des ressources r\u00e9seau. L'utilisateur reconna\u00eet et accepte que RED Immigration n'est pas responsable du succ\u00e8s de ces connexions et ne garantit, n'approuve, n'enqu\u00eate ni ne regroupe les informations, et n'est pas responsable des informations, du contenu promotionnel, des produits ou d'autres mat\u00e9riaux fournis par ces sites Web\/sources.\n<br><br>\nVia notre site Web, vous pouvez \u00eatre li\u00e9 \u00e0 d'autres sites Web qui ne sont pas soumis \u00e0 notre censure. Nous ne contr\u00f4lons pas les politiques, le contenu ou quoi que ce soit publi\u00e9 sur ces sites Web. Par cons\u00e9quent, nous ne sommes pas responsables, directement ou indirectement, des dommages ou pertes caus\u00e9s ou pr\u00e9sum\u00e9s caus\u00e9s par ou en relation avec l'utilisation ou la fiabilit\u00e9 de toute information fournie par des tiers en dehors du site Web.<br>Les fonctions de connexion sociale et de planification de rendez-vous sur notre site Web s'engagent \u00e0 garantir que l'utilisation et le transfert des informations re\u00e7ues des API Google respectent <a href=\"https:\/\/developers.google.com\/terms\/api-services-user-data-policy\" target=\"_blank\" rel=\"noopener\">la politique sur les donn\u00e9es utilisateur des services d'API Google<\/a>, y compris les exigences d'utilisation limit\u00e9e.<\/span><\/p><\/div>\t\t\t\t<\/div>\n\t\t\t\t<\/div>\n\t\t\t\t<div class=\"elementor-element elementor-element-00a282b elementor-invisible elementor-widget elementor-widget-pix-heading\" data-id=\"00a282b\" data-element_type=\"widget\" data-e-type=\"widget\" data-widget_type=\"pix-heading.default\">\n\t\t\t\t<div class=\"elementor-widget-container\">\n\t\t\t\t\t<div  class=\"pix-heading-el text-center \"><h5 class=\"text-primary font-weight-bold h5 animate-in heading-text el-title_custom_color mb-12\" style=\"\" data-anim-type=\"fade-in-up\" data-anim-delay=\"400\">Informations de s\u00e9curit\u00e9<\/h5><\/div>\t\t\t\t<\/div>\n\t\t\t\t<\/div>\n\t\t\t\t<div class=\"elementor-element elementor-element-ab0d433 elementor-invisible elementor-widget elementor-widget-pix-text\" data-id=\"ab0d433\" data-element_type=\"widget\" data-e-type=\"widget\" data-widget_type=\"pix-text.default\">\n\t\t\t\t<div class=\"elementor-widget-container\">\n\t\t\t\t\t<div class=\"pix-el-text w-100 text-left \" ><p class=\" resp-option text-body-default text-left \" ><span class=\"text-body-default animate-in d-inline-block\" data-anim-delay=\"400\" data-anim-type=\"fade-in-up\">Toutes les transmissions envoy\u00e9es par les utilisateurs via ce site Web, y compris les demandes d'informations par e-mail, envoy\u00e9es via Internet public sont consid\u00e9r\u00e9es comme non s\u00e9curis\u00e9es. Certaines autres transmissions peuvent \u00eatre prot\u00e9g\u00e9es par la technologie de cryptage, et ces transmissions afficheront un message d'invite. Sinon, toutes les autres transmissions ne sont pas s\u00e9curis\u00e9es.<\/span><\/p><\/div>\t\t\t\t<\/div>\n\t\t\t\t<\/div>\n\t\t\t\t<div class=\"elementor-element elementor-element-6381deb elementor-invisible elementor-widget elementor-widget-pix-heading\" data-id=\"6381deb\" data-element_type=\"widget\" data-e-type=\"widget\" data-widget_type=\"pix-heading.default\">\n\t\t\t\t<div class=\"elementor-widget-container\">\n\t\t\t\t\t<div  class=\"pix-heading-el text-center \"><h5 class=\"text-primary font-weight-bold h5 animate-in heading-text el-title_custom_color mb-12\" style=\"\" data-anim-type=\"fade-in-up\" data-anim-delay=\"400\">Modification des r\u00e8gles<\/h5><\/div>\t\t\t\t<\/div>\n\t\t\t\t<\/div>\n\t\t\t\t<div class=\"elementor-element elementor-element-79b870c elementor-invisible elementor-widget elementor-widget-pix-text\" data-id=\"79b870c\" data-element_type=\"widget\" data-e-type=\"widget\" data-widget_type=\"pix-text.default\">\n\t\t\t\t<div class=\"elementor-widget-container\">\n\t\t\t\t\t<div class=\"pix-el-text w-100 text-left \" ><p class=\" resp-option text-body-default text-left \" ><span class=\"text-body-default animate-in d-inline-block\" data-anim-delay=\"400\" data-anim-type=\"fade-in-up\">Les Conditions d'utilisation peuvent \u00eatre modifi\u00e9es de temps \u00e0 autre sans pr\u00e9avis. Lorsqu'il y a une modification, le contenu mis \u00e0 jour sera publi\u00e9 sur le site Web. Les Conditions d'utilisation r\u00e9vis\u00e9es prendront automatiquement effet imm\u00e9diatement lorsque ce contenu sera mis \u00e0 jour sur le site Web.<\/span><\/p><\/div>\t\t\t\t<\/div>\n\t\t\t\t<\/div>\n\t\t\t\t<div class=\"elementor-element elementor-element-a24dd42 elementor-invisible elementor-widget elementor-widget-pix-heading\" data-id=\"a24dd42\" data-element_type=\"widget\" data-e-type=\"widget\" data-widget_type=\"pix-heading.default\">\n\t\t\t\t<div class=\"elementor-widget-container\">\n\t\t\t\t\t<div  class=\"pix-heading-el text-center \"><h5 class=\"text-primary font-weight-bold h5 animate-in heading-text el-title_custom_color mb-12\" style=\"\" data-anim-type=\"fade-in-up\" data-anim-delay=\"400\">Conditions g\u00e9n\u00e9rales<\/h5><\/div>\t\t\t\t<\/div>\n\t\t\t\t<\/div>\n\t\t\t\t<div class=\"elementor-element elementor-element-b04cd3b elementor-invisible elementor-widget elementor-widget-pix-text\" data-id=\"b04cd3b\" data-element_type=\"widget\" data-e-type=\"widget\" data-widget_type=\"pix-text.default\">\n\t\t\t\t<div class=\"elementor-widget-container\">\n\t\t\t\t\t<div class=\"pix-el-text w-100 text-left \" ><p class=\" resp-option text-body-default text-left \" ><span class=\"text-body-default animate-in d-inline-block\" data-anim-delay=\"400\" data-anim-type=\"fade-in-up\">Dans le cas o\u00f9 une disposition, en tout ou en partie, est jug\u00e9e invalide ou inapplicable pour une raison quelconque, seule cette disposition sera affect\u00e9e sans affecter les Conditions restantes. RED Immigration et l'utilisateur conviennent d'autoriser un tribunal ou un arbitre \u00e0 remplacer la disposition invalide, inapplicable ou nulle par une disposition applicable, approximant le plus fid\u00e8lement possible.<\/span><\/p><\/div>\t\t\t\t<\/div>\n\t\t\t\t<\/div>\n\t\t\t\t<div class=\"elementor-element elementor-element-86f8777 elementor-widget__width-initial elementor-invisible elementor-widget elementor-widget-pix-text\" data-id=\"86f8777\" data-element_type=\"widget\" data-e-type=\"widget\" data-widget_type=\"pix-text.default\">\n\t\t\t\t<div class=\"elementor-widget-container\">\n\t\t\t\t\t<div class=\"pix-el-text w-100 text-left \" ><div class=\"d-inline-block\" style=\"max-width:350px;\"><p class=\" resp-option text-black text-left font-weight-bold\" ><span class=\"text-black animate-in d-inline-block\" data-anim-delay=\"500\" data-anim-type=\"fade-in\">RED Immigration Consulting Inc.<\/span><\/p><\/div><\/div>\t\t\t\t<\/div>\n\t\t\t\t<\/div>\n\t\t\t\t<div class=\"elementor-element elementor-element-1b33492 elementor-widget elementor-widget-spacer\" data-id=\"1b33492\" data-element_type=\"widget\" data-e-type=\"widget\" data-widget_type=\"spacer.default\">\n\t\t\t\t<div class=\"elementor-widget-container\">\n\t\t\t\t\t\t\t<div class=\"elementor-spacer\">\n\t\t\t<div class=\"elementor-spacer-inner\"><\/div>\n\t\t<\/div>\n\t\t\t\t\t\t<\/div>\n\t\t\t\t<\/div>\n\t\t\t\t\t<\/div>\n\t\t<\/div>\n\t\t\t\t\t<\/div>\n\t\t<\/section>\n\t\t\t\t<\/div>\n\t\t","protected":false},"excerpt":{"rendered":"<p>Conditions d&rsquo;utilisation Confirmer et accepter les conditions de service Ce site Web (\u00e2\u20ac\u0153site Web\u00e2\u20ac\u009d) est fourni en vertu de ces Conditions d&rsquo;utilisation et de tout R\u00e8glement, Politique et Proc\u00e9dure qui pourraient \u00eatre publi\u00e9s ult\u00e9rieurement concernant l&rsquo;utilisation du site Web. Les&#8230;<\/p>\n","protected":false},"author":4,"featured_media":523228,"parent":0,"menu_order":0,"comment_status":"closed","ping_status":"closed","template":"","meta":{"footnotes":""},"class_list":["post-104516","page","type-page","status-publish","has-post-thumbnail","hentry"],"_links":{"self":[{"href":"https:\/\/redim.ca\/fr\/wp-json\/wp\/v2\/pages\/104516","targetHints":{"allow":["GET"]}}],"collection":[{"href":"https:\/\/redim.ca\/fr\/wp-json\/wp\/v2\/pages"}],"about":[{"href":"https:\/\/redim.ca\/fr\/wp-json\/wp\/v2\/types\/page"}],"author":[{"embeddable":true,"href":"https:\/\/redim.ca\/fr\/wp-json\/wp\/v2\/users\/4"}],"replies":[{"embeddable":true,"href":"https:\/\/redim.ca\/fr\/wp-json\/wp\/v2\/comments?post=104516"}],"version-history":[{"count":0,"href":"https:\/\/redim.ca\/fr\/wp-json\/wp\/v2\/pages\/104516\/revisions"}],"wp:featuredmedia":[{"embeddable":true,"href":"https:\/\/redim.ca\/fr\/wp-json\/"}],"wp:attachment":[{"href":"https:\/\/redim.ca\/fr\/wp-json\/wp\/v2\/media?parent=104516"}],"curies":[{"name":"wp","href":"https:\/\/api.w.org\/{rel}","templated":true}]}}