{"id":104327,"date":"2025-01-08T12:39:14","date_gmt":"2025-01-08T20:39:14","guid":{"rendered":"https:\/\/redim.ca\/avis-de-non-responsabilite\/"},"modified":"2025-11-16T18:02:25","modified_gmt":"2025-11-17T02:02:25","slug":"avis-de-non-responsabilite","status":"publish","type":"page","link":"https:\/\/redim.ca\/fr\/avis-de-non-responsabilite\/","title":{"rendered":"Avis de non-responsabilit\u00e9"},"content":{"rendered":"\t\t<div data-elementor-type=\"wp-page\" data-elementor-id=\"104327\" class=\"elementor elementor-104327 elementor-25235\" data-elementor-post-type=\"page\">\n\t\t\t\t\t\t<section class=\"pix-elementor-divider elementor-section elementor-top-section elementor-element elementor-element-4b196cd elementor-section-stretched elementor-section-full_width elementor-section-height-min-height animated-fast redh1 elementor-section-height-default elementor-section-items-middle elementor-invisible\" data-pix-dividers=\"&lt;div class=&quot;pix-divider  position-relative pix-bottom-divider&quot; data-style=&quot;style-dynamic&quot; &gt;&lt;div class=&quot;pix-dividers-box w-100 position-relative d-inline-block&quot; &gt;\n                    &lt;svg class=&quot;pix-shape-dividers&quot;  viewBox=&quot;0 0 100 100&quot; preserveAspectRatio=&quot;none&quot;&gt;\n                        &lt;defs&gt;&lt;linearGradient id=&quot;divider-pix-accordion-98994-bottom-overlay-color-0&quot; x1=&quot;0%&quot; y1=&quot;0%&quot; x2=&quot;100%&quot; y2=&quot;0%&quot;&gt;&lt;stop offset=&quot;0%&quot;   stop-color=&quot;#FFFFFF80&quot;\/&gt;&lt;stop offset=&quot;100%&quot;   stop-color=&quot;#FFFFFF03&quot;\/&gt;&lt;\/linearGradient&gt;&lt;linearGradient id=&quot;divider-pix-accordion-98994-bottom-overlay-color-1&quot; x1=&quot;0%&quot; y1=&quot;0%&quot; x2=&quot;100%&quot; y2=&quot;0%&quot;&gt;&lt;stop offset=&quot;0%&quot;   stop-color=&quot;#FFFFFF03&quot;\/&gt;&lt;stop offset=&quot;100%&quot;   stop-color=&quot;#f8f9fa&quot;\/&gt;&lt;\/linearGradient&gt;&lt;\/defs&gt;&lt;path d=&quot;&quot; class=&quot;&quot; fill=&quot;url(#divider-pix-accordion-98994-bottom-overlay-color-0)&quot;&gt;&lt;\/path&gt;&lt;path d=&quot;&quot; class=&quot;&quot; fill=&quot;url(#divider-pix-accordion-98994-bottom-overlay-color-1)&quot;&gt;&lt;\/path&gt;&lt;path d=&quot;&quot; class=&quot;&quot; fill=&quot;#FFFFFF&quot;&gt;&lt;\/path&gt;\n                    &lt;\/svg&gt;\n                &lt;\/div&gt;&lt;\/div&gt;\" data-id=\"4b196cd\" data-element_type=\"section\" data-e-type=\"section\" data-settings=\"{&quot;stretch_section&quot;:&quot;section-stretched&quot;,&quot;background_background&quot;:&quot;classic&quot;,&quot;animation&quot;:&quot;fadeIn&quot;}\">\n\t\t\t\t\t\t\t<div class=\"elementor-background-overlay\"><\/div>\n\t\t\t\t\t\t\t<div class=\"elementor-container elementor-column-gap-default\">\n\t\t\t\t\t<div class=\"elementor-column elementor-col-100 elementor-top-column elementor-element elementor-element-ef5142a\" data-id=\"ef5142a\" data-element_type=\"column\" data-e-type=\"column\">\n\t\t\t<div class=\"elementor-widget-wrap elementor-element-populated\">\n\t\t\t\t\t\t<div class=\"elementor-element elementor-element-cd24f0d elementor-widget elementor-widget-spacer\" data-id=\"cd24f0d\" data-element_type=\"widget\" data-e-type=\"widget\" data-widget_type=\"spacer.default\">\n\t\t\t\t<div class=\"elementor-widget-container\">\n\t\t\t\t\t\t\t<div class=\"elementor-spacer\">\n\t\t\t<div class=\"elementor-spacer-inner\"><\/div>\n\t\t<\/div>\n\t\t\t\t\t\t<\/div>\n\t\t\t\t<\/div>\n\t\t\t\t<div class=\"elementor-element elementor-element-2984ce1 elementor-invisible elementor-widget elementor-widget-heading\" data-id=\"2984ce1\" data-element_type=\"widget\" data-e-type=\"widget\" data-settings=\"{&quot;_animation&quot;:&quot;fadeInUp&quot;,&quot;_animation_delay&quot;:400}\" data-widget_type=\"heading.default\">\n\t\t\t\t<div class=\"elementor-widget-container\">\n\t\t\t\t\t<h1 class=\"elementor-heading-title elementor-size-default\">Avis de non-responsabilit\u00e9<\/h1>\t\t\t\t<\/div>\n\t\t\t\t<\/div>\n\t\t\t\t\t<\/div>\n\t\t<\/div>\n\t\t\t\t\t<\/div>\n\t\t<\/section>\n\t\t\t\t<section class=\"elementor-section elementor-top-section elementor-element elementor-element-4493b90 elementor-section-boxed elementor-section-height-default elementor-section-height-default\" data-id=\"4493b90\" data-element_type=\"section\" data-e-type=\"section\">\n\t\t\t\t\t\t<div class=\"elementor-container elementor-column-gap-default\">\n\t\t\t\t\t<div class=\"elementor-column elementor-col-100 elementor-top-column elementor-element elementor-element-6bc6360\" data-id=\"6bc6360\" data-element_type=\"column\" data-e-type=\"column\">\n\t\t\t<div class=\"elementor-widget-wrap elementor-element-populated\">\n\t\t\t\t\t\t<div class=\"elementor-element elementor-element-445266d elementor-widget elementor-widget-spacer\" data-id=\"445266d\" data-element_type=\"widget\" data-e-type=\"widget\" data-widget_type=\"spacer.default\">\n\t\t\t\t<div class=\"elementor-widget-container\">\n\t\t\t\t\t\t\t<div class=\"elementor-spacer\">\n\t\t\t<div class=\"elementor-spacer-inner\"><\/div>\n\t\t<\/div>\n\t\t\t\t\t\t<\/div>\n\t\t\t\t<\/div>\n\t\t\t\t<div class=\"elementor-element elementor-element-7fb208a elementor-invisible elementor-widget elementor-widget-pix-heading\" data-id=\"7fb208a\" data-element_type=\"widget\" data-e-type=\"widget\" data-widget_type=\"pix-heading.default\">\n\t\t\t\t<div class=\"elementor-widget-container\">\n\t\t\t\t\t<div  class=\"pix-heading-el text-center \"><h5 class=\"text-primary font-weight-bold h5 animate-in heading-text el-title_custom_color mb-12\" style=\"\" data-anim-type=\"fade-in-up\" data-anim-delay=\"800\">\u00c0 titre de r\u00e9f\u00e9rence uniquement<\/h5><\/div>\t\t\t\t<\/div>\n\t\t\t\t<\/div>\n\t\t\t\t<div class=\"elementor-element elementor-element-aad2a52 elementor-invisible elementor-widget elementor-widget-pix-text\" data-id=\"aad2a52\" data-element_type=\"widget\" data-e-type=\"widget\" data-widget_type=\"pix-text.default\">\n\t\t\t\t<div class=\"elementor-widget-container\">\n\t\t\t\t\t<div class=\"pix-el-text w-100 text-left \" ><p class=\" resp-option text-body-default text-left \" ><span class=\"text-body-default animate-in d-inline-block\" data-anim-delay=\"800\" data-anim-type=\"fade-in-up\">Tout le contenu publi\u00e9 sur notre site web, y compris le contenu \u00e9crit, les images, les films, les tableaux et les graphiques, ainsi que d'autres ressources que nous pourrions publier, y compris les liens et les fichiers, ne sont pas consid\u00e9r\u00e9s comme des conseils juridiques. Vous ne devez pas vous fier \u00e0 ces publications pour prendre vos propres d\u00e9cisions li\u00e9es \u00e0 l'immigration. \n<br><br>\n Vous acceptez de ne pas utiliser notre site web comme r\u00e9f\u00e9rence, recommandation ou guide pour toute personne ou organisation. Vous assumez l'enti\u00e8re responsabilit\u00e9 et toute la responsabilit\u00e9 de toute perte encourue en raison de la confiance accord\u00e9e aux informations publi\u00e9es sur le site web et \u00e0 tout autre contenu provenant d'autres publications ou sites web. \n<br><br>\n Si vous \u00eates int\u00e9ress\u00e9 ou avez besoin de conseils professionnels en mati\u00e8re d'immigration, prenez rendez-vous pour une consultation avec nous afin de recevoir des conseils d'experts avant de prendre votre propre d\u00e9cision. Nous d\u00e9clinons toute responsabilit\u00e9 pour toute action que vous entreprenez sur la base de notre contenu pour prendre des d\u00e9cisions individuelles ou d\u00e9poser des demandes d'immigration.<\/span><\/p><\/div>\t\t\t\t<\/div>\n\t\t\t\t<\/div>\n\t\t\t\t<div class=\"elementor-element elementor-element-98b10c9 elementor-invisible elementor-widget elementor-widget-pix-heading\" data-id=\"98b10c9\" data-element_type=\"widget\" data-e-type=\"widget\" data-widget_type=\"pix-heading.default\">\n\t\t\t\t<div class=\"elementor-widget-container\">\n\t\t\t\t\t<div  class=\"pix-heading-el text-center \"><h5 class=\"text-primary font-weight-bold h5 animate-in heading-text el-title_custom_color mb-12\" style=\"\" data-anim-type=\"fade-in-up\" data-anim-delay=\"400\">Avis de non-responsabilit\u00e9 l\u00e9gale<\/h5><\/div>\t\t\t\t<\/div>\n\t\t\t\t<\/div>\n\t\t\t\t<div class=\"elementor-element elementor-element-56dc731 elementor-invisible elementor-widget elementor-widget-pix-text\" data-id=\"56dc731\" data-element_type=\"widget\" data-e-type=\"widget\" data-widget_type=\"pix-text.default\">\n\t\t\t\t<div class=\"elementor-widget-container\">\n\t\t\t\t\t<div class=\"pix-el-text w-100 text-left \" ><p class=\" resp-option text-body-default text-left \" ><span class=\"text-body-default animate-in d-inline-block\" data-anim-delay=\"400\" data-anim-type=\"fade-in-up\">Dans tous les cas, nous ne sommes pas responsables des cons\u00e9quences \u00e0 court ou \u00e0 long terme et\/ou des dommages survenant lors de l'utilisation des informations du site web. \n<br><br>\n Par le biais de notre site web, vous pouvez \u00eatre redirig\u00e9 vers d'autres sites web qui ne sont pas soumis \u00e0 notre censure. Nous ne contr\u00f4lons pas les politiques, le contenu ou tout ce qui est publi\u00e9 sur ces sites. Par cons\u00e9quent, nous ne sommes pas responsables, directement ou indirectement, des dommages ou pertes caus\u00e9s ou pr\u00e9tendument caus\u00e9s par ou en relation avec l'utilisation ou la fiabilit\u00e9 des informations fournies par des tiers en dehors de notre site. \n<br><br>\n Nous nous effor\u00e7ons toujours de d\u00e9velopper et de maintenir un site web stable. Cependant, nous ne sommes pas responsables et d\u00e9clinons toute responsabilit\u00e9 si le site web est temporairement inaccessible en raison d'erreurs techniques de votre part ou de dommages ou pertes caus\u00e9s par une d\u00e9faillance, une erreur, une non-ex\u00e9cution, une interruption, une suppression, un d\u00e9faut, une interruption de fonctionnement ou de transmission, un virus informatique, une d\u00e9faillance de transmission, un vol ou un acte de vandalisme, un acc\u00e8s non autoris\u00e9, une modification non autoris\u00e9e ou une utilisation non autoris\u00e9e des enregistrements, que ce soit par rupture de contrat, d\u00e9lit, n\u00e9gligence ou autre cause.<\/span><\/p><\/div>\t\t\t\t<\/div>\n\t\t\t\t<\/div>\n\t\t\t\t<div class=\"elementor-element elementor-element-90cbcbf elementor-invisible elementor-widget elementor-widget-pix-heading\" data-id=\"90cbcbf\" data-element_type=\"widget\" data-e-type=\"widget\" data-widget_type=\"pix-heading.default\">\n\t\t\t\t<div class=\"elementor-widget-container\">\n\t\t\t\t\t<div  class=\"pix-heading-el text-center \"><h5 class=\"text-primary font-weight-bold h5 animate-in heading-text el-title_custom_color mb-12\" style=\"\" data-anim-type=\"fade-in-up\" data-anim-delay=\"400\">Avis de non-responsabilit\u00e9 sur le contenu<\/h5><\/div>\t\t\t\t<\/div>\n\t\t\t\t<\/div>\n\t\t\t\t<div class=\"elementor-element elementor-element-f6d2678 elementor-invisible elementor-widget elementor-widget-pix-text\" data-id=\"f6d2678\" data-element_type=\"widget\" data-e-type=\"widget\" data-widget_type=\"pix-text.default\">\n\t\t\t\t<div class=\"elementor-widget-container\">\n\t\t\t\t\t<div class=\"pix-el-text w-100 text-left \" ><p class=\" resp-option text-body-default text-left \" ><span class=\"text-body-default animate-in d-inline-block\" data-anim-delay=\"400\" data-anim-type=\"fade-in-up\">L'utilisation des informations sur notre site web est enti\u00e8rement \u00e0 vos propres risques. Les informations et la structure du site web, y compris les Conditions d'utilisation, l'Avis de non-responsabilit\u00e9 et la Politique de confidentialit\u00e9, peuvent \u00eatre modifi\u00e9es, ajust\u00e9es, mises \u00e0 jour ou am\u00e9lior\u00e9es \u00e0 tout moment sans pr\u00e9avis \u00e0 l'utilisateur. \n<br><br>\n Personne d'autre que nous n'est autoris\u00e9 \u00e0 modifier le contenu de ce site web. Nous ne sommes pas responsables de votre utilisation de r\u00e9f\u00e9rences directes ou indirectes aux informations de notre site web provenant de tiers.<\/span><\/p><\/div>\t\t\t\t<\/div>\n\t\t\t\t<\/div>\n\t\t\t\t<div class=\"elementor-element elementor-element-73c167d elementor-widget elementor-widget-spacer\" data-id=\"73c167d\" data-element_type=\"widget\" data-e-type=\"widget\" data-widget_type=\"spacer.default\">\n\t\t\t\t<div class=\"elementor-widget-container\">\n\t\t\t\t\t\t\t<div class=\"elementor-spacer\">\n\t\t\t<div class=\"elementor-spacer-inner\"><\/div>\n\t\t<\/div>\n\t\t\t\t\t\t<\/div>\n\t\t\t\t<\/div>\n\t\t\t\t\t<\/div>\n\t\t<\/div>\n\t\t\t\t\t<\/div>\n\t\t<\/section>\n\t\t\t\t<\/div>\n\t\t","protected":false},"excerpt":{"rendered":"<p>Avis de non-responsabilit\u00e9 \u00c0 titre de r\u00e9f\u00e9rence uniquement Tout le contenu publi\u00e9 sur notre site web, y compris le contenu \u00e9crit, les images, les films, les tableaux et les graphiques, ainsi que d&rsquo;autres ressources que nous pourrions publier, y compris&#8230;<\/p>\n","protected":false},"author":4,"featured_media":523228,"parent":0,"menu_order":0,"comment_status":"closed","ping_status":"closed","template":"","meta":{"footnotes":""},"class_list":["post-104327","page","type-page","status-publish","has-post-thumbnail","hentry"],"_links":{"self":[{"href":"https:\/\/redim.ca\/fr\/wp-json\/wp\/v2\/pages\/104327","targetHints":{"allow":["GET"]}}],"collection":[{"href":"https:\/\/redim.ca\/fr\/wp-json\/wp\/v2\/pages"}],"about":[{"href":"https:\/\/redim.ca\/fr\/wp-json\/wp\/v2\/types\/page"}],"author":[{"embeddable":true,"href":"https:\/\/redim.ca\/fr\/wp-json\/wp\/v2\/users\/4"}],"replies":[{"embeddable":true,"href":"https:\/\/redim.ca\/fr\/wp-json\/wp\/v2\/comments?post=104327"}],"version-history":[{"count":0,"href":"https:\/\/redim.ca\/fr\/wp-json\/wp\/v2\/pages\/104327\/revisions"}],"wp:featuredmedia":[{"embeddable":true,"href":"https:\/\/redim.ca\/fr\/wp-json\/"}],"wp:attachment":[{"href":"https:\/\/redim.ca\/fr\/wp-json\/wp\/v2\/media?parent=104327"}],"curies":[{"name":"wp","href":"https:\/\/api.w.org\/{rel}","templated":true}]}}