{"id":54269,"date":"2024-05-30T15:42:02","date_gmt":"2024-05-30T22:42:02","guid":{"rendered":"https:\/\/redim.ca\/descargo-de-responsabilidad\/"},"modified":"2025-11-16T18:02:25","modified_gmt":"2025-11-17T02:02:25","slug":"descargoderesponsabilidad","status":"publish","type":"page","link":"https:\/\/redim.ca\/es\/descargoderesponsabilidad\/","title":{"rendered":"Descargo de responsabilidad"},"content":{"rendered":"\t\t<div data-elementor-type=\"wp-page\" data-elementor-id=\"54269\" class=\"elementor elementor-54269 elementor-25235\" data-elementor-post-type=\"page\">\n\t\t\t\t\t\t<section class=\"pix-elementor-divider elementor-section elementor-top-section elementor-element elementor-element-4b196cd elementor-section-stretched elementor-section-full_width elementor-section-height-min-height animated-fast redh1 elementor-section-height-default elementor-section-items-middle elementor-invisible\" data-pix-dividers=\"&lt;div class=&quot;pix-divider  position-relative pix-bottom-divider&quot; data-style=&quot;style-dynamic&quot; &gt;&lt;div class=&quot;pix-dividers-box w-100 position-relative d-inline-block&quot; &gt;\n                    &lt;svg class=&quot;pix-shape-dividers&quot;  viewBox=&quot;0 0 100 100&quot; preserveAspectRatio=&quot;none&quot;&gt;\n                        &lt;defs&gt;&lt;linearGradient id=&quot;divider-pix-accordion-747092-bottom-overlay-color-0&quot; x1=&quot;0%&quot; y1=&quot;0%&quot; x2=&quot;100%&quot; y2=&quot;0%&quot;&gt;&lt;stop offset=&quot;0%&quot;   stop-color=&quot;#FFFFFF80&quot;\/&gt;&lt;stop offset=&quot;100%&quot;   stop-color=&quot;#FFFFFF03&quot;\/&gt;&lt;\/linearGradient&gt;&lt;linearGradient id=&quot;divider-pix-accordion-747092-bottom-overlay-color-1&quot; x1=&quot;0%&quot; y1=&quot;0%&quot; x2=&quot;100%&quot; y2=&quot;0%&quot;&gt;&lt;stop offset=&quot;0%&quot;   stop-color=&quot;#FFFFFF03&quot;\/&gt;&lt;stop offset=&quot;100%&quot;   stop-color=&quot;#f8f9fa&quot;\/&gt;&lt;\/linearGradient&gt;&lt;\/defs&gt;&lt;path d=&quot;&quot; class=&quot;&quot; fill=&quot;url(#divider-pix-accordion-747092-bottom-overlay-color-0)&quot;&gt;&lt;\/path&gt;&lt;path d=&quot;&quot; class=&quot;&quot; fill=&quot;url(#divider-pix-accordion-747092-bottom-overlay-color-1)&quot;&gt;&lt;\/path&gt;&lt;path d=&quot;&quot; class=&quot;&quot; fill=&quot;#FFFFFF&quot;&gt;&lt;\/path&gt;\n                    &lt;\/svg&gt;\n                &lt;\/div&gt;&lt;\/div&gt;\" data-id=\"4b196cd\" data-element_type=\"section\" data-e-type=\"section\" data-settings=\"{&quot;stretch_section&quot;:&quot;section-stretched&quot;,&quot;background_background&quot;:&quot;classic&quot;,&quot;animation&quot;:&quot;fadeIn&quot;}\">\n\t\t\t\t\t\t\t<div class=\"elementor-background-overlay\"><\/div>\n\t\t\t\t\t\t\t<div class=\"elementor-container elementor-column-gap-default\">\n\t\t\t\t\t<div class=\"elementor-column elementor-col-100 elementor-top-column elementor-element elementor-element-ef5142a\" data-id=\"ef5142a\" data-element_type=\"column\" data-e-type=\"column\">\n\t\t\t<div class=\"elementor-widget-wrap elementor-element-populated\">\n\t\t\t\t\t\t<div class=\"elementor-element elementor-element-cd24f0d elementor-widget elementor-widget-spacer\" data-id=\"cd24f0d\" data-element_type=\"widget\" data-e-type=\"widget\" data-widget_type=\"spacer.default\">\n\t\t\t\t<div class=\"elementor-widget-container\">\n\t\t\t\t\t\t\t<div class=\"elementor-spacer\">\n\t\t\t<div class=\"elementor-spacer-inner\"><\/div>\n\t\t<\/div>\n\t\t\t\t\t\t<\/div>\n\t\t\t\t<\/div>\n\t\t\t\t<div class=\"elementor-element elementor-element-2984ce1 elementor-invisible elementor-widget elementor-widget-heading\" data-id=\"2984ce1\" data-element_type=\"widget\" data-e-type=\"widget\" data-settings=\"{&quot;_animation&quot;:&quot;fadeInUp&quot;,&quot;_animation_delay&quot;:400}\" data-widget_type=\"heading.default\">\n\t\t\t\t<div class=\"elementor-widget-container\">\n\t\t\t\t\t<h1 class=\"elementor-heading-title elementor-size-default\">Descargo de responsabilidad<\/h1>\t\t\t\t<\/div>\n\t\t\t\t<\/div>\n\t\t\t\t\t<\/div>\n\t\t<\/div>\n\t\t\t\t\t<\/div>\n\t\t<\/section>\n\t\t\t\t<section class=\"elementor-section elementor-top-section elementor-element elementor-element-4493b90 elementor-section-boxed elementor-section-height-default elementor-section-height-default\" data-id=\"4493b90\" data-element_type=\"section\" data-e-type=\"section\">\n\t\t\t\t\t\t<div class=\"elementor-container elementor-column-gap-default\">\n\t\t\t\t\t<div class=\"elementor-column elementor-col-100 elementor-top-column elementor-element elementor-element-6bc6360\" data-id=\"6bc6360\" data-element_type=\"column\" data-e-type=\"column\">\n\t\t\t<div class=\"elementor-widget-wrap elementor-element-populated\">\n\t\t\t\t\t\t<div class=\"elementor-element elementor-element-445266d elementor-widget elementor-widget-spacer\" data-id=\"445266d\" data-element_type=\"widget\" data-e-type=\"widget\" data-widget_type=\"spacer.default\">\n\t\t\t\t<div class=\"elementor-widget-container\">\n\t\t\t\t\t\t\t<div class=\"elementor-spacer\">\n\t\t\t<div class=\"elementor-spacer-inner\"><\/div>\n\t\t<\/div>\n\t\t\t\t\t\t<\/div>\n\t\t\t\t<\/div>\n\t\t\t\t<div class=\"elementor-element elementor-element-7fb208a elementor-invisible elementor-widget elementor-widget-pix-heading\" data-id=\"7fb208a\" data-element_type=\"widget\" data-e-type=\"widget\" data-widget_type=\"pix-heading.default\">\n\t\t\t\t<div class=\"elementor-widget-container\">\n\t\t\t\t\t<div  class=\"pix-heading-el text-center \"><h5 class=\"text-primary font-weight-bold h5 animate-in heading-text el-title_custom_color mb-12\" style=\"\" data-anim-type=\"fade-in-up\" data-anim-delay=\"800\">Solo para referencia<\/h5><\/div>\t\t\t\t<\/div>\n\t\t\t\t<\/div>\n\t\t\t\t<div class=\"elementor-element elementor-element-aad2a52 elementor-invisible elementor-widget elementor-widget-pix-text\" data-id=\"aad2a52\" data-element_type=\"widget\" data-e-type=\"widget\" data-widget_type=\"pix-text.default\">\n\t\t\t\t<div class=\"elementor-widget-container\">\n\t\t\t\t\t<div class=\"pix-el-text w-100 text-left \" ><p class=\" resp-option text-body-default text-left \" ><span class=\"text-body-default animate-in d-inline-block\" data-anim-delay=\"800\" data-anim-type=\"fade-in-up\">Todo el contenido publicado en nuestro sitio web, incluyendo contenido escrito, im\u00e1genes, pel\u00edculas, gr\u00e1ficos y gr\u00e1ficos, as\u00ed como otros recursos que podamos publicar, incluidos enlaces y archivos, no se consideran asesoramiento legal. No debe confiar en estas publicaciones para tomar su propia decisi\u00f3n relacionada con la inmigraci\u00f3n. \n<br><br>\n Usted acepta no utilizar nuestro sitio web como referencia, recomendaci\u00f3n o gu\u00eda para cualquier persona u organizaci\u00f3n. Usted asume toda la responsabilidad y toda la responsabilidad por cualquier p\u00e9rdida incurrida debido a la dependencia de la informaci\u00f3n publicada en el sitio web y cualquier otro contenido obtenido de otras publicaciones o sitios web. \n<br><br>\n Si est\u00e1 interesado o necesita asesoramiento profesional sobre inmigraci\u00f3n, programe una cita para una consulta con nosotros para recibir asesoramiento experto sobre inmigraci\u00f3n antes de tomar su propia decisi\u00f3n. No asumimos ninguna responsabilidad por las acciones que tome en funci\u00f3n de nuestro contenido para tomar decisiones individuales de inmigraci\u00f3n o para presentar solicitudes de inmigraci\u00f3n.<\/span><\/p><\/div>\t\t\t\t<\/div>\n\t\t\t\t<\/div>\n\t\t\t\t<div class=\"elementor-element elementor-element-98b10c9 elementor-invisible elementor-widget elementor-widget-pix-heading\" data-id=\"98b10c9\" data-element_type=\"widget\" data-e-type=\"widget\" data-widget_type=\"pix-heading.default\">\n\t\t\t\t<div class=\"elementor-widget-container\">\n\t\t\t\t\t<div  class=\"pix-heading-el text-center \"><h5 class=\"text-primary font-weight-bold h5 animate-in heading-text el-title_custom_color mb-12\" style=\"\" data-anim-type=\"fade-in-up\" data-anim-delay=\"400\">Descargo de responsabilidad legal<\/h5><\/div>\t\t\t\t<\/div>\n\t\t\t\t<\/div>\n\t\t\t\t<div class=\"elementor-element elementor-element-56dc731 elementor-invisible elementor-widget elementor-widget-pix-text\" data-id=\"56dc731\" data-element_type=\"widget\" data-e-type=\"widget\" data-widget_type=\"pix-text.default\">\n\t\t\t\t<div class=\"elementor-widget-container\">\n\t\t\t\t\t<div class=\"pix-el-text w-100 text-left \" ><p class=\" resp-option text-body-default text-left \" ><span class=\"text-body-default animate-in d-inline-block\" data-anim-delay=\"400\" data-anim-type=\"fade-in-up\">En cualquier caso, no somos responsables de las consecuencias a corto o largo plazo y\/o los da\u00f1os que ocurran durante el uso de la informaci\u00f3n del sitio web. \n<br><br>\n A trav\u00e9s de nuestro sitio web, puede estar vinculado a otros sitios web que no est\u00e1n sujetos a nuestra censura. No controlamos las pol\u00edticas, el contenido ni nada publicado en estos sitios web. Por lo tanto, no somos responsables, directa o indirectamente, de los da\u00f1os o p\u00e9rdidas causados por o supuestamente causados por o en relaci\u00f3n con el uso o la confiabilidad de cualquier informaci\u00f3n proporcionada por terceros fuera de nuestro sitio web. \n<br><br>\n Siempre nos esforzamos por desarrollar y mantener un sitio web estable. Sin embargo, no somos responsables y no asumimos ninguna responsabilidad si el sitio web no est\u00e1 temporalmente accesible debido a errores t\u00e9cnicos de su parte o por da\u00f1os o p\u00e9rdidas causadas por cualquier falla, error, incumplimiento, interrupci\u00f3n, eliminaci\u00f3n, defecto, interrupci\u00f3n en la operaci\u00f3n o transmisi\u00f3n, virus inform\u00e1ticos, falla de transmisi\u00f3n, robo o vandalismo, acceso no autorizado, modificaci\u00f3n no autorizada o uso no autorizado de los registros, ya sea por incumplimiento de contrato o agravio, negligencia u otra causa.<\/span><\/p><\/div>\t\t\t\t<\/div>\n\t\t\t\t<\/div>\n\t\t\t\t<div class=\"elementor-element elementor-element-90cbcbf elementor-invisible elementor-widget elementor-widget-pix-heading\" data-id=\"90cbcbf\" data-element_type=\"widget\" data-e-type=\"widget\" data-widget_type=\"pix-heading.default\">\n\t\t\t\t<div class=\"elementor-widget-container\">\n\t\t\t\t\t<div  class=\"pix-heading-el text-center \"><h5 class=\"text-primary font-weight-bold h5 animate-in heading-text el-title_custom_color mb-12\" style=\"\" data-anim-type=\"fade-in-up\" data-anim-delay=\"400\">Descargo de responsabilidad de contenido<\/h5><\/div>\t\t\t\t<\/div>\n\t\t\t\t<\/div>\n\t\t\t\t<div class=\"elementor-element elementor-element-f6d2678 elementor-invisible elementor-widget elementor-widget-pix-text\" data-id=\"f6d2678\" data-element_type=\"widget\" data-e-type=\"widget\" data-widget_type=\"pix-text.default\">\n\t\t\t\t<div class=\"elementor-widget-container\">\n\t\t\t\t\t<div class=\"pix-el-text w-100 text-left \" ><p class=\" resp-option text-body-default text-left \" ><span class=\"text-body-default animate-in d-inline-block\" data-anim-delay=\"400\" data-anim-type=\"fade-in-up\">El uso de la informaci\u00f3n en nuestro sitio web es totalmente bajo su propio riesgo. La informaci\u00f3n y la estructura del sitio web, incluidos los T\u00e9rminos de Uso, el Descargo de responsabilidad y la Privacidad, pueden cambiarse, ajustarse, actualizarse o mejorarse en cualquier momento sin previo aviso al usuario. \n<br><br>\n Nadie m\u00e1s que nosotros est\u00e1 autorizado a cambiar el contenido de este sitio web. No somos responsables de su uso de referencias directas o indirectas a la informaci\u00f3n en nuestro sitio web de terceros.<\/span><\/p><\/div>\t\t\t\t<\/div>\n\t\t\t\t<\/div>\n\t\t\t\t<div class=\"elementor-element elementor-element-73c167d elementor-widget elementor-widget-spacer\" data-id=\"73c167d\" data-element_type=\"widget\" data-e-type=\"widget\" data-widget_type=\"spacer.default\">\n\t\t\t\t<div class=\"elementor-widget-container\">\n\t\t\t\t\t\t\t<div class=\"elementor-spacer\">\n\t\t\t<div class=\"elementor-spacer-inner\"><\/div>\n\t\t<\/div>\n\t\t\t\t\t\t<\/div>\n\t\t\t\t<\/div>\n\t\t\t\t\t<\/div>\n\t\t<\/div>\n\t\t\t\t\t<\/div>\n\t\t<\/section>\n\t\t\t\t<\/div>\n\t\t","protected":false},"excerpt":{"rendered":"<p>Descargo de responsabilidad Solo para referencia Todo el contenido publicado en nuestro sitio web, incluyendo contenido escrito, im\u00e1genes, pel\u00edculas, gr\u00e1ficos y gr\u00e1ficos, as\u00ed como otros recursos que podamos publicar, incluidos enlaces y archivos, no se consideran asesoramiento legal. No debe&#8230;<\/p>\n","protected":false},"author":4,"featured_media":523228,"parent":0,"menu_order":0,"comment_status":"closed","ping_status":"closed","template":"","meta":{"footnotes":""},"class_list":["post-54269","page","type-page","status-publish","has-post-thumbnail","hentry"],"_links":{"self":[{"href":"https:\/\/redim.ca\/es\/wp-json\/wp\/v2\/pages\/54269","targetHints":{"allow":["GET"]}}],"collection":[{"href":"https:\/\/redim.ca\/es\/wp-json\/wp\/v2\/pages"}],"about":[{"href":"https:\/\/redim.ca\/es\/wp-json\/wp\/v2\/types\/page"}],"author":[{"embeddable":true,"href":"https:\/\/redim.ca\/es\/wp-json\/wp\/v2\/users\/4"}],"replies":[{"embeddable":true,"href":"https:\/\/redim.ca\/es\/wp-json\/wp\/v2\/comments?post=54269"}],"version-history":[{"count":0,"href":"https:\/\/redim.ca\/es\/wp-json\/wp\/v2\/pages\/54269\/revisions"}],"wp:featuredmedia":[{"embeddable":true,"href":"https:\/\/redim.ca\/es\/wp-json\/"}],"wp:attachment":[{"href":"https:\/\/redim.ca\/es\/wp-json\/wp\/v2\/media?parent=54269"}],"curies":[{"name":"wp","href":"https:\/\/api.w.org\/{rel}","templated":true}]}}