{"id":537940,"date":"2026-04-10T19:42:45","date_gmt":"2026-04-11T02:42:45","guid":{"rendered":"https:\/\/redim.ca\/politica-editorial\/"},"modified":"2026-04-14T16:32:14","modified_gmt":"2026-04-14T23:32:14","slug":"politica-editorial","status":"publish","type":"page","link":"https:\/\/redim.ca\/es\/politica-editorial\/","title":{"rendered":"Pol\u00edtica Editorial y Est\u00e1ndares Period\u00edsticos"},"content":{"rendered":"\t\t<div data-elementor-type=\"wp-page\" data-elementor-id=\"537940\" class=\"elementor elementor-537940 elementor-537655\" data-elementor-post-type=\"page\">\n\t\t\t\t\t\t<section class=\"pix-elementor-divider elementor-section elementor-top-section elementor-element elementor-element-bf64db4 elementor-section-stretched elementor-section-full_width elementor-section-height-min-height animated-fast redh1 elementor-section-height-default elementor-section-items-middle elementor-invisible\" data-pix-dividers=\"&lt;div class=&quot;pix-divider  position-relative pix-bottom-divider&quot; data-style=&quot;style-dynamic&quot; &gt;&lt;div class=&quot;pix-dividers-box w-100 position-relative d-inline-block&quot; &gt;\n                    &lt;svg class=&quot;pix-shape-dividers&quot;  viewBox=&quot;0 0 100 100&quot; preserveAspectRatio=&quot;none&quot;&gt;\n                        &lt;defs&gt;&lt;linearGradient id=&quot;divider-pix-accordion-558229-bottom-overlay-color-0&quot; x1=&quot;0%&quot; y1=&quot;0%&quot; x2=&quot;100%&quot; y2=&quot;0%&quot;&gt;&lt;stop offset=&quot;0%&quot;   stop-color=&quot;#FFFFFF80&quot;\/&gt;&lt;stop offset=&quot;100%&quot;   stop-color=&quot;#FFFFFF03&quot;\/&gt;&lt;\/linearGradient&gt;&lt;linearGradient id=&quot;divider-pix-accordion-558229-bottom-overlay-color-1&quot; x1=&quot;0%&quot; y1=&quot;0%&quot; x2=&quot;100%&quot; y2=&quot;0%&quot;&gt;&lt;stop offset=&quot;0%&quot;   stop-color=&quot;#FFFFFF03&quot;\/&gt;&lt;stop offset=&quot;100%&quot;   stop-color=&quot;#FFFFFF73&quot;\/&gt;&lt;\/linearGradient&gt;&lt;\/defs&gt;&lt;path d=&quot;&quot; class=&quot;&quot; fill=&quot;url(#divider-pix-accordion-558229-bottom-overlay-color-0)&quot;&gt;&lt;\/path&gt;&lt;path d=&quot;&quot; class=&quot;&quot; fill=&quot;url(#divider-pix-accordion-558229-bottom-overlay-color-1)&quot;&gt;&lt;\/path&gt;&lt;path d=&quot;&quot; class=&quot;&quot; fill=&quot;#FFFFFF&quot;&gt;&lt;\/path&gt;\n                    &lt;\/svg&gt;\n                &lt;\/div&gt;&lt;\/div&gt;\" data-id=\"bf64db4\" data-element_type=\"section\" data-e-type=\"section\" data-settings=\"{&quot;stretch_section&quot;:&quot;section-stretched&quot;,&quot;background_background&quot;:&quot;classic&quot;,&quot;animation&quot;:&quot;fadeIn&quot;}\">\n\t\t\t\t\t\t\t<div class=\"elementor-background-overlay\"><\/div>\n\t\t\t\t\t\t\t<div class=\"elementor-container elementor-column-gap-default\">\n\t\t\t\t\t<div class=\"elementor-column elementor-col-100 elementor-top-column elementor-element elementor-element-6628333\" data-id=\"6628333\" data-element_type=\"column\" data-e-type=\"column\">\n\t\t\t<div class=\"elementor-widget-wrap elementor-element-populated\">\n\t\t\t\t\t\t<div class=\"elementor-element elementor-element-f8688ba elementor-widget elementor-widget-spacer\" data-id=\"f8688ba\" data-element_type=\"widget\" data-e-type=\"widget\" data-widget_type=\"spacer.default\">\n\t\t\t\t<div class=\"elementor-widget-container\">\n\t\t\t\t\t\t\t<div class=\"elementor-spacer\">\n\t\t\t<div class=\"elementor-spacer-inner\"><\/div>\n\t\t<\/div>\n\t\t\t\t\t\t<\/div>\n\t\t\t\t<\/div>\n\t\t\t\t<div class=\"elementor-element elementor-element-4870407 elementor-invisible elementor-widget elementor-widget-heading\" data-id=\"4870407\" data-element_type=\"widget\" data-e-type=\"widget\" data-settings=\"{&quot;_animation&quot;:&quot;fadeInUp&quot;,&quot;_animation_delay&quot;:400}\" data-widget_type=\"heading.default\">\n\t\t\t\t<div class=\"elementor-widget-container\">\n\t\t\t\t\t<h1 class=\"elementor-heading-title elementor-size-default\">Pol\u00edtica Editorial y Est\u00e1ndares Period\u00edsticos<\/h1>\t\t\t\t<\/div>\n\t\t\t\t<\/div>\n\t\t\t\t\t<\/div>\n\t\t<\/div>\n\t\t\t\t\t<\/div>\n\t\t<\/section>\n\t\t\t\t<section class=\"elementor-section elementor-top-section elementor-element elementor-element-9cfaacf elementor-section-boxed elementor-section-height-default elementor-section-height-default\" data-id=\"9cfaacf\" data-element_type=\"section\" data-e-type=\"section\">\n\t\t\t\t\t\t<div class=\"elementor-container elementor-column-gap-default\">\n\t\t\t\t\t<div class=\"elementor-column elementor-col-100 elementor-top-column elementor-element elementor-element-7a6aa51\" data-id=\"7a6aa51\" data-element_type=\"column\" data-e-type=\"column\">\n\t\t\t<div class=\"elementor-widget-wrap elementor-element-populated\">\n\t\t\t\t\t\t<div class=\"elementor-element elementor-element-6b66f6d elementor-widget elementor-widget-spacer\" data-id=\"6b66f6d\" data-element_type=\"widget\" data-e-type=\"widget\" data-widget_type=\"spacer.default\">\n\t\t\t\t<div class=\"elementor-widget-container\">\n\t\t\t\t\t\t\t<div class=\"elementor-spacer\">\n\t\t\t<div class=\"elementor-spacer-inner\"><\/div>\n\t\t<\/div>\n\t\t\t\t\t\t<\/div>\n\t\t\t\t<\/div>\n\t\t\t\t<div class=\"elementor-element elementor-element-1fef618 elementor-invisible elementor-widget elementor-widget-pix-text\" data-id=\"1fef618\" data-element_type=\"widget\" data-e-type=\"widget\" data-widget_type=\"pix-text.default\">\n\t\t\t\t<div class=\"elementor-widget-container\">\n\t\t\t\t\t<div class=\"pix-el-text w-100 text-left \" ><p class=\" resp-option text-body-default text-left \" ><span class=\"text-body-default animate-in d-inline-block\" data-anim-delay=\"800\" data-anim-type=\"fade-in-up\">RED Immigration News opera como la rama editorial independiente de RED Immigration Consulting. Reconocemos que la pol\u00edtica de asentamiento permanente de Canad\u00e1 impacta profundamente la felicidad futura, la estabilidad financiera y la situaci\u00f3n legal de nuestros lectores. Como entidad legal profesional, nos adherimos a los m\u00e1s altos est\u00e1ndares period\u00edsticos de precisi\u00f3n, transparencia y reportaje \u00e9tico. Nuestra misi\u00f3n es democratizar el acceso a la ley de asentamiento permanente de Canad\u00e1 al proporcionar informes rigurosos y en tiempo real sobre los cambios de pol\u00edtica, la din\u00e1mica de procesamiento de Asentamiento Permanente, Refugiados y Ciudadan\u00eda de Canad\u00e1 (Immigration, Refugees and Citizenship Canada - IRCC) y las tendencias provinciales de asentamiento permanente.<\/span><\/p><\/div>\t\t\t\t<\/div>\n\t\t\t\t<\/div>\n\t\t\t\t<div class=\"elementor-element elementor-element-47d41e6 elementor-invisible elementor-widget elementor-widget-pix-heading\" data-id=\"47d41e6\" data-element_type=\"widget\" data-e-type=\"widget\" data-widget_type=\"pix-heading.default\">\n\t\t\t\t<div class=\"elementor-widget-container\">\n\t\t\t\t\t<div  class=\"pix-heading-el text-center \"><h5 class=\"text-primary font-weight-bold h5 animate-in heading-text el-title_custom_color mb-12\" style=\"\" data-anim-type=\"fade-in-up\" data-anim-delay=\"800\">Independencia Editorial y Transparencia Comercial<\/h5><\/div>\t\t\t\t<\/div>\n\t\t\t\t<\/div>\n\t\t\t\t<div class=\"elementor-element elementor-element-4ea6263 elementor-invisible elementor-widget elementor-widget-pix-text\" data-id=\"4ea6263\" data-element_type=\"widget\" data-e-type=\"widget\" data-widget_type=\"pix-text.default\">\n\t\t\t\t<div class=\"elementor-widget-container\">\n\t\t\t\t\t<div class=\"pix-el-text w-100 text-left \" ><p class=\" resp-option text-body-default text-left \" ><span class=\"text-body-default animate-in d-inline-block\" data-anim-delay=\"800\" data-anim-type=\"fade-in-up\">Los visitantes de nuestro sitio deben poder confiar y entender exactamente qui\u00e9n escribe y publica el contenido que leen. RED Immigration News es propiedad y est\u00e1 operado completamente por RED Immigration Consulting. Para mantener la objetividad y evitar conflictos de inter\u00e9s, nuestras operaciones editoriales y comerciales est\u00e1n estrictamente separadas.\n<br><br>\nEl control editorial y la selecci\u00f3n de contenidos son determinados por nuestro equipo independiente, sin influencia externa. Prohibimos ocultar contenido promocional como editorial, y cualquier patrocinio se identificar\u00e1 claramente. Adem\u00e1s, nuestros autores no pueden aceptar pagos o regalos que comprometan la integridad editorial.<\/span><\/p><\/div>\t\t\t\t<\/div>\n\t\t\t\t<\/div>\n\t\t\t\t<div class=\"elementor-element elementor-element-bdfafb6 elementor-invisible elementor-widget elementor-widget-pix-heading\" data-id=\"bdfafb6\" data-element_type=\"widget\" data-e-type=\"widget\" data-widget_type=\"pix-heading.default\">\n\t\t\t\t<div class=\"elementor-widget-container\">\n\t\t\t\t\t<div  class=\"pix-heading-el text-center \"><h5 class=\"text-primary font-weight-bold h5 animate-in heading-text el-title_custom_color mb-12\" style=\"\" data-anim-type=\"fade-in-up\" data-anim-delay=\"400\">Autor\u00eda, Experiencia y Conocimiento (E-E-A-T)<\/h5><\/div>\t\t\t\t<\/div>\n\t\t\t\t<\/div>\n\t\t\t\t<div class=\"elementor-element elementor-element-40f82b6 elementor-invisible elementor-widget elementor-widget-pix-text\" data-id=\"40f82b6\" data-element_type=\"widget\" data-e-type=\"widget\" data-widget_type=\"pix-text.default\">\n\t\t\t\t<div class=\"elementor-widget-container\">\n\t\t\t\t\t<div class=\"pix-el-text w-100 text-left \" ><p class=\" resp-option text-body-default text-left \" ><span class=\"text-body-default animate-in d-inline-block\" data-anim-delay=\"400\" data-anim-type=\"fade-in-up\">Dado que la informaci\u00f3n de inmigraci\u00f3n constituye asesoramiento legal y financiero de alto riesgo, garantizamos que todo el contenido se base en experiencia verificable. Cualquier art\u00edculo sobre leyes de inmigraci\u00f3n o estrategias es redactado o revisado por un Regulated Canadian Immigration Consultant (RCIC) o un profesional legal canadiense autorizado.\n<br><br>\nCada art\u00edculo incluye autor y fecha, adem\u00e1s de biograf\u00edas detalladas. Tambi\u00e9n reconocemos la complejidad del sistema canadiense y compartimos experiencias reales cuando aplica.<\/span><\/p><\/div>\t\t\t\t<\/div>\n\t\t\t\t<\/div>\n\t\t\t\t<div class=\"elementor-element elementor-element-325f3da elementor-invisible elementor-widget elementor-widget-pix-heading\" data-id=\"325f3da\" data-element_type=\"widget\" data-e-type=\"widget\" data-widget_type=\"pix-heading.default\">\n\t\t\t\t<div class=\"elementor-widget-container\">\n\t\t\t\t\t<div  class=\"pix-heading-el text-center \"><h5 class=\"text-primary font-weight-bold h5 animate-in heading-text el-title_custom_color mb-12\" style=\"\" data-anim-type=\"fade-in-up\" data-anim-delay=\"400\">Fuentes y Verificaci\u00f3n de Datos<\/h5><\/div>\t\t\t\t<\/div>\n\t\t\t\t<\/div>\n\t\t\t\t<div class=\"elementor-element elementor-element-0f442e3 elementor-invisible elementor-widget elementor-widget-pix-text\" data-id=\"0f442e3\" data-element_type=\"widget\" data-e-type=\"widget\" data-widget_type=\"pix-text.default\">\n\t\t\t\t<div class=\"elementor-widget-container\">\n\t\t\t\t\t<div class=\"pix-el-text w-100 text-left \" ><p class=\" resp-option text-body-default text-left \" ><span class=\"text-body-default animate-in d-inline-block\" data-anim-delay=\"400\" data-anim-type=\"fade-in-up\">Nuestros reportes se basan en una investigaci\u00f3n rigurosa y en fuentes primarias autorizadas para garantizar la precisi\u00f3n. Priorizamos documentos oficiales como instrucciones de IRCC, sorteos de PNP y avisos gubernamentales. Respaldamos nuestras afirmaciones con enlaces oficiales. El uso de fuentes an\u00f3nimas est\u00e1 prohibido salvo en inter\u00e9s p\u00fablico.<\/span><\/p><\/div>\t\t\t\t<\/div>\n\t\t\t\t<\/div>\n\t\t\t\t<div class=\"elementor-element elementor-element-1f43e17 elementor-invisible elementor-widget elementor-widget-pix-heading\" data-id=\"1f43e17\" data-element_type=\"widget\" data-e-type=\"widget\" data-widget_type=\"pix-heading.default\">\n\t\t\t\t<div class=\"elementor-widget-container\">\n\t\t\t\t\t<div  class=\"pix-heading-el text-center \"><h5 class=\"text-primary font-weight-bold h5 animate-in heading-text el-title_custom_color mb-12\" style=\"\" data-anim-type=\"fade-in-up\" data-anim-delay=\"400\">Correcciones y Actualizaciones<\/h5><\/div>\t\t\t\t<\/div>\n\t\t\t\t<\/div>\n\t\t\t\t<div class=\"elementor-element elementor-element-03d7299 elementor-invisible elementor-widget elementor-widget-pix-text\" data-id=\"03d7299\" data-element_type=\"widget\" data-e-type=\"widget\" data-widget_type=\"pix-text.default\">\n\t\t\t\t<div class=\"elementor-widget-container\">\n\t\t\t\t\t<div class=\"pix-el-text w-100 text-left \" ><p class=\" resp-option text-body-default text-left \" ><span class=\"text-body-default animate-in d-inline-block\" data-anim-delay=\"400\" data-anim-type=\"fade-in-up\">Nos comprometemos a ofrecer hechos con precisi\u00f3n y a mantener el ciclo de desarrollo de noticias de forma \u00e9tica. Si se identifica un error factual importante, actuamos de inmediato para corregirlo. Se a\u00f1adir\u00e1 permanentemente una clara \"Editor's Note\" al art\u00edculo explicando qu\u00e9 cambi\u00f3, la fecha de la correcci\u00f3n y por qu\u00e9 se realiz\u00f3, demostrando nuestra responsabilidad con los lectores. Cuando una historia cambia significativamente debido a nuevas publicaciones de IRCC o cambios legislativos, actualizamos el art\u00edculo con nueva informaci\u00f3n y mostramos un nuevo \"\u00daltima actualizaci\u00f3n:\". Cumplimos estrictamente con las directrices de buscadores y prohibimos actualizar fechas artificialmente.<\/span><\/p><\/div>\t\t\t\t<\/div>\n\t\t\t\t<\/div>\n\t\t\t\t<div class=\"elementor-element elementor-element-c787c03 elementor-invisible elementor-widget elementor-widget-pix-heading\" data-id=\"c787c03\" data-element_type=\"widget\" data-e-type=\"widget\" data-widget_type=\"pix-heading.default\">\n\t\t\t\t<div class=\"elementor-widget-container\">\n\t\t\t\t\t<div  class=\"pix-heading-el text-center \"><h5 class=\"text-primary font-weight-bold h5 animate-in heading-text el-title_custom_color mb-12\" style=\"\" data-anim-type=\"fade-in-up\" data-anim-delay=\"400\">Inteligencia Artificial (AI) y Automatizaci\u00f3n<\/h5><\/div>\t\t\t\t<\/div>\n\t\t\t\t<\/div>\n\t\t\t\t<div class=\"elementor-element elementor-element-4d587ed elementor-invisible elementor-widget elementor-widget-pix-text\" data-id=\"4d587ed\" data-element_type=\"widget\" data-e-type=\"widget\" data-widget_type=\"pix-text.default\">\n\t\t\t\t<div class=\"elementor-widget-container\">\n\t\t\t\t\t<div class=\"pix-el-text w-100 text-left \" ><p class=\" resp-option text-body-default text-left \" ><span class=\"text-body-default animate-in d-inline-block\" data-anim-delay=\"400\" data-anim-type=\"fade-in-up\">Creemos que profesionales humanos cualificados deben mantener el control total sobre las decisiones editoriales y la creaci\u00f3n de contenido. Las herramientas de IA generativa est\u00e1n estrictamente prohibidas para interpretar leyes de inmigraci\u00f3n, ofrecer asesoramiento legal estrat\u00e9gico o redactar an\u00e1lisis de forma aut\u00f3noma, mitigando el riesgo de \"alucinaciones\" legales. Podemos usar herramientas internas de IA para tareas como procesamiento de datos, traducci\u00f3n o formato. Si se utiliza IA generativa en la base de un art\u00edculo, incluiremos una divulgaci\u00f3n clara. Creemos que los profesionales humanos cualificados deben liderar las decisiones editoriales y la creaci\u00f3n de contenido. No utilizamos IA generativa para interpretar leyes de inmigraci\u00f3n, ofrecer asesoramiento legal ni redactar an\u00e1lisis, evitando riesgos de \"alucinaciones\". Sin embargo, podemos usar IA interna para tareas t\u00e9cnicas como procesamiento de datos o traducci\u00f3n, y lo indicaremos cuando se utilice.<\/span><\/p><\/div>\t\t\t\t<\/div>\n\t\t\t\t<\/div>\n\t\t\t\t<div class=\"elementor-element elementor-element-5b00478 elementor-invisible elementor-widget elementor-widget-pix-heading\" data-id=\"5b00478\" data-element_type=\"widget\" data-e-type=\"widget\" data-widget_type=\"pix-heading.default\">\n\t\t\t\t<div class=\"elementor-widget-container\">\n\t\t\t\t\t<div  class=\"pix-heading-el text-center \"><h5 class=\"text-primary font-weight-bold h5 animate-in heading-text el-title_custom_color mb-12\" style=\"\" data-anim-type=\"fade-in-up\" data-anim-delay=\"400\">Privacidad y Aislamiento de Datos<\/h5><\/div>\t\t\t\t<\/div>\n\t\t\t\t<\/div>\n\t\t\t\t<div class=\"elementor-element elementor-element-f483a7a elementor-invisible elementor-widget elementor-widget-pix-text\" data-id=\"f483a7a\" data-element_type=\"widget\" data-e-type=\"widget\" data-widget_type=\"pix-text.default\">\n\t\t\t\t<div class=\"elementor-widget-container\">\n\t\t\t\t\t<div class=\"pix-el-text w-100 text-left \" ><p class=\" resp-option text-body-default text-left \" ><span class=\"text-body-default animate-in d-inline-block\" data-anim-delay=\"400\" data-anim-type=\"fade-in-up\">Priorizamos la protecci\u00f3n absoluta de nuestros lectores y fuentes period\u00edsticas. La informaci\u00f3n personal enviada para investigaci\u00f3n period\u00edstica, entrevistas o pistas de noticias se maneja de manera completamente segregada de los datos personales recopilados con fines de marketing comercial o generaci\u00f3n de prospectos legales. No utilizamos datos editoriales para marketing directo a menos que el usuario opte expl\u00edcitamente por ello. Adem\u00e1s, para mantener la reputaci\u00f3n autorizada de nuestro sitio y proteger a los usuarios de pr\u00e1cticas enga\u00f1osas, prohibimos estrictamente alojar contenido de \"marca blanca (white-label)\" de terceros o p\u00e1ginas promocionales manipuladoras dise\u00f1adas para explotar la autoridad de nuestro dominio.<\/span><\/p><\/div>\t\t\t\t<\/div>\n\t\t\t\t<\/div>\n\t\t\t\t<div class=\"elementor-element elementor-element-d9957a7 elementor-invisible elementor-widget elementor-widget-pix-heading\" data-id=\"d9957a7\" data-element_type=\"widget\" data-e-type=\"widget\" data-widget_type=\"pix-heading.default\">\n\t\t\t\t<div class=\"elementor-widget-container\">\n\t\t\t\t\t<div  class=\"pix-heading-el text-center \"><h5 class=\"text-primary font-weight-bold h5 animate-in heading-text el-title_custom_color mb-12\" style=\"\" data-anim-type=\"fade-in-up\" data-anim-delay=\"400\">Cont\u00e1ctanos<\/h5><\/div>\t\t\t\t<\/div>\n\t\t\t\t<\/div>\n\t\t\t\t<div class=\"elementor-element elementor-element-5fe12f0 elementor-invisible elementor-widget elementor-widget-pix-text\" data-id=\"5fe12f0\" data-element_type=\"widget\" data-e-type=\"widget\" data-widget_type=\"pix-text.default\">\n\t\t\t\t<div class=\"elementor-widget-container\">\n\t\t\t\t\t<div class=\"pix-el-text w-100 text-left \" ><p class=\" resp-option text-body-default text-left \" ><span class=\"text-body-default animate-in d-inline-block\" data-anim-delay=\"400\" data-anim-type=\"fade-in-up\">Agradecemos el escrutinio p\u00fablico y los comentarios de los lectores para asegurar que nuestros est\u00e1ndares se mantengan impecables. Para correcciones, aclaraci\u00f3n de fuentes o preguntas editoriales, comun\u00edcate con nuestra sala de redacci\u00f3n directamente por correo electr\u00f3nico a \\<a href=\"mailto:media@redim.ca\" target=\"\\_blank\"\\>media@redim.ca\\<\/a\\>.<\/span><\/p><\/div>\t\t\t\t<\/div>\n\t\t\t\t<\/div>\n\t\t\t\t<div class=\"elementor-element elementor-element-ac84e87 elementor-invisible elementor-widget elementor-widget-pix-text\" data-id=\"ac84e87\" data-element_type=\"widget\" data-e-type=\"widget\" data-widget_type=\"pix-text.default\">\n\t\t\t\t<div class=\"elementor-widget-container\">\n\t\t\t\t\t<div class=\"pix-el-text w-100 text-left \" ><p class=\" resp-option text-body-default text-left \" ><span class=\"text-body-default animate-in d-inline-block\" data-anim-delay=\"800\" data-anim-type=\"fade-in-up\">\\<strong\\>\u00daltima Actualizaci\u00f3n:\\<\/strong\\> Abril 2026<\/span><\/p><\/div>\t\t\t\t<\/div>\n\t\t\t\t<\/div>\n\t\t\t\t<div class=\"elementor-element elementor-element-ab9314d elementor-widget__width-initial elementor-invisible elementor-widget elementor-widget-pix-text\" data-id=\"ab9314d\" data-element_type=\"widget\" data-e-type=\"widget\" data-widget_type=\"pix-text.default\">\n\t\t\t\t<div class=\"elementor-widget-container\">\n\t\t\t\t\t<div class=\"pix-el-text w-100 text-left \" ><div class=\"d-inline-block\" style=\"max-width:350px;\"><p class=\" resp-option text-heading-default text-left font-weight-bold\" ><span class=\"text-heading-default animate-in d-inline-block\" data-anim-delay=\"500\" data-anim-type=\"fade-in\">RED Immigration Consulting Inc.<\/span><\/p><\/div><\/div>\t\t\t\t<\/div>\n\t\t\t\t<\/div>\n\t\t\t\t<div class=\"elementor-element elementor-element-db7c652 elementor-widget elementor-widget-spacer\" data-id=\"db7c652\" data-element_type=\"widget\" data-e-type=\"widget\" data-widget_type=\"spacer.default\">\n\t\t\t\t<div class=\"elementor-widget-container\">\n\t\t\t\t\t\t\t<div class=\"elementor-spacer\">\n\t\t\t<div class=\"elementor-spacer-inner\"><\/div>\n\t\t<\/div>\n\t\t\t\t\t\t<\/div>\n\t\t\t\t<\/div>\n\t\t\t\t\t<\/div>\n\t\t<\/div>\n\t\t\t\t\t<\/div>\n\t\t<\/section>\n\t\t\t\t<\/div>\n\t\t","protected":false},"excerpt":{"rendered":"<p>Pol\u00edtica Editorial y Est\u00e1ndares Period\u00edsticos RED Immigration News opera como la rama editorial independiente de RED Immigration Consulting. Reconocemos que la pol\u00edtica de asentamiento permanente de Canad\u00e1 impacta profundamente la felicidad futura, la estabilidad financiera y la situaci\u00f3n legal de&#8230;<\/p>\n","protected":false},"author":4,"featured_media":523228,"parent":0,"menu_order":0,"comment_status":"closed","ping_status":"closed","template":"","meta":{"footnotes":""},"class_list":["post-537940","page","type-page","status-publish","has-post-thumbnail","hentry"],"_links":{"self":[{"href":"https:\/\/redim.ca\/es\/wp-json\/wp\/v2\/pages\/537940","targetHints":{"allow":["GET"]}}],"collection":[{"href":"https:\/\/redim.ca\/es\/wp-json\/wp\/v2\/pages"}],"about":[{"href":"https:\/\/redim.ca\/es\/wp-json\/wp\/v2\/types\/page"}],"author":[{"embeddable":true,"href":"https:\/\/redim.ca\/es\/wp-json\/wp\/v2\/users\/4"}],"replies":[{"embeddable":true,"href":"https:\/\/redim.ca\/es\/wp-json\/wp\/v2\/comments?post=537940"}],"version-history":[{"count":0,"href":"https:\/\/redim.ca\/es\/wp-json\/wp\/v2\/pages\/537940\/revisions"}],"wp:featuredmedia":[{"embeddable":true,"href":"https:\/\/redim.ca\/es\/wp-json\/"}],"wp:attachment":[{"href":"https:\/\/redim.ca\/es\/wp-json\/wp\/v2\/media?parent=537940"}],"curies":[{"name":"wp","href":"https:\/\/api.w.org\/{rel}","templated":true}]}}