{"id":131404,"date":"2025-05-02T20:10:48","date_gmt":"2025-05-03T03:10:48","guid":{"rendered":"https:\/\/redim.ca\/about-us-2\/"},"modified":"2025-11-14T12:40:52","modified_gmt":"2025-11-14T20:40:52","slug":"sobre-nosotros","status":"publish","type":"page","link":"https:\/\/redim.ca\/es\/sobre-nosotros\/","title":{"rendered":"Sobre nosotros"},"content":{"rendered":"\t\t<div data-elementor-type=\"wp-page\" data-elementor-id=\"131404\" class=\"elementor elementor-131404 elementor-25280\" data-elementor-post-type=\"page\">\n\t\t\t\t\t\t<section class=\"pix-elementor-divider elementor-section elementor-top-section elementor-element elementor-element-4b196cd elementor-section-stretched elementor-section-full_width elementor-section-height-min-height animated-fast redh1 elementor-section-height-default elementor-section-items-middle elementor-invisible\" data-pix-dividers=\"&lt;div class=&quot;pix-divider  position-relative pix-bottom-divider&quot; data-style=&quot;style-dynamic&quot; &gt;&lt;div class=&quot;pix-dividers-box w-100 position-relative d-inline-block&quot; &gt;\n                    &lt;svg class=&quot;pix-shape-dividers&quot;  viewBox=&quot;0 0 100 100&quot; preserveAspectRatio=&quot;none&quot;&gt;\n                        &lt;defs&gt;&lt;linearGradient id=&quot;divider-pix-accordion-21901-bottom-overlay-color-0&quot; x1=&quot;0%&quot; y1=&quot;0%&quot; x2=&quot;100%&quot; y2=&quot;0%&quot;&gt;&lt;stop offset=&quot;0%&quot;   stop-color=&quot;#FFFFFF80&quot;\/&gt;&lt;stop offset=&quot;100%&quot;   stop-color=&quot;#FFFFFF03&quot;\/&gt;&lt;\/linearGradient&gt;&lt;linearGradient id=&quot;divider-pix-accordion-21901-bottom-overlay-color-1&quot; x1=&quot;0%&quot; y1=&quot;0%&quot; x2=&quot;100%&quot; y2=&quot;0%&quot;&gt;&lt;stop offset=&quot;0%&quot;   stop-color=&quot;#FFFFFF03&quot;\/&gt;&lt;stop offset=&quot;100%&quot;   stop-color=&quot;#FFFFFF73&quot;\/&gt;&lt;\/linearGradient&gt;&lt;\/defs&gt;&lt;path d=&quot;&quot; class=&quot;&quot; fill=&quot;url(#divider-pix-accordion-21901-bottom-overlay-color-0)&quot;&gt;&lt;\/path&gt;&lt;path d=&quot;&quot; class=&quot;&quot; fill=&quot;url(#divider-pix-accordion-21901-bottom-overlay-color-1)&quot;&gt;&lt;\/path&gt;&lt;path d=&quot;&quot; class=&quot;&quot; fill=&quot;#FFFFFF&quot;&gt;&lt;\/path&gt;\n                    &lt;\/svg&gt;\n                &lt;\/div&gt;&lt;\/div&gt;\" data-id=\"4b196cd\" data-element_type=\"section\" data-e-type=\"section\" data-settings=\"{&quot;stretch_section&quot;:&quot;section-stretched&quot;,&quot;background_background&quot;:&quot;classic&quot;,&quot;animation&quot;:&quot;fadeIn&quot;}\">\n\t\t\t\t\t\t\t<div class=\"elementor-background-overlay\"><\/div>\n\t\t\t\t\t\t\t<div class=\"elementor-container elementor-column-gap-default\">\n\t\t\t\t\t<div class=\"elementor-column elementor-col-100 elementor-top-column elementor-element elementor-element-ef5142a\" data-id=\"ef5142a\" data-element_type=\"column\" data-e-type=\"column\">\n\t\t\t<div class=\"elementor-widget-wrap elementor-element-populated\">\n\t\t\t\t\t\t<div class=\"elementor-element elementor-element-cd24f0d elementor-widget elementor-widget-spacer\" data-id=\"cd24f0d\" data-element_type=\"widget\" data-e-type=\"widget\" data-widget_type=\"spacer.default\">\n\t\t\t\t<div class=\"elementor-widget-container\">\n\t\t\t\t\t\t\t<div class=\"elementor-spacer\">\n\t\t\t<div class=\"elementor-spacer-inner\"><\/div>\n\t\t<\/div>\n\t\t\t\t\t\t<\/div>\n\t\t\t\t<\/div>\n\t\t\t\t<div class=\"elementor-element elementor-element-2984ce1 elementor-invisible elementor-widget elementor-widget-heading\" data-id=\"2984ce1\" data-element_type=\"widget\" data-e-type=\"widget\" data-settings=\"{&quot;_animation&quot;:&quot;fadeInUp&quot;,&quot;_animation_delay&quot;:400}\" data-widget_type=\"heading.default\">\n\t\t\t\t<div class=\"elementor-widget-container\">\n\t\t\t\t\t<h1 class=\"elementor-heading-title elementor-size-default\">Sobre nosotros<\/h1>\t\t\t\t<\/div>\n\t\t\t\t<\/div>\n\t\t\t\t<div class=\"elementor-element elementor-element-d83ebe9 elementor-invisible elementor-widget elementor-widget-heading\" data-id=\"d83ebe9\" data-element_type=\"widget\" data-e-type=\"widget\" data-settings=\"{&quot;_animation&quot;:&quot;fadeInDown&quot;,&quot;_animation_delay&quot;:400}\" data-widget_type=\"heading.default\">\n\t\t\t\t<div class=\"elementor-widget-container\">\n\t\t\t\t\t<h4 class=\"elementor-heading-title elementor-size-default\">Resumen de nuestra firma<\/h4>\t\t\t\t<\/div>\n\t\t\t\t<\/div>\n\t\t\t\t\t<\/div>\n\t\t<\/div>\n\t\t\t\t\t<\/div>\n\t\t<\/section>\n\t\t\t\t<section class=\"elementor-section elementor-top-section elementor-element elementor-element-f1415e7 elementor-section-boxed elementor-section-height-default elementor-section-height-default\" data-id=\"f1415e7\" data-element_type=\"section\" data-e-type=\"section\">\n\t\t\t\t\t\t<div class=\"elementor-container elementor-column-gap-default\">\n\t\t\t\t\t<div class=\"elementor-column elementor-col-100 elementor-top-column elementor-element elementor-element-a4d9a8e\" data-id=\"a4d9a8e\" data-element_type=\"column\" data-e-type=\"column\">\n\t\t\t<div class=\"elementor-widget-wrap elementor-element-populated\">\n\t\t\t\t\t\t<div class=\"elementor-element elementor-element-ba4eebd elementor-widget elementor-widget-spacer\" data-id=\"ba4eebd\" data-element_type=\"widget\" data-e-type=\"widget\" data-widget_type=\"spacer.default\">\n\t\t\t\t<div class=\"elementor-widget-container\">\n\t\t\t\t\t\t\t<div class=\"elementor-spacer\">\n\t\t\t<div class=\"elementor-spacer-inner\"><\/div>\n\t\t<\/div>\n\t\t\t\t\t\t<\/div>\n\t\t\t\t<\/div>\n\t\t\t\t<div class=\"elementor-element elementor-element-0758163 elementor-invisible elementor-widget elementor-widget-pix-heading\" data-id=\"0758163\" data-element_type=\"widget\" data-e-type=\"widget\" data-widget_type=\"pix-heading.default\">\n\t\t\t\t<div class=\"elementor-widget-container\">\n\t\t\t\t\t<div  class=\"pix-heading-el text-center \"><h5 class=\"text-primary font-weight-bold h5 animate-in heading-text el-title_custom_color mb-12\" style=\"\" data-anim-type=\"fade-in-up\" data-anim-delay=\"800\">La Firma - Precisi\u00f3n con prop\u00f3sito. Expertise con coraz\u00f3n.<\/h5><\/div>\t\t\t\t<\/div>\n\t\t\t\t<\/div>\n\t\t\t\t<div class=\"elementor-element elementor-element-59df55c elementor-invisible elementor-widget elementor-widget-pix-text\" data-id=\"59df55c\" data-element_type=\"widget\" data-e-type=\"widget\" data-widget_type=\"pix-text.default\">\n\t\t\t\t<div class=\"elementor-widget-container\">\n\t\t\t\t\t<div class=\"pix-el-text w-100 text-left \" ><p class=\" resp-option text-body-default text-left \" ><span class=\"text-body-default animate-in d-inline-block\" data-anim-delay=\"800\" data-anim-type=\"fade-in-up\">RED Immigration Consulting es una firma profesional registrada a nivel federal, establecida bajo la Ley de Sociedades Comerciales de Canad\u00e1 y la Ley de Sociedades Comerciales de Columbia Brit\u00e1nica. Nuestra pr\u00e1ctica est\u00e1 respaldada por un equipo de consultores de inmigraci\u00f3n licenciados, acreditados por el Colegio de Consultores de Inmigraci\u00f3n y Ciudadan\u00eda (CICC), junto con asistentes dedicados que comparten nuestros valores de confianza, claridad y compasi\u00f3n.<\/span><\/p><\/div>\t\t\t\t<\/div>\n\t\t\t\t<\/div>\n\t\t\t\t<div class=\"elementor-element elementor-element-064ff52 elementor-invisible elementor-widget elementor-widget-pix-text\" data-id=\"064ff52\" data-element_type=\"widget\" data-e-type=\"widget\" data-widget_type=\"pix-text.default\">\n\t\t\t\t<div class=\"elementor-widget-container\">\n\t\t\t\t\t<div class=\"pix-el-text w-100 text-left \" ><p class=\" resp-option text-body-default text-left \" ><span class=\"text-body-default animate-in d-inline-block\" data-anim-delay=\"800\" data-anim-type=\"fade-in-up\">Lo que diferencia a RED Immigration es nuestra capacidad de equilibrar la precisi\u00f3n legal con la comprensi\u00f3n humana. Entendemos la ley de inmigraci\u00f3n, pero m\u00e1s importante a\u00fan, entendemos a los inmigrantes. Nuestros consultores representan a clientes en niveles federales y provinciales, ofreciendo servicios en todas las categor\u00edas principales de inmigraci\u00f3n: residencia temporal (permisos de estudio, trabajo y visas de visitante), residencia permanente (programas econ\u00f3micos, patrocinio familiar, refugiados) e inmigraci\u00f3n empresarial (LMIA, movilidad internacional, flujos de inversi\u00f3n).<\/span><\/p><\/div>\t\t\t\t<\/div>\n\t\t\t\t<\/div>\n\t\t\t\t<div class=\"elementor-element elementor-element-a2cc1cd elementor-invisible elementor-widget elementor-widget-pix-text\" data-id=\"a2cc1cd\" data-element_type=\"widget\" data-e-type=\"widget\" data-widget_type=\"pix-text.default\">\n\t\t\t\t<div class=\"elementor-widget-container\">\n\t\t\t\t\t<div class=\"pix-el-text w-100 text-left \" ><p class=\" resp-option text-body-default text-left \" ><span class=\"text-body-default animate-in d-inline-block\" data-anim-delay=\"400\" data-anim-type=\"fade-in-up\">Con un profundo conocimiento tanto de los sistemas regulatorios como de las historias personales, RED Immigration adapta cada estrategia para reflejar los objetivos \u00fanicos de cada cliente. No solo procesamos solicitudes. Anticipamos desaf\u00edos, nos adaptamos a los cambios de pol\u00edtica y ofrecemos soluciones tan completas como compasivas. Ya sea que seas un estudiante internacional, un trabajador calificado, un emprendedor o un patrocinador familiar, RED Immigration te gu\u00eda en cada decisi\u00f3n con confianza y cuidado.<\/span><\/p><\/div>\t\t\t\t<\/div>\n\t\t\t\t<\/div>\n\t\t\t\t<div class=\"elementor-element elementor-element-7ced472 elementor-invisible elementor-widget elementor-widget-pix-text\" data-id=\"7ced472\" data-element_type=\"widget\" data-e-type=\"widget\" data-widget_type=\"pix-text.default\">\n\t\t\t\t<div class=\"elementor-widget-container\">\n\t\t\t\t\t<div class=\"pix-el-text w-100 text-left \" ><p class=\" resp-option text-body-default text-left \" ><span class=\"text-body-default animate-in d-inline-block\" data-anim-delay=\"400\" data-anim-type=\"fade-in-up\">Como una empresa alineada con el futuro de Canad\u00e1, tambi\u00e9n adoptamos la tecnolog\u00eda. Nuestro sistema integrado acelera la documentaci\u00f3n, rastrea cambios en tiempo real y permite presentaciones r\u00e1pidas, seguras y precisas, lo que garantiza que se respete su tiempo y que su proceso nunca se retrase. Con una planificaci\u00f3n flexible y modelos de pago transparentes, hacemos que el progreso migratorio sea alcanzable y accesible.<\/span><\/p><\/div>\t\t\t\t<\/div>\n\t\t\t\t<\/div>\n\t\t\t\t<div class=\"elementor-element elementor-element-e4ec7f7 elementor-invisible elementor-widget elementor-widget-pix-text\" data-id=\"e4ec7f7\" data-element_type=\"widget\" data-e-type=\"widget\" data-widget_type=\"pix-text.default\">\n\t\t\t\t<div class=\"elementor-widget-container\">\n\t\t\t\t\t<div class=\"pix-el-text w-100 text-left \" ><p class=\" resp-option text-body-default text-left \" ><span class=\"text-body-default animate-in d-inline-block\" data-anim-delay=\"400\" data-anim-type=\"fade-in-up\">Pero m\u00e1s que nada, RED Immigration trata sobre personas. Tratamos a cada cliente como familia y a cada caso como una vocaci\u00f3n. En cada expediente, honramos la historia detr\u00e1s: un sue\u00f1o, un riesgo, un futuro.<br \/>En RED Immigration, tu viaje no solo es guiado. Es compartido.<\/span><\/p><\/div>\t\t\t\t<\/div>\n\t\t\t\t<\/div>\n\t\t\t\t<div class=\"elementor-element elementor-element-ce61812 elementor-invisible elementor-widget elementor-widget-pix-heading\" data-id=\"ce61812\" data-element_type=\"widget\" data-e-type=\"widget\" data-widget_type=\"pix-heading.default\">\n\t\t\t\t<div class=\"elementor-widget-container\">\n\t\t\t\t\t<div  class=\"pix-heading-el text-center \"><h5 class=\"text-primary font-weight-bold h5 animate-in heading-text el-title_custom_color mb-12\" style=\"\" data-anim-type=\"fade-in-up\" data-anim-delay=\"400\">Fundador - Con experiencia, impulsado por prop\u00f3sito<\/h5><\/div>\t\t\t\t<\/div>\n\t\t\t\t<\/div>\n\t\t\t\t<div class=\"elementor-element elementor-element-f9c119b elementor-invisible elementor-widget elementor-widget-pix-text\" data-id=\"f9c119b\" data-element_type=\"widget\" data-e-type=\"widget\" data-widget_type=\"pix-text.default\">\n\t\t\t\t<div class=\"elementor-widget-container\">\n\t\t\t\t\t<div class=\"pix-el-text w-100 text-left \" ><p class=\" resp-option text-body-default text-left \" ><span class=\"text-body-default animate-in d-inline-block\" data-anim-delay=\"400\" data-anim-type=\"fade-in-up\">RED Immigration Consulting fue fundada por Avi Nguyen, un consultor de inmigraci\u00f3n autorizado por el College of Immigration and Citizenship Consultants (CICC). Con plena autorizaci\u00f3n para representar clientes a nivel federal y provincial, su pr\u00e1ctica se basa en el cumplimiento legal y una visi\u00f3n estrat\u00e9gica.<\/span><\/p><\/div>\t\t\t\t<\/div>\n\t\t\t\t<\/div>\n\t\t\t\t<div class=\"elementor-element elementor-element-ba839a5 elementor-invisible elementor-widget elementor-widget-pix-text\" data-id=\"ba839a5\" data-element_type=\"widget\" data-e-type=\"widget\" data-widget_type=\"pix-text.default\">\n\t\t\t\t<div class=\"elementor-widget-container\">\n\t\t\t\t\t<div class=\"pix-el-text w-100 text-left \" ><p class=\" resp-option text-body-default text-left \" ><span class=\"text-body-default animate-in d-inline-block\" data-anim-delay=\"400\" data-anim-type=\"fade-in-up\">El viaje de Avi refleja exactamente el camino que ahora ayuda a otros a recorrer. Al llegar a Canad\u00e1 como estudiante internacional, obtuvo su licenciatura en Administraci\u00f3n de Empresas en la Universidad Simon Fraser en Vancouver. Desde el empleo posterior a la graduaci\u00f3n hasta el trabajo pr\u00e1ctico en casos, desarroll\u00f3 un profundo conocimiento de los sistemas de asentamiento permanente de Canad\u00e1 trabajando directamente en el procesamiento de solicitudes, contrataci\u00f3n de trabajadores extranjeros, programas de patrocinio e inmigraci\u00f3n de inversores. M\u00e1s tarde, como asistente legal en una respetada firma de abogados de Vancouver, ampli\u00f3 a\u00fan m\u00e1s su experiencia apoyando a equipos legales en casos de asilo, solicitudes de LMIA y litigios en los \u00e1mbitos civil, de derechos humanos y asentamiento permanente.<\/span><\/p><\/div>\t\t\t\t<\/div>\n\t\t\t\t<\/div>\n\t\t\t\t<div class=\"elementor-element elementor-element-7b3454e elementor-invisible elementor-widget elementor-widget-pix-text\" data-id=\"7b3454e\" data-element_type=\"widget\" data-e-type=\"widget\" data-widget_type=\"pix-text.default\">\n\t\t\t\t<div class=\"elementor-widget-container\">\n\t\t\t\t\t<div class=\"pix-el-text w-100 text-left \" ><p class=\" resp-option text-body-default text-left \" ><span class=\"text-body-default animate-in d-inline-block\" data-anim-delay=\"400\" data-anim-type=\"fade-in-up\">Con una d\u00e9cada de experiencia acumulada en el \u00e1mbito migratorio y legal, Avi fund\u00f3 RED Immigration con una misi\u00f3n simple pero poderosa: brindar a los clientes estructura, claridad y orientaci\u00f3n confiable en su camino hacia Canad\u00e1. \u00c9l cree en construir bases s\u00f3lidas para el \u00e9xito, donde las decisiones est\u00e9n bien informadas, los plazos sean claros y los resultados sostenibles. En RED Immigration, nuestro compromiso es personal. Cada estrategia que dise\u00f1amos est\u00e1 hecha a la medida, no solo para cumplir con los criterios legales, sino para adaptarse al ritmo de tu vida y tu futuro.<\/span><\/p><\/div>\t\t\t\t<\/div>\n\t\t\t\t<\/div>\n\t\t\t\t<div class=\"elementor-element elementor-element-a8c5ee2 elementor-invisible elementor-widget elementor-widget-pix-heading\" data-id=\"a8c5ee2\" data-element_type=\"widget\" data-e-type=\"widget\" data-widget_type=\"pix-heading.default\">\n\t\t\t\t<div class=\"elementor-widget-container\">\n\t\t\t\t\t<div  class=\"pix-heading-el text-center \"><h5 class=\"text-primary font-weight-bold h5 animate-in heading-text el-title_custom_color mb-12\" style=\"\" data-anim-type=\"fade-in-up\" data-anim-delay=\"400\">\u00c9tica Profesional - Basada en integridad. Comprometidos contigo.<\/h5><\/div>\t\t\t\t<\/div>\n\t\t\t\t<\/div>\n\t\t\t\t<div class=\"elementor-element elementor-element-f73f034 elementor-invisible elementor-widget elementor-widget-pix-text\" data-id=\"f73f034\" data-element_type=\"widget\" data-e-type=\"widget\" data-widget_type=\"pix-text.default\">\n\t\t\t\t<div class=\"elementor-widget-container\">\n\t\t\t\t\t<div class=\"pix-el-text w-100 text-left \" ><p class=\" resp-option text-body-default text-left \" ><span class=\"text-body-default animate-in d-inline-block\" data-anim-delay=\"400\" data-anim-type=\"fade-in-up\">En RED Immigration, la \u00e9tica no es un detalle secundario, es la base de todo lo que hacemos. Estamos plenamente comprometidos a cumplir el C\u00f3digo de Conducta Profesional regulado por el Colegio de Consultores de Inmigraci\u00f3n y Ciudadan\u00eda (CICC). Esto significa poner sus intereses en primer lugar, brindar una orientaci\u00f3n transparente y rechazar cualquier acci\u00f3n que comprometa nuestros est\u00e1ndares profesionales.<br \/>Tratamos cada caso con cuidado, honestidad y respeto. No tomamos atajos. No comprometemos la claridad. Ya sea preparando un documento, enviando una solicitud o respondiendo a las autoridades, actuamos con la misma dedicaci\u00f3n y responsabilidad como si el viaje fuera nuestro.<br \/>Porque el asentamiento permanente es m\u00e1s que un proceso: es una cuesti\u00f3n de confianza. Y cuando deposita su confianza en RED Immigration, puede esperar nuestro compromiso total de hacer lo correcto.<\/span><\/p><\/div>\t\t\t\t<\/div>\n\t\t\t\t<\/div>\n\t\t\t\t<div class=\"elementor-element elementor-element-34a0290 elementor-invisible elementor-widget elementor-widget-pix-heading\" data-id=\"34a0290\" data-element_type=\"widget\" data-e-type=\"widget\" data-widget_type=\"pix-heading.default\">\n\t\t\t\t<div class=\"elementor-widget-container\">\n\t\t\t\t\t<div  class=\"pix-heading-el text-center \"><h5 class=\"text-primary font-weight-bold h5 animate-in heading-text el-title_custom_color mb-12\" style=\"\" data-anim-type=\"fade-in-up\" data-anim-delay=\"400\">Valores fundamentales - Claridad - Confianza - Integridad<\/h5><\/div>\t\t\t\t<\/div>\n\t\t\t\t<\/div>\n\t\t\t\t<div class=\"elementor-element elementor-element-48daa5a elementor-invisible elementor-widget elementor-widget-pix-text\" data-id=\"48daa5a\" data-element_type=\"widget\" data-e-type=\"widget\" data-widget_type=\"pix-text.default\">\n\t\t\t\t<div class=\"elementor-widget-container\">\n\t\t\t\t\t<div class=\"pix-el-text w-100 text-left \" ><p class=\" resp-option text-body-default text-left \" ><span class=\"text-body-default animate-in d-inline-block\" data-anim-delay=\"400\" data-anim-type=\"fade-in-up\">En RED Immigration, nuestra base se construye sobre la integridad, la legalidad y la confianza duradera. Mantenemos un cumplimiento absoluto con las leyes y regulaciones de asentamiento permanente en Canad\u00e1, no solo como est\u00e1ndar, sino como una estrategia. Alinear cada caso con los marcos legales desde el principio nos permite minimizar riesgos, reducir verificaciones innecesarias y preservar los registros de nuestros clientes con precisi\u00f3n. Cada solicitud es evaluada cuidadosamente y posicionada para avanzar de manera eficiente, protegiendo no solo su caso actual, sino tambi\u00e9n asegurando que su camino de asentamiento permanente a largo plazo permanezca intacto. Nuestro enfoque refleja nuestro compromiso principal: operaciones legales, defensa leal, procesos optimizados y un impacto duradero.<\/span><\/p><\/div>\t\t\t\t<\/div>\n\t\t\t\t<\/div>\n\t\t\t\t<div class=\"elementor-element elementor-element-8b158c1 elementor-invisible elementor-widget elementor-widget-pix-heading\" data-id=\"8b158c1\" data-element_type=\"widget\" data-e-type=\"widget\" data-widget_type=\"pix-heading.default\">\n\t\t\t\t<div class=\"elementor-widget-container\">\n\t\t\t\t\t<div  class=\"pix-heading-el text-center \"><h5 class=\"text-primary font-weight-bold h5 animate-in heading-text el-title_custom_color mb-12\" style=\"\" data-anim-type=\"fade-in-up\" data-anim-delay=\"400\">Misi\u00f3n - Estrategia basada en visi\u00f3n<\/h5><\/div>\t\t\t\t<\/div>\n\t\t\t\t<\/div>\n\t\t\t\t<div class=\"elementor-element elementor-element-0d3de5b elementor-invisible elementor-widget elementor-widget-pix-text\" data-id=\"0d3de5b\" data-element_type=\"widget\" data-e-type=\"widget\" data-widget_type=\"pix-text.default\">\n\t\t\t\t<div class=\"elementor-widget-container\">\n\t\t\t\t\t<div class=\"pix-el-text w-100 text-left \" ><p class=\" resp-option text-body-default text-left \" ><span class=\"text-body-default animate-in d-inline-block\" data-anim-delay=\"400\" data-anim-type=\"fade-in-up\">Nuestra misi\u00f3n es aportar claridad, velocidad e inteligencia a la experiencia de asentamiento permanente en Canad\u00e1. En un sistema que cambia frecuentemente y var\u00eda entre provincias, aplicamos una s\u00f3lida infraestructura digital para monitorear, analizar e informar a los clientes sobre los cambios de pol\u00edticas en tiempo real. Este enfoque basado en datos permite a los solicitantes actuar r\u00e1pida y estrat\u00e9gicamente, mientras que nuestros consultores licenciados convierten la complejidad en orientaci\u00f3n personalizada. M\u00e1s all\u00e1 de los documentos, brindamos visi\u00f3n a futuro, refinando constantemente nuestro sistema de informaci\u00f3n, aplicando tecnolog\u00eda para acelerar los tiempos y mejorando la calidad de cada env\u00edo. Estamos aqu\u00ed para que nuestros clientes avancen con confianza y se enfoquen en construir su futuro.<\/span><\/p><\/div>\t\t\t\t<\/div>\n\t\t\t\t<\/div>\n\t\t\t\t<div class=\"elementor-element elementor-element-fee5760 elementor-invisible elementor-widget elementor-widget-pix-heading\" data-id=\"fee5760\" data-element_type=\"widget\" data-e-type=\"widget\" data-widget_type=\"pix-heading.default\">\n\t\t\t\t<div class=\"elementor-widget-container\">\n\t\t\t\t\t<div  class=\"pix-heading-el text-center \"><h5 class=\"text-primary font-weight-bold h5 animate-in heading-text el-title_custom_color mb-12\" style=\"\" data-anim-type=\"fade-in-up\" data-anim-delay=\"400\">Visi\u00f3n - Un viaje, muchos destinos<\/h5><\/div>\t\t\t\t<\/div>\n\t\t\t\t<\/div>\n\t\t\t\t<div class=\"elementor-element elementor-element-bc3d162 elementor-invisible elementor-widget elementor-widget-pix-text\" data-id=\"bc3d162\" data-element_type=\"widget\" data-e-type=\"widget\" data-widget_type=\"pix-text.default\">\n\t\t\t\t<div class=\"elementor-widget-container\">\n\t\t\t\t\t<div class=\"pix-el-text w-100 text-left \" ><p class=\" resp-option text-body-default text-left \" ><span class=\"text-body-default animate-in d-inline-block\" data-anim-delay=\"400\" data-anim-type=\"fade-in-up\">Imaginamos un mundo donde la inmigraci\u00f3n no sea una barrera, sino un puente. Canad\u00e1, conocido por su sistema migratorio descentralizado pero din\u00e1mico, sigue atrayendo talento, inversi\u00f3n y ambici\u00f3n de todos los rincones del mundo. En RED Immigration, nos adaptamos a esta realidad ofreciendo contenido multiling\u00fce, herramientas interactivas de autoevaluaci\u00f3n y servicios personalizados para diversos mercados e historias individuales. Creemos que cada cliente merece acceso a informaci\u00f3n oportuna, direcci\u00f3n clara y una alianza de confianza, sin importar desde d\u00f3nde comiencen. Nuestra visi\u00f3n es empoderar cada paso del camino con conocimiento, flexibilidad y apoyo constante.<\/span><\/p><\/div>\t\t\t\t<\/div>\n\t\t\t\t<\/div>\n\t\t\t\t<div class=\"elementor-element elementor-element-0fc125b elementor-widget__width-initial elementor-invisible elementor-widget elementor-widget-pix-text\" data-id=\"0fc125b\" data-element_type=\"widget\" data-e-type=\"widget\" data-widget_type=\"pix-text.default\">\n\t\t\t\t<div class=\"elementor-widget-container\">\n\t\t\t\t\t<div class=\"pix-el-text w-100 text-left \" ><div class=\"d-inline-block\" style=\"max-width:350px;\"><p class=\" resp-option text-heading-default text-left font-weight-bold\" ><span class=\"text-heading-default animate-in d-inline-block\" data-anim-delay=\"500\" data-anim-type=\"fade-in\">RED Immigration Consulting Inc.<\/span><\/p><\/div><\/div>\t\t\t\t<\/div>\n\t\t\t\t<\/div>\n\t\t\t\t<div class=\"elementor-element elementor-element-21770eb elementor-widget elementor-widget-spacer\" data-id=\"21770eb\" data-element_type=\"widget\" data-e-type=\"widget\" data-widget_type=\"spacer.default\">\n\t\t\t\t<div class=\"elementor-widget-container\">\n\t\t\t\t\t\t\t<div class=\"elementor-spacer\">\n\t\t\t<div class=\"elementor-spacer-inner\"><\/div>\n\t\t<\/div>\n\t\t\t\t\t\t<\/div>\n\t\t\t\t<\/div>\n\t\t\t\t\t<\/div>\n\t\t<\/div>\n\t\t\t\t\t<\/div>\n\t\t<\/section>\n\t\t\t\t<\/div>\n\t\t","protected":false},"excerpt":{"rendered":"<p>Sobre nosotros Resumen de nuestra firma La Firma &#8211; Precisi\u00f3n con prop\u00f3sito. Expertise con coraz\u00f3n. RED Immigration Consulting es una firma profesional registrada a nivel federal, establecida bajo la Ley de Sociedades Comerciales de Canad\u00e1 y la Ley de Sociedades&#8230;<\/p>\n","protected":false},"author":4,"featured_media":523228,"parent":0,"menu_order":0,"comment_status":"closed","ping_status":"closed","template":"","meta":{"footnotes":""},"class_list":["post-131404","page","type-page","status-publish","has-post-thumbnail","hentry"],"_links":{"self":[{"href":"https:\/\/redim.ca\/es\/wp-json\/wp\/v2\/pages\/131404","targetHints":{"allow":["GET"]}}],"collection":[{"href":"https:\/\/redim.ca\/es\/wp-json\/wp\/v2\/pages"}],"about":[{"href":"https:\/\/redim.ca\/es\/wp-json\/wp\/v2\/types\/page"}],"author":[{"embeddable":true,"href":"https:\/\/redim.ca\/es\/wp-json\/wp\/v2\/users\/4"}],"replies":[{"embeddable":true,"href":"https:\/\/redim.ca\/es\/wp-json\/wp\/v2\/comments?post=131404"}],"version-history":[{"count":0,"href":"https:\/\/redim.ca\/es\/wp-json\/wp\/v2\/pages\/131404\/revisions"}],"wp:featuredmedia":[{"embeddable":true,"href":"https:\/\/redim.ca\/es\/wp-json\/"}],"wp:attachment":[{"href":"https:\/\/redim.ca\/es\/wp-json\/wp\/v2\/media?parent=131404"}],"curies":[{"name":"wp","href":"https:\/\/api.w.org\/{rel}","templated":true}]}}